{"id":2676,"date":"2015-03-10T12:10:36","date_gmt":"2015-03-10T11:10:36","guid":{"rendered":"https:\/\/atexxo.nl\/atex-split-units\/"},"modified":"2017-06-15T13:53:17","modified_gmt":"2017-06-15T11:53:17","slug":"atex-zona-2-climatizzatori-sistema-split-antideflagranti","status":"publish","type":"page","link":"https:\/\/atexxo.nl\/it\/products\/atex-zona-2-climatizzatori-sistema-split-antideflagranti\/","title":{"rendered":"Atex zona 2, climatizzatori sistema split antideflagranti"},"content":{"rendered":"<p><img loading=\"lazy\" decoding=\"async\" class=\"alignnone wp-image-2679 size-full\" src=\"https:\/\/atexxo.nl\/wp-content\/uploads\/Atex-zona-2-climatizzatori-sistema-split-antideflagranti-1.png\" alt=\"\" width=\"723\" height=\"226\" srcset=\"https:\/\/atexxo.nl\/wp-content\/uploads\/Atex-zona-2-climatizzatori-sistema-split-antideflagranti-1.png 723w, https:\/\/atexxo.nl\/wp-content\/uploads\/Atex-zona-2-climatizzatori-sistema-split-antideflagranti-1-300x94.png 300w\" sizes=\"auto, (max-width: 723px) 100vw, 723px\" \/><\/p>\n<p>Atexxo Manufacturing BV ha convertito Daikin in un climatizzatore sistema split antideflagrante, adatto per ambienti pericolosi zona 2. Le unit\u00e0 sono dotate di una funzione pompa di calore integrata, sia per il riscaldamento che per il raffreddamento. I climatizzatori ATEX Air e ATEX sistema split sono dotate di un refrigerante R-410A approvato a livello Europeo. ATEX zona 2 \u00e8 l\u2019equivalente europeo del Statunitense NEC classe 1 divisione 2 attrezzatura (C1D2)<\/p>\n<p>Conversione in ATEX antideflagrante \u00e8 in linea con la filosofia Atexxo, cio\u00e8 fornire un\u2019ottima protezione contro il rischio di esplosioni, mantenendo il pi\u00f9 possibile le caratteristiche del prodotto originale.<br \/>\nRisultando in un\u2019istallazione e operazione facile dei climatizzatori ATEX Air.<\/p>\n<p>Il set consiste di un\u2019unit\u00e0 esterna e interna \u00a0con telecomando approvato dall\u2019ATEX. Abbiamo disponibili versioni con una capacit\u00e0 di riscaldamento e raffreddamento che varia da 2kW a 33 kW (8.500 BTU\/h fino a 140.000 BTU\/h).<\/p>\n<p>Atexxo Manufacturing BV fornisce una conversione antideflagrante per altri prodotti e marche principali del HVAC Europeo, come Carrier, Mitsubishu e Toshiba su richiesta. Unit\u00e0 sistema split zona 2, efficace rispetto ai costi.<\/p>\n<table>\n<tbody>\n<tr>\n<td>Antideflagrante<\/td>\n<td><img loading=\"lazy\" decoding=\"async\" class=\"alignleft wp-image-2343\" src=\"https:\/\/atexxo.nl\/wp-content\/uploads\/CE.png\" alt=\"ce\" width=\"27\" height=\"20\" \/> <img loading=\"lazy\" decoding=\"async\" class=\"alignleft wp-image-2347\" src=\"https:\/\/atexxo.nl\/wp-content\/uploads\/\/Ex-300x259.png\" alt=\"ex\" width=\"23\" height=\"20\" \/> II 3G ; Ex ic nAC IIB T3 Gc \/ IIB+H2 o IIC su richiesta<\/td>\n<\/tr>\n<\/tbody>\n<\/table>\n<p>[bscolumns class=&#8221;one_half&#8221;]<\/p>\n<h3>Vantaggi:<\/h3>\n<ul>\n<li>Basso livello di rumore (dB)<\/li>\n<li>Funzione pompa di calore per riscaldamento e raffreddamento<\/li>\n<li>Istallazione e operazione facile<\/li>\n<li>ATEX zona 2<\/li>\n<li>Test di Protezione Ingresso (IP) e di impatto<\/li>\n<\/ul>\n<p>[\/bscolumns][bscolumns class=&#8221;one_half_last_clear&#8221;]<\/p>\n<h3>Applicazione:<\/h3>\n<ul>\n<li>Navi petroliere<\/li>\n<li>Impianti chimici<\/li>\n<li>Piattaforme petrolifere offshore<\/li>\n<li>Industria<\/li>\n<li>Per ambienti a condizioni estreme<\/li>\n<\/ul>\n<p>[\/bscolumns][bscolumns class=&#8221;clear&#8221;][\/bscolumns]<\/p>\n<h2><a href=\"https:\/\/atexxo.nl\/wp-content\/uploads\/Atex-zona-2-climatizzatori-sistema-split-antideflagranti.png\"><img loading=\"lazy\" decoding=\"async\" class=\"alignright wp-image-2678 size-medium\" src=\"https:\/\/atexxo.nl\/wp-content\/uploads\/\/Atex-zona-2-climatizzatori-sistema-split-antideflagranti-300x271.png\" alt=\"Atex zona 2, climatizzatori sistema split antideflagranti\" width=\"300\" height=\"271\" srcset=\"https:\/\/atexxo.nl\/wp-content\/uploads\/Atex-zona-2-climatizzatori-sistema-split-antideflagranti-300x271.png 300w, https:\/\/atexxo.nl\/wp-content\/uploads\/Atex-zona-2-climatizzatori-sistema-split-antideflagranti-768x694.png 768w, https:\/\/atexxo.nl\/wp-content\/uploads\/Atex-zona-2-climatizzatori-sistema-split-antideflagranti.png 776w\" sizes=\"auto, (max-width: 300px) 100vw, 300px\" \/><\/a>Operazioni sicure negli ambienti pericolosi zona 2<\/h2>\n<p>Prendendo multiple misure di prevenzione contro le esplosioni per garantire operazioni sicure in ambienti pericolosi. Conversione in ATEX antideflagrante \u00e8 in linea con la filosofia Atexxo, cio\u00e8 fornire un\u2019ottima protezione contro il rischio di esplosioni, mantenendo tutte le caratteristiche del prodotto originale.<\/p>\n<p>Risultando in un\u2019istallazione e operazione facile dei climatizzatori ATEX Air. ATEX zona 2 \u00e8 l\u2019equivalente europeo del Statunitense NEC classe 1 divisione 2 attrezzatura (C1D2).<\/p>\n<p>L\u2019immagine qui sopra mostra le misure antideflangranti protettive che abbiamo integrato nell\u2019unit\u00e0 interno Atexxo. Tutte le modificazioni sono in conformit\u00e0 alle norme di sicurezza, documentate e testate. Le unit\u00e0 standard sono disponibili della marca Daikin, altre marche possono essere fornite su richiesta.<\/p>\n<p><img loading=\"lazy\" decoding=\"async\" class=\"size-medium wp-image-2351 alignnone\" src=\"https:\/\/atexxo.nl\/wp-content\/uploads\/\/Daikin-300x94.jpg\" alt=\"daikin\" width=\"300\" height=\"94\" srcset=\"https:\/\/atexxo.nl\/wp-content\/uploads\/Daikin-300x94.jpg 300w, https:\/\/atexxo.nl\/wp-content\/uploads\/Daikin.jpg 655w\" sizes=\"auto, (max-width: 300px) 100vw, 300px\" \/><\/p>\n<h3>Informazione tecnica<\/h3>\n<table>\n<tbody>\n<tr>\n<td><strong>Tensione di ingresso<\/strong>:<\/td>\n<td>200-240 Volt<\/td>\n<\/tr>\n<tr>\n<td><strong>Frequenza:<\/strong><\/td>\n<td>50Hz\/60Hz<\/td>\n<\/tr>\n<tr>\n<td><strong>Tipo sistema split:<\/strong><\/td>\n<td>installazione a parete (installazione a soffitto su richiesta)<\/td>\n<\/tr>\n<tr>\n<td><strong>Refrigerante:<\/strong><\/td>\n<td>R-410A<\/td>\n<\/tr>\n<tr>\n<td><strong>Atex<\/strong>:<\/td>\n<td>Zona 2, II 3G ; Ex ic nAC\u00a0 IIB T3 Gc<\/td>\n<\/tr>\n<\/tbody>\n<\/table>\n<h2>Tabella qui sotto; informazioni ordini<\/h2>\n<h3><strong>ATEX Unit\u00e0 split<\/strong><\/h3>\n<table>\n<thead>\n<tr>\n<td><\/td>\n<td><\/td>\n<td><\/td>\n<td><\/td>\n<td><\/td>\n<td colspan=\"2\">Dimensioni unit\u00e0 interna<\/td>\n<td colspan=\"2\">Dimensioni unit\u00e0 esterna<\/td>\n<\/tr>\n<tr>\n<td>\n<h4><strong>Numero d\u2019ordine<\/strong><\/h4>\n<\/td>\n<td>\n<h4><strong>Atex Zona<\/strong><\/h4>\n<\/td>\n<td>\n<h4><strong>Capacit\u00e0 di raffreddamento<br \/>\n<\/strong><\/h4>\n<\/td>\n<td>\n<h4><strong>Capacit\u00e0 di riscaldamento (kW)<\/strong><\/h4>\n<\/td>\n<td>\n<h4><strong>SCOP coefficente<\/strong><\/h4>\n<\/td>\n<td>\n<h4><strong>AxLxP (mm)<\/strong><\/h4>\n<\/td>\n<td>\n<h4><strong>Peso (kg)<\/strong><\/h4>\n<\/td>\n<td>\n<h4><strong>AxLxP (mm)<\/strong><\/h4>\n<\/td>\n<td>\n<h4><strong>Peso (kg)<\/strong><\/h4>\n<\/td>\n<\/tr>\n<\/thead>\n<tbody>\n<tr>\n<td><strong>AIR-EX-DFTX-20<\/strong><\/td>\n<td><strong>Zona 2<\/strong><\/td>\n<td>6.800BTU\/0.6RT\/2.0kW<\/td>\n<td>2.7<\/td>\n<td>4.8<\/td>\n<td>295x780x215<\/td>\n<td>8<\/td>\n<td>550x765x285<\/td>\n<td>34<\/td>\n<\/tr>\n<tr>\n<td><strong>AIR-EX-DFTX-25<\/strong><\/td>\n<td><strong>Zona 2<\/strong><\/td>\n<td>8.500 BTU\/0.7RT\/2.5kW<\/td>\n<td>3.3<\/td>\n<td>4.8<\/td>\n<td>295x780x215<\/td>\n<td>8<\/td>\n<td>550x765x285<\/td>\n<td>34<\/td>\n<\/tr>\n<tr>\n<td><strong>AIR-EX-DFTX-35<\/strong><\/td>\n<td><strong>Zona 2<\/strong><\/td>\n<td>12.000 BTU\/1.0RT\/3.5kW<\/td>\n<td>4.0<\/td>\n<td>4.9<\/td>\n<td>298x900x215<\/td>\n<td>11<\/td>\n<td>550x765x285<\/td>\n<td>34<\/td>\n<\/tr>\n<tr>\n<td><strong>AIR-EX-DFTX-42<\/strong><\/td>\n<td><strong>Zona 2<\/strong><\/td>\n<td>15.000 BTU\/1.3RT\/4.2kW<\/td>\n<td>5.4<\/td>\n<td>4.2<\/td>\n<td>298x900x215<\/td>\n<td>11<\/td>\n<td>550x765x285<\/td>\n<td>39<\/td>\n<\/tr>\n<tr>\n<td><strong>AIR-EX-DFTX-50<\/strong><\/td>\n<td><strong>Zona 2<\/strong><\/td>\n<td>18.000 BTU\/1.5RT\/5.0kW<\/td>\n<td>5.8<\/td>\n<td>4.2<\/td>\n<td>298x900x215<\/td>\n<td>11<\/td>\n<td>735x825x300<\/td>\n<td>47<\/td>\n<\/tr>\n<tr>\n<td><strong>\u00a0AIR-EX-DFTX-60<\/strong><\/td>\n<td><strong>Zona 2<\/strong><\/td>\n<td>20.000 BTU\/1.7RT\/6.0kW<\/td>\n<td>7.0<\/td>\n<td>3.9<\/td>\n<td>290x1050x250<\/td>\n<td>12<\/td>\n<td>735x825x300<\/td>\n<td>48<\/td>\n<\/tr>\n<tr>\n<td><strong>\u00a0AIR-EX-DFTX-71<\/strong><\/td>\n<td><strong>Zona 2<\/strong><\/td>\n<td>24.000 BTU\/2.0RT\/7.1kW<\/td>\n<td>8.2<\/td>\n<td>3.8<\/td>\n<td>290x1050x250<\/td>\n<td>12<\/td>\n<td>770x900x320<\/td>\n<td>71<\/td>\n<\/tr>\n<\/tbody>\n<\/table>\n<p>&nbsp;<\/p>\n<p>&nbsp;<\/p>\n","protected":false},"excerpt":{"rendered":"<p>Atexxo Manufacturing BV ha convertito Daikin in un climatizzatore sistema split antideflagrante, adatto per ambienti pericolosi zona 2. Le unit\u00e0 sono dotate di una funzione pompa di calore integrata, sia per il riscaldamento che per il raffreddamento. I climatizzatori ATEX Air e ATEX sistema split sono dotate di un refrigerante R-410A approvato a livello Europeo. [&hellip;]<\/p>\n","protected":false},"author":1,"featured_media":2479,"parent":2707,"menu_order":5,"comment_status":"closed","ping_status":"closed","template":"","meta":{"_monsterinsights_skip_tracking":false,"_monsterinsights_sitenote_active":false,"_monsterinsights_sitenote_note":"","_monsterinsights_sitenote_category":0,"_genesis_hide_title":false,"_genesis_hide_breadcrumbs":false,"_genesis_hide_singular_image":false,"_genesis_hide_footer_widgets":false,"_genesis_custom_body_class":"","_genesis_custom_post_class":"","_genesis_layout":"","footnotes":""},"class_list":{"0":"post-2676","1":"page","2":"type-page","3":"status-publish","4":"has-post-thumbnail","6":"entry"},"yoast_head":"<!-- This site is optimized with the Yoast SEO plugin v26.8 - https:\/\/yoast.com\/product\/yoast-seo-wordpress\/ -->\n<title>ATEX split ac systems<\/title>\n<meta name=\"description\" content=\"Atex split ac systems are certified and zuited for 3G zone 2, gas explosion hazardous areas. European indoor unit and outdoor unit. BTU\/hr\" \/>\n<meta name=\"robots\" content=\"index, follow, max-snippet:-1, max-image-preview:large, max-video-preview:-1\" \/>\n<link rel=\"canonical\" href=\"https:\/\/atexxo.nl\/it\/products\/atex-zona-2-climatizzatori-sistema-split-antideflagranti\/\" \/>\n<meta property=\"og:locale\" content=\"it_IT\" \/>\n<meta property=\"og:type\" content=\"article\" \/>\n<meta property=\"og:title\" content=\"ATEX split ac systems\" \/>\n<meta property=\"og:description\" content=\"Atex split ac systems are certified and zuited for 3G zone 2, gas explosion hazardous areas. European indoor unit and outdoor unit. BTU\/hr\" \/>\n<meta property=\"og:url\" content=\"https:\/\/atexxo.nl\/it\/products\/atex-zona-2-climatizzatori-sistema-split-antideflagranti\/\" \/>\n<meta property=\"og:site_name\" content=\"Atexxo Manufacturing\" \/>\n<meta property=\"article:modified_time\" content=\"2017-06-15T11:53:17+00:00\" \/>\n<meta property=\"og:image\" content=\"https:\/\/atexxo.nl\/wp-content\/uploads\/2015\/03\/IMG_9607.jpg\" \/>\n\t<meta property=\"og:image:width\" content=\"436\" \/>\n\t<meta property=\"og:image:height\" content=\"431\" \/>\n\t<meta property=\"og:image:type\" content=\"image\/jpeg\" \/>\n<meta name=\"twitter:label1\" content=\"Tempo di lettura stimato\" \/>\n\t<meta name=\"twitter:data1\" content=\"2 minuti\" \/>\n<script type=\"application\/ld+json\" class=\"yoast-schema-graph\">{\"@context\":\"https:\/\/schema.org\",\"@graph\":[{\"@type\":\"WebPage\",\"@id\":\"https:\/\/atexxo.nl\/it\/products\/atex-zona-2-climatizzatori-sistema-split-antideflagranti\/\",\"url\":\"https:\/\/atexxo.nl\/it\/products\/atex-zona-2-climatizzatori-sistema-split-antideflagranti\/\",\"name\":\"ATEX split ac systems\",\"isPartOf\":{\"@id\":\"https:\/\/atexxo.nl\/ru\/#website\"},\"primaryImageOfPage\":{\"@id\":\"https:\/\/atexxo.nl\/it\/products\/atex-zona-2-climatizzatori-sistema-split-antideflagranti\/#primaryimage\"},\"image\":{\"@id\":\"https:\/\/atexxo.nl\/it\/products\/atex-zona-2-climatizzatori-sistema-split-antideflagranti\/#primaryimage\"},\"thumbnailUrl\":\"https:\/\/atexxo.nl\/wp-content\/uploads\/2015\/03\/IMG_9607.jpg\",\"datePublished\":\"2015-03-10T11:10:36+00:00\",\"dateModified\":\"2017-06-15T11:53:17+00:00\",\"description\":\"Atex split ac systems are certified and zuited for 3G zone 2, gas explosion hazardous areas. European indoor unit and outdoor unit. BTU\/hr\",\"breadcrumb\":{\"@id\":\"https:\/\/atexxo.nl\/it\/products\/atex-zona-2-climatizzatori-sistema-split-antideflagranti\/#breadcrumb\"},\"inLanguage\":\"it-IT\",\"potentialAction\":[{\"@type\":\"ReadAction\",\"target\":[\"https:\/\/atexxo.nl\/it\/products\/atex-zona-2-climatizzatori-sistema-split-antideflagranti\/\"]}]},{\"@type\":\"ImageObject\",\"inLanguage\":\"it-IT\",\"@id\":\"https:\/\/atexxo.nl\/it\/products\/atex-zona-2-climatizzatori-sistema-split-antideflagranti\/#primaryimage\",\"url\":\"https:\/\/atexxo.nl\/wp-content\/uploads\/2015\/03\/IMG_9607.jpg\",\"contentUrl\":\"https:\/\/atexxo.nl\/wp-content\/uploads\/2015\/03\/IMG_9607.jpg\",\"width\":436,\"height\":431},{\"@type\":\"BreadcrumbList\",\"@id\":\"https:\/\/atexxo.nl\/it\/products\/atex-zona-2-climatizzatori-sistema-split-antideflagranti\/#breadcrumb\",\"itemListElement\":[{\"@type\":\"ListItem\",\"position\":1,\"name\":\"Startseite\",\"item\":\"https:\/\/atexxo.nl\/it\/\"},{\"@type\":\"ListItem\",\"position\":2,\"name\":\"Products\",\"item\":\"https:\/\/atexxo.nl\/it\/products\/\"},{\"@type\":\"ListItem\",\"position\":3,\"name\":\"Atex zona 2, climatizzatori sistema split antideflagranti\"}]},{\"@type\":\"WebSite\",\"@id\":\"https:\/\/atexxo.nl\/ru\/#website\",\"url\":\"https:\/\/atexxo.nl\/ru\/\",\"name\":\"Atexxo Manufacturing\",\"description\":\"Specialist in Atex and IECEx Solutions\",\"publisher\":{\"@id\":\"https:\/\/atexxo.nl\/ru\/#organization\"},\"potentialAction\":[{\"@type\":\"SearchAction\",\"target\":{\"@type\":\"EntryPoint\",\"urlTemplate\":\"https:\/\/atexxo.nl\/ru\/?s={search_term_string}\"},\"query-input\":{\"@type\":\"PropertyValueSpecification\",\"valueRequired\":true,\"valueName\":\"search_term_string\"}}],\"inLanguage\":\"it-IT\"},{\"@type\":\"Organization\",\"@id\":\"https:\/\/atexxo.nl\/ru\/#organization\",\"name\":\"Atexxo Manufacturing\",\"url\":\"https:\/\/atexxo.nl\/ru\/\",\"logo\":{\"@type\":\"ImageObject\",\"inLanguage\":\"it-IT\",\"@id\":\"https:\/\/atexxo.nl\/ru\/#\/schema\/logo\/image\/\",\"url\":\"https:\/\/atexxo.nl\/wp-content\/uploads\/2015\/04\/logo_atexxo.jpg\",\"contentUrl\":\"https:\/\/atexxo.nl\/wp-content\/uploads\/2015\/04\/logo_atexxo.jpg\",\"width\":1533,\"height\":733,\"caption\":\"Atexxo Manufacturing\"},\"image\":{\"@id\":\"https:\/\/atexxo.nl\/ru\/#\/schema\/logo\/image\/\"}}]}<\/script>\n<!-- \/ Yoast SEO plugin. -->","yoast_head_json":{"title":"ATEX split ac systems","description":"Atex split ac systems are certified and zuited for 3G zone 2, gas explosion hazardous areas. European indoor unit and outdoor unit. BTU\/hr","robots":{"index":"index","follow":"follow","max-snippet":"max-snippet:-1","max-image-preview":"max-image-preview:large","max-video-preview":"max-video-preview:-1"},"canonical":"https:\/\/atexxo.nl\/it\/products\/atex-zona-2-climatizzatori-sistema-split-antideflagranti\/","og_locale":"it_IT","og_type":"article","og_title":"ATEX split ac systems","og_description":"Atex split ac systems are certified and zuited for 3G zone 2, gas explosion hazardous areas. European indoor unit and outdoor unit. BTU\/hr","og_url":"https:\/\/atexxo.nl\/it\/products\/atex-zona-2-climatizzatori-sistema-split-antideflagranti\/","og_site_name":"Atexxo Manufacturing","article_modified_time":"2017-06-15T11:53:17+00:00","og_image":[{"width":436,"height":431,"url":"https:\/\/atexxo.nl\/wp-content\/uploads\/2015\/03\/IMG_9607.jpg","type":"image\/jpeg"}],"twitter_misc":{"Tempo di lettura stimato":"2 minuti"},"schema":{"@context":"https:\/\/schema.org","@graph":[{"@type":"WebPage","@id":"https:\/\/atexxo.nl\/it\/products\/atex-zona-2-climatizzatori-sistema-split-antideflagranti\/","url":"https:\/\/atexxo.nl\/it\/products\/atex-zona-2-climatizzatori-sistema-split-antideflagranti\/","name":"ATEX split ac systems","isPartOf":{"@id":"https:\/\/atexxo.nl\/ru\/#website"},"primaryImageOfPage":{"@id":"https:\/\/atexxo.nl\/it\/products\/atex-zona-2-climatizzatori-sistema-split-antideflagranti\/#primaryimage"},"image":{"@id":"https:\/\/atexxo.nl\/it\/products\/atex-zona-2-climatizzatori-sistema-split-antideflagranti\/#primaryimage"},"thumbnailUrl":"https:\/\/atexxo.nl\/wp-content\/uploads\/2015\/03\/IMG_9607.jpg","datePublished":"2015-03-10T11:10:36+00:00","dateModified":"2017-06-15T11:53:17+00:00","description":"Atex split ac systems are certified and zuited for 3G zone 2, gas explosion hazardous areas. European indoor unit and outdoor unit. BTU\/hr","breadcrumb":{"@id":"https:\/\/atexxo.nl\/it\/products\/atex-zona-2-climatizzatori-sistema-split-antideflagranti\/#breadcrumb"},"inLanguage":"it-IT","potentialAction":[{"@type":"ReadAction","target":["https:\/\/atexxo.nl\/it\/products\/atex-zona-2-climatizzatori-sistema-split-antideflagranti\/"]}]},{"@type":"ImageObject","inLanguage":"it-IT","@id":"https:\/\/atexxo.nl\/it\/products\/atex-zona-2-climatizzatori-sistema-split-antideflagranti\/#primaryimage","url":"https:\/\/atexxo.nl\/wp-content\/uploads\/2015\/03\/IMG_9607.jpg","contentUrl":"https:\/\/atexxo.nl\/wp-content\/uploads\/2015\/03\/IMG_9607.jpg","width":436,"height":431},{"@type":"BreadcrumbList","@id":"https:\/\/atexxo.nl\/it\/products\/atex-zona-2-climatizzatori-sistema-split-antideflagranti\/#breadcrumb","itemListElement":[{"@type":"ListItem","position":1,"name":"Startseite","item":"https:\/\/atexxo.nl\/it\/"},{"@type":"ListItem","position":2,"name":"Products","item":"https:\/\/atexxo.nl\/it\/products\/"},{"@type":"ListItem","position":3,"name":"Atex zona 2, climatizzatori sistema split antideflagranti"}]},{"@type":"WebSite","@id":"https:\/\/atexxo.nl\/ru\/#website","url":"https:\/\/atexxo.nl\/ru\/","name":"Atexxo Manufacturing","description":"Specialist in Atex and IECEx Solutions","publisher":{"@id":"https:\/\/atexxo.nl\/ru\/#organization"},"potentialAction":[{"@type":"SearchAction","target":{"@type":"EntryPoint","urlTemplate":"https:\/\/atexxo.nl\/ru\/?s={search_term_string}"},"query-input":{"@type":"PropertyValueSpecification","valueRequired":true,"valueName":"search_term_string"}}],"inLanguage":"it-IT"},{"@type":"Organization","@id":"https:\/\/atexxo.nl\/ru\/#organization","name":"Atexxo Manufacturing","url":"https:\/\/atexxo.nl\/ru\/","logo":{"@type":"ImageObject","inLanguage":"it-IT","@id":"https:\/\/atexxo.nl\/ru\/#\/schema\/logo\/image\/","url":"https:\/\/atexxo.nl\/wp-content\/uploads\/2015\/04\/logo_atexxo.jpg","contentUrl":"https:\/\/atexxo.nl\/wp-content\/uploads\/2015\/04\/logo_atexxo.jpg","width":1533,"height":733,"caption":"Atexxo Manufacturing"},"image":{"@id":"https:\/\/atexxo.nl\/ru\/#\/schema\/logo\/image\/"}}]}},"rttpg_featured_image_url":{"full":["https:\/\/atexxo.nl\/wp-content\/uploads\/2015\/03\/IMG_9607.jpg",436,431,false],"landscape":["https:\/\/atexxo.nl\/wp-content\/uploads\/2015\/03\/IMG_9607.jpg",436,431,false],"portraits":["https:\/\/atexxo.nl\/wp-content\/uploads\/2015\/03\/IMG_9607.jpg",436,431,false],"thumbnail":["https:\/\/atexxo.nl\/wp-content\/uploads\/2015\/03\/IMG_9607-150x150.jpg",150,150,true],"medium":["https:\/\/atexxo.nl\/wp-content\/uploads\/2015\/03\/IMG_9607-300x297.jpg",300,297,true],"large":["https:\/\/atexxo.nl\/wp-content\/uploads\/2015\/03\/IMG_9607.jpg",436,431,false],"1536x1536":["https:\/\/atexxo.nl\/wp-content\/uploads\/2015\/03\/IMG_9607.jpg",436,431,false],"2048x2048":["https:\/\/atexxo.nl\/wp-content\/uploads\/2015\/03\/IMG_9607.jpg",436,431,false]},"rttpg_author":{"display_name":"adatex","author_link":"https:\/\/atexxo.nl\/it\/author\/adatex\/"},"rttpg_comment":0,"rttpg_category":false,"rttpg_excerpt":"Atexxo Manufacturing BV ha convertito Daikin in un climatizzatore sistema split antideflagrante, adatto per ambienti pericolosi zona 2. Le unit\u00e0 sono dotate di una funzione pompa di calore integrata, sia per il riscaldamento che per il raffreddamento. I climatizzatori ATEX Air e ATEX sistema split sono dotate di un refrigerante R-410A approvato a livello Europeo.&hellip;","_links":{"self":[{"href":"https:\/\/atexxo.nl\/it\/wp-json\/wp\/v2\/pages\/2676","targetHints":{"allow":["GET"]}}],"collection":[{"href":"https:\/\/atexxo.nl\/it\/wp-json\/wp\/v2\/pages"}],"about":[{"href":"https:\/\/atexxo.nl\/it\/wp-json\/wp\/v2\/types\/page"}],"author":[{"embeddable":true,"href":"https:\/\/atexxo.nl\/it\/wp-json\/wp\/v2\/users\/1"}],"replies":[{"embeddable":true,"href":"https:\/\/atexxo.nl\/it\/wp-json\/wp\/v2\/comments?post=2676"}],"version-history":[{"count":0,"href":"https:\/\/atexxo.nl\/it\/wp-json\/wp\/v2\/pages\/2676\/revisions"}],"up":[{"embeddable":true,"href":"https:\/\/atexxo.nl\/it\/wp-json\/wp\/v2\/pages\/2707"}],"wp:featuredmedia":[{"embeddable":true,"href":"https:\/\/atexxo.nl\/it\/wp-json\/wp\/v2\/media\/2479"}],"wp:attachment":[{"href":"https:\/\/atexxo.nl\/it\/wp-json\/wp\/v2\/media?parent=2676"}],"curies":[{"name":"wp","href":"https:\/\/api.w.org\/{rel}","templated":true}]}}