{"id":2498,"date":"2015-03-10T12:11:47","date_gmt":"2015-03-10T11:11:47","guid":{"rendered":"https:\/\/atexxo.nl\/explosion-proof-air-conditioner\/"},"modified":"2020-02-18T15:30:58","modified_gmt":"2020-02-18T14:30:58","slug":"climatizzatori-antideflagranti-atex-eac-ex-zona-2-sistema-split","status":"publish","type":"page","link":"https:\/\/atexxo.nl\/it\/products\/climatizzatori-antideflagranti-atex-eac-ex-zona-2-sistema-split\/","title":{"rendered":"Climatizzatori antideflagranti, ATEX, EAC-EX zona 2 sistema split"},"content":{"rendered":"<h2><img loading=\"lazy\" decoding=\"async\" class=\"alignright size-full wp-image-2699\" src=\"https:\/\/atexxo.nl\/wp-content\/uploads\/24-7-Funzionamento.png\" alt=\"\" width=\"160\" height=\"149\" \/>Climatizzatori antideflagranti, ATEX, EAC-EX zona 2 sistema split<\/h2>\n<h2>(Per condizioni ambientali a temperature elevate)<\/h2>\n<p><img loading=\"lazy\" decoding=\"async\" class=\"wp-image-2338 size-full alignnone\" title=\"Climatizzatori antideflagranti, ATEX, EAC-EX zona 2 sistema split\" src=\"https:\/\/atexxo.nl\/wp-content\/uploads\/Explosion_Proof_Air_Conditioners.png\" alt=\"Climatizzatori antideflagranti, ATEX, EAC-EX zona 2 sistema split\" width=\"915\" height=\"470\" srcset=\"https:\/\/atexxo.nl\/wp-content\/uploads\/Explosion_Proof_Air_Conditioners.png 915w, https:\/\/atexxo.nl\/wp-content\/uploads\/Explosion_Proof_Air_Conditioners-300x154.png 300w, https:\/\/atexxo.nl\/wp-content\/uploads\/Explosion_Proof_Air_Conditioners-768x394.png 768w\" sizes=\"auto, (max-width: 915px) 100vw, 915px\" \/><\/p>\n<table style=\"width: 720px;\">\n<tbody>\n<tr>\n<td>Antideflagrante<\/td>\n<td><img loading=\"lazy\" decoding=\"async\" class=\"alignleft wp-image-2343\" style=\"margin: 5px 0 0 0;\" src=\"https:\/\/atexxo.nl\/wp-content\/uploads\/CE.png\" alt=\"ce\" width=\"27\" height=\"20\" \/> <img loading=\"lazy\" decoding=\"async\" class=\"alignleft wp-image-2347\" style=\"margin: 5px 0 0 0;\" src=\"https:\/\/atexxo.nl\/wp-content\/uploads\/\/Ex-300x259.png\" alt=\"ex\" width=\"23\" height=\"20\" \/> II 3G ; Ex ec ic nC h IIC T3 Gc \u00a0(For Gas Groups IIA\/IIB\/IIC)<\/td>\n<\/tr>\n<\/tbody>\n<\/table>\n<p>I climatizzatori antideflagranti (ATEX e EAC-EX) della Atexxo Manufacturing BV, sviluppati sia per condizioni ambientali a temperature elevate (deserto\/tropici) che per condizioni ambientali a temperature basse (regioni Nordiche). Queste unit\u00e0 sistema split sono progettate per un utilizzo sicuro per atmosfere esplosive per zona 2, gruppi di gas\/polveri . ATEX zona 2 \u00e8 l\u2019equivalente europeo del Statunitense NEC classe 1 divisione 2 attrezzatura (C1D2).<\/p>\n<p>Le unit\u00e0 sono dotate di una funzione pompa di calore integrata, sia per il riscaldamento che per il raffreddamento. I climatizzatori deflagranti e le unit\u00e0 ATEX sistema split sono dotati di un refrigerante R-410A approvato a livello Europeo.<\/p>\n<p>Conversione in ATEX antideflagrante \u00e8 in linea con la filosofia Atexxo, cio\u00e8 fornire un\u2019ottima protezione contro il rischio di esplosioni, mantenendo tutte le caratteristiche del prodotto originale.<br \/>\nRisultando in un\u2019istallazione e operazione facile dei climatizzatori ATEX Air.<\/p>\n<p>Il set consiste di un\u2019unit\u00e0 esterna e interna (installazione a parete o a soffitto) con telecomando approvato dall\u2019ATEX. Unit\u00e0 sistema split zona 2, efficace rispetto ai costi.<\/p>\n<p>[bscolumns class=&#8221;one_half&#8221;]<\/p>\n<h3>Vantaggi<\/h3>\n<ul>\n<li>Disponibile in 50Hz e 60Hz<\/li>\n<li>Temperature ambientali elevate<\/li>\n<li>Adatto al 24\/7 funzionamento<\/li>\n<li>Istallazione e operazione facile<\/li>\n<li>ATEX \/ EAC-EX zona 2<\/li>\n<li>Controllo ridondanza su richiesta<\/li>\n<\/ul>\n<p>[\/bscolumns][bscolumns class=&#8221;one_half_last_clear&#8221;]<\/p>\n<h3>Applicazione<\/h3>\n<ul>\n<li>Navi petroliere<\/li>\n<li>Impianti chimici<\/li>\n<li>Piattaforme petrolifere offshore<\/li>\n<li>Stoccaggio di merci pericolose<\/li>\n<li>Postazioni per lavoro con sostanze pericolose<\/li>\n<\/ul>\n<p>[\/bscolumns][bscolumns class=&#8221;clear&#8221;][\/bscolumns]<\/p>\n<h2>Operazioni sicure negli ambienti pericolosi zona 2<\/h2>\n<p><a href=\"https:\/\/atexxo.nl\/wp-content\/uploads\/Atex-zona-2-climatizzatori-sistema-split-antideflagranti.png\"><img loading=\"lazy\" decoding=\"async\" class=\"alignright wp-image-2678 size-medium\" title=\"Climatizzatori antideflagranti, ATEX, EAC-EX zona 2 sistema split\" src=\"https:\/\/atexxo.nl\/wp-content\/uploads\/\/Atex-zona-2-climatizzatori-sistema-split-antideflagranti-300x271.png\" alt=\"Atex zona 2, climatizzatori sistema split antideflagranti\" width=\"300\" height=\"271\" srcset=\"https:\/\/atexxo.nl\/wp-content\/uploads\/Atex-zona-2-climatizzatori-sistema-split-antideflagranti-300x271.png 300w, https:\/\/atexxo.nl\/wp-content\/uploads\/Atex-zona-2-climatizzatori-sistema-split-antideflagranti-768x694.png 768w, https:\/\/atexxo.nl\/wp-content\/uploads\/Atex-zona-2-climatizzatori-sistema-split-antideflagranti.png 776w\" sizes=\"auto, (max-width: 300px) 100vw, 300px\" \/><\/a>Prendendo multiple misure di prevenzione contro le esplosioni per garantire operazioni sicure in ambienti pericolosi. Conversione in ATEX antideflagrante \u00e8 in linea con la filosofia Atexxo, cio\u00e8 fornire un\u2019ottima protezione contro il rischio di esplosioni, mantenendo tutte le caratteristiche del prodotto originale.<br \/>\nRisultando in un\u2019istallazione e operazione facile dei climatizzatori ATEX Air. ATEX zona 2 \u00e8 l\u2019equivalente europeo del Statunitense NEC classe 1 divisione 2 attrezzatura (C1D2).<\/p>\n<p>L\u2019immagine qui sopra mostra le misure antideflangranti protettive che abbiamo integrato nell\u2019unit\u00e0 interno Atexxo. Tutte le modificazioni sono in conformit\u00e0 alle norme di sicurezza, documentate e testate. Le unit\u00e0 standard sono disponibili della marca Daikin, altre marche possono essere fornite su richiesta.<\/p>\n<p><img loading=\"lazy\" decoding=\"async\" class=\"size-medium wp-image-2351 alignnone\" src=\"https:\/\/atexxo.nl\/wp-content\/uploads\/\/Daikin-300x94.jpg\" alt=\"daikin\" width=\"300\" height=\"94\" srcset=\"https:\/\/atexxo.nl\/wp-content\/uploads\/Daikin-300x94.jpg 300w, https:\/\/atexxo.nl\/wp-content\/uploads\/Daikin.jpg 655w\" sizes=\"auto, (max-width: 300px) 100vw, 300px\" \/><\/p>\n<h2>Controllo ridondanza con funzione backup<\/h2>\n<p>Per applicazioni critiche , come per esempio le sale batterie, queste unit\u00e0 possono essere equipaggiate di un controllo ridondanza in opzione. Questo modello con funzione ridondanza, dispone di due unit\u00e0. Una \u00e8 operativa, l\u2019altra unit\u00e0 e stand by. In caso di un guasto, l\u2019altra unit\u00e0 sostituisce l\u2019unit\u00e0 guasta. La posizione operativa e stand by pu\u00f2 essere alternata fra le due unit\u00e0, per una durata di vita prolungata dell\u2019apparecchiatura.<\/p>\n<h3>Informazione tecnica<\/h3>\n<table>\n<tbody>\n<tr>\n<td><strong>Tensione di ingresso<\/strong>:<\/td>\n<td>200-240 Volt (gamma di ingresso pi\u00f9 ampia \/ 400V su richiesta)<\/td>\n<\/tr>\n<tr>\n<td><strong>Frequenza:<\/strong><\/td>\n<td>50Hz\/60Hz<\/td>\n<\/tr>\n<tr>\n<td><strong>Tipo sistema split:<\/strong><\/td>\n<td>FAQ = unit\u00e0 interna a parete ; FHQ unit\u00e0 interna a soffitto<\/td>\n<\/tr>\n<tr>\n<td><strong>Controllo ridondanza:<\/strong><\/td>\n<td>Operativa\/Stand by (su richiesta)<\/td>\n<\/tr>\n<tr>\n<td><strong>Refrigerante:<\/strong><\/td>\n<td>R-410A<\/td>\n<\/tr>\n<tr>\n<td><strong>ATEX \/ EAC-EX:IIA\/IIB\/IIC<\/strong><\/td>\n<td>Unit Assessment Certificate: Zone 2, II 3G; ec ic nC IIC h T3 Gc<\/td>\n<\/tr>\n<\/tbody>\n<\/table>\n<h2>Tabella qui sotto; informazioni ordini<\/h2>\n<table>\n<tbody>\n<tr>\n<td width=\"131\"><strong>ATEX Unit\u00e0 split<\/strong><br \/>\n<strong>Atexxo Manufacturing B.V.<\/strong><\/td>\n<td width=\"56\"><strong>Atex Zona<\/strong><\/td>\n<td width=\"136\">Capacit\u00e0 di raffreddamento<\/td>\n<td width=\"53\">Capacit\u00e0 di riscaldamento<\/td>\n<td width=\"51\">Unit\u00e0 interna<\/td>\n<td width=\"111\">Dimensioni unit\u00e0 interna<\/p>\n<p>AxLxP (mm), Peso (kg)<\/td>\n<td width=\"128\">Dimensioni unit\u00e0 esterna<\/p>\n<p>AxLxP (mm), Peso (kg)<\/td>\n<\/tr>\n<tr>\n<td width=\"131\"><strong>Order Number<\/strong><\/td>\n<td width=\"56\"><strong>\u00a0<\/strong><\/td>\n<td width=\"136\"><\/td>\n<td width=\"53\"><\/td>\n<td width=\"51\"><\/td>\n<td width=\"111\"><\/td>\n<td width=\"128\"><\/td>\n<\/tr>\n<tr>\n<td width=\"131\"><strong>AIR-EX-FAQ-71<\/strong><\/td>\n<td width=\"56\"><strong>Zona 2<\/strong><\/td>\n<td width=\"136\">24.000 BTU \/ 2RT \/ 7.1kW<\/td>\n<td width=\"53\">8kW<\/td>\n<td width=\"51\">Parete<\/td>\n<td width=\"111\">290x1050x238, 13<\/td>\n<td width=\"128\">990x940x320, 78<\/td>\n<\/tr>\n<tr>\n<td width=\"131\"><strong>AIR-EX-FAQ-10<\/strong><\/td>\n<td width=\"56\"><strong>Zona 2<\/strong><\/td>\n<td width=\"136\">35.000 BTU \/ 3 RT \/ 10kW<\/td>\n<td width=\"53\">11 kW<\/td>\n<td width=\"51\">Parete<\/td>\n<td width=\"111\">340&#215;1.200&#215;240, 17<\/td>\n<td width=\"128\">1430x940x320, 101<\/td>\n<\/tr>\n<tr>\n<td width=\"131\"><strong>AIR-EX-FHQ-12<\/strong><\/td>\n<td width=\"56\"><strong>Zona 2<\/strong><\/td>\n<td width=\"136\">43.000 BTU \/ 3.6RT \/ 12.5kW<\/td>\n<td width=\"53\">14kW<\/td>\n<td width=\"51\">Soffitt<\/td>\n<td width=\"111\">235&#215;1.590&#215;690, 38<\/td>\n<td width=\"128\">1430x940x320, 101<\/td>\n<\/tr>\n<tr>\n<td width=\"131\"><strong>AIR-EX-FHQ-14<\/strong><\/td>\n<td width=\"56\"><strong>Zona 2<\/strong><\/td>\n<td width=\"136\">50.000 BTU \/ 4RT \/ 14kW<\/td>\n<td width=\"53\">16kW<\/td>\n<td width=\"51\">Soffitt<\/td>\n<td width=\"111\">235&#215;1.590&#215;690, 38<\/td>\n<td width=\"128\">1430x940x320, 101<\/td>\n<\/tr>\n<\/tbody>\n<\/table>\n<p>&nbsp;<\/p>\n<p>Download here brochure <a href=\"https:\/\/atexxo.nl\/wp-content\/uploads\/Explosion_proof_air_conditioners.pdf\" target=\"_blank\" rel=\"noopener noreferrer\">explosion proof air conditioner<\/a>\u00a0(7-14kw)<\/p>\n<p><a title=\"ATEX Air Conditioners\" href=\"https:\/\/atexxo.nl\/wp-content\/uploads\/2015\/04\/ATEX-AIRCO-SPLIT-UNIT-EX.pdf\" target=\"_blank\" rel=\"noopener noreferrer\">ATEX Air Conditioners<\/a>\u00a0(2-7kw)<\/p>\n<p>&nbsp;<\/p>\n<p><!--:--><!--:nl--><a href=\"https:\/\/atexxo.nl\/wp-content\/uploads\/2015\/03\/ATEX-EX-heat-pump2.jpg\"><br \/>\n<\/a><\/p>\n<p><!--:--><\/p>\n","protected":false},"excerpt":{"rendered":"<p>Climatizzatori antideflagranti, ATEX, EAC-EX zona 2 sistema split (Per condizioni ambientali a temperature elevate) Antideflagrante II 3G ; Ex ec ic nC h IIC T3 Gc \u00a0(For Gas Groups IIA\/IIB\/IIC) I climatizzatori antideflagranti (ATEX e EAC-EX) della Atexxo Manufacturing BV, sviluppati sia per condizioni ambientali a temperature elevate (deserto\/tropici) che per condizioni ambientali a temperature [&hellip;]<\/p>\n","protected":false},"author":1,"featured_media":2499,"parent":2707,"menu_order":3,"comment_status":"closed","ping_status":"closed","template":"","meta":{"_monsterinsights_skip_tracking":false,"_monsterinsights_sitenote_active":false,"_monsterinsights_sitenote_note":"","_monsterinsights_sitenote_category":0,"_genesis_hide_title":false,"_genesis_hide_breadcrumbs":false,"_genesis_hide_singular_image":false,"_genesis_hide_footer_widgets":false,"_genesis_custom_body_class":"","_genesis_custom_post_class":"","_genesis_layout":"","footnotes":""},"class_list":{"0":"post-2498","1":"page","2":"type-page","3":"status-publish","4":"has-post-thumbnail","6":"entry"},"yoast_head":"<!-- This site is optimized with the Yoast SEO plugin v26.8 - https:\/\/yoast.com\/product\/yoast-seo-wordpress\/ -->\n<title>Climatizzatori antideflagranti, ATEX, EAC-EX zona 2 sistema split - Atexxo Manufacturing<\/title>\n<meta name=\"description\" content=\"explosion proof air conditioners for hazardous zone 2 areas for ATEX high ambient temperature environments. Division 2 potential gas explosions.\" \/>\n<meta name=\"robots\" content=\"index, follow, max-snippet:-1, max-image-preview:large, max-video-preview:-1\" \/>\n<link rel=\"canonical\" href=\"https:\/\/atexxo.nl\/it\/products\/climatizzatori-antideflagranti-atex-eac-ex-zona-2-sistema-split\/\" \/>\n<meta property=\"og:locale\" content=\"it_IT\" \/>\n<meta property=\"og:type\" content=\"article\" \/>\n<meta property=\"og:title\" content=\"Climatizzatori antideflagranti, ATEX, EAC-EX zona 2 sistema split - Atexxo Manufacturing\" \/>\n<meta property=\"og:description\" content=\"explosion proof air conditioners for hazardous zone 2 areas for ATEX high ambient temperature environments. Division 2 potential gas explosions.\" \/>\n<meta property=\"og:url\" content=\"https:\/\/atexxo.nl\/it\/products\/climatizzatori-antideflagranti-atex-eac-ex-zona-2-sistema-split\/\" \/>\n<meta property=\"og:site_name\" content=\"Atexxo Manufacturing\" \/>\n<meta property=\"article:modified_time\" content=\"2020-02-18T14:30:58+00:00\" \/>\n<meta property=\"og:image\" content=\"https:\/\/atexxo.nl\/wp-content\/uploads\/2015\/03\/ATEX-EX-heat-pump2.jpg\" \/>\n\t<meta property=\"og:image:width\" content=\"339\" \/>\n\t<meta property=\"og:image:height\" content=\"391\" \/>\n\t<meta property=\"og:image:type\" content=\"image\/jpeg\" \/>\n<meta name=\"twitter:label1\" content=\"Tempo di lettura stimato\" \/>\n\t<meta name=\"twitter:data1\" content=\"3 minuti\" \/>\n<script type=\"application\/ld+json\" class=\"yoast-schema-graph\">{\"@context\":\"https:\/\/schema.org\",\"@graph\":[{\"@type\":\"WebPage\",\"@id\":\"https:\/\/atexxo.nl\/it\/products\/climatizzatori-antideflagranti-atex-eac-ex-zona-2-sistema-split\/\",\"url\":\"https:\/\/atexxo.nl\/it\/products\/climatizzatori-antideflagranti-atex-eac-ex-zona-2-sistema-split\/\",\"name\":\"Climatizzatori antideflagranti, ATEX, EAC-EX zona 2 sistema split - Atexxo Manufacturing\",\"isPartOf\":{\"@id\":\"https:\/\/atexxo.nl\/ru\/#website\"},\"primaryImageOfPage\":{\"@id\":\"https:\/\/atexxo.nl\/it\/products\/climatizzatori-antideflagranti-atex-eac-ex-zona-2-sistema-split\/#primaryimage\"},\"image\":{\"@id\":\"https:\/\/atexxo.nl\/it\/products\/climatizzatori-antideflagranti-atex-eac-ex-zona-2-sistema-split\/#primaryimage\"},\"thumbnailUrl\":\"https:\/\/atexxo.nl\/wp-content\/uploads\/2015\/03\/ATEX-EX-heat-pump2.jpg\",\"datePublished\":\"2015-03-10T11:11:47+00:00\",\"dateModified\":\"2020-02-18T14:30:58+00:00\",\"description\":\"explosion proof air conditioners for hazardous zone 2 areas for ATEX high ambient temperature environments. Division 2 potential gas explosions.\",\"breadcrumb\":{\"@id\":\"https:\/\/atexxo.nl\/it\/products\/climatizzatori-antideflagranti-atex-eac-ex-zona-2-sistema-split\/#breadcrumb\"},\"inLanguage\":\"it-IT\",\"potentialAction\":[{\"@type\":\"ReadAction\",\"target\":[\"https:\/\/atexxo.nl\/it\/products\/climatizzatori-antideflagranti-atex-eac-ex-zona-2-sistema-split\/\"]}]},{\"@type\":\"ImageObject\",\"inLanguage\":\"it-IT\",\"@id\":\"https:\/\/atexxo.nl\/it\/products\/climatizzatori-antideflagranti-atex-eac-ex-zona-2-sistema-split\/#primaryimage\",\"url\":\"https:\/\/atexxo.nl\/wp-content\/uploads\/2015\/03\/ATEX-EX-heat-pump2.jpg\",\"contentUrl\":\"https:\/\/atexxo.nl\/wp-content\/uploads\/2015\/03\/ATEX-EX-heat-pump2.jpg\",\"width\":339,\"height\":391},{\"@type\":\"BreadcrumbList\",\"@id\":\"https:\/\/atexxo.nl\/it\/products\/climatizzatori-antideflagranti-atex-eac-ex-zona-2-sistema-split\/#breadcrumb\",\"itemListElement\":[{\"@type\":\"ListItem\",\"position\":1,\"name\":\"Startseite\",\"item\":\"https:\/\/atexxo.nl\/it\/\"},{\"@type\":\"ListItem\",\"position\":2,\"name\":\"Products\",\"item\":\"https:\/\/atexxo.nl\/it\/products\/\"},{\"@type\":\"ListItem\",\"position\":3,\"name\":\"Climatizzatori antideflagranti, ATEX, EAC-EX zona 2 sistema split\"}]},{\"@type\":\"WebSite\",\"@id\":\"https:\/\/atexxo.nl\/ru\/#website\",\"url\":\"https:\/\/atexxo.nl\/ru\/\",\"name\":\"Atexxo Manufacturing\",\"description\":\"Specialist in Atex and IECEx Solutions\",\"publisher\":{\"@id\":\"https:\/\/atexxo.nl\/ru\/#organization\"},\"potentialAction\":[{\"@type\":\"SearchAction\",\"target\":{\"@type\":\"EntryPoint\",\"urlTemplate\":\"https:\/\/atexxo.nl\/ru\/?s={search_term_string}\"},\"query-input\":{\"@type\":\"PropertyValueSpecification\",\"valueRequired\":true,\"valueName\":\"search_term_string\"}}],\"inLanguage\":\"it-IT\"},{\"@type\":\"Organization\",\"@id\":\"https:\/\/atexxo.nl\/ru\/#organization\",\"name\":\"Atexxo Manufacturing\",\"url\":\"https:\/\/atexxo.nl\/ru\/\",\"logo\":{\"@type\":\"ImageObject\",\"inLanguage\":\"it-IT\",\"@id\":\"https:\/\/atexxo.nl\/ru\/#\/schema\/logo\/image\/\",\"url\":\"https:\/\/atexxo.nl\/wp-content\/uploads\/2015\/04\/logo_atexxo.jpg\",\"contentUrl\":\"https:\/\/atexxo.nl\/wp-content\/uploads\/2015\/04\/logo_atexxo.jpg\",\"width\":1533,\"height\":733,\"caption\":\"Atexxo Manufacturing\"},\"image\":{\"@id\":\"https:\/\/atexxo.nl\/ru\/#\/schema\/logo\/image\/\"}}]}<\/script>\n<!-- \/ Yoast SEO plugin. -->","yoast_head_json":{"title":"Climatizzatori antideflagranti, ATEX, EAC-EX zona 2 sistema split - Atexxo Manufacturing","description":"explosion proof air conditioners for hazardous zone 2 areas for ATEX high ambient temperature environments. Division 2 potential gas explosions.","robots":{"index":"index","follow":"follow","max-snippet":"max-snippet:-1","max-image-preview":"max-image-preview:large","max-video-preview":"max-video-preview:-1"},"canonical":"https:\/\/atexxo.nl\/it\/products\/climatizzatori-antideflagranti-atex-eac-ex-zona-2-sistema-split\/","og_locale":"it_IT","og_type":"article","og_title":"Climatizzatori antideflagranti, ATEX, EAC-EX zona 2 sistema split - Atexxo Manufacturing","og_description":"explosion proof air conditioners for hazardous zone 2 areas for ATEX high ambient temperature environments. Division 2 potential gas explosions.","og_url":"https:\/\/atexxo.nl\/it\/products\/climatizzatori-antideflagranti-atex-eac-ex-zona-2-sistema-split\/","og_site_name":"Atexxo Manufacturing","article_modified_time":"2020-02-18T14:30:58+00:00","og_image":[{"width":339,"height":391,"url":"https:\/\/atexxo.nl\/wp-content\/uploads\/2015\/03\/ATEX-EX-heat-pump2.jpg","type":"image\/jpeg"}],"twitter_misc":{"Tempo di lettura stimato":"3 minuti"},"schema":{"@context":"https:\/\/schema.org","@graph":[{"@type":"WebPage","@id":"https:\/\/atexxo.nl\/it\/products\/climatizzatori-antideflagranti-atex-eac-ex-zona-2-sistema-split\/","url":"https:\/\/atexxo.nl\/it\/products\/climatizzatori-antideflagranti-atex-eac-ex-zona-2-sistema-split\/","name":"Climatizzatori antideflagranti, ATEX, EAC-EX zona 2 sistema split - Atexxo Manufacturing","isPartOf":{"@id":"https:\/\/atexxo.nl\/ru\/#website"},"primaryImageOfPage":{"@id":"https:\/\/atexxo.nl\/it\/products\/climatizzatori-antideflagranti-atex-eac-ex-zona-2-sistema-split\/#primaryimage"},"image":{"@id":"https:\/\/atexxo.nl\/it\/products\/climatizzatori-antideflagranti-atex-eac-ex-zona-2-sistema-split\/#primaryimage"},"thumbnailUrl":"https:\/\/atexxo.nl\/wp-content\/uploads\/2015\/03\/ATEX-EX-heat-pump2.jpg","datePublished":"2015-03-10T11:11:47+00:00","dateModified":"2020-02-18T14:30:58+00:00","description":"explosion proof air conditioners for hazardous zone 2 areas for ATEX high ambient temperature environments. Division 2 potential gas explosions.","breadcrumb":{"@id":"https:\/\/atexxo.nl\/it\/products\/climatizzatori-antideflagranti-atex-eac-ex-zona-2-sistema-split\/#breadcrumb"},"inLanguage":"it-IT","potentialAction":[{"@type":"ReadAction","target":["https:\/\/atexxo.nl\/it\/products\/climatizzatori-antideflagranti-atex-eac-ex-zona-2-sistema-split\/"]}]},{"@type":"ImageObject","inLanguage":"it-IT","@id":"https:\/\/atexxo.nl\/it\/products\/climatizzatori-antideflagranti-atex-eac-ex-zona-2-sistema-split\/#primaryimage","url":"https:\/\/atexxo.nl\/wp-content\/uploads\/2015\/03\/ATEX-EX-heat-pump2.jpg","contentUrl":"https:\/\/atexxo.nl\/wp-content\/uploads\/2015\/03\/ATEX-EX-heat-pump2.jpg","width":339,"height":391},{"@type":"BreadcrumbList","@id":"https:\/\/atexxo.nl\/it\/products\/climatizzatori-antideflagranti-atex-eac-ex-zona-2-sistema-split\/#breadcrumb","itemListElement":[{"@type":"ListItem","position":1,"name":"Startseite","item":"https:\/\/atexxo.nl\/it\/"},{"@type":"ListItem","position":2,"name":"Products","item":"https:\/\/atexxo.nl\/it\/products\/"},{"@type":"ListItem","position":3,"name":"Climatizzatori antideflagranti, ATEX, EAC-EX zona 2 sistema split"}]},{"@type":"WebSite","@id":"https:\/\/atexxo.nl\/ru\/#website","url":"https:\/\/atexxo.nl\/ru\/","name":"Atexxo Manufacturing","description":"Specialist in Atex and IECEx Solutions","publisher":{"@id":"https:\/\/atexxo.nl\/ru\/#organization"},"potentialAction":[{"@type":"SearchAction","target":{"@type":"EntryPoint","urlTemplate":"https:\/\/atexxo.nl\/ru\/?s={search_term_string}"},"query-input":{"@type":"PropertyValueSpecification","valueRequired":true,"valueName":"search_term_string"}}],"inLanguage":"it-IT"},{"@type":"Organization","@id":"https:\/\/atexxo.nl\/ru\/#organization","name":"Atexxo Manufacturing","url":"https:\/\/atexxo.nl\/ru\/","logo":{"@type":"ImageObject","inLanguage":"it-IT","@id":"https:\/\/atexxo.nl\/ru\/#\/schema\/logo\/image\/","url":"https:\/\/atexxo.nl\/wp-content\/uploads\/2015\/04\/logo_atexxo.jpg","contentUrl":"https:\/\/atexxo.nl\/wp-content\/uploads\/2015\/04\/logo_atexxo.jpg","width":1533,"height":733,"caption":"Atexxo Manufacturing"},"image":{"@id":"https:\/\/atexxo.nl\/ru\/#\/schema\/logo\/image\/"}}]}},"rttpg_featured_image_url":{"full":["https:\/\/atexxo.nl\/wp-content\/uploads\/2015\/03\/ATEX-EX-heat-pump2.jpg",339,391,false],"landscape":["https:\/\/atexxo.nl\/wp-content\/uploads\/2015\/03\/ATEX-EX-heat-pump2.jpg",339,391,false],"portraits":["https:\/\/atexxo.nl\/wp-content\/uploads\/2015\/03\/ATEX-EX-heat-pump2.jpg",339,391,false],"thumbnail":["https:\/\/atexxo.nl\/wp-content\/uploads\/2015\/03\/ATEX-EX-heat-pump2-150x150.jpg",150,150,true],"medium":["https:\/\/atexxo.nl\/wp-content\/uploads\/2015\/03\/ATEX-EX-heat-pump2-260x300.jpg",260,300,true],"large":["https:\/\/atexxo.nl\/wp-content\/uploads\/2015\/03\/ATEX-EX-heat-pump2.jpg",339,391,false],"1536x1536":["https:\/\/atexxo.nl\/wp-content\/uploads\/2015\/03\/ATEX-EX-heat-pump2.jpg",339,391,false],"2048x2048":["https:\/\/atexxo.nl\/wp-content\/uploads\/2015\/03\/ATEX-EX-heat-pump2.jpg",339,391,false]},"rttpg_author":{"display_name":"adatex","author_link":"https:\/\/atexxo.nl\/it\/author\/adatex\/"},"rttpg_comment":0,"rttpg_category":false,"rttpg_excerpt":"Climatizzatori antideflagranti, ATEX, EAC-EX zona 2 sistema split (Per condizioni ambientali a temperature elevate) Antideflagrante II 3G ; Ex ec ic nC h IIC T3 Gc \u00a0(For Gas Groups IIA\/IIB\/IIC) I climatizzatori antideflagranti (ATEX e EAC-EX) della Atexxo Manufacturing BV, sviluppati sia per condizioni ambientali a temperature elevate (deserto\/tropici) che per condizioni ambientali a temperature&hellip;","_links":{"self":[{"href":"https:\/\/atexxo.nl\/it\/wp-json\/wp\/v2\/pages\/2498","targetHints":{"allow":["GET"]}}],"collection":[{"href":"https:\/\/atexxo.nl\/it\/wp-json\/wp\/v2\/pages"}],"about":[{"href":"https:\/\/atexxo.nl\/it\/wp-json\/wp\/v2\/types\/page"}],"author":[{"embeddable":true,"href":"https:\/\/atexxo.nl\/it\/wp-json\/wp\/v2\/users\/1"}],"replies":[{"embeddable":true,"href":"https:\/\/atexxo.nl\/it\/wp-json\/wp\/v2\/comments?post=2498"}],"version-history":[{"count":0,"href":"https:\/\/atexxo.nl\/it\/wp-json\/wp\/v2\/pages\/2498\/revisions"}],"up":[{"embeddable":true,"href":"https:\/\/atexxo.nl\/it\/wp-json\/wp\/v2\/pages\/2707"}],"wp:featuredmedia":[{"embeddable":true,"href":"https:\/\/atexxo.nl\/it\/wp-json\/wp\/v2\/media\/2499"}],"wp:attachment":[{"href":"https:\/\/atexxo.nl\/it\/wp-json\/wp\/v2\/media?parent=2498"}],"curies":[{"name":"wp","href":"https:\/\/api.w.org\/{rel}","templated":true}]}}