{"id":2490,"date":"2015-03-10T12:11:47","date_gmt":"2015-03-10T11:11:47","guid":{"rendered":"https:\/\/atexxo.nl\/explosion-proof-air-conditioner\/"},"modified":"2020-02-18T15:27:49","modified_gmt":"2020-02-18T14:27:49","slug":"climatiseurs-antideflagrants","status":"publish","type":"page","link":"https:\/\/atexxo.nl\/fr\/products\/climatiseurs-antideflagrants\/","title":{"rendered":"Climatiseurs antid\u00e9flagrants"},"content":{"rendered":"<h2>Climatiseurs antid\u00e9flagrants, ATEX \u00a0\/ EAC-EX Zone 2 Unit\u00e9s Split \u00a0Syst\u00e8mes<br \/>\n(Pour des conditions de temp\u00e9rature ambiante \u00e9lev\u00e9e)<\/h2>\n<p><img loading=\"lazy\" decoding=\"async\" class=\"wp-image-2338 size-full alignnone\" src=\"https:\/\/atexxo.nl\/wp-content\/uploads\/Explosion_Proof_Air_Conditioners.png\" alt=\"explosion proof air conditioners\" width=\"915\" height=\"470\" srcset=\"https:\/\/atexxo.nl\/wp-content\/uploads\/Explosion_Proof_Air_Conditioners.png 915w, https:\/\/atexxo.nl\/wp-content\/uploads\/Explosion_Proof_Air_Conditioners-300x154.png 300w, https:\/\/atexxo.nl\/wp-content\/uploads\/Explosion_Proof_Air_Conditioners-768x394.png 768w\" sizes=\"auto, (max-width: 915px) 100vw, 915px\" \/><\/p>\n<table>\n<tbody>\n<tr>\n<td>S\u00e9curit\u00e9 antid\u00e9flagrante<\/td>\n<td><img loading=\"lazy\" decoding=\"async\" class=\"alignleft wp-image-2343\" style=\"margin: 5px 0 0 0;\" src=\"https:\/\/atexxo.nl\/wp-content\/uploads\/CE.png\" alt=\"ce\" width=\"27\" height=\"20\" \/> <img loading=\"lazy\" decoding=\"async\" class=\"alignleft wp-image-2347\" style=\"margin: 5px 0 0 0;\" src=\"https:\/\/atexxo.nl\/wp-content\/uploads\/\/Ex-300x259.png\" alt=\"ex\" width=\"23\" height=\"20\" \/> II 3G ; Ex ec ic nC h IIC T3 Gc \u00a0(For Gas Groups IIA\/IIB\/IIC)<\/td>\n<\/tr>\n<\/tbody>\n<\/table>\n<p>Les climatiseurs antid\u00e9flagrants Atexxo Manufacturing BV (ATEX and EAC-EX), d\u00e9velopp\u00e9s aussi bien pour des conditions de temp\u00e9rature ambiante \u00e9lev\u00e9e (d\u00e9sert\/tropical) que pour les conditions nordiques \u00e0 temp\u00e9rature ambiante basse. Ces unit\u00e9s split syst\u00e8me ont \u00e9t\u00e9 con\u00e7ues pour une utilisation s\u00fbre dans des atmosph\u00e8res zone 2 gaz\/vapeur explosive. ATEX Zone 2 est l\u2019\u00e9quivalent europ\u00e9en du mat\u00e9riel am\u00e9ricain NEC Class 1 Division 2 . (C1D2)<\/p>\n<p>Les unit\u00e9s disposent d\u2019une fonction pompe thermique pour le chauffage et le refroidissement. Les climatiseurs Explosion \u00a0et les unit\u00e9s split syst\u00e8me ATEX sont munis de liquide r\u00e9frig\u00e9rant R-410A\u00a0 conform\u00e9ment aux normes europ\u00e9ennes.<\/p>\n<p>La conversion en ATEX antid\u00e9flagrant est conforme \u00e0 la philosophie d\u2019Atexxo qui d\u00e9sire joindre une protection antid\u00e9flagrante excellente \u00e0 une sauvegarde maximale des caract\u00e9ristiques du produit original. Ainsi, les climatiseurs ATEX sont faciles \u00e0 installer et \u00e0 commander.<\/p>\n<p>Les sets consistent de l\u2019unit\u00e9 approuv\u00e9e ATEX pour l\u2019int\u00e9rieur et l\u2019ext\u00e9rieur (fixation au mur ou au plafond) ainsi que d\u2019une t\u00e9l\u00e9commande. Rapport co\u00fbt-efficacit\u00e9 ATEX antid\u00e9flagrant Zone 2, unit\u00e9s split syst\u00e8me.<\/p>\n<p>[bscolumns class=\u00a0\u00bbone_half\u00a0\u00bb]<\/p>\n<h3>Avantages<\/h3>\n<ul>\n<li>Disponible en 50Hz et 60 Hz<\/li>\n<li>Temp\u00e9rature ambiante \u00e9lev\u00e9e<\/li>\n<li>Convient aux op\u00e9rations 24\/7<\/li>\n<li>Facile \u00e0 installer et \u00e0 commander<\/li>\n<li>ATEX\/EAC-EX Zone 2<\/li>\n<li>Contr\u00f4le de la redondance sur demande<\/li>\n<\/ul>\n<p>[\/bscolumns][bscolumns class=\u00a0\u00bbone_half_last_clear\u00a0\u00bb]<\/p>\n<h3>Applications<\/h3>\n<ul>\n<li>Navires m\u00e9thaniers<\/li>\n<li>Usines chimiques<\/li>\n<li>Plateformes de forage p\u00e9trolier en mer<\/li>\n<li>Stockage de marchandises dangereuses<\/li>\n<li>Cabinets d\u2019analyse<\/li>\n<\/ul>\n<p>[\/bscolumns][bscolumns class=\u00a0\u00bbclear\u00a0\u00bb][\/bscolumns]<\/p>\n<h2>Op\u00e9rations s\u00fbres en zones dangereuses Zone 2<\/h2>\n<div id=\"attachment_2093\" style=\"width: 403px\" class=\"wp-caption alignright\"><a href=\"https:\/\/atexxo.nl\/explosion_proof_indoor_ac_unit\/\" rel=\"attachment wp-att-2093\"><img loading=\"lazy\" decoding=\"async\" aria-describedby=\"caption-attachment-2093\" class=\"wp-image-2093\" src=\"https:\/\/atexxo.nl\/wp-content\/uploads\/explosion_proof_indoor_ac_unit.jpg\" alt=\"explosion_proof_indoor_ac_unit\" width=\"393\" height=\"356\" srcset=\"https:\/\/atexxo.nl\/wp-content\/uploads\/explosion_proof_indoor_ac_unit.jpg 760w, https:\/\/atexxo.nl\/wp-content\/uploads\/explosion_proof_indoor_ac_unit-300x272.jpg 300w\" sizes=\"auto, (max-width: 393px) 100vw, 393px\" \/><\/a><p id=\"caption-attachment-2093\" class=\"wp-caption-text\">Picture 1<\/p><\/div>\n<p>Utilisation de mesures de protection multiples antid\u00e9flagrantes afin de garantir des op\u00e9rations s\u00fbres en environnement hostile. La conversion au syst\u00e8me antid\u00e9flagrant ATEX\u00a0 est conforme \u00e0 la philosophie d\u2019Atexxo qui d\u00e9sire joindre\u00a0 une protection antid\u00e9flagrante excellente \u00e0 une sauvegarde maximale des caract\u00e9ristiques du produit original. \u00a0Ainsi, les climatiseurs ATEX sont faciles \u00e0 installer et \u00e0 commander. ATEX Zone 2 est l\u2019\u00e9quivalent europ\u00e9en du mat\u00e9riel am\u00e9ricain, NEC Class 1 Division 2. (C1D2)<\/p>\n<p>L\u2019image ci-dessus montre quelques-unes des mesures protectives antid\u00e9flagrantes int\u00e9gr\u00e9es intergraded dans l\u2019unit\u00e9 Atexxo pour l\u2019int\u00e9rieur. Toutes les modifications sont en conformit\u00e9 avec les normes de s\u00e9curit\u00e9, bien document\u00e9es et test\u00e9es. Les unit\u00e9s standard sont disponibles chez Daikin, d\u2019autres marques peuvent \u00eatre livr\u00e9es sur demande.<\/p>\n<p><img loading=\"lazy\" decoding=\"async\" class=\"size-medium wp-image-2351 alignnone\" src=\"https:\/\/atexxo.nl\/wp-content\/uploads\/\/Daikin-300x94.jpg\" alt=\"daikin\" width=\"300\" height=\"94\" srcset=\"https:\/\/atexxo.nl\/wp-content\/uploads\/Daikin-300x94.jpg 300w, https:\/\/atexxo.nl\/wp-content\/uploads\/Daikin.jpg 655w\" sizes=\"auto, (max-width: 300px) 100vw, 300px\" \/><\/p>\n<h2>Contr\u00f4le de la redondance avec fonction de sauvegarde<\/h2>\n<p>Pour une application cruciale telle que le refroidissement\u00a0 d\u2019une salle de batteries, ces unit\u00e9s peuvent \u00eatre pourvues d\u2019une option pour contr\u00f4le sp\u00e9cialis\u00e9 de la redondance. Dans ce concept particulier il y a deux unit\u00e9s, dont l\u2019une sera de service et l\u2019autre sera de garde. En cas de d\u00e9faillance d\u2019une unit\u00e9, l\u2019autre unit\u00e9 reprend la fonction. Les positions de service et de garde peuvent \u00eatre altern\u00e9es entre les unit\u00e9s afin de prolonger leur dur\u00e9e de vie totale.<\/p>\n<h3>Information technique<\/h3>\n<table>\n<tbody>\n<tr>\n<td width=\"175\"><strong>Voltage<\/strong>:<\/td>\n<td width=\"393\">200-240 Volt\u00a0 (plage d\u2019entr\u00e9e \u00e9tendue \/ 400V sur demande)<\/td>\n<\/tr>\n<tr>\n<td width=\"175\"><strong>Fr\u00e9quence:<\/strong><\/td>\n<td width=\"393\">50\/60 Hz<\/td>\n<\/tr>\n<tr>\n<td width=\"175\"><strong>Type Unit\u00e9 Split Syst\u00e8me:<\/strong><\/td>\n<td width=\"393\">QSP = unit\u00e9 int\u00e9rieur Mur ;\u00a0 QSP = unit\u00e9 int\u00e9rieur Plafond<\/td>\n<\/tr>\n<tr>\n<td width=\"175\"><strong>Controle Redondance:<br \/>\n<\/strong><\/td>\n<td width=\"393\">Fonction \/ Commande en mode d\u2019attente (sur demande)<\/td>\n<\/tr>\n<tr>\n<td width=\"175\"><strong>Refrig\u00e9rant:<\/strong><\/td>\n<td width=\"393\">R-410A<\/td>\n<\/tr>\n<tr>\n<td width=\"175\"><strong>ATEX \/ EAC-EX:IIA\/IIB\/IIC<\/strong><\/td>\n<td width=\"393\">Unit Assessment Certificate: Zone 2, II 3G; ec ic nC IIC h T3 Gc<\/td>\n<\/tr>\n<\/tbody>\n<\/table>\n<h3>Tableau ci-dessous; Information pour commandes d\u2019unit\u00e9s Atexxo Antid\u00e9flagrants AC<\/h3>\n<table width=\"1120\">\n<tbody>\n<tr>\n<td width=\"131\"><strong>ATEX Unit\u00e9s split<br \/>\nAtexxo Manufacturing B.V.<\/strong><\/td>\n<td width=\"56\"><strong>Atex Zone<\/strong><\/td>\n<td width=\"136\">Capacit\u00e9 de refroidissement<\/td>\n<td width=\"53\">Capacit\u00e9 de chauffage<\/td>\n<td width=\"51\">Indoor unit<\/td>\n<td width=\"111\">Dimensions unit\u00e9 pour int\u00e9rieur<br \/>\nHxLxP (mm)<\/td>\n<td width=\"128\">Dimension unit\u00e9 pour ext\u00e9rieurH<br \/>\nHxLxP (mm)<\/td>\n<\/tr>\n<tr>\n<td width=\"131\"><strong>Num\u00e9ro de commande<\/strong><\/td>\n<td width=\"56\"><strong>\u00a0<\/strong><\/td>\n<td width=\"136\"><\/td>\n<td width=\"53\"><\/td>\n<td width=\"51\"><\/td>\n<td width=\"111\">Poids (kg)<\/td>\n<td width=\"128\">Poids (kg)<\/td>\n<\/tr>\n<tr>\n<td width=\"131\"><\/td>\n<td width=\"56\"><\/td>\n<td width=\"136\"><\/td>\n<td width=\"53\"><\/td>\n<td width=\"51\"><\/td>\n<td width=\"111\"><\/td>\n<td width=\"128\"><\/td>\n<\/tr>\n<tr>\n<td width=\"131\"><strong>AIR-EX-FAQ-71<\/strong><\/td>\n<td width=\"56\"><strong>Zone 2<\/strong><\/td>\n<td width=\"136\">24.000 BTU \/ 2RT \/ 7.1kW<\/td>\n<td width=\"53\">8kW<\/td>\n<td width=\"51\">Wall<\/td>\n<td width=\"111\">290x1050x238, 13kg<\/td>\n<td width=\"128\">990x940x320,78 kg<\/td>\n<\/tr>\n<tr>\n<td width=\"131\"><strong>AIR-EX-FAQ-10<\/strong><\/td>\n<td width=\"56\"><strong>Zone 2<\/strong><\/td>\n<td width=\"136\">35.000 BTU \/ 3 RT \/ 10kW<\/td>\n<td width=\"53\">11 kW<\/td>\n<td width=\"51\">Wall<\/td>\n<td width=\"111\">340&#215;1.200&#215;240, 17kg<\/td>\n<td width=\"128\">1430x940x320, 101 kg<\/td>\n<\/tr>\n<tr>\n<td width=\"131\"><strong>AIR-EX-FHQ-12<\/strong><\/td>\n<td width=\"56\"><strong>Zone 2<\/strong><\/td>\n<td width=\"136\">43.000 BTU \/ 3.6RT \/ 12.5kW<\/td>\n<td width=\"53\">14kW<\/td>\n<td width=\"51\">Ceiling<\/td>\n<td width=\"111\">235&#215;1.590&#215;690, 38kg<\/td>\n<td width=\"128\">1430x940x320, 101 kg<\/td>\n<\/tr>\n<tr>\n<td width=\"131\"><strong>AIR-EX-FHQ-14<\/strong><\/td>\n<td width=\"56\"><strong>Zone 2<\/strong><\/td>\n<td width=\"136\">50.000 BTU \/ 4RT \/ 14kW<\/td>\n<td width=\"53\">16kW<\/td>\n<td width=\"51\">Ceiling<\/td>\n<td width=\"111\">235&#215;1.590&#215;690, 38kg<\/td>\n<td width=\"128\">1430x940x320, 101 kg<\/td>\n<\/tr>\n<\/tbody>\n<\/table>\n<p>&nbsp;<\/p>\n<p>Download here brochure <a href=\"https:\/\/atexxo.nl\/wp-content\/uploads\/Explosion_proof_air_conditioners.pdf\" target=\"_blank\" rel=\"noopener noreferrer\">explosion proof air conditioner<\/a>\u00a0(7-14kw)<\/p>\n<p><a title=\"ATEX Air Conditioners\" href=\"https:\/\/atexxo.nl\/wp-content\/uploads\/2015\/04\/ATEX-AIRCO-SPLIT-UNIT-EX.pdf\" target=\"_blank\" rel=\"noopener noreferrer\">ATEX Air Conditioners<\/a>\u00a0(2-7kw)<\/p>\n<p>&nbsp;<\/p>\n<p><!--:--><!--:nl--><a href=\"https:\/\/atexxo.nl\/wp-content\/uploads\/2015\/03\/ATEX-EX-heat-pump2.jpg\"><br \/>\n<\/a><\/p>\n<p><!--:--><\/p>\n","protected":false},"excerpt":{"rendered":"<p>Climatiseurs antid\u00e9flagrants, ATEX \u00a0\/ EAC-EX Zone 2 Unit\u00e9s Split \u00a0Syst\u00e8mes (Pour des conditions de temp\u00e9rature ambiante \u00e9lev\u00e9e) S\u00e9curit\u00e9 antid\u00e9flagrante II 3G ; Ex ec ic nC h IIC T3 Gc \u00a0(For Gas Groups IIA\/IIB\/IIC) Les climatiseurs antid\u00e9flagrants Atexxo Manufacturing BV (ATEX and EAC-EX), d\u00e9velopp\u00e9s aussi bien pour des conditions de temp\u00e9rature ambiante \u00e9lev\u00e9e (d\u00e9sert\/tropical) que [&hellip;]<\/p>\n","protected":false},"author":1,"featured_media":2491,"parent":2705,"menu_order":3,"comment_status":"closed","ping_status":"closed","template":"","meta":{"_monsterinsights_skip_tracking":false,"_monsterinsights_sitenote_active":false,"_monsterinsights_sitenote_note":"","_monsterinsights_sitenote_category":0,"_genesis_hide_title":false,"_genesis_hide_breadcrumbs":false,"_genesis_hide_singular_image":false,"_genesis_hide_footer_widgets":false,"_genesis_custom_body_class":"","_genesis_custom_post_class":"","_genesis_layout":"","footnotes":""},"class_list":{"0":"post-2490","1":"page","2":"type-page","3":"status-publish","4":"has-post-thumbnail","6":"entry"},"yoast_head":"<!-- This site is optimized with the Yoast SEO plugin v26.8 - https:\/\/yoast.com\/product\/yoast-seo-wordpress\/ -->\n<title>Climatiseurs antid\u00e9flagrants - Atexxo Manufacturing<\/title>\n<meta name=\"description\" content=\"explosion proof air conditioners for hazardous zone 2 areas for ATEX high ambient temperature environments. Division 2 potential gas explosions.\" \/>\n<meta name=\"robots\" content=\"index, follow, max-snippet:-1, max-image-preview:large, max-video-preview:-1\" \/>\n<link rel=\"canonical\" href=\"https:\/\/atexxo.nl\/fr\/products\/climatiseurs-antideflagrants\/\" \/>\n<meta property=\"og:locale\" content=\"fr_FR\" \/>\n<meta property=\"og:type\" content=\"article\" \/>\n<meta property=\"og:title\" content=\"Climatiseurs antid\u00e9flagrants - Atexxo Manufacturing\" \/>\n<meta property=\"og:description\" content=\"explosion proof air conditioners for hazardous zone 2 areas for ATEX high ambient temperature environments. Division 2 potential gas explosions.\" \/>\n<meta property=\"og:url\" content=\"https:\/\/atexxo.nl\/fr\/products\/climatiseurs-antideflagrants\/\" \/>\n<meta property=\"og:site_name\" content=\"Atexxo Manufacturing\" \/>\n<meta property=\"article:modified_time\" content=\"2020-02-18T14:27:49+00:00\" \/>\n<meta property=\"og:image\" content=\"https:\/\/atexxo.nl\/wp-content\/uploads\/2015\/03\/ATEX-EX-heat-pump2.jpg\" \/>\n\t<meta property=\"og:image:width\" content=\"339\" \/>\n\t<meta property=\"og:image:height\" content=\"391\" \/>\n\t<meta property=\"og:image:type\" content=\"image\/jpeg\" \/>\n<meta name=\"twitter:label1\" content=\"Dur\u00e9e de lecture estim\u00e9e\" \/>\n\t<meta name=\"twitter:data1\" content=\"4 minutes\" \/>\n<script type=\"application\/ld+json\" class=\"yoast-schema-graph\">{\"@context\":\"https:\/\/schema.org\",\"@graph\":[{\"@type\":\"WebPage\",\"@id\":\"https:\/\/atexxo.nl\/fr\/products\/climatiseurs-antideflagrants\/\",\"url\":\"https:\/\/atexxo.nl\/fr\/products\/climatiseurs-antideflagrants\/\",\"name\":\"Climatiseurs antid\u00e9flagrants - Atexxo Manufacturing\",\"isPartOf\":{\"@id\":\"https:\/\/atexxo.nl\/ru\/#website\"},\"primaryImageOfPage\":{\"@id\":\"https:\/\/atexxo.nl\/fr\/products\/climatiseurs-antideflagrants\/#primaryimage\"},\"image\":{\"@id\":\"https:\/\/atexxo.nl\/fr\/products\/climatiseurs-antideflagrants\/#primaryimage\"},\"thumbnailUrl\":\"https:\/\/atexxo.nl\/wp-content\/uploads\/2015\/03\/ATEX-EX-heat-pump2.jpg\",\"datePublished\":\"2015-03-10T11:11:47+00:00\",\"dateModified\":\"2020-02-18T14:27:49+00:00\",\"description\":\"explosion proof air conditioners for hazardous zone 2 areas for ATEX high ambient temperature environments. Division 2 potential gas explosions.\",\"breadcrumb\":{\"@id\":\"https:\/\/atexxo.nl\/fr\/products\/climatiseurs-antideflagrants\/#breadcrumb\"},\"inLanguage\":\"fr-FR\",\"potentialAction\":[{\"@type\":\"ReadAction\",\"target\":[\"https:\/\/atexxo.nl\/fr\/products\/climatiseurs-antideflagrants\/\"]}]},{\"@type\":\"ImageObject\",\"inLanguage\":\"fr-FR\",\"@id\":\"https:\/\/atexxo.nl\/fr\/products\/climatiseurs-antideflagrants\/#primaryimage\",\"url\":\"https:\/\/atexxo.nl\/wp-content\/uploads\/2015\/03\/ATEX-EX-heat-pump2.jpg\",\"contentUrl\":\"https:\/\/atexxo.nl\/wp-content\/uploads\/2015\/03\/ATEX-EX-heat-pump2.jpg\",\"width\":339,\"height\":391},{\"@type\":\"BreadcrumbList\",\"@id\":\"https:\/\/atexxo.nl\/fr\/products\/climatiseurs-antideflagrants\/#breadcrumb\",\"itemListElement\":[{\"@type\":\"ListItem\",\"position\":1,\"name\":\"Startseite\",\"item\":\"https:\/\/atexxo.nl\/fr\/\"},{\"@type\":\"ListItem\",\"position\":2,\"name\":\"Products\",\"item\":\"https:\/\/atexxo.nl\/fr\/products\/\"},{\"@type\":\"ListItem\",\"position\":3,\"name\":\"Climatiseurs antid\u00e9flagrants\"}]},{\"@type\":\"WebSite\",\"@id\":\"https:\/\/atexxo.nl\/ru\/#website\",\"url\":\"https:\/\/atexxo.nl\/ru\/\",\"name\":\"Atexxo Manufacturing\",\"description\":\"Specialist in Atex and IECEx Solutions\",\"publisher\":{\"@id\":\"https:\/\/atexxo.nl\/ru\/#organization\"},\"potentialAction\":[{\"@type\":\"SearchAction\",\"target\":{\"@type\":\"EntryPoint\",\"urlTemplate\":\"https:\/\/atexxo.nl\/ru\/?s={search_term_string}\"},\"query-input\":{\"@type\":\"PropertyValueSpecification\",\"valueRequired\":true,\"valueName\":\"search_term_string\"}}],\"inLanguage\":\"fr-FR\"},{\"@type\":\"Organization\",\"@id\":\"https:\/\/atexxo.nl\/ru\/#organization\",\"name\":\"Atexxo Manufacturing\",\"url\":\"https:\/\/atexxo.nl\/ru\/\",\"logo\":{\"@type\":\"ImageObject\",\"inLanguage\":\"fr-FR\",\"@id\":\"https:\/\/atexxo.nl\/ru\/#\/schema\/logo\/image\/\",\"url\":\"https:\/\/atexxo.nl\/wp-content\/uploads\/2015\/04\/logo_atexxo.jpg\",\"contentUrl\":\"https:\/\/atexxo.nl\/wp-content\/uploads\/2015\/04\/logo_atexxo.jpg\",\"width\":1533,\"height\":733,\"caption\":\"Atexxo Manufacturing\"},\"image\":{\"@id\":\"https:\/\/atexxo.nl\/ru\/#\/schema\/logo\/image\/\"}}]}<\/script>\n<!-- \/ Yoast SEO plugin. -->","yoast_head_json":{"title":"Climatiseurs antid\u00e9flagrants - Atexxo Manufacturing","description":"explosion proof air conditioners for hazardous zone 2 areas for ATEX high ambient temperature environments. Division 2 potential gas explosions.","robots":{"index":"index","follow":"follow","max-snippet":"max-snippet:-1","max-image-preview":"max-image-preview:large","max-video-preview":"max-video-preview:-1"},"canonical":"https:\/\/atexxo.nl\/fr\/products\/climatiseurs-antideflagrants\/","og_locale":"fr_FR","og_type":"article","og_title":"Climatiseurs antid\u00e9flagrants - Atexxo Manufacturing","og_description":"explosion proof air conditioners for hazardous zone 2 areas for ATEX high ambient temperature environments. Division 2 potential gas explosions.","og_url":"https:\/\/atexxo.nl\/fr\/products\/climatiseurs-antideflagrants\/","og_site_name":"Atexxo Manufacturing","article_modified_time":"2020-02-18T14:27:49+00:00","og_image":[{"width":339,"height":391,"url":"https:\/\/atexxo.nl\/wp-content\/uploads\/2015\/03\/ATEX-EX-heat-pump2.jpg","type":"image\/jpeg"}],"twitter_misc":{"Dur\u00e9e de lecture estim\u00e9e":"4 minutes"},"schema":{"@context":"https:\/\/schema.org","@graph":[{"@type":"WebPage","@id":"https:\/\/atexxo.nl\/fr\/products\/climatiseurs-antideflagrants\/","url":"https:\/\/atexxo.nl\/fr\/products\/climatiseurs-antideflagrants\/","name":"Climatiseurs antid\u00e9flagrants - Atexxo Manufacturing","isPartOf":{"@id":"https:\/\/atexxo.nl\/ru\/#website"},"primaryImageOfPage":{"@id":"https:\/\/atexxo.nl\/fr\/products\/climatiseurs-antideflagrants\/#primaryimage"},"image":{"@id":"https:\/\/atexxo.nl\/fr\/products\/climatiseurs-antideflagrants\/#primaryimage"},"thumbnailUrl":"https:\/\/atexxo.nl\/wp-content\/uploads\/2015\/03\/ATEX-EX-heat-pump2.jpg","datePublished":"2015-03-10T11:11:47+00:00","dateModified":"2020-02-18T14:27:49+00:00","description":"explosion proof air conditioners for hazardous zone 2 areas for ATEX high ambient temperature environments. Division 2 potential gas explosions.","breadcrumb":{"@id":"https:\/\/atexxo.nl\/fr\/products\/climatiseurs-antideflagrants\/#breadcrumb"},"inLanguage":"fr-FR","potentialAction":[{"@type":"ReadAction","target":["https:\/\/atexxo.nl\/fr\/products\/climatiseurs-antideflagrants\/"]}]},{"@type":"ImageObject","inLanguage":"fr-FR","@id":"https:\/\/atexxo.nl\/fr\/products\/climatiseurs-antideflagrants\/#primaryimage","url":"https:\/\/atexxo.nl\/wp-content\/uploads\/2015\/03\/ATEX-EX-heat-pump2.jpg","contentUrl":"https:\/\/atexxo.nl\/wp-content\/uploads\/2015\/03\/ATEX-EX-heat-pump2.jpg","width":339,"height":391},{"@type":"BreadcrumbList","@id":"https:\/\/atexxo.nl\/fr\/products\/climatiseurs-antideflagrants\/#breadcrumb","itemListElement":[{"@type":"ListItem","position":1,"name":"Startseite","item":"https:\/\/atexxo.nl\/fr\/"},{"@type":"ListItem","position":2,"name":"Products","item":"https:\/\/atexxo.nl\/fr\/products\/"},{"@type":"ListItem","position":3,"name":"Climatiseurs antid\u00e9flagrants"}]},{"@type":"WebSite","@id":"https:\/\/atexxo.nl\/ru\/#website","url":"https:\/\/atexxo.nl\/ru\/","name":"Atexxo Manufacturing","description":"Specialist in Atex and IECEx Solutions","publisher":{"@id":"https:\/\/atexxo.nl\/ru\/#organization"},"potentialAction":[{"@type":"SearchAction","target":{"@type":"EntryPoint","urlTemplate":"https:\/\/atexxo.nl\/ru\/?s={search_term_string}"},"query-input":{"@type":"PropertyValueSpecification","valueRequired":true,"valueName":"search_term_string"}}],"inLanguage":"fr-FR"},{"@type":"Organization","@id":"https:\/\/atexxo.nl\/ru\/#organization","name":"Atexxo Manufacturing","url":"https:\/\/atexxo.nl\/ru\/","logo":{"@type":"ImageObject","inLanguage":"fr-FR","@id":"https:\/\/atexxo.nl\/ru\/#\/schema\/logo\/image\/","url":"https:\/\/atexxo.nl\/wp-content\/uploads\/2015\/04\/logo_atexxo.jpg","contentUrl":"https:\/\/atexxo.nl\/wp-content\/uploads\/2015\/04\/logo_atexxo.jpg","width":1533,"height":733,"caption":"Atexxo Manufacturing"},"image":{"@id":"https:\/\/atexxo.nl\/ru\/#\/schema\/logo\/image\/"}}]}},"rttpg_featured_image_url":{"full":["https:\/\/atexxo.nl\/wp-content\/uploads\/2015\/03\/ATEX-EX-heat-pump2.jpg",339,391,false],"landscape":["https:\/\/atexxo.nl\/wp-content\/uploads\/2015\/03\/ATEX-EX-heat-pump2.jpg",339,391,false],"portraits":["https:\/\/atexxo.nl\/wp-content\/uploads\/2015\/03\/ATEX-EX-heat-pump2.jpg",339,391,false],"thumbnail":["https:\/\/atexxo.nl\/wp-content\/uploads\/2015\/03\/ATEX-EX-heat-pump2-150x150.jpg",150,150,true],"medium":["https:\/\/atexxo.nl\/wp-content\/uploads\/2015\/03\/ATEX-EX-heat-pump2-260x300.jpg",260,300,true],"large":["https:\/\/atexxo.nl\/wp-content\/uploads\/2015\/03\/ATEX-EX-heat-pump2.jpg",339,391,false],"1536x1536":["https:\/\/atexxo.nl\/wp-content\/uploads\/2015\/03\/ATEX-EX-heat-pump2.jpg",339,391,false],"2048x2048":["https:\/\/atexxo.nl\/wp-content\/uploads\/2015\/03\/ATEX-EX-heat-pump2.jpg",339,391,false]},"rttpg_author":{"display_name":"adatex","author_link":"https:\/\/atexxo.nl\/fr\/author\/adatex\/"},"rttpg_comment":0,"rttpg_category":false,"rttpg_excerpt":"Climatiseurs antid\u00e9flagrants, ATEX \u00a0\/ EAC-EX Zone 2 Unit\u00e9s Split \u00a0Syst\u00e8mes (Pour des conditions de temp\u00e9rature ambiante \u00e9lev\u00e9e) S\u00e9curit\u00e9 antid\u00e9flagrante II 3G ; Ex ec ic nC h IIC T3 Gc \u00a0(For Gas Groups IIA\/IIB\/IIC) Les climatiseurs antid\u00e9flagrants Atexxo Manufacturing BV (ATEX and EAC-EX), d\u00e9velopp\u00e9s aussi bien pour des conditions de temp\u00e9rature ambiante \u00e9lev\u00e9e (d\u00e9sert\/tropical) que\u2026","_links":{"self":[{"href":"https:\/\/atexxo.nl\/fr\/wp-json\/wp\/v2\/pages\/2490","targetHints":{"allow":["GET"]}}],"collection":[{"href":"https:\/\/atexxo.nl\/fr\/wp-json\/wp\/v2\/pages"}],"about":[{"href":"https:\/\/atexxo.nl\/fr\/wp-json\/wp\/v2\/types\/page"}],"author":[{"embeddable":true,"href":"https:\/\/atexxo.nl\/fr\/wp-json\/wp\/v2\/users\/1"}],"replies":[{"embeddable":true,"href":"https:\/\/atexxo.nl\/fr\/wp-json\/wp\/v2\/comments?post=2490"}],"version-history":[{"count":0,"href":"https:\/\/atexxo.nl\/fr\/wp-json\/wp\/v2\/pages\/2490\/revisions"}],"up":[{"embeddable":true,"href":"https:\/\/atexxo.nl\/fr\/wp-json\/wp\/v2\/pages\/2705"}],"wp:featuredmedia":[{"embeddable":true,"href":"https:\/\/atexxo.nl\/fr\/wp-json\/wp\/v2\/media\/2491"}],"wp:attachment":[{"href":"https:\/\/atexxo.nl\/fr\/wp-json\/wp\/v2\/media?parent=2490"}],"curies":[{"name":"wp","href":"https:\/\/api.w.org\/{rel}","templated":true}]}}