{"id":2471,"date":"2015-07-13T13:50:32","date_gmt":"2015-07-13T12:50:32","guid":{"rendered":"https:\/\/atexxo.nl\/atex-air-conditioning\/"},"modified":"2015-07-13T13:50:32","modified_gmt":"2015-07-13T12:50:32","slug":"atex-air-conditioning","status":"publish","type":"page","link":"https:\/\/atexxo.nl\/es\/atex-air-conditioning\/","title":{"rendered":"Atex air conditioning"},"content":{"rendered":"<p><span id=\"result_box\" class=\"\" lang=\"de\"><span title=\"At Atexxo, you can find ATEX certified air conditioning units.\">Bei Atexxo <span id=\"result_box\" class=\"short_text\" lang=\"de\"><span class=\"hps\">k\u00f6nnen <\/span><\/span>Sie ATEX-zertifizierte Klimaanlage finden. <\/span><span title=\"ATEX certified products are explosion-proof.\">ATEX-zertifizierte Produkte sind explosionsgesch\u00fctzt. <\/span><span title=\"We offer products form stock and tailored products!\n\n\">Wir bieten Produkte MySQL Lager und ma\u00dfgeschneiderte Produkte!<\/span><\/span><\/p>\n<h2><span id=\"result_box\" class=\"\" lang=\"de\"><span title=\"Explosion-proof equipment As specialized manufacturer of explosion-proof equipment, Atexxo offers you a wide range of products and solutions.\"><strong>Explosionsgesch\u00fctzte Ger\u00e4te<\/strong><\/span><\/span><\/h2>\n<p><span id=\"result_box\" class=\"\" lang=\"de\"><span title=\"Explosion-proof equipment As specialized manufacturer of explosion-proof equipment, Atexxo offers you a wide range of products and solutions.\">Als spezialisierter Hersteller von explosionsgesch\u00fctzten Betriebsmittel bietet Atexxo Ihnen eine breite Palette von Produkten und L\u00f6sungen. <\/span><span title=\"Our experienced and motivated staff guarantee high quality products.\n\n\u00a0\u00a0\u00a0\u00a0\">Unsere erfahrenen und motivierten Mitarbeiter garantieren qualitativ hochwertige Produkte.<\/span><\/span><\/p>\n<ul>\n<li><span id=\"result_box\" class=\"\" lang=\"de\"><span title=\"We stock atex air conditioning units, such as the AIR-EX air conditioning split systems.\n\u00a0\u00a0\u00a0\u00a0\">Wir f\u00fchren ATEX Klimaanlagen, zoals die AIR-EX Split-Klimasysteme.<\/span><\/span><\/li>\n<li><span id=\"result_box\" class=\"\" lang=\"de\"><span title=\"All of our products are ATEX certified, which means that they are developed to comply with European Directive 94\/9\/EC (ATEX 95).\n\u00a0\u00a0\u00a0\u00a0\">Alle unsere Produkte sind ATEX zertifiziert, was bedeutet, thatthey \u00fcberentwickelt, um der EU-Richtlinie 94\/9 \/ EG (ATEX 95) zu erf\u00fcllen sind.<\/span><\/span><\/li>\n<li><span id=\"result_box\" class=\"\" lang=\"de\"><span title=\"We can provide ATEX conversion of your own local popular brand air conditioners, for more information please visit our manufacturing conversion page.\n\n\">Wir k\u00f6nnen Konvertierungs Vorsehung oder deinen eigenen Feuer beliebten Klimaanlagen, f\u00fcr weitere Informationen besuchen Sie bitte unsere ATEX Herstellungs Conversion-Seite.<\/span><\/span><\/li>\n<\/ul>\n<p><span title=\"Contact us If you would like to know more about ATEX certified air conditioning units, Atexxo is able to offer you, please don't hesitate to contact us!\"><a href=\"https:\/\/atexxo.nl\/contact\/\">Kontaktieren Sie uns<\/a> Wenn Sie m\u00f6chten, um mehr \u00fcber ATEX-zertifizierte Klimaanlagen wissen, ist Atexxo bootf\u00e4hig zu bieten, z\u00f6gern Sie bitte nicht uns zu kontaktieren! <\/span>Sie k\u00f6nnen unser Team telefonisch unter +31 (0) 186 601 299 erreichen oder benutzen Sie unser Kontaktformular oder finden mehrere auf relvevant Dokumente auf unserer Download-Seite.<\/p>\n<p><span id=\"result_box\" class=\"\" lang=\"de\"><span title=\"More information pages\">Mehr Informationen Seiten<\/span><\/span><\/p>\n","protected":false},"excerpt":{"rendered":"<p>Bei Atexxo k\u00f6nnen Sie ATEX-zertifizierte Klimaanlage finden. ATEX-zertifizierte Produkte sind explosionsgesch\u00fctzt. Wir bieten Produkte MySQL Lager und ma\u00dfgeschneiderte Produkte! Explosionsgesch\u00fctzte Ger\u00e4te Als spezialisierter Hersteller von explosionsgesch\u00fctzten Betriebsmittel bietet Atexxo Ihnen eine breite Palette von Produkten und L\u00f6sungen. Unsere erfahrenen und motivierten Mitarbeiter garantieren qualitativ hochwertige Produkte. Wir f\u00fchren ATEX Klimaanlagen, zoals die AIR-EX Split-Klimasysteme. Alle [&hellip;]<\/p>\n","protected":false},"author":2,"featured_media":0,"parent":0,"menu_order":0,"comment_status":"closed","ping_status":"closed","template":"","meta":{"_monsterinsights_skip_tracking":false,"_monsterinsights_sitenote_active":false,"_monsterinsights_sitenote_note":"","_monsterinsights_sitenote_category":0,"_genesis_hide_title":false,"_genesis_hide_breadcrumbs":false,"_genesis_hide_singular_image":false,"_genesis_hide_footer_widgets":false,"_genesis_custom_body_class":"","_genesis_custom_post_class":"","_genesis_layout":"","footnotes":""},"class_list":{"0":"post-2471","1":"page","2":"type-page","3":"status-publish","5":"entry"},"yoast_head":"<!-- This site is optimized with the Yoast SEO plugin v26.8 - https:\/\/yoast.com\/product\/yoast-seo-wordpress\/ -->\n<title>Atex air conditioning - Atexxo Manufacturing<\/title>\n<meta name=\"description\" content=\"At Atexxo, you can find ATEX air conditioning units. ATEX certified products are explosion-proof. We offer products form stock\" \/>\n<meta name=\"robots\" content=\"index, follow, max-snippet:-1, max-image-preview:large, max-video-preview:-1\" \/>\n<link rel=\"canonical\" href=\"https:\/\/atexxo.nl\/es\/atex-air-conditioning\/\" \/>\n<meta property=\"og:locale\" content=\"es_ES\" \/>\n<meta property=\"og:type\" content=\"article\" \/>\n<meta property=\"og:title\" content=\"Atex air conditioning - Atexxo Manufacturing\" \/>\n<meta property=\"og:description\" content=\"At Atexxo, you can find ATEX air conditioning units. ATEX certified products are explosion-proof. We offer products form stock\" \/>\n<meta property=\"og:url\" content=\"https:\/\/atexxo.nl\/es\/atex-air-conditioning\/\" \/>\n<meta property=\"og:site_name\" content=\"Atexxo Manufacturing\" \/>\n<meta name=\"twitter:label1\" content=\"Tiempo de lectura\" \/>\n\t<meta name=\"twitter:data1\" content=\"1 minuto\" \/>\n<script type=\"application\/ld+json\" class=\"yoast-schema-graph\">{\"@context\":\"https:\/\/schema.org\",\"@graph\":[{\"@type\":\"WebPage\",\"@id\":\"https:\/\/atexxo.nl\/es\/atex-air-conditioning\/\",\"url\":\"https:\/\/atexxo.nl\/es\/atex-air-conditioning\/\",\"name\":\"Atex air conditioning - Atexxo Manufacturing\",\"isPartOf\":{\"@id\":\"https:\/\/atexxo.nl\/ru\/#website\"},\"datePublished\":\"2015-07-13T12:50:32+00:00\",\"description\":\"At Atexxo, you can find ATEX air conditioning units. ATEX certified products are explosion-proof. We offer products form stock\",\"breadcrumb\":{\"@id\":\"https:\/\/atexxo.nl\/es\/atex-air-conditioning\/#breadcrumb\"},\"inLanguage\":\"es\",\"potentialAction\":[{\"@type\":\"ReadAction\",\"target\":[\"https:\/\/atexxo.nl\/es\/atex-air-conditioning\/\"]}]},{\"@type\":\"BreadcrumbList\",\"@id\":\"https:\/\/atexxo.nl\/es\/atex-air-conditioning\/#breadcrumb\",\"itemListElement\":[{\"@type\":\"ListItem\",\"position\":1,\"name\":\"Startseite\",\"item\":\"https:\/\/atexxo.nl\/es\/\"},{\"@type\":\"ListItem\",\"position\":2,\"name\":\"Atex air conditioning\"}]},{\"@type\":\"WebSite\",\"@id\":\"https:\/\/atexxo.nl\/ru\/#website\",\"url\":\"https:\/\/atexxo.nl\/ru\/\",\"name\":\"Atexxo Manufacturing\",\"description\":\"Specialist in Atex and IECEx Solutions\",\"publisher\":{\"@id\":\"https:\/\/atexxo.nl\/ru\/#organization\"},\"potentialAction\":[{\"@type\":\"SearchAction\",\"target\":{\"@type\":\"EntryPoint\",\"urlTemplate\":\"https:\/\/atexxo.nl\/ru\/?s={search_term_string}\"},\"query-input\":{\"@type\":\"PropertyValueSpecification\",\"valueRequired\":true,\"valueName\":\"search_term_string\"}}],\"inLanguage\":\"es\"},{\"@type\":\"Organization\",\"@id\":\"https:\/\/atexxo.nl\/ru\/#organization\",\"name\":\"Atexxo Manufacturing\",\"url\":\"https:\/\/atexxo.nl\/ru\/\",\"logo\":{\"@type\":\"ImageObject\",\"inLanguage\":\"es\",\"@id\":\"https:\/\/atexxo.nl\/ru\/#\/schema\/logo\/image\/\",\"url\":\"https:\/\/atexxo.nl\/wp-content\/uploads\/2015\/04\/logo_atexxo.jpg\",\"contentUrl\":\"https:\/\/atexxo.nl\/wp-content\/uploads\/2015\/04\/logo_atexxo.jpg\",\"width\":1533,\"height\":733,\"caption\":\"Atexxo Manufacturing\"},\"image\":{\"@id\":\"https:\/\/atexxo.nl\/ru\/#\/schema\/logo\/image\/\"}}]}<\/script>\n<!-- \/ Yoast SEO plugin. -->","yoast_head_json":{"title":"Atex air conditioning - Atexxo Manufacturing","description":"At Atexxo, you can find ATEX air conditioning units. ATEX certified products are explosion-proof. We offer products form stock","robots":{"index":"index","follow":"follow","max-snippet":"max-snippet:-1","max-image-preview":"max-image-preview:large","max-video-preview":"max-video-preview:-1"},"canonical":"https:\/\/atexxo.nl\/es\/atex-air-conditioning\/","og_locale":"es_ES","og_type":"article","og_title":"Atex air conditioning - Atexxo Manufacturing","og_description":"At Atexxo, you can find ATEX air conditioning units. ATEX certified products are explosion-proof. We offer products form stock","og_url":"https:\/\/atexxo.nl\/es\/atex-air-conditioning\/","og_site_name":"Atexxo Manufacturing","twitter_misc":{"Tiempo de lectura":"1 minuto"},"schema":{"@context":"https:\/\/schema.org","@graph":[{"@type":"WebPage","@id":"https:\/\/atexxo.nl\/es\/atex-air-conditioning\/","url":"https:\/\/atexxo.nl\/es\/atex-air-conditioning\/","name":"Atex air conditioning - Atexxo Manufacturing","isPartOf":{"@id":"https:\/\/atexxo.nl\/ru\/#website"},"datePublished":"2015-07-13T12:50:32+00:00","description":"At Atexxo, you can find ATEX air conditioning units. ATEX certified products are explosion-proof. We offer products form stock","breadcrumb":{"@id":"https:\/\/atexxo.nl\/es\/atex-air-conditioning\/#breadcrumb"},"inLanguage":"es","potentialAction":[{"@type":"ReadAction","target":["https:\/\/atexxo.nl\/es\/atex-air-conditioning\/"]}]},{"@type":"BreadcrumbList","@id":"https:\/\/atexxo.nl\/es\/atex-air-conditioning\/#breadcrumb","itemListElement":[{"@type":"ListItem","position":1,"name":"Startseite","item":"https:\/\/atexxo.nl\/es\/"},{"@type":"ListItem","position":2,"name":"Atex air conditioning"}]},{"@type":"WebSite","@id":"https:\/\/atexxo.nl\/ru\/#website","url":"https:\/\/atexxo.nl\/ru\/","name":"Atexxo Manufacturing","description":"Specialist in Atex and IECEx Solutions","publisher":{"@id":"https:\/\/atexxo.nl\/ru\/#organization"},"potentialAction":[{"@type":"SearchAction","target":{"@type":"EntryPoint","urlTemplate":"https:\/\/atexxo.nl\/ru\/?s={search_term_string}"},"query-input":{"@type":"PropertyValueSpecification","valueRequired":true,"valueName":"search_term_string"}}],"inLanguage":"es"},{"@type":"Organization","@id":"https:\/\/atexxo.nl\/ru\/#organization","name":"Atexxo Manufacturing","url":"https:\/\/atexxo.nl\/ru\/","logo":{"@type":"ImageObject","inLanguage":"es","@id":"https:\/\/atexxo.nl\/ru\/#\/schema\/logo\/image\/","url":"https:\/\/atexxo.nl\/wp-content\/uploads\/2015\/04\/logo_atexxo.jpg","contentUrl":"https:\/\/atexxo.nl\/wp-content\/uploads\/2015\/04\/logo_atexxo.jpg","width":1533,"height":733,"caption":"Atexxo Manufacturing"},"image":{"@id":"https:\/\/atexxo.nl\/ru\/#\/schema\/logo\/image\/"}}]}},"rttpg_featured_image_url":null,"rttpg_author":{"display_name":"Daan van Tienhoven","author_link":"https:\/\/atexxo.nl\/es\/author\/daan\/"},"rttpg_comment":0,"rttpg_category":false,"rttpg_excerpt":"Bei Atexxo k\u00f6nnen Sie ATEX-zertifizierte Klimaanlage finden. ATEX-zertifizierte Produkte sind explosionsgesch\u00fctzt. Wir bieten Produkte MySQL Lager und ma\u00dfgeschneiderte Produkte! Explosionsgesch\u00fctzte Ger\u00e4te Als spezialisierter Hersteller von explosionsgesch\u00fctzten Betriebsmittel bietet Atexxo Ihnen eine breite Palette von Produkten und L\u00f6sungen. Unsere erfahrenen und motivierten Mitarbeiter garantieren qualitativ hochwertige Produkte. Wir f\u00fchren ATEX Klimaanlagen, zoals die AIR-EX Split-Klimasysteme. Alle&hellip;","_links":{"self":[{"href":"https:\/\/atexxo.nl\/es\/wp-json\/wp\/v2\/pages\/2471","targetHints":{"allow":["GET"]}}],"collection":[{"href":"https:\/\/atexxo.nl\/es\/wp-json\/wp\/v2\/pages"}],"about":[{"href":"https:\/\/atexxo.nl\/es\/wp-json\/wp\/v2\/types\/page"}],"author":[{"embeddable":true,"href":"https:\/\/atexxo.nl\/es\/wp-json\/wp\/v2\/users\/2"}],"replies":[{"embeddable":true,"href":"https:\/\/atexxo.nl\/es\/wp-json\/wp\/v2\/comments?post=2471"}],"version-history":[{"count":0,"href":"https:\/\/atexxo.nl\/es\/wp-json\/wp\/v2\/pages\/2471\/revisions"}],"wp:attachment":[{"href":"https:\/\/atexxo.nl\/es\/wp-json\/wp\/v2\/media?parent=2471"}],"curies":[{"name":"wp","href":"https:\/\/api.w.org\/{rel}","templated":true}]}}