{"id":1332,"date":"2015-10-02T13:39:26","date_gmt":"2015-10-02T12:39:26","guid":{"rendered":"https:\/\/atexxo.nl\/ingress-protection-ip-nema-rating-2\/"},"modified":"2015-10-08T13:09:42","modified_gmt":"2015-10-08T12:09:42","slug":"ingress-schutz-ip-nema-bewertung","status":"publish","type":"page","link":"https:\/\/atexxo.nl\/de\/ingress-schutz-ip-nema-bewertung\/","title":{"rendered":"Ingress Schutz IP \/ NEMA Bewertung"},"content":{"rendered":"<p><a href=\"\/?page_id=1310\" rel=\"attachment wp-att-1310\">\u00a0<\/a><\/p>\n<p><strong>Ip &#8211; ingress schutz &amp; NEMA [NATIONAL ELECTRICAL MANUFACTURERS ASSOCIATION \u2013 USA] Bewertung<\/strong><\/p>\n<p>Der Schutz von Geh\u00e4usen gegen das Eindringen von Schmutz oder gegen das Eindringen von Wasser in IEC529 (1991 BSEN60529) definiert. Umgekehrt wird ein Geh\u00e4use, die Ausr\u00fcstung sch\u00fctzt gegen das Eindringen von Partikeln auch eine Person vor m\u00f6glichen Gefahren zu sch\u00fctzen in diesem Geh\u00e4use und dieser Schutz auch als Standard definiert.<br \/>\nDie Schutzarten werden am h\u00e4ufigsten als &#8222;IP&#8220;, gefolgt von zwei Zahlen, zB zum Ausdruck IP65, wo die Zahlen definieren den Schutzgrad. Die erste Ziffer (Fremdk\u00f6rper Schutz) zeigt das Ausma\u00df, in dem das Ger\u00e4t vor Partikeln gesch\u00fctzt ist, oder in dem Personen aus geschlossenen Gef\u00e4hrdung gesch\u00fctzt sind. Die zweite Ziffer (Wasserschutz) zeigt das Ausma\u00df der Schutz gegen Wasser. Die Formulierung in der Tabelle ist nicht genau wie in dem Standarddokument verwendet, aber die Abmessungen genau sind.<\/p>\n<p>Die erste Ziffer in der Bewertung ist der Schutz gegen Ber\u00fchrung und Fremdk\u00f6rper. Die zweite Ziffer in der Bewertung ist der Wasserschutzfaktor. Die dritte Stelle in der Aufprallschutzfaktor Es wird normalerweise in der folgenden Format angezeigt.<\/p>\n<p>&nbsp;<\/p>\n<p><strong>NEMA Bewertungen und IP Gegenwert Diagramm<\/strong><\/p>\n<p><a href=\"\/?page_id=1310\" rel=\"attachment wp-att-1310\"><img loading=\"lazy\" decoding=\"async\" class=\"alignnone size-full wp-image-1310\" src=\"https:\/\/atexxo.nl\/wp-content\/uploads\/ip_proof_nema.jpg\" alt=\"ip_proof_nema\" width=\"734\" height=\"1053\" srcset=\"https:\/\/atexxo.nl\/wp-content\/uploads\/ip_proof_nema.jpg 734w, https:\/\/atexxo.nl\/wp-content\/uploads\/ip_proof_nema-209x300.jpg 209w, https:\/\/atexxo.nl\/wp-content\/uploads\/ip_proof_nema-714x1024.jpg 714w\" sizes=\"auto, (max-width: 734px) 100vw, 734px\" \/><\/a><\/p>\n<p>&nbsp;<\/p>\n<p>&nbsp;<\/p>\n<p><strong>NEMA Bewertungen<\/strong><\/p>\n<p>Es gibt viele NEMA Bewertung f\u00fcr Geh\u00e4use zur Verf\u00fcgung. Unten ist eine kurze Erl\u00e4uterung der einzelnen NEMA Bewertung.<\/p>\n<p><strong>NEMA 1 Allgemeiner Zweck &#8211; in Innenr\u00e4umen<\/strong><\/p>\n<p>Typ-1-Geh\u00e4use sind f\u00fcr allgemeine Zwecke im Innenbereich in erster Linie einen gewissen Schutz vor Kontakt mit dem geschlossenen Einrichtungen oder Stellen, an denen ungew\u00f6hnliche Betriebsbedingungen nicht vorhanden ist.<\/p>\n<p><strong>NEMA 2 Tropfwassergesch\u00fctzt &#8211; in Innenr\u00e4umen<\/strong><\/p>\n<p>Typ-2-Geh\u00e4use sind f\u00fcr allgemeine Zwecke im Innenbereich soll vor allem ein gewisses Ma\u00df an Schutz gegen begrenzte Mengen von fallendem Wasser und Schmutz ist.<\/p>\n<p><strong>NEMA 3 Staubdicht, Regendicht, Eis \/ Schneeregen best\u00e4ndig &#8211; innen \/ au\u00dfen<\/strong><\/p>\n<p>Typ 3-Geh\u00e4use sind f\u00fcr allgemeine Verwendung im Freien in erster Linie, um einen gewissen Schutz gegen vom Wind verwehten Staub, regen, und Graupel bereitzustellen; und durch die Bildung von Eis auf dem Geh\u00e4use besch\u00e4digt werden.<\/p>\n<p><strong>NEMA 3R Regen Proof &#038; amp; Eis \/ Schneeregen Proof &#8211; innen \/ au\u00dfen<\/strong><\/p>\n<p>Type 3R-Geh\u00e4use sind f\u00fcr allgemeine Verwendung im Freien bestimmt in erster Linie, um einen gewissen Schutz gegen fallende regen bereitzustellen; und durch die Bildung von Eis auf dem Geh\u00e4use besch\u00e4digt werden.<\/p>\n<p><strong>NEMA 3S Staubdicht, Regendicht, &#038; amp; Eis \/ Schneeregen Proof &#8211; Im Freien<\/strong><\/p>\n<p>Type 3S-Geh\u00e4use sind f\u00fcr allgemeine Verwendung im Freien in erster Linie, um einen gewissen Schutz gegen Hagel zu liefern; und durch die Bildung von Eis auf dem Geh\u00e4use besch\u00e4digt werden.<\/p>\n<p><strong>NEMA 4 Wasserdicht &#038; amp; Staubdicht &#8211; innen \/ au\u00dfen<\/strong><\/p>\n<p>Typ 4 Geh\u00e4use sind f\u00fcr allgemeine Zwecke Innen- oder Au\u00dfenbereich soll vor allem ein gewisses Ma\u00df an Schutz gegen vom Wind verwehten Staub und regen, Spritzwasser und Strahlwasser zu liefern; und durch die Bildung von Eis auf dem Geh\u00e4use besch\u00e4digt werden.<\/p>\n<p><strong>NEMA 4x Wasserdicht &#038; amp; Staubdicht &#8211; innen \/ au\u00dfen<\/strong><\/p>\n<p>Type 4X-Geh\u00e4use sind f\u00fcr allgemeine Zwecke Innen- und Au\u00dfenbereich soll vor allem einen gewissen Schutz gegen Korrosion, windblown Staub und regen, Spritzwasser und Strahlwasser zu liefern; und durch die Bildung von Eis auf dem Geh\u00e4use besch\u00e4digt werden.<\/p>\n<p><strong>NEMA 5 Nach NEMA 12 f\u00fcr -Schalteinrichtungen abgel\u00f6st<\/strong><\/p>\n<p>Type 5 sehen Sie NEMA 12<\/p>\n<p><strong>NEMA 6 Unterwasser, Wasserdicht, staubdicht, &#038; amp; Eis \/ Schneeregen Resistant &#8211; innen \/ au\u00dfen<\/strong><\/p>\n<p>Typ 6-Geh\u00e4use sind f\u00fcr allgemeine Zwecke Innen- oder Au\u00dfenbereich in erster Linie, um einen Schutzgrad gegen das Eindringen von Wasser w\u00e4hrend des zeitweiligen Untertauchen in begrenzter Tiefe bieten soll; und durch die Bildung von Eis auf dem Geh\u00e4use besch\u00e4digt werden.<\/p>\n<p><strong>NEMA 7 Underwriters Lab Klasse 1-Gruppen C &#038; amp; D -Explosion Proof &#8211; in Innenr\u00e4umen<\/strong><\/p>\n<p>Typ 7-Geh\u00e4use sind f\u00fcr den Innenbereich an Standorten der Klasse I, Gruppen A, B, C oder D eingestuft, wie im National Electrical Code definiert. Typ 7-Geh\u00e4use sind in der Lage, den Druck von einer internen Explosion der genannten Gase resultierenden widerstehen, und enthalten, wie eine Explosion ausreichend, dass eine explosive Gas-Luft-Gemisch in der Atmosph\u00e4re rund um das Geh\u00e4use vorhandenen werden nicht gez\u00fcndet werden. Anbei w\u00e4rmeerzeugenden Ger\u00e4tes darf keine Au\u00dfenfl\u00e4chen auf Temperaturen z\u00fcndf\u00e4hig explosive Gas-Luft-Gemische in der umgebenden Atmosph\u00e4re zu erreichen. Haltungsbereiche m\u00fcssen Explosion, hydrostatischen und Temperaturausf\u00fchrung Tests erf\u00fcllen.<\/p>\n<p><strong>NEMA 8 Underwriters Lab Klasse 1-Gruppen C &#038; amp; D -Explosion Proof &#8211; in Innenr\u00e4umen<\/strong><\/p>\n<p>Typ 8 ist dieselbe wie NEMA 7, mit der Ausnahme, das Ger\u00e4t im \u00d6lbad<\/p>\n<p><strong>NEMA 9 Underwriters &#8218;Lab Klasse II &#8211; Gruppen E, F, G &#8211; in Innenr\u00e4umen<\/strong><\/p>\n<p>Typ 9-Geh\u00e4use sind f\u00fcr spezielle Zwecke im Innenbereich an Orten als gef\u00e4hrlich eingestuft bestimmt (Klasse II, Gruppen E, F oder G, wie im National Electrical Code definiert). Typ 9-Geh\u00e4use sind in der Lage zu verhindern das Eindringen von Staub. Anbei w\u00e4rmeerzeugenden Ger\u00e4tes darf keine Au\u00dfenfl\u00e4chen auf Temperaturen z\u00fcndf\u00e4hig oder Verf\u00e4rbung Staub auf dem Geh\u00e4use oder Z\u00fcnden Staub-Luft-Gemische in der umgebenden Atmosph\u00e4re zu erreichen. Haltungsbereiche m\u00fcssen das Eindringen von Staub und Temperatur-Design-Tests, und die Alterung der Dichtungen erf\u00fcllen (falls verwendet).<\/p>\n<p><strong>NEMA 10 Bureau of Mines<\/strong><\/p>\n<p><strong>NEMA 11 Korrosionsbest\u00e4ndig &#038; amp; Tropfwassergesch\u00fctzt &#8211; \u00d6lbad &#8211; drinnen <\/strong><\/p>\n<p><strong>NEMA 12 Industriellen Einsatz &#8211; staubdicht &#038; amp; Tropfen Tight &#8211; in Innenr\u00e4umen<\/strong><\/p>\n<p>Typ 12-Geh\u00e4use sind f\u00fcr die industrielle Verwendung in Innenr\u00e4umen vor allem ein gewisses Ma\u00df an Schutz gegen Staub, fallenden Schmutz und tropf nicht korrosiven Fl\u00fcssigkeiten bieten soll.<\/p>\n<p><strong>NEMA 13 Oildicht &#038; amp; Staubdicht &#8211; in Innenr\u00e4umen<\/strong><\/p>\n<p>Typ 13-Geh\u00e4use sind f\u00fcr die industrielle Verwendung in Innenr\u00e4umen in erster Linie auf einen gewissen Schutz gegen Staub, Spr\u00fchen von Wasser, \u00d6l und nicht korrosive K\u00fchlmittel.<\/p>\n<p><strong>Vergleicht NEMA und IP-Ratings.\u00a0<\/strong><\/p>\n<p>Dieser Vergleich ist nur ungef\u00e4hr, und es ist die Verantwortung des Benutzers, um die Schutzklasse f\u00fcr die jeweilige Anwendung erforderlich zu \u00fcberpr\u00fcfen.<\/p>\n<p>&nbsp;<\/p>\n<table>\n<tbody>\n<tr>\n<td><strong>NEMA vs IP<\/strong><\/td>\n<td><strong>\u00a0IP23\u00a0<\/strong><\/td>\n<td><strong>\u00a0IP30\u00a0<\/strong><\/td>\n<td><strong>\u00a0IP32\u00a0<\/strong><\/td>\n<td><strong>\u00a0IP55\u00a0<\/strong><\/td>\n<td><strong>\u00a0IP64\u00a0<\/strong><\/td>\n<td><strong>\u00a0IP65\u00a0<\/strong><\/td>\n<td><strong>\u00a0IP66\u00a0<\/strong><\/td>\n<td><strong>\u00a0IP67<\/strong><\/td>\n<\/tr>\n<tr>\n<td>1<\/td>\n<td>\u00a0x<\/td>\n<td><\/td>\n<td><\/td>\n<td><\/td>\n<td><\/td>\n<td><\/td>\n<td><\/td>\n<td><\/td>\n<\/tr>\n<tr>\n<td>2<\/td>\n<td><\/td>\n<td>\u00a0x<\/td>\n<td><\/td>\n<td><\/td>\n<td><\/td>\n<td><\/td>\n<td><\/td>\n<td><\/td>\n<\/tr>\n<tr>\n<td>3<\/td>\n<td><\/td>\n<td><\/td>\n<td><\/td>\n<td><\/td>\n<td>\u00a0x<\/td>\n<td><\/td>\n<td><\/td>\n<td><\/td>\n<\/tr>\n<tr>\n<td>4<\/td>\n<td><\/td>\n<td><\/td>\n<td><\/td>\n<td><\/td>\n<td><\/td>\n<td><\/td>\n<td>\u00a0x<\/td>\n<td><\/td>\n<\/tr>\n<tr>\n<td>4X<\/td>\n<td><\/td>\n<td><\/td>\n<td><\/td>\n<td><\/td>\n<td><\/td>\n<td><\/td>\n<td>\u00a0x<\/td>\n<td><\/td>\n<\/tr>\n<tr>\n<td>6<\/td>\n<td><\/td>\n<td><\/td>\n<td><\/td>\n<td><\/td>\n<td><\/td>\n<td><\/td>\n<td><\/td>\n<td>\u00a0x<\/td>\n<\/tr>\n<tr>\n<td>12<\/td>\n<td><\/td>\n<td><\/td>\n<td><\/td>\n<td>\u00a0x<\/td>\n<td><\/td>\n<td>\u00a0x<\/td>\n<td><\/td>\n<td><\/td>\n<\/tr>\n<tr>\n<td>13<\/td>\n<td><\/td>\n<td><\/td>\n<td><\/td>\n<td><\/td>\n<td><\/td>\n<td>\u00a0x<\/td>\n<td><\/td>\n<td><\/td>\n<\/tr>\n<\/tbody>\n<\/table>\n<p>&nbsp;<\/p>\n<p><a href=\"\/?page_id=1310\" rel=\"attachment wp-att-1310\">\u00a0<\/a><\/p>\n<p>&nbsp;<\/p>\n<p>&nbsp;<\/p>\n","protected":false},"excerpt":{"rendered":"<p>\u00a0 Ip &#8211; ingress schutz &amp; NEMA [NATIONAL ELECTRICAL MANUFACTURERS ASSOCIATION \u2013 USA] Bewertung Der Schutz von Geh\u00e4usen gegen das Eindringen von Schmutz oder gegen das Eindringen von Wasser in IEC529 (1991 BSEN60529) definiert. Umgekehrt wird ein Geh\u00e4use, die Ausr\u00fcstung sch\u00fctzt gegen das Eindringen von Partikeln auch eine Person vor m\u00f6glichen Gefahren zu sch\u00fctzen in [&hellip;]<\/p>\n","protected":false},"author":2,"featured_media":0,"parent":0,"menu_order":0,"comment_status":"closed","ping_status":"closed","template":"","meta":{"_monsterinsights_skip_tracking":false,"_monsterinsights_sitenote_active":false,"_monsterinsights_sitenote_note":"","_monsterinsights_sitenote_category":0,"_genesis_hide_title":false,"_genesis_hide_breadcrumbs":false,"_genesis_hide_singular_image":false,"_genesis_hide_footer_widgets":false,"_genesis_custom_body_class":"","_genesis_custom_post_class":"","_genesis_layout":"","footnotes":""},"class_list":{"0":"post-1332","1":"page","2":"type-page","3":"status-publish","5":"entry","6":"has-post-thumbnail"},"yoast_head":"<!-- This site is optimized with the Yoast SEO plugin v26.8 - https:\/\/yoast.com\/product\/yoast-seo-wordpress\/ -->\n<title>Ingress Schutz IP \/ NEMA Bewertung - Atexxo Manufacturing<\/title>\n<meta name=\"robots\" content=\"index, follow, max-snippet:-1, max-image-preview:large, max-video-preview:-1\" \/>\n<link rel=\"canonical\" href=\"https:\/\/atexxo.nl\/de\/ingress-schutz-ip-nema-bewertung\/\" \/>\n<meta property=\"og:locale\" content=\"de_DE\" \/>\n<meta property=\"og:type\" content=\"article\" \/>\n<meta property=\"og:title\" content=\"Ingress Schutz IP \/ NEMA Bewertung - Atexxo Manufacturing\" \/>\n<meta property=\"og:description\" content=\"\u00a0 Ip &#8211; ingress schutz &amp; NEMA [NATIONAL ELECTRICAL MANUFACTURERS ASSOCIATION \u2013 USA] Bewertung Der Schutz von Geh\u00e4usen gegen das Eindringen von Schmutz oder gegen das Eindringen von Wasser in IEC529 (1991 BSEN60529) definiert. Umgekehrt wird ein Geh\u00e4use, die Ausr\u00fcstung sch\u00fctzt gegen das Eindringen von Partikeln auch eine Person vor m\u00f6glichen Gefahren zu sch\u00fctzen in [&hellip;]\" \/>\n<meta property=\"og:url\" content=\"https:\/\/atexxo.nl\/de\/ingress-schutz-ip-nema-bewertung\/\" \/>\n<meta property=\"og:site_name\" content=\"Atexxo Manufacturing\" \/>\n<meta property=\"article:modified_time\" content=\"2015-10-08T12:09:42+00:00\" \/>\n<meta property=\"og:image\" content=\"https:\/\/atexxo.nl\/wp-content\/uploads\/ip_proof_nema.jpg\" \/>\n<meta name=\"twitter:label1\" content=\"Gesch\u00e4tzte Lesezeit\" \/>\n\t<meta name=\"twitter:data1\" content=\"5\u00a0Minuten\" \/>\n<script type=\"application\/ld+json\" class=\"yoast-schema-graph\">{\"@context\":\"https:\/\/schema.org\",\"@graph\":[{\"@type\":\"WebPage\",\"@id\":\"https:\/\/atexxo.nl\/de\/ingress-schutz-ip-nema-bewertung\/\",\"url\":\"https:\/\/atexxo.nl\/de\/ingress-schutz-ip-nema-bewertung\/\",\"name\":\"Ingress Schutz IP \/ NEMA Bewertung - Atexxo Manufacturing\",\"isPartOf\":{\"@id\":\"https:\/\/atexxo.nl\/ru\/#website\"},\"primaryImageOfPage\":{\"@id\":\"https:\/\/atexxo.nl\/de\/ingress-schutz-ip-nema-bewertung\/#primaryimage\"},\"image\":{\"@id\":\"https:\/\/atexxo.nl\/de\/ingress-schutz-ip-nema-bewertung\/#primaryimage\"},\"thumbnailUrl\":\"https:\/\/atexxo.nl\/wp-content\/uploads\/ip_proof_nema.jpg\",\"datePublished\":\"2015-10-02T12:39:26+00:00\",\"dateModified\":\"2015-10-08T12:09:42+00:00\",\"breadcrumb\":{\"@id\":\"https:\/\/atexxo.nl\/de\/ingress-schutz-ip-nema-bewertung\/#breadcrumb\"},\"inLanguage\":\"de\",\"potentialAction\":[{\"@type\":\"ReadAction\",\"target\":[\"https:\/\/atexxo.nl\/de\/ingress-schutz-ip-nema-bewertung\/\"]}]},{\"@type\":\"ImageObject\",\"inLanguage\":\"de\",\"@id\":\"https:\/\/atexxo.nl\/de\/ingress-schutz-ip-nema-bewertung\/#primaryimage\",\"url\":\"https:\/\/atexxo.nl\/wp-content\/uploads\/ip_proof_nema.jpg\",\"contentUrl\":\"https:\/\/atexxo.nl\/wp-content\/uploads\/ip_proof_nema.jpg\"},{\"@type\":\"BreadcrumbList\",\"@id\":\"https:\/\/atexxo.nl\/de\/ingress-schutz-ip-nema-bewertung\/#breadcrumb\",\"itemListElement\":[{\"@type\":\"ListItem\",\"position\":1,\"name\":\"Startseite\",\"item\":\"https:\/\/atexxo.nl\/de\/\"},{\"@type\":\"ListItem\",\"position\":2,\"name\":\"Ingress Schutz IP \/ NEMA Bewertung\"}]},{\"@type\":\"WebSite\",\"@id\":\"https:\/\/atexxo.nl\/ru\/#website\",\"url\":\"https:\/\/atexxo.nl\/ru\/\",\"name\":\"Atexxo Manufacturing\",\"description\":\"Specialist in Atex and IECEx Solutions\",\"publisher\":{\"@id\":\"https:\/\/atexxo.nl\/ru\/#organization\"},\"potentialAction\":[{\"@type\":\"SearchAction\",\"target\":{\"@type\":\"EntryPoint\",\"urlTemplate\":\"https:\/\/atexxo.nl\/ru\/?s={search_term_string}\"},\"query-input\":{\"@type\":\"PropertyValueSpecification\",\"valueRequired\":true,\"valueName\":\"search_term_string\"}}],\"inLanguage\":\"de\"},{\"@type\":\"Organization\",\"@id\":\"https:\/\/atexxo.nl\/ru\/#organization\",\"name\":\"Atexxo Manufacturing\",\"url\":\"https:\/\/atexxo.nl\/ru\/\",\"logo\":{\"@type\":\"ImageObject\",\"inLanguage\":\"de\",\"@id\":\"https:\/\/atexxo.nl\/ru\/#\/schema\/logo\/image\/\",\"url\":\"https:\/\/atexxo.nl\/wp-content\/uploads\/2015\/04\/logo_atexxo.jpg\",\"contentUrl\":\"https:\/\/atexxo.nl\/wp-content\/uploads\/2015\/04\/logo_atexxo.jpg\",\"width\":1533,\"height\":733,\"caption\":\"Atexxo Manufacturing\"},\"image\":{\"@id\":\"https:\/\/atexxo.nl\/ru\/#\/schema\/logo\/image\/\"}}]}<\/script>\n<!-- \/ Yoast SEO plugin. -->","yoast_head_json":{"title":"Ingress Schutz IP \/ NEMA Bewertung - Atexxo Manufacturing","robots":{"index":"index","follow":"follow","max-snippet":"max-snippet:-1","max-image-preview":"max-image-preview:large","max-video-preview":"max-video-preview:-1"},"canonical":"https:\/\/atexxo.nl\/de\/ingress-schutz-ip-nema-bewertung\/","og_locale":"de_DE","og_type":"article","og_title":"Ingress Schutz IP \/ NEMA Bewertung - Atexxo Manufacturing","og_description":"\u00a0 Ip &#8211; ingress schutz &amp; NEMA [NATIONAL ELECTRICAL MANUFACTURERS ASSOCIATION \u2013 USA] Bewertung Der Schutz von Geh\u00e4usen gegen das Eindringen von Schmutz oder gegen das Eindringen von Wasser in IEC529 (1991 BSEN60529) definiert. Umgekehrt wird ein Geh\u00e4use, die Ausr\u00fcstung sch\u00fctzt gegen das Eindringen von Partikeln auch eine Person vor m\u00f6glichen Gefahren zu sch\u00fctzen in [&hellip;]","og_url":"https:\/\/atexxo.nl\/de\/ingress-schutz-ip-nema-bewertung\/","og_site_name":"Atexxo Manufacturing","article_modified_time":"2015-10-08T12:09:42+00:00","og_image":[{"url":"https:\/\/atexxo.nl\/wp-content\/uploads\/ip_proof_nema.jpg","type":"","width":"","height":""}],"twitter_misc":{"Gesch\u00e4tzte Lesezeit":"5\u00a0Minuten"},"schema":{"@context":"https:\/\/schema.org","@graph":[{"@type":"WebPage","@id":"https:\/\/atexxo.nl\/de\/ingress-schutz-ip-nema-bewertung\/","url":"https:\/\/atexxo.nl\/de\/ingress-schutz-ip-nema-bewertung\/","name":"Ingress Schutz IP \/ NEMA Bewertung - Atexxo Manufacturing","isPartOf":{"@id":"https:\/\/atexxo.nl\/ru\/#website"},"primaryImageOfPage":{"@id":"https:\/\/atexxo.nl\/de\/ingress-schutz-ip-nema-bewertung\/#primaryimage"},"image":{"@id":"https:\/\/atexxo.nl\/de\/ingress-schutz-ip-nema-bewertung\/#primaryimage"},"thumbnailUrl":"https:\/\/atexxo.nl\/wp-content\/uploads\/ip_proof_nema.jpg","datePublished":"2015-10-02T12:39:26+00:00","dateModified":"2015-10-08T12:09:42+00:00","breadcrumb":{"@id":"https:\/\/atexxo.nl\/de\/ingress-schutz-ip-nema-bewertung\/#breadcrumb"},"inLanguage":"de","potentialAction":[{"@type":"ReadAction","target":["https:\/\/atexxo.nl\/de\/ingress-schutz-ip-nema-bewertung\/"]}]},{"@type":"ImageObject","inLanguage":"de","@id":"https:\/\/atexxo.nl\/de\/ingress-schutz-ip-nema-bewertung\/#primaryimage","url":"https:\/\/atexxo.nl\/wp-content\/uploads\/ip_proof_nema.jpg","contentUrl":"https:\/\/atexxo.nl\/wp-content\/uploads\/ip_proof_nema.jpg"},{"@type":"BreadcrumbList","@id":"https:\/\/atexxo.nl\/de\/ingress-schutz-ip-nema-bewertung\/#breadcrumb","itemListElement":[{"@type":"ListItem","position":1,"name":"Startseite","item":"https:\/\/atexxo.nl\/de\/"},{"@type":"ListItem","position":2,"name":"Ingress Schutz IP \/ NEMA Bewertung"}]},{"@type":"WebSite","@id":"https:\/\/atexxo.nl\/ru\/#website","url":"https:\/\/atexxo.nl\/ru\/","name":"Atexxo Manufacturing","description":"Specialist in Atex and IECEx Solutions","publisher":{"@id":"https:\/\/atexxo.nl\/ru\/#organization"},"potentialAction":[{"@type":"SearchAction","target":{"@type":"EntryPoint","urlTemplate":"https:\/\/atexxo.nl\/ru\/?s={search_term_string}"},"query-input":{"@type":"PropertyValueSpecification","valueRequired":true,"valueName":"search_term_string"}}],"inLanguage":"de"},{"@type":"Organization","@id":"https:\/\/atexxo.nl\/ru\/#organization","name":"Atexxo Manufacturing","url":"https:\/\/atexxo.nl\/ru\/","logo":{"@type":"ImageObject","inLanguage":"de","@id":"https:\/\/atexxo.nl\/ru\/#\/schema\/logo\/image\/","url":"https:\/\/atexxo.nl\/wp-content\/uploads\/2015\/04\/logo_atexxo.jpg","contentUrl":"https:\/\/atexxo.nl\/wp-content\/uploads\/2015\/04\/logo_atexxo.jpg","width":1533,"height":733,"caption":"Atexxo Manufacturing"},"image":{"@id":"https:\/\/atexxo.nl\/ru\/#\/schema\/logo\/image\/"}}]}},"rttpg_featured_image_url":null,"rttpg_author":{"display_name":"Daan van Tienhoven","author_link":"https:\/\/atexxo.nl\/de\/author\/daan\/"},"rttpg_comment":0,"rttpg_category":false,"rttpg_excerpt":"\u00a0 Ip &#8211; ingress schutz &amp; NEMA [NATIONAL ELECTRICAL MANUFACTURERS ASSOCIATION \u2013 USA] Bewertung Der Schutz von Geh\u00e4usen gegen das Eindringen von Schmutz oder gegen das Eindringen von Wasser in IEC529 (1991 BSEN60529) definiert. Umgekehrt wird ein Geh\u00e4use, die Ausr\u00fcstung sch\u00fctzt gegen das Eindringen von Partikeln auch eine Person vor m\u00f6glichen Gefahren zu sch\u00fctzen in&hellip;","_links":{"self":[{"href":"https:\/\/atexxo.nl\/de\/wp-json\/wp\/v2\/pages\/1332","targetHints":{"allow":["GET"]}}],"collection":[{"href":"https:\/\/atexxo.nl\/de\/wp-json\/wp\/v2\/pages"}],"about":[{"href":"https:\/\/atexxo.nl\/de\/wp-json\/wp\/v2\/types\/page"}],"author":[{"embeddable":true,"href":"https:\/\/atexxo.nl\/de\/wp-json\/wp\/v2\/users\/2"}],"replies":[{"embeddable":true,"href":"https:\/\/atexxo.nl\/de\/wp-json\/wp\/v2\/comments?post=1332"}],"version-history":[{"count":0,"href":"https:\/\/atexxo.nl\/de\/wp-json\/wp\/v2\/pages\/1332\/revisions"}],"wp:attachment":[{"href":"https:\/\/atexxo.nl\/de\/wp-json\/wp\/v2\/media?parent=1332"}],"curies":[{"name":"wp","href":"https:\/\/api.w.org\/{rel}","templated":true}]}}