{"id":1323,"date":"2015-10-02T13:17:46","date_gmt":"2015-10-02T12:17:46","guid":{"rendered":"https:\/\/atexxo.nl\/ip-proofing-tropicalisation-2\/"},"modified":"2015-10-08T13:17:04","modified_gmt":"2015-10-08T12:17:04","slug":"ip-proofing-tropen","status":"publish","type":"page","link":"https:\/\/atexxo.nl\/de\/ip-proofing-tropen\/","title":{"rendered":"IP-Proofing \/ Tropen"},"content":{"rendered":"<p><strong>IP-proofing and Tropen f\u00fcr Klimaanlagen, Motoren und andere Ger\u00e4te<\/strong><\/p>\n<p>Die meisten Standard-Outdoor-Ausr\u00fcstung ist IPx4 Beweis<\/p>\n<p>Es gibt viele Bedingungen, f\u00fcr die diese IP-Bewertung \/ NEMA Rating ist einfach nicht genug.<br \/>\nDaher Atexxo Fertigung bietet Upgrade der Schutzart f\u00fcr Fl\u00fcssigkeiten und \/ oder Staub<\/p>\n<p>IP 54 IP 55 IP 56 IP 65 IP 66<\/p>\n<h4>Staubigen Umgebungen<\/h4>\n<p>Staub vor allem elektrische leitf\u00e4higen Staub k\u00f6nnen Kurzschl\u00fcsse in elektronischen Ger\u00e4ten verursachen.<br \/>\nDaher Ma\u00dfnahmen ergriffen werden, um sicherzustellen, dass Staub nicht in der Lage, alle nackten Lebens Teile der Ausr\u00fcstung durchdringen.<br \/>\nExplosionsgesch\u00fctzt Staubexplosionsgefahren ATEX Zone 22.<\/p>\n<p><strong>Staubigen Umgebungen<\/strong><\/p>\n<ul>\n<li>Lebensmittelindustrie<br \/>\nPapierindustrie<br \/>\nKohlebergbau<br \/>\nMilit\u00e4r<\/li>\n<\/ul>\n<h4>Nasse \/\u00a0 moisty Umgebungen<\/h4>\n<ul>\n<li>Offshore-Anwendungen<\/li>\n<li>Schiffe \/ Schiffe<\/li>\n<li>Tropical Umgebungen mit hoher relativer Luftfeuchtigkeit<\/li>\n<\/ul>\n<p>Neben Tropen und IP-Proofing f\u00fcr Klimaanlagen, bietet Atexxo Fertigungs diesen Service auch f\u00fcr Motoren, Elektronik und anderen Ger\u00e4ten. Bitte kontaktieren Sie uns, um die M\u00f6glichkeiten zu besprechen<\/p>\n<p><a href=\"https:\/\/atexxo.nl\/de\/ingress-protection-ip-nema-rating\/\"><br \/>\nWeitere Informationen zu IP-Rating und NEMA hier klicken<\/a><\/p>\n","protected":false},"excerpt":{"rendered":"<p>IP-proofing and Tropen f\u00fcr Klimaanlagen, Motoren und andere Ger\u00e4te Die meisten Standard-Outdoor-Ausr\u00fcstung ist IPx4 Beweis Es gibt viele Bedingungen, f\u00fcr die diese IP-Bewertung \/ NEMA Rating ist einfach nicht genug. Daher Atexxo Fertigung bietet Upgrade der Schutzart f\u00fcr Fl\u00fcssigkeiten und \/ oder Staub IP 54 IP 55 IP 56 IP 65 IP 66 Staubigen Umgebungen [&hellip;]<\/p>\n","protected":false},"author":2,"featured_media":0,"parent":0,"menu_order":0,"comment_status":"closed","ping_status":"closed","template":"","meta":{"_monsterinsights_skip_tracking":false,"_monsterinsights_sitenote_active":false,"_monsterinsights_sitenote_note":"","_monsterinsights_sitenote_category":0,"_genesis_hide_title":false,"_genesis_hide_breadcrumbs":false,"_genesis_hide_singular_image":false,"_genesis_hide_footer_widgets":false,"_genesis_custom_body_class":"","_genesis_custom_post_class":"","_genesis_layout":"","footnotes":""},"class_list":{"0":"post-1323","1":"page","2":"type-page","3":"status-publish","5":"entry","6":"has-post-thumbnail"},"yoast_head":"<!-- This site is optimized with the Yoast SEO plugin v26.8 - https:\/\/yoast.com\/product\/yoast-seo-wordpress\/ -->\n<title>IP-Proofing \/ Tropen - Atexxo Manufacturing<\/title>\n<meta name=\"description\" content=\"Atexxo Manufacturiing provides upgrate of ip-rating and tropicalisation of motors and other electronic equipment. IP54 IP55 IP56 IP65 ip66\" \/>\n<meta name=\"robots\" content=\"index, follow, max-snippet:-1, max-image-preview:large, max-video-preview:-1\" \/>\n<link rel=\"canonical\" href=\"https:\/\/atexxo.nl\/de\/ip-proofing-tropen\/\" \/>\n<meta property=\"og:locale\" content=\"de_DE\" \/>\n<meta property=\"og:type\" content=\"article\" \/>\n<meta property=\"og:title\" content=\"IP-Proofing \/ Tropen - Atexxo Manufacturing\" \/>\n<meta property=\"og:description\" content=\"Atexxo Manufacturiing provides upgrate of ip-rating and tropicalisation of motors and other electronic equipment. IP54 IP55 IP56 IP65 ip66\" \/>\n<meta property=\"og:url\" content=\"https:\/\/atexxo.nl\/de\/ip-proofing-tropen\/\" \/>\n<meta property=\"og:site_name\" content=\"Atexxo Manufacturing\" \/>\n<meta property=\"article:modified_time\" content=\"2015-10-08T12:17:04+00:00\" \/>\n<meta name=\"twitter:label1\" content=\"Gesch\u00e4tzte Lesezeit\" \/>\n\t<meta name=\"twitter:data1\" content=\"1\u00a0Minute\" \/>\n<script type=\"application\/ld+json\" class=\"yoast-schema-graph\">{\"@context\":\"https:\/\/schema.org\",\"@graph\":[{\"@type\":\"WebPage\",\"@id\":\"https:\/\/atexxo.nl\/de\/ip-proofing-tropen\/\",\"url\":\"https:\/\/atexxo.nl\/de\/ip-proofing-tropen\/\",\"name\":\"IP-Proofing \/ Tropen - Atexxo Manufacturing\",\"isPartOf\":{\"@id\":\"https:\/\/atexxo.nl\/ru\/#website\"},\"datePublished\":\"2015-10-02T12:17:46+00:00\",\"dateModified\":\"2015-10-08T12:17:04+00:00\",\"description\":\"Atexxo Manufacturiing provides upgrate of ip-rating and tropicalisation of motors and other electronic equipment. IP54 IP55 IP56 IP65 ip66\",\"breadcrumb\":{\"@id\":\"https:\/\/atexxo.nl\/de\/ip-proofing-tropen\/#breadcrumb\"},\"inLanguage\":\"de\",\"potentialAction\":[{\"@type\":\"ReadAction\",\"target\":[\"https:\/\/atexxo.nl\/de\/ip-proofing-tropen\/\"]}]},{\"@type\":\"BreadcrumbList\",\"@id\":\"https:\/\/atexxo.nl\/de\/ip-proofing-tropen\/#breadcrumb\",\"itemListElement\":[{\"@type\":\"ListItem\",\"position\":1,\"name\":\"Startseite\",\"item\":\"https:\/\/atexxo.nl\/de\/\"},{\"@type\":\"ListItem\",\"position\":2,\"name\":\"IP-Proofing \/ Tropen\"}]},{\"@type\":\"WebSite\",\"@id\":\"https:\/\/atexxo.nl\/ru\/#website\",\"url\":\"https:\/\/atexxo.nl\/ru\/\",\"name\":\"Atexxo Manufacturing\",\"description\":\"Specialist in Atex and IECEx Solutions\",\"publisher\":{\"@id\":\"https:\/\/atexxo.nl\/ru\/#organization\"},\"potentialAction\":[{\"@type\":\"SearchAction\",\"target\":{\"@type\":\"EntryPoint\",\"urlTemplate\":\"https:\/\/atexxo.nl\/ru\/?s={search_term_string}\"},\"query-input\":{\"@type\":\"PropertyValueSpecification\",\"valueRequired\":true,\"valueName\":\"search_term_string\"}}],\"inLanguage\":\"de\"},{\"@type\":\"Organization\",\"@id\":\"https:\/\/atexxo.nl\/ru\/#organization\",\"name\":\"Atexxo Manufacturing\",\"url\":\"https:\/\/atexxo.nl\/ru\/\",\"logo\":{\"@type\":\"ImageObject\",\"inLanguage\":\"de\",\"@id\":\"https:\/\/atexxo.nl\/ru\/#\/schema\/logo\/image\/\",\"url\":\"https:\/\/atexxo.nl\/wp-content\/uploads\/2015\/04\/logo_atexxo.jpg\",\"contentUrl\":\"https:\/\/atexxo.nl\/wp-content\/uploads\/2015\/04\/logo_atexxo.jpg\",\"width\":1533,\"height\":733,\"caption\":\"Atexxo Manufacturing\"},\"image\":{\"@id\":\"https:\/\/atexxo.nl\/ru\/#\/schema\/logo\/image\/\"}}]}<\/script>\n<!-- \/ Yoast SEO plugin. -->","yoast_head_json":{"title":"IP-Proofing \/ Tropen - Atexxo Manufacturing","description":"Atexxo Manufacturiing provides upgrate of ip-rating and tropicalisation of motors and other electronic equipment. IP54 IP55 IP56 IP65 ip66","robots":{"index":"index","follow":"follow","max-snippet":"max-snippet:-1","max-image-preview":"max-image-preview:large","max-video-preview":"max-video-preview:-1"},"canonical":"https:\/\/atexxo.nl\/de\/ip-proofing-tropen\/","og_locale":"de_DE","og_type":"article","og_title":"IP-Proofing \/ Tropen - Atexxo Manufacturing","og_description":"Atexxo Manufacturiing provides upgrate of ip-rating and tropicalisation of motors and other electronic equipment. IP54 IP55 IP56 IP65 ip66","og_url":"https:\/\/atexxo.nl\/de\/ip-proofing-tropen\/","og_site_name":"Atexxo Manufacturing","article_modified_time":"2015-10-08T12:17:04+00:00","twitter_misc":{"Gesch\u00e4tzte Lesezeit":"1\u00a0Minute"},"schema":{"@context":"https:\/\/schema.org","@graph":[{"@type":"WebPage","@id":"https:\/\/atexxo.nl\/de\/ip-proofing-tropen\/","url":"https:\/\/atexxo.nl\/de\/ip-proofing-tropen\/","name":"IP-Proofing \/ Tropen - Atexxo Manufacturing","isPartOf":{"@id":"https:\/\/atexxo.nl\/ru\/#website"},"datePublished":"2015-10-02T12:17:46+00:00","dateModified":"2015-10-08T12:17:04+00:00","description":"Atexxo Manufacturiing provides upgrate of ip-rating and tropicalisation of motors and other electronic equipment. IP54 IP55 IP56 IP65 ip66","breadcrumb":{"@id":"https:\/\/atexxo.nl\/de\/ip-proofing-tropen\/#breadcrumb"},"inLanguage":"de","potentialAction":[{"@type":"ReadAction","target":["https:\/\/atexxo.nl\/de\/ip-proofing-tropen\/"]}]},{"@type":"BreadcrumbList","@id":"https:\/\/atexxo.nl\/de\/ip-proofing-tropen\/#breadcrumb","itemListElement":[{"@type":"ListItem","position":1,"name":"Startseite","item":"https:\/\/atexxo.nl\/de\/"},{"@type":"ListItem","position":2,"name":"IP-Proofing \/ Tropen"}]},{"@type":"WebSite","@id":"https:\/\/atexxo.nl\/ru\/#website","url":"https:\/\/atexxo.nl\/ru\/","name":"Atexxo Manufacturing","description":"Specialist in Atex and IECEx Solutions","publisher":{"@id":"https:\/\/atexxo.nl\/ru\/#organization"},"potentialAction":[{"@type":"SearchAction","target":{"@type":"EntryPoint","urlTemplate":"https:\/\/atexxo.nl\/ru\/?s={search_term_string}"},"query-input":{"@type":"PropertyValueSpecification","valueRequired":true,"valueName":"search_term_string"}}],"inLanguage":"de"},{"@type":"Organization","@id":"https:\/\/atexxo.nl\/ru\/#organization","name":"Atexxo Manufacturing","url":"https:\/\/atexxo.nl\/ru\/","logo":{"@type":"ImageObject","inLanguage":"de","@id":"https:\/\/atexxo.nl\/ru\/#\/schema\/logo\/image\/","url":"https:\/\/atexxo.nl\/wp-content\/uploads\/2015\/04\/logo_atexxo.jpg","contentUrl":"https:\/\/atexxo.nl\/wp-content\/uploads\/2015\/04\/logo_atexxo.jpg","width":1533,"height":733,"caption":"Atexxo Manufacturing"},"image":{"@id":"https:\/\/atexxo.nl\/ru\/#\/schema\/logo\/image\/"}}]}},"rttpg_featured_image_url":null,"rttpg_author":{"display_name":"Daan van Tienhoven","author_link":"https:\/\/atexxo.nl\/de\/author\/daan\/"},"rttpg_comment":0,"rttpg_category":false,"rttpg_excerpt":"IP-proofing and Tropen f\u00fcr Klimaanlagen, Motoren und andere Ger\u00e4te Die meisten Standard-Outdoor-Ausr\u00fcstung ist IPx4 Beweis Es gibt viele Bedingungen, f\u00fcr die diese IP-Bewertung \/ NEMA Rating ist einfach nicht genug. Daher Atexxo Fertigung bietet Upgrade der Schutzart f\u00fcr Fl\u00fcssigkeiten und \/ oder Staub IP 54 IP 55 IP 56 IP 65 IP 66 Staubigen Umgebungen&hellip;","_links":{"self":[{"href":"https:\/\/atexxo.nl\/de\/wp-json\/wp\/v2\/pages\/1323","targetHints":{"allow":["GET"]}}],"collection":[{"href":"https:\/\/atexxo.nl\/de\/wp-json\/wp\/v2\/pages"}],"about":[{"href":"https:\/\/atexxo.nl\/de\/wp-json\/wp\/v2\/types\/page"}],"author":[{"embeddable":true,"href":"https:\/\/atexxo.nl\/de\/wp-json\/wp\/v2\/users\/2"}],"replies":[{"embeddable":true,"href":"https:\/\/atexxo.nl\/de\/wp-json\/wp\/v2\/comments?post=1323"}],"version-history":[{"count":0,"href":"https:\/\/atexxo.nl\/de\/wp-json\/wp\/v2\/pages\/1323\/revisions"}],"wp:attachment":[{"href":"https:\/\/atexxo.nl\/de\/wp-json\/wp\/v2\/media?parent=1323"}],"curies":[{"name":"wp","href":"https:\/\/api.w.org\/{rel}","templated":true}]}}