{"id":1227,"date":"2015-09-15T14:06:19","date_gmt":"2015-09-15T13:06:19","guid":{"rendered":"https:\/\/atexxo.nl\/?page_id=1227"},"modified":"2015-11-10T14:22:50","modified_gmt":"2015-11-10T13:22:50","slug":"atex-ac-split-systeme","status":"publish","type":"page","link":"https:\/\/atexxo.nl\/de\/produkte\/atex-ac-split-systeme\/","title":{"rendered":"ATEX Klimager\u00e4te"},"content":{"rendered":"<p><a href=\"https:\/\/atexxo.nl\/wp-content\/uploads\/2015\/03\/IMG_9607.jpg\"><img loading=\"lazy\" decoding=\"async\" class=\" size-medium wp-image-54 alignright\" src=\"https:\/\/atexxo.nl\/wp-content\/uploads\/2015\/03\/IMG_9607-300x297.jpg\" alt=\"IMG_9607\" width=\"300\" height=\"297\" srcset=\"https:\/\/atexxo.nl\/wp-content\/uploads\/2015\/03\/IMG_9607-300x297.jpg 300w, https:\/\/atexxo.nl\/wp-content\/uploads\/2015\/03\/IMG_9607-150x150.jpg 150w, https:\/\/atexxo.nl\/wp-content\/uploads\/2015\/03\/IMG_9607.jpg 436w\" sizes=\"auto, (max-width: 300px) 100vw, 300px\" \/><\/a>Atexxo Manufacturing BV baute die Daikin zu einer explosionssicheren ATEX Split-Klimaanlage, f\u00fcr die Verwendung in einem als Zone 2 klassifiziertem Gebiet, um. Die Units sind mit einer integrierten W\u00e4rmepumpe, mit sowohl Heiz- als auch K\u00fchlfunktion, ausgestattet. The ATEX Klimaanlagen und Split-Units sind mit dem in Europa zugelassenem R-410A K\u00fchlmittel ausgestattet.<\/p>\n<p>Der Umbau zu einem ATEX explosionssicheren Unit ist konform mit Atexxos Philosophie, die da lautet: kompletter Explosionsschutz mit so vielen Eigenschaften des Originalproduktes als m\u00f6glich.<br \/>\nAus diesem Grund ist die Installation und Bedienung der ATEX Klimaanlagen so einfach.<\/p>\n<p>Das Set beinhaltet ein f\u00fcr den Au\u00dfen- und Innenbereich genehmigtes ATEX Fernsteuerungsger\u00e4t. Erh\u00e4ltlich sind Modelle mit einer Heiz- und K\u00fchlleistung von 2,5 kW bis 20 kW (8500 BTU\/hr bis 68000 BTU\/hr)<\/p>\n<p>Atexxo Manfacturing BV stellt seine explosionssichereren umgebauten Units auf Anfrage anderen f\u00fchrenden europ\u00e4ischen HVAC Produkten und Marken, wie beispielsweise Carrier, Mitsubishi und Toshiba zur Verf\u00fcgung.<\/p>\n<table>\n<tbody>\n<tr>\n<td width=\"187\">Explosionssicherheit<\/td>\n<td width=\"236\">II 3G ; Ex ic nAC IIB T3 Gc<\/td>\n<\/tr>\n<\/tbody>\n<\/table>\n<p>Kosteneffiziente ATEX Zone 2 , Split-Units.<br \/>\n[bscolumns class=&#8220;one_half&#8220;]<\/p>\n<h3>Merkmale:<\/h3>\n<ul>\n<li>Ger\u00e4uscharmes Unit (dB)<\/li>\n<li>W\u00e4rmepumpe mit Heiz- und K\u00fchlfunktion<\/li>\n<li>Schnelle Lieferung<\/li>\n<li>Einfache Installation und Bedienung<\/li>\n<li>ATEX\u00a0 Zone 2<\/li>\n<li>IP und bei Sto\u00dfwirkungen getestet<\/li>\n<\/ul>\n<p>[\/bscolumns]<br \/>\n[bscolumns class=&#8220;one_half_last_clear&#8220;]<\/p>\n<h3>Anwendungsbereich:<\/h3>\n<ul>\n<li>Gastanker<\/li>\n<li>Chemiefabriken<\/li>\n<li>Offshore Bohrinseln<\/li>\n<li>Industrie<\/li>\n<li>Raue Umgebungen<\/li>\n<\/ul>\n<p>[\/bscolumns]<\/p>\n<div id=\"attachment_370\" style=\"width: 310px\" class=\"wp-caption alignright\"><a href=\"https:\/\/atexxo.nl\/wp-content\/uploads\/2015\/03\/ATEX-EX-indoorunit-airco.jpg\"><img loading=\"lazy\" decoding=\"async\" aria-describedby=\"caption-attachment-370\" class=\"wp-image-370 size-medium\" src=\"https:\/\/atexxo.nl\/wp-content\/uploads\/2015\/03\/ATEX-EX-indoorunit-airco-300x272.jpg\" alt=\"ATEX-EX-indoorunit-airco\" width=\"300\" height=\"272\" srcset=\"https:\/\/atexxo.nl\/wp-content\/uploads\/2015\/03\/ATEX-EX-indoorunit-airco-300x272.jpg 300w, https:\/\/atexxo.nl\/wp-content\/uploads\/2015\/03\/ATEX-EX-indoorunit-airco.jpg 760w\" sizes=\"auto, (max-width: 300px) 100vw, 300px\" \/><\/a><p id=\"caption-attachment-370\" class=\"wp-caption-text\">Bild 1<\/p><\/div>\n<h2>Sicherer Betrieb in ATEX Zone 2 Gebieten<\/h2>\n<p>Die Verwendung mehrerer Explosionsschutzma\u00dfnamen sorgt f\u00fcr einen sicheren Betrieb in explosionsgef\u00e4hrdeten Bereichen. Der Umbau zu einem ATEX explosionssicheren Unit ist konform mit Atexxos Philosophie, die da lautet: kompletter Explosionsschutz mit so vielen Eigenschaften des Originalproduktes als m\u00f6glich.<br \/>\nAus diesem Grund ist die Installation und Bedienung der ATEX Klimaanlagen so einfach.<\/p>\n<h2>Intergraded Anti-Sprengstoff Schutzma\u00dfnahmen<\/h2>\n<p>Die Abbildung (Bild 1 Getesteter L\u00fcfter \/ Modifizierter Non-Sparking-Motor: Austausch funkenbildender Teile, ATEX PCB Oberfl\u00e4chenschutz Typ 6800, Eigensichere Motorsteuerungen) zeigt einige der Explosionsschutzma\u00dfnahmen, die in ein Atexxo Indoor Unit Integriert wurden. Alle Anpassungen wurden gem\u00e4\u00df den Sicherheitsstandards durchgef\u00fchrt, ausf\u00fchrlich dokumentiert und getestet. Wir liefern Standard-Units der Marke Daikin. Andere Marken k\u00f6nnen auf Anfrage geliefert werden.<\/p>\n<h3>Technische Daten<\/h3>\n<table>\n<tbody>\n<tr>\n<td><strong>Betriebsspannung<\/strong>:<\/td>\n<td>220-240 Volt<\/td>\n<\/tr>\n<tr>\n<td><strong>Frequenz<\/strong> :<\/td>\n<td>50 Hz (60Hz auf Anfrage)<\/td>\n<\/tr>\n<tr>\n<td><strong>Modell Split-Unit \u00a0:<br \/>\n<\/strong><\/td>\n<td>Wand (Decke auf Anfrage)<\/td>\n<\/tr>\n<tr>\n<td><strong>K\u00e4ltemittel<\/strong>:<\/td>\n<td>R-410A<\/td>\n<\/tr>\n<tr>\n<td><strong>Atex<\/strong>:<\/td>\n<td>Zone 2, II 3G; ic nAC IIB T3 Gc<\/td>\n<\/tr>\n<\/tbody>\n<\/table>\n<h2><strong>Tabelle mit Bestellnummern: <\/strong><\/h2>\n<h3><strong>ATEX Split-Systeme<br \/>\n<\/strong><\/h3>\n<table>\n<thead>\n<tr>\n<td style=\"width: 150px;\"><\/td>\n<td><\/td>\n<td><\/td>\n<td><\/td>\n<td style=\"text-align: center;\"><\/td>\n<td style=\"text-align: center;\" colspan=\"2\">Ma\u00dfe Indoor Unit<\/td>\n<td style=\"text-align: center;\" colspan=\"2\">Ma\u00dfe Outdoor Unit<\/td>\n<\/tr>\n<tr style=\"background-color: #cecece;\">\n<td style=\"text-align: center;\">\n<h4><strong><span class=\"hps\">Bestellnummer<\/span><\/strong><\/h4>\n<\/td>\n<td style=\"text-align: center;\">\n<h4><strong>Atex Zone<\/strong><\/h4>\n<\/td>\n<td style=\"text-align: center;\">\n<h4><strong>K\u00fchlleistung (kW)<\/strong><\/h4>\n<\/td>\n<td style=\"text-align: center;\">\n<h4><strong>Heizleistung (kW)<\/strong><\/h4>\n<\/td>\n<td style=\"text-align: center;\">\n<h4><strong>SCOP Ratio<br \/>\n<\/strong><\/h4>\n<\/td>\n<td style=\"text-align: center;\">\n<h4><strong>HxBxT (mm)<\/strong><\/h4>\n<\/td>\n<td style=\"text-align: center;\">\n<h4><strong>Gewicht (kg)<\/strong><\/h4>\n<\/td>\n<td style=\"text-align: center;\">\n<h4><strong>HxBxT (mm)<\/strong><\/h4>\n<\/td>\n<td style=\"text-align: center;\">\n<h4><strong>Gewicht (kg)<\/strong><\/h4>\n<\/td>\n<\/tr>\n<\/thead>\n<tbody>\n<tr>\n<td><strong>AIR-EX-DFTX-20<\/strong><\/td>\n<td style=\"text-align: right;\"><strong>Zone 2<\/strong><\/td>\n<td style=\"text-align: right;\">2.0<\/td>\n<td style=\"text-align: right;\">2.7<\/td>\n<td style=\"text-align: right;\">4.8<\/td>\n<td style=\"text-align: right;\">295x780x215<\/td>\n<td style=\"text-align: right;\">8<\/td>\n<td style=\"text-align: right;\">550x765x285<\/td>\n<td style=\"text-align: right;\">34<\/td>\n<\/tr>\n<tr>\n<td><strong>AIR-EX-DFTX-25<\/strong><\/td>\n<td style=\"text-align: right;\"><strong>Zone 2<\/strong><\/td>\n<td style=\"text-align: right;\">2.5<\/td>\n<td style=\"text-align: right;\">3.3<\/td>\n<td style=\"text-align: right;\">4.8<\/td>\n<td style=\"text-align: right;\">295x780x215<\/td>\n<td style=\"text-align: right;\">8<\/td>\n<td style=\"text-align: right;\">550x765x285<\/td>\n<td style=\"text-align: right;\">34<\/td>\n<\/tr>\n<tr>\n<td><strong>AIR-EX-DFTX-35<\/strong><\/td>\n<td style=\"text-align: right;\"><strong>Zone 2<\/strong><\/td>\n<td style=\"text-align: right;\">3.5<\/td>\n<td style=\"text-align: right;\">4.0<\/td>\n<td style=\"text-align: right;\">4.9<\/td>\n<td style=\"text-align: right;\">298x900x215<\/td>\n<td style=\"text-align: right;\">11<\/td>\n<td style=\"text-align: right;\">550x765x285<\/td>\n<td style=\"text-align: right;\">34<\/td>\n<\/tr>\n<tr>\n<td><strong>AIR-EX-DFTX-42<\/strong><\/td>\n<td style=\"text-align: right;\"><strong>Zone 2<\/strong><\/td>\n<td style=\"text-align: right;\">4.2<\/td>\n<td style=\"text-align: right;\">5.4<\/td>\n<td style=\"text-align: right;\">4.2<\/td>\n<td style=\"text-align: right;\">298x900x215<\/td>\n<td style=\"text-align: right;\">11<\/td>\n<td style=\"text-align: right;\">550x765x285<\/td>\n<td style=\"text-align: right;\">39<\/td>\n<\/tr>\n<tr>\n<td><strong>AIR-EX-DFTX-50<\/strong><\/td>\n<td style=\"text-align: right;\"><strong>Zone 2<\/strong><\/td>\n<td style=\"text-align: right;\">5.0<\/td>\n<td style=\"text-align: right;\">5.8<\/td>\n<td style=\"text-align: right;\">4.2<\/td>\n<td style=\"text-align: right;\">298x900x215<\/td>\n<td style=\"text-align: right;\">11<\/td>\n<td style=\"text-align: right;\">735x825x300<\/td>\n<td style=\"text-align: right;\">47<\/td>\n<\/tr>\n<tr>\n<td><strong>\u00a0AIR-EX-DFTX-60<\/strong><\/td>\n<td style=\"text-align: right;\"><strong>Zone 2<\/strong><\/td>\n<td style=\"text-align: right;\">6.0<\/td>\n<td style=\"text-align: right;\">7.0<\/td>\n<td style=\"text-align: right;\">3.9<\/td>\n<td style=\"text-align: right;\">290x1050x250<\/td>\n<td style=\"text-align: right;\">12<\/td>\n<td style=\"text-align: right;\">735x825x300<\/td>\n<td style=\"text-align: right;\">48<\/td>\n<\/tr>\n<tr>\n<td><strong>\u00a0AIR-EX-DFTX-71<\/strong><\/td>\n<td style=\"text-align: right;\"><strong>Zone 2<\/strong><\/td>\n<td style=\"text-align: right;\">7.1<\/td>\n<td style=\"text-align: right;\">8.2<\/td>\n<td style=\"text-align: right;\">3.9<\/td>\n<td style=\"text-align: right;\">290x1050x250<\/td>\n<td style=\"text-align: right;\">12<\/td>\n<td style=\"text-align: right;\">770x900x320<\/td>\n<td style=\"text-align: right;\">71<\/td>\n<\/tr>\n<\/tbody>\n<\/table>\n<p><a href=\"https:\/\/atexxo.nl\/wp-content\/uploads\/ATEX_Zone_2_Klimaanlagen_Klimager\u00e4te.pdf\" rel=\"attachment wp-att-1528\">ATEX_Zone_2_Klimaanlagen_Klimager\u00e4te<\/a><\/p>\n<p>&nbsp;<\/p>\n","protected":false},"excerpt":{"rendered":"<p>Atexxo Manufacturing BV baute die Daikin zu einer explosionssicheren ATEX Split-Klimaanlage, f\u00fcr die Verwendung in einem als Zone 2 klassifiziertem Gebiet, um. Die Units sind mit einer integrierten W\u00e4rmepumpe, mit sowohl Heiz- als auch K\u00fchlfunktion, ausgestattet. The ATEX Klimaanlagen und Split-Units sind mit dem in Europa zugelassenem R-410A K\u00fchlmittel ausgestattet. Der Umbau zu einem ATEX [&hellip;]<\/p>\n","protected":false},"author":1,"featured_media":1214,"parent":1170,"menu_order":5,"comment_status":"closed","ping_status":"closed","template":"","meta":{"_monsterinsights_skip_tracking":false,"_monsterinsights_sitenote_active":false,"_monsterinsights_sitenote_note":"","_monsterinsights_sitenote_category":0,"_genesis_hide_title":false,"_genesis_hide_breadcrumbs":false,"_genesis_hide_singular_image":false,"_genesis_hide_footer_widgets":false,"_genesis_custom_body_class":"","_genesis_custom_post_class":"","_genesis_layout":"","footnotes":""},"class_list":{"0":"post-1227","1":"page","2":"type-page","3":"status-publish","4":"has-post-thumbnail","6":"entry"},"yoast_head":"<!-- This site is optimized with the Yoast SEO plugin v26.8 - https:\/\/yoast.com\/product\/yoast-seo-wordpress\/ -->\n<title>ATEX Klimager\u00e4te - Atexxo Manufacturing<\/title>\n<meta name=\"robots\" content=\"index, follow, max-snippet:-1, max-image-preview:large, max-video-preview:-1\" \/>\n<link rel=\"canonical\" href=\"https:\/\/atexxo.nl\/de\/produkte\/atex-ac-split-systeme\/\" \/>\n<meta property=\"og:locale\" content=\"de_DE\" \/>\n<meta property=\"og:type\" content=\"article\" \/>\n<meta property=\"og:title\" content=\"ATEX Klimager\u00e4te - Atexxo Manufacturing\" \/>\n<meta property=\"og:description\" content=\"Atexxo Manufacturing BV baute die Daikin zu einer explosionssicheren ATEX Split-Klimaanlage, f\u00fcr die Verwendung in einem als Zone 2 klassifiziertem Gebiet, um. Die Units sind mit einer integrierten W\u00e4rmepumpe, mit sowohl Heiz- als auch K\u00fchlfunktion, ausgestattet. The ATEX Klimaanlagen und Split-Units sind mit dem in Europa zugelassenem R-410A K\u00fchlmittel ausgestattet. Der Umbau zu einem ATEX [&hellip;]\" \/>\n<meta property=\"og:url\" content=\"https:\/\/atexxo.nl\/de\/produkte\/atex-ac-split-systeme\/\" \/>\n<meta property=\"og:site_name\" content=\"Atexxo Manufacturing\" \/>\n<meta property=\"article:modified_time\" content=\"2015-11-10T13:22:50+00:00\" \/>\n<meta property=\"og:image\" content=\"https:\/\/atexxo.nl\/wp-content\/uploads\/2015\/03\/IMG_9607.jpg\" \/>\n\t<meta property=\"og:image:width\" content=\"436\" \/>\n\t<meta property=\"og:image:height\" content=\"431\" \/>\n\t<meta property=\"og:image:type\" content=\"image\/jpeg\" \/>\n<meta name=\"twitter:label1\" content=\"Gesch\u00e4tzte Lesezeit\" \/>\n\t<meta name=\"twitter:data1\" content=\"2\u00a0Minuten\" \/>\n<script type=\"application\/ld+json\" class=\"yoast-schema-graph\">{\"@context\":\"https:\/\/schema.org\",\"@graph\":[{\"@type\":\"WebPage\",\"@id\":\"https:\/\/atexxo.nl\/de\/produkte\/atex-ac-split-systeme\/\",\"url\":\"https:\/\/atexxo.nl\/de\/produkte\/atex-ac-split-systeme\/\",\"name\":\"ATEX Klimager\u00e4te - Atexxo Manufacturing\",\"isPartOf\":{\"@id\":\"https:\/\/atexxo.nl\/ru\/#website\"},\"primaryImageOfPage\":{\"@id\":\"https:\/\/atexxo.nl\/de\/produkte\/atex-ac-split-systeme\/#primaryimage\"},\"image\":{\"@id\":\"https:\/\/atexxo.nl\/de\/produkte\/atex-ac-split-systeme\/#primaryimage\"},\"thumbnailUrl\":\"https:\/\/atexxo.nl\/wp-content\/uploads\/2015\/03\/IMG_9607.jpg\",\"datePublished\":\"2015-09-15T13:06:19+00:00\",\"dateModified\":\"2015-11-10T13:22:50+00:00\",\"breadcrumb\":{\"@id\":\"https:\/\/atexxo.nl\/de\/produkte\/atex-ac-split-systeme\/#breadcrumb\"},\"inLanguage\":\"de\",\"potentialAction\":[{\"@type\":\"ReadAction\",\"target\":[\"https:\/\/atexxo.nl\/de\/produkte\/atex-ac-split-systeme\/\"]}]},{\"@type\":\"ImageObject\",\"inLanguage\":\"de\",\"@id\":\"https:\/\/atexxo.nl\/de\/produkte\/atex-ac-split-systeme\/#primaryimage\",\"url\":\"https:\/\/atexxo.nl\/wp-content\/uploads\/2015\/03\/IMG_9607.jpg\",\"contentUrl\":\"https:\/\/atexxo.nl\/wp-content\/uploads\/2015\/03\/IMG_9607.jpg\",\"width\":436,\"height\":431},{\"@type\":\"BreadcrumbList\",\"@id\":\"https:\/\/atexxo.nl\/de\/produkte\/atex-ac-split-systeme\/#breadcrumb\",\"itemListElement\":[{\"@type\":\"ListItem\",\"position\":1,\"name\":\"Startseite\",\"item\":\"https:\/\/atexxo.nl\/de\/\"},{\"@type\":\"ListItem\",\"position\":2,\"name\":\"Produkte\",\"item\":\"https:\/\/atexxo.nl\/de\/produkte\/\"},{\"@type\":\"ListItem\",\"position\":3,\"name\":\"ATEX Klimager\u00e4te\"}]},{\"@type\":\"WebSite\",\"@id\":\"https:\/\/atexxo.nl\/ru\/#website\",\"url\":\"https:\/\/atexxo.nl\/ru\/\",\"name\":\"Atexxo Manufacturing\",\"description\":\"Specialist in Atex and IECEx Solutions\",\"publisher\":{\"@id\":\"https:\/\/atexxo.nl\/ru\/#organization\"},\"potentialAction\":[{\"@type\":\"SearchAction\",\"target\":{\"@type\":\"EntryPoint\",\"urlTemplate\":\"https:\/\/atexxo.nl\/ru\/?s={search_term_string}\"},\"query-input\":{\"@type\":\"PropertyValueSpecification\",\"valueRequired\":true,\"valueName\":\"search_term_string\"}}],\"inLanguage\":\"de\"},{\"@type\":\"Organization\",\"@id\":\"https:\/\/atexxo.nl\/ru\/#organization\",\"name\":\"Atexxo Manufacturing\",\"url\":\"https:\/\/atexxo.nl\/ru\/\",\"logo\":{\"@type\":\"ImageObject\",\"inLanguage\":\"de\",\"@id\":\"https:\/\/atexxo.nl\/ru\/#\/schema\/logo\/image\/\",\"url\":\"https:\/\/atexxo.nl\/wp-content\/uploads\/2015\/04\/logo_atexxo.jpg\",\"contentUrl\":\"https:\/\/atexxo.nl\/wp-content\/uploads\/2015\/04\/logo_atexxo.jpg\",\"width\":1533,\"height\":733,\"caption\":\"Atexxo Manufacturing\"},\"image\":{\"@id\":\"https:\/\/atexxo.nl\/ru\/#\/schema\/logo\/image\/\"}}]}<\/script>\n<!-- \/ Yoast SEO plugin. -->","yoast_head_json":{"title":"ATEX Klimager\u00e4te - Atexxo Manufacturing","robots":{"index":"index","follow":"follow","max-snippet":"max-snippet:-1","max-image-preview":"max-image-preview:large","max-video-preview":"max-video-preview:-1"},"canonical":"https:\/\/atexxo.nl\/de\/produkte\/atex-ac-split-systeme\/","og_locale":"de_DE","og_type":"article","og_title":"ATEX Klimager\u00e4te - Atexxo Manufacturing","og_description":"Atexxo Manufacturing BV baute die Daikin zu einer explosionssicheren ATEX Split-Klimaanlage, f\u00fcr die Verwendung in einem als Zone 2 klassifiziertem Gebiet, um. Die Units sind mit einer integrierten W\u00e4rmepumpe, mit sowohl Heiz- als auch K\u00fchlfunktion, ausgestattet. The ATEX Klimaanlagen und Split-Units sind mit dem in Europa zugelassenem R-410A K\u00fchlmittel ausgestattet. Der Umbau zu einem ATEX [&hellip;]","og_url":"https:\/\/atexxo.nl\/de\/produkte\/atex-ac-split-systeme\/","og_site_name":"Atexxo Manufacturing","article_modified_time":"2015-11-10T13:22:50+00:00","og_image":[{"width":436,"height":431,"url":"https:\/\/atexxo.nl\/wp-content\/uploads\/2015\/03\/IMG_9607.jpg","type":"image\/jpeg"}],"twitter_misc":{"Gesch\u00e4tzte Lesezeit":"2\u00a0Minuten"},"schema":{"@context":"https:\/\/schema.org","@graph":[{"@type":"WebPage","@id":"https:\/\/atexxo.nl\/de\/produkte\/atex-ac-split-systeme\/","url":"https:\/\/atexxo.nl\/de\/produkte\/atex-ac-split-systeme\/","name":"ATEX Klimager\u00e4te - Atexxo Manufacturing","isPartOf":{"@id":"https:\/\/atexxo.nl\/ru\/#website"},"primaryImageOfPage":{"@id":"https:\/\/atexxo.nl\/de\/produkte\/atex-ac-split-systeme\/#primaryimage"},"image":{"@id":"https:\/\/atexxo.nl\/de\/produkte\/atex-ac-split-systeme\/#primaryimage"},"thumbnailUrl":"https:\/\/atexxo.nl\/wp-content\/uploads\/2015\/03\/IMG_9607.jpg","datePublished":"2015-09-15T13:06:19+00:00","dateModified":"2015-11-10T13:22:50+00:00","breadcrumb":{"@id":"https:\/\/atexxo.nl\/de\/produkte\/atex-ac-split-systeme\/#breadcrumb"},"inLanguage":"de","potentialAction":[{"@type":"ReadAction","target":["https:\/\/atexxo.nl\/de\/produkte\/atex-ac-split-systeme\/"]}]},{"@type":"ImageObject","inLanguage":"de","@id":"https:\/\/atexxo.nl\/de\/produkte\/atex-ac-split-systeme\/#primaryimage","url":"https:\/\/atexxo.nl\/wp-content\/uploads\/2015\/03\/IMG_9607.jpg","contentUrl":"https:\/\/atexxo.nl\/wp-content\/uploads\/2015\/03\/IMG_9607.jpg","width":436,"height":431},{"@type":"BreadcrumbList","@id":"https:\/\/atexxo.nl\/de\/produkte\/atex-ac-split-systeme\/#breadcrumb","itemListElement":[{"@type":"ListItem","position":1,"name":"Startseite","item":"https:\/\/atexxo.nl\/de\/"},{"@type":"ListItem","position":2,"name":"Produkte","item":"https:\/\/atexxo.nl\/de\/produkte\/"},{"@type":"ListItem","position":3,"name":"ATEX Klimager\u00e4te"}]},{"@type":"WebSite","@id":"https:\/\/atexxo.nl\/ru\/#website","url":"https:\/\/atexxo.nl\/ru\/","name":"Atexxo Manufacturing","description":"Specialist in Atex and IECEx Solutions","publisher":{"@id":"https:\/\/atexxo.nl\/ru\/#organization"},"potentialAction":[{"@type":"SearchAction","target":{"@type":"EntryPoint","urlTemplate":"https:\/\/atexxo.nl\/ru\/?s={search_term_string}"},"query-input":{"@type":"PropertyValueSpecification","valueRequired":true,"valueName":"search_term_string"}}],"inLanguage":"de"},{"@type":"Organization","@id":"https:\/\/atexxo.nl\/ru\/#organization","name":"Atexxo Manufacturing","url":"https:\/\/atexxo.nl\/ru\/","logo":{"@type":"ImageObject","inLanguage":"de","@id":"https:\/\/atexxo.nl\/ru\/#\/schema\/logo\/image\/","url":"https:\/\/atexxo.nl\/wp-content\/uploads\/2015\/04\/logo_atexxo.jpg","contentUrl":"https:\/\/atexxo.nl\/wp-content\/uploads\/2015\/04\/logo_atexxo.jpg","width":1533,"height":733,"caption":"Atexxo Manufacturing"},"image":{"@id":"https:\/\/atexxo.nl\/ru\/#\/schema\/logo\/image\/"}}]}},"rttpg_featured_image_url":{"full":["https:\/\/atexxo.nl\/wp-content\/uploads\/2015\/03\/IMG_9607.jpg",436,431,false],"landscape":["https:\/\/atexxo.nl\/wp-content\/uploads\/2015\/03\/IMG_9607.jpg",436,431,false],"portraits":["https:\/\/atexxo.nl\/wp-content\/uploads\/2015\/03\/IMG_9607.jpg",436,431,false],"thumbnail":["https:\/\/atexxo.nl\/wp-content\/uploads\/2015\/03\/IMG_9607-150x150.jpg",150,150,true],"medium":["https:\/\/atexxo.nl\/wp-content\/uploads\/2015\/03\/IMG_9607-300x297.jpg",300,297,true],"large":["https:\/\/atexxo.nl\/wp-content\/uploads\/2015\/03\/IMG_9607.jpg",436,431,false],"1536x1536":["https:\/\/atexxo.nl\/wp-content\/uploads\/2015\/03\/IMG_9607.jpg",436,431,false],"2048x2048":["https:\/\/atexxo.nl\/wp-content\/uploads\/2015\/03\/IMG_9607.jpg",436,431,false]},"rttpg_author":{"display_name":"adatex","author_link":"https:\/\/atexxo.nl\/de\/author\/adatex\/"},"rttpg_comment":0,"rttpg_category":false,"rttpg_excerpt":"Atexxo Manufacturing BV baute die Daikin zu einer explosionssicheren ATEX Split-Klimaanlage, f\u00fcr die Verwendung in einem als Zone 2 klassifiziertem Gebiet, um. Die Units sind mit einer integrierten W\u00e4rmepumpe, mit sowohl Heiz- als auch K\u00fchlfunktion, ausgestattet. The ATEX Klimaanlagen und Split-Units sind mit dem in Europa zugelassenem R-410A K\u00fchlmittel ausgestattet. Der Umbau zu einem ATEX&hellip;","_links":{"self":[{"href":"https:\/\/atexxo.nl\/de\/wp-json\/wp\/v2\/pages\/1227","targetHints":{"allow":["GET"]}}],"collection":[{"href":"https:\/\/atexxo.nl\/de\/wp-json\/wp\/v2\/pages"}],"about":[{"href":"https:\/\/atexxo.nl\/de\/wp-json\/wp\/v2\/types\/page"}],"author":[{"embeddable":true,"href":"https:\/\/atexxo.nl\/de\/wp-json\/wp\/v2\/users\/1"}],"replies":[{"embeddable":true,"href":"https:\/\/atexxo.nl\/de\/wp-json\/wp\/v2\/comments?post=1227"}],"version-history":[{"count":0,"href":"https:\/\/atexxo.nl\/de\/wp-json\/wp\/v2\/pages\/1227\/revisions"}],"up":[{"embeddable":true,"href":"https:\/\/atexxo.nl\/de\/wp-json\/wp\/v2\/pages\/1170"}],"wp:featuredmedia":[{"embeddable":true,"href":"https:\/\/atexxo.nl\/de\/wp-json\/wp\/v2\/media\/1214"}],"wp:attachment":[{"href":"https:\/\/atexxo.nl\/de\/wp-json\/wp\/v2\/media?parent=1227"}],"curies":[{"name":"wp","href":"https:\/\/api.w.org\/{rel}","templated":true}]}}