{"id":1220,"date":"2015-09-15T14:05:55","date_gmt":"2015-09-15T13:05:55","guid":{"rendered":"https:\/\/atexxo.nl\/?page_id=1220"},"modified":"2015-10-08T14:06:04","modified_gmt":"2015-10-08T13:06:04","slug":"atex-iecex-kabelverschraubungen","status":"publish","type":"page","link":"https:\/\/atexxo.nl\/de\/produkte\/atex-iecex-kabelverschraubungen\/","title":{"rendered":"ATEX \/ IECEx Kabelverschraubungen"},"content":{"rendered":"<p>Die BIMED, ATEX Kabelverschraubungen sind f\u00fcr den universellen Einsatz f\u00fcr alle explsion Schutztechniken Ex-e Ex-d Ex-Ex tb-tc, Ex-n vorgesehen. Geeignet f\u00fcr den Betrieb in Zone 1, Zone 2, Zone 21 und Zone 22 Bereiche. Alle Kabelverschraubungen und Zubeh\u00f6r sind einzigartig auf dem Markt; Dreifach-zertifiziert, h\u00e4lt ATEX, IECEx und DNV-GL Marine-Zulassung.<\/p>\n<h3>Wichtige Auswahl f\u00fcr Kabelverschraubungen<\/h3>\n<ol>\n<li>Schutzart exd, exe oder Universal<\/li>\n<li>Kabeltyp &#8211; Normal nicht-armierte Kabel z.B. mit PVC- oder VPE-shell &#8211; Gepanzerte Kabel, z.B. mit SWA oder SWB protecvive Abdeckung<\/li>\n<li>Kabelau\u00dfendurchmesser (und Innendurchmesser f\u00fcr armierte Kabel)<\/li>\n<li>Threated (zB ISO m20 oder NTP 1\/2) oder Durchgangsbohrungen im Geh\u00e4use<\/li>\n<li>Basismaterial des Geh\u00e4uses \/ Geh\u00e4use (dies ist ein wichtiges Merkmal, da galvanische Korrosion)<\/li>\n<\/ol>\n<p>Rufen Sie an oder E-Mail und unsere Ingenieure werden Ihnen behilflich sein, die richtige Verschraubung f\u00fcr Ihre Anwendung ausw\u00e4hlen. Bitte w\u00e4hlen Sie den Kabeltyp Sie Absicht, Verwendung finden zwischen gepanzerte und nicht gepanzerte w\u00e4hlen.<\/p>\n<div style=\"float: left; margin-right: 25px;\">\n<p><a title=\"ATEX Exe EXd non-armored cables\" href=\"https:\/\/atexxo.nl\/products\/atex-cable-glands\/atex-exe-exd-non-armored-cables\/\">Non-armierte Kabel Ex-e\/Ex-d<\/a><\/p>\n<div id=\"attachment_153width\" style=\"width: 224px\" class=\"wp-caption alignnone\"><a href=\"https:\/\/atexxo.nl\/wp-content\/uploads\/2015\/03\/atex-exe-exd-cable-glands-armored-cables.jpg\"><img loading=\"lazy\" decoding=\"async\" aria-describedby=\"caption-attachment-153width\" class=\"wp-image-153 size-full\" src=\"https:\/\/atexxo.nl\/wp-content\/uploads\/2015\/03\/atex-exe-exd-cable-glands-armored-cables.jpg\" alt=\"Atex exe exd cable glands\" width=\"214\" height=\"214\" srcset=\"https:\/\/atexxo.nl\/wp-content\/uploads\/2015\/03\/atex-exe-exd-cable-glands-armored-cables.jpg 214w, https:\/\/atexxo.nl\/wp-content\/uploads\/2015\/03\/atex-exe-exd-cable-glands-armored-cables-150x150.jpg 150w\" sizes=\"auto, (max-width: 214px) 100vw, 214px\" \/><\/a><p id=\"caption-attachment-153width\" class=\"wp-caption-text\">ATEX Kabelverschraubung Ex-e Ex-d<br \/> f\u00fcr armierte Kabel<\/p><\/div>\n<\/div>\n<div style=\"float: right; margin-left: 25px;\">\n<p><a title=\"ATEX EXe EXd f\u00fcr armierte Kabel\" href=\"https:\/\/atexxo.nl\/products\/atex-cable-glands\/atex-exe-exd-for-armored-cables\/\"><strong>Armierte Kabel Ex-e\/Ex-d <\/strong><\/a><\/p>\n<div id=\"attachment_150\" style=\"width: 224px\" class=\"wp-caption alignnone\"><a href=\"https:\/\/atexxo.nl\/wp-content\/uploads\/2015\/03\/atex-exe-exd-cable-glands1.jpg\"><img loading=\"lazy\" decoding=\"async\" aria-describedby=\"caption-attachment-150\" class=\"size-full wp-image-150\" src=\"https:\/\/atexxo.nl\/wp-content\/uploads\/2015\/03\/atex-exe-exd-cable-glands1.jpg\" alt=\"ATEX Kabelverschraubung Ex-e Ex-d\" width=\"214\" height=\"214\" srcset=\"https:\/\/atexxo.nl\/wp-content\/uploads\/2015\/03\/atex-exe-exd-cable-glands1.jpg 214w, https:\/\/atexxo.nl\/wp-content\/uploads\/2015\/03\/atex-exe-exd-cable-glands1-150x150.jpg 150w\" sizes=\"auto, (max-width: 214px) 100vw, 214px\" \/><\/a><p id=\"caption-attachment-150\" class=\"wp-caption-text\">ATEX Kabelverschraubung Ex-e Ex-d f\u00fcr<br \/>nicht armierte Kabel<\/p><\/div>\n<\/div>\n<p>Kabelverschraubungen sind in ATEX-Anschlussk\u00e4sten, Steuerger\u00e4te, Verteilern und einem anderen elektrischen Ger\u00e4ten, die in explosions harardous Umgebung verwendet wird. Sie sind f\u00fcr verschiedene Kabeltypen und Geh\u00e4use \/ Geh\u00e4usematerialien zur Verf\u00fcgung. <a href=\"https:\/\/atexxo.nl\/wp-content\/uploads\/2015\/03\/atex-iecex-cable-glands-atexxo-bimed6.jpg\"><img loading=\"lazy\" decoding=\"async\" class=\"alignnone size-medium wp-image-368\" src=\"https:\/\/atexxo.nl\/wp-content\/uploads\/2015\/03\/atex-iecex-cable-glands-atexxo-bimed6-300x254.jpg\" alt=\"atex-iecex-cable-glands-atexxo-bimed6\" width=\"300\" height=\"254\" srcset=\"https:\/\/atexxo.nl\/wp-content\/uploads\/2015\/03\/atex-iecex-cable-glands-atexxo-bimed6-300x254.jpg 300w, https:\/\/atexxo.nl\/wp-content\/uploads\/2015\/03\/atex-iecex-cable-glands-atexxo-bimed6.jpg 637w\" sizes=\"auto, (max-width: 300px) 100vw, 300px\" \/><\/a><\/p>\n<h3>Vorteile<\/h3>\n<ul>\n<li><strong><a title=\"ATEX Exe EXd non-armored cables\" href=\"https:\/\/atexxo.nl\/products\/atex-cable-glands\/atex-exe-exd-non-armored-cables\/\">Non-armierte Kabel Ex-e \/ Ex-d<\/a><\/strong><\/li>\n<li>PVC-Kabel<\/li>\n<li>VPE-Kabel<\/li>\n<li><a title=\"ATEX EXe EXd for armored cables\" href=\"https:\/\/atexxo.nl\/products\/atex-cable-glands\/atex-exe-exd-for-armored-cables\/\"><strong>Armierte Kabel Ex-e\/Ex-d <\/strong><\/a><\/li>\n<li>SWA-Kabel (Stahldraht R\u00fcstung)<\/li>\n<li>SWB-Kabel (Stahldrahtgeflecht)<\/li>\n<li>STA-Kabel (Stahlband R\u00fcstung)<\/li>\n<li>Zertifizierte Ex d, Ex e und Ex tb<\/li>\n<li>Geeignet f\u00fcr den Betrieb in den Zonen 1, 2, 21 und 22<\/li>\n<\/ul>\n<h2>F<span id=\"result_box\" class=\"short_text\" lang=\"de\"><span class=\"hps\">\u00fcr<\/span><\/span> non-armierte Kabel<\/h2>\n<p>The <strong>ATEX cable glands<\/strong> can be used indoor and outdoor in <b>Zone 1, Zone 2, Zone 21, and Zone 22 hazardous areas<\/b>. They are intended for use with armored or <strong>non-armored cables<\/strong> providing a combined flameproof seal and environmental seal on the cable outer sheath. They are typically installed in <strong>metal Ex e enclosures or as safe cable entry for electrical ATEX equipment.<\/strong> Compound glands are available on request\u00a0these glands\u00a0are only used for\u00a0gasgroup IIC\u00a0applications and\u00a0large\u00a0(&gt;2\u00a0litre)\u00a0flameproof housings that are located in zone\u00a01.<!--:--><!--:nl--><\/p>\n<p>Die <strong>ATEX Kabelverschraubungen<\/strong> verwendet werden Innen-und Au\u00dfen in <strong>Zone 1, Zone 2, Zone 21 und Zone 22 Ex-Bereich<\/strong> werden. Sie sind f\u00fcr den Einsatz mit armierten oder nicht-armierte Kabel eine kombinierte druckfeste Dichtung und Umweltsiegel auf dem Kabelau\u00dfenmantel vorgesehen. Sie werden typischerweise in <strong>Metall Ex e-Geh\u00e4use oder als sichere Kabeleinf\u00fchrung f\u00fcr die elektrische ATEX-Ger\u00e4te<\/strong> installiert. Verbindung Dr\u00fcsen sind auf Anfrage diese Dr\u00fcsen sind nur f\u00fcr gasgroup IIC Anwendungen und gro\u00dfen (&gt; 2 Liter) druckfeste Geh\u00e4use, das in der Zone 1 befindet, werden verwendet, zur Verf\u00fcgung.<\/p>\n<p class=\"bodytext\" style=\"text-align: left;\"><span id=\"result_box\" class=\"\" lang=\"de\"><span class=\"hps\">Die<\/span> <span class=\"hps\">BIMED<\/span>, ATEX <span class=\"hps\">Kabelverschraubungen<\/span> <span class=\"hps\">sind<\/span> <span class=\"hps\">f\u00fcr den universellen Einsatz<\/span> <span class=\"hps\">f\u00fcr alle<\/span> <span class=\"hps\">explsion<\/span> <span class=\"hps\">Schutztechniken<\/span> <span class=\"hps\">bestimmt<\/span> <span class=\"hps atn\">(<\/span>Ex-e <span class=\"hps\">Ex-d<\/span> <span class=\"hps\">Ex<\/span>-ta <span class=\"hps\">Ex<\/span><span class=\"atn\">&#8211;<\/span>tb, <span class=\"hps\">Ex-n<\/span> <span class=\"hps\">Geeignet f\u00fcr den Betrieb<\/span> <span class=\"hps\">in Zone 1,<\/span> <span class=\"hps\">2<\/span>, 21 und <span class=\"hps\">22<\/span> <span class=\"hps\">Bereiche<\/span>. <span class=\"hps\">Bitte w\u00e4hlen Sie<\/span> <span class=\"hps\">unterhalb der<\/span> <span class=\"hps\">Kabeltyp<\/span> <span class=\"hps\">Sie<\/span> <span class=\"hps\">Absicht zu<\/span> <span class=\"hps\">verwenden<\/span>, <span class=\"hps\">wenden Sie sich bitte<\/span> <span class=\"hps\">zwischen<\/span> <span class=\"hps\">gepanzerte<\/span> <span class=\"hps\">und nicht<\/span> <span class=\"hps\">gepanzerte<\/span> <span class=\"hps\">w\u00e4hlen<\/span><\/span><\/p>\n<p class=\"bodytext\"><a title=\"ATEX Exe EXd non-armored cables\" href=\"https:\/\/atexxo.nl\/products\/atex-cable-glands\/atex-exe-exd-non-armored-cables\/\"><strong>Non-armierte Kabel Ex-e\/Ex-d<\/strong><\/a>\u00a0\u00a0\u00a0\u00a0\u00a0\u00a0\u00a0\u00a0\u00a0\u00a0\u00a0\u00a0\u00a0\u00a0\u00a0\u00a0\u00a0\u00a0\u00a0\u00a0\u00a0\u00a0\u00a0\u00a0\u00a0\u00a0\u00a0\u00a0\u00a0\u00a0\u00a0\u00a0\u00a0\u00a0\u00a0\u00a0\u00a0\u00a0\u00a0\u00a0\u00a0\u00a0\u00a0\u00a0\u00a0\u00a0\u00a0\u00a0\u00a0\u00a0\u00a0\u00a0\u00a0\u00a0\u00a0\u00a0\u00a0\u00a0\u00a0\u00a0\u00a0\u00a0\u00a0\u00a0\u00a0\u00a0\u00a0\u00a0\u00a0\u00a0\u00a0\u00a0\u00a0\u00a0\u00a0\u00a0\u00a0\u00a0\u00a0\u00a0\u00a0\u00a0\u00a0 <a title=\"ATEX EXe EXd f\u00fcr armored cables\" href=\"https:\/\/atexxo.nl\/products\/atex-cable-glands\/atex-exe-exd-for-armored-cables\/\"><strong>Armierte Kabel Ex-e\/Ex-d\u00a0<\/strong><\/a><\/p>\n<div id=\"attachment_153\" style=\"width: 224px\" class=\"wp-caption alignright\"><a href=\"https:\/\/atexxo.nl\/wp-content\/uploads\/2015\/03\/atex-exe-exd-cable-glands-armored-cables.jpg\"><img loading=\"lazy\" decoding=\"async\" aria-describedby=\"caption-attachment-153\" class=\"size-full wp-image-153\" src=\"https:\/\/atexxo.nl\/wp-content\/uploads\/2015\/03\/atex-exe-exd-cable-glands-armored-cables.jpg\" alt=\"Atex exe exd cable glands\" width=\"214\" height=\"214\" srcset=\"https:\/\/atexxo.nl\/wp-content\/uploads\/2015\/03\/atex-exe-exd-cable-glands-armored-cables.jpg 214w, https:\/\/atexxo.nl\/wp-content\/uploads\/2015\/03\/atex-exe-exd-cable-glands-armored-cables-150x150.jpg 150w\" sizes=\"auto, (max-width: 214px) 100vw, 214px\" \/><\/a><p id=\"caption-attachment-153\" class=\"wp-caption-text\">ATEX Kabelverschraubungen Ex-e Ex-d<br \/>fur armierte Kabel<\/p><\/div>\n<div id=\"attachment_150\" style=\"width: 224px\" class=\"wp-caption alignleft\"><a href=\"https:\/\/atexxo.nl\/wp-content\/uploads\/2015\/03\/atex-exe-exd-cable-glands1.jpg\"><img loading=\"lazy\" decoding=\"async\" aria-describedby=\"caption-attachment-150\" class=\"size-full wp-image-150\" src=\"https:\/\/atexxo.nl\/wp-content\/uploads\/2015\/03\/atex-exe-exd-cable-glands1.jpg\" alt=\"ATEX cable gland Ex-e Ex-d\" width=\"214\" height=\"214\" srcset=\"https:\/\/atexxo.nl\/wp-content\/uploads\/2015\/03\/atex-exe-exd-cable-glands1.jpg 214w, https:\/\/atexxo.nl\/wp-content\/uploads\/2015\/03\/atex-exe-exd-cable-glands1-150x150.jpg 150w\" sizes=\"auto, (max-width: 214px) 100vw, 214px\" \/><\/a><p id=\"caption-attachment-150\" class=\"wp-caption-text\">ATEX Kabelverschraubungen Ex-e Ex-d f\u00fcr<br \/>non-armierte Kabel<\/p><\/div>\n<div id=\"gt-res-content\" class=\"almost_half_cell\">\n<div dir=\"ltr\"><span id=\"result_box\" class=\"\" lang=\"de\"><span class=\"hps\">Kabelverschraubungen sind<\/span> <span class=\"hps atn\">in ATEX-<\/span>Anschlussk\u00e4sten, Steuerger\u00e4te, Verteilern und <span class=\"hps\">einem anderen<\/span> <span class=\"hps\">elektrischen<\/span> <span class=\"hps\">Ger\u00e4ten, die<\/span> <span class=\"hps\">in explosions<\/span> <span class=\"hps\">harardous<\/span> <span class=\"hps\">Umgebung<\/span> <span class=\"hps\">verwendet wird.<\/span> <span class=\"hps\">Sie sind<\/span> <span class=\"hps\">f\u00fcr verschiedene<\/span> <span class=\"hps\">Kabeltypen und<\/span> <span class=\"hps\">Geh\u00e4use<\/span> <span class=\"hps\">\/<\/span> <span class=\"hps\">Geh\u00e4usematerialien<\/span> <span class=\"hps\">zur Verf\u00fcgung.<\/span><\/span><\/div>\n<\/div>\n<p class=\"bodytext\"><img loading=\"lazy\" decoding=\"async\" class=\" size-medium wp-image-152 alignleft\" src=\"https:\/\/atexxo.nl\/wp-content\/uploads\/2015\/03\/atex-iecex-cable-glands-300x192.jpg\" alt=\"atex-iecex-cable-glands\" width=\"300\" height=\"192\" srcset=\"https:\/\/atexxo.nl\/wp-content\/uploads\/2015\/03\/atex-iecex-cable-glands-300x192.jpg 300w, https:\/\/atexxo.nl\/wp-content\/uploads\/2015\/03\/atex-iecex-cable-glands.jpg 793w\" sizes=\"auto, (max-width: 300px) 100vw, 300px\" \/><\/p>\n<p>Vorteile<\/p>\n<ul>\n<li><strong><a title=\"ATEX Exe EXd non-armored cables\" href=\"https:\/\/atexxo.nl\/products\/atex-cable-glands\/atex-exe-exd-non-armored-cables\/\">Non-armierte Kabel Ex-e \/ Ex-d<\/a><\/strong><\/li>\n<li>PVC-Kabel<\/li>\n<li>VPE-Kabel<\/li>\n<li><a title=\"ATEX EXe EXd for armored cables\" href=\"https:\/\/atexxo.nl\/products\/atex-cable-glands\/atex-exe-exd-for-armored-cables\/\"><strong><span id=\"result_box\" class=\"\" lang=\"de\"><span class=\"hps\">Armierte Kabel<\/span> <span class=\"hps\">Ex-e<\/span> <span class=\"hps\">\/<\/span> <span class=\"hps\">Ex-d<\/span><\/span><\/strong><\/a><\/li>\n<li>SWA<span id=\"result_box\" class=\"\" lang=\"de\"><span class=\"atn\">-Kabel (<\/span>Stahldraht <span class=\"hps\">R\u00fcstung<\/span>)<\/span><\/li>\n<li>SWB<span id=\"result_box\" class=\"\" lang=\"de\"><span class=\"atn\">-Kabel (<\/span>Stahldrahtgeflecht)<\/span><\/li>\n<li>STA<span id=\"result_box\" class=\"\" lang=\"de\"><span class=\"atn\">-Kabel (<\/span>Stahlband <span class=\"hps\">R\u00fcstung<\/span>)<\/span><\/li>\n<li><span id=\"result_box\" class=\"\" lang=\"de\"><span class=\"hps\">Zertifizierte<\/span> <span class=\"hps\">Ex d<\/span>, <span class=\"hps\">Ex e<\/span> <span class=\"hps\">und<\/span> <span class=\"hps\">Ex<\/span> <span class=\"hps\">tb<\/span><\/span><\/li>\n<li><span id=\"result_box\" class=\"\" lang=\"de\"><span class=\"hps\">Geeignet f\u00fcr den Betrieb in den Zonen 1, 2, 21 und 22<\/span><\/span><\/li>\n<\/ul>\n<h2>F\u00fcr nicht-armierte Kabel<\/h2>\n<p>Die <strong>ATEX Kabelverschraubungen<\/strong> verwendet werden Innen-und Au\u00dfen in <strong>Zone 1, Zone 2, Zone 21 und Zone 22 Ex-Bereich<\/strong> werden. Sie sind f\u00fcr den Einsatz mit armierten oder <strong>nicht-armierte Kabel<\/strong> eine kombinierte druckfeste Dichtung und Umweltsiegel auf dem Kabelau\u00dfenmantel vorgesehen. Sie werden typischerweise in <strong>Metall Ex e-Geh\u00e4use oder als sichere Kabeleinf\u00fchrung f\u00fcr die elektrische ATEX-Ger\u00e4te<\/strong> installiert.<\/p>\n<p>Verbindung Dr\u00fcsen sind auf Anfrage diese Dr\u00fcsen sind nur f\u00fcr gasgroup IIC Anwendungen und gro\u00dfen (&gt; 2 Liter) druckfeste Geh\u00e4use, das in der Zone 1 befindet, werden verwendet, zur Verf\u00fcgung.<\/p>\n","protected":false},"excerpt":{"rendered":"<p>Die BIMED, ATEX Kabelverschraubungen sind f\u00fcr den universellen Einsatz f\u00fcr alle explsion Schutztechniken Ex-e Ex-d Ex-Ex tb-tc, Ex-n vorgesehen. Geeignet f\u00fcr den Betrieb in Zone 1, Zone 2, Zone 21 und Zone 22 Bereiche. Alle Kabelverschraubungen und Zubeh\u00f6r sind einzigartig auf dem Markt; Dreifach-zertifiziert, h\u00e4lt ATEX, IECEx und DNV-GL Marine-Zulassung. Wichtige Auswahl f\u00fcr Kabelverschraubungen Schutzart [&hellip;]<\/p>\n","protected":false},"author":1,"featured_media":1223,"parent":1170,"menu_order":4,"comment_status":"closed","ping_status":"closed","template":"","meta":{"_monsterinsights_skip_tracking":false,"_monsterinsights_sitenote_active":false,"_monsterinsights_sitenote_note":"","_monsterinsights_sitenote_category":0,"_genesis_hide_title":false,"_genesis_hide_breadcrumbs":false,"_genesis_hide_singular_image":false,"_genesis_hide_footer_widgets":false,"_genesis_custom_body_class":"","_genesis_custom_post_class":"","_genesis_layout":"","footnotes":""},"class_list":{"0":"post-1220","1":"page","2":"type-page","3":"status-publish","4":"has-post-thumbnail","6":"entry"},"yoast_head":"<!-- This site is optimized with the Yoast SEO plugin v26.8 - https:\/\/yoast.com\/product\/yoast-seo-wordpress\/ -->\n<title>ATEX \/ IECEx Kabelverschraubungen - Atexxo Manufacturing<\/title>\n<meta name=\"robots\" content=\"index, follow, max-snippet:-1, max-image-preview:large, max-video-preview:-1\" \/>\n<link rel=\"canonical\" href=\"https:\/\/atexxo.nl\/de\/produkte\/atex-iecex-kabelverschraubungen\/\" \/>\n<meta property=\"og:locale\" content=\"de_DE\" \/>\n<meta property=\"og:type\" content=\"article\" \/>\n<meta property=\"og:title\" content=\"ATEX \/ IECEx Kabelverschraubungen - Atexxo Manufacturing\" \/>\n<meta property=\"og:description\" content=\"Die BIMED, ATEX Kabelverschraubungen sind f\u00fcr den universellen Einsatz f\u00fcr alle explsion Schutztechniken Ex-e Ex-d Ex-Ex tb-tc, Ex-n vorgesehen. Geeignet f\u00fcr den Betrieb in Zone 1, Zone 2, Zone 21 und Zone 22 Bereiche. Alle Kabelverschraubungen und Zubeh\u00f6r sind einzigartig auf dem Markt; Dreifach-zertifiziert, h\u00e4lt ATEX, IECEx und DNV-GL Marine-Zulassung. Wichtige Auswahl f\u00fcr Kabelverschraubungen Schutzart [&hellip;]\" \/>\n<meta property=\"og:url\" content=\"https:\/\/atexxo.nl\/de\/produkte\/atex-iecex-kabelverschraubungen\/\" \/>\n<meta property=\"og:site_name\" content=\"Atexxo Manufacturing\" \/>\n<meta property=\"article:modified_time\" content=\"2015-10-08T13:06:04+00:00\" \/>\n<meta property=\"og:image\" content=\"https:\/\/atexxo.nl\/wp-content\/uploads\/2015\/03\/atex-iecex-cable-glands-atexxo-bimed2.jpg\" \/>\n\t<meta property=\"og:image:width\" content=\"637\" \/>\n\t<meta property=\"og:image:height\" content=\"528\" \/>\n\t<meta property=\"og:image:type\" content=\"image\/jpeg\" \/>\n<meta name=\"twitter:label1\" content=\"Gesch\u00e4tzte Lesezeit\" \/>\n\t<meta name=\"twitter:data1\" content=\"4\u00a0Minuten\" \/>\n<script type=\"application\/ld+json\" class=\"yoast-schema-graph\">{\"@context\":\"https:\/\/schema.org\",\"@graph\":[{\"@type\":\"WebPage\",\"@id\":\"https:\/\/atexxo.nl\/de\/produkte\/atex-iecex-kabelverschraubungen\/\",\"url\":\"https:\/\/atexxo.nl\/de\/produkte\/atex-iecex-kabelverschraubungen\/\",\"name\":\"ATEX \/ IECEx Kabelverschraubungen - Atexxo Manufacturing\",\"isPartOf\":{\"@id\":\"https:\/\/atexxo.nl\/ru\/#website\"},\"primaryImageOfPage\":{\"@id\":\"https:\/\/atexxo.nl\/de\/produkte\/atex-iecex-kabelverschraubungen\/#primaryimage\"},\"image\":{\"@id\":\"https:\/\/atexxo.nl\/de\/produkte\/atex-iecex-kabelverschraubungen\/#primaryimage\"},\"thumbnailUrl\":\"https:\/\/atexxo.nl\/wp-content\/uploads\/2015\/03\/atex-iecex-cable-glands-atexxo-bimed2.jpg\",\"datePublished\":\"2015-09-15T13:05:55+00:00\",\"dateModified\":\"2015-10-08T13:06:04+00:00\",\"breadcrumb\":{\"@id\":\"https:\/\/atexxo.nl\/de\/produkte\/atex-iecex-kabelverschraubungen\/#breadcrumb\"},\"inLanguage\":\"de\",\"potentialAction\":[{\"@type\":\"ReadAction\",\"target\":[\"https:\/\/atexxo.nl\/de\/produkte\/atex-iecex-kabelverschraubungen\/\"]}]},{\"@type\":\"ImageObject\",\"inLanguage\":\"de\",\"@id\":\"https:\/\/atexxo.nl\/de\/produkte\/atex-iecex-kabelverschraubungen\/#primaryimage\",\"url\":\"https:\/\/atexxo.nl\/wp-content\/uploads\/2015\/03\/atex-iecex-cable-glands-atexxo-bimed2.jpg\",\"contentUrl\":\"https:\/\/atexxo.nl\/wp-content\/uploads\/2015\/03\/atex-iecex-cable-glands-atexxo-bimed2.jpg\",\"width\":637,\"height\":528},{\"@type\":\"BreadcrumbList\",\"@id\":\"https:\/\/atexxo.nl\/de\/produkte\/atex-iecex-kabelverschraubungen\/#breadcrumb\",\"itemListElement\":[{\"@type\":\"ListItem\",\"position\":1,\"name\":\"Startseite\",\"item\":\"https:\/\/atexxo.nl\/de\/\"},{\"@type\":\"ListItem\",\"position\":2,\"name\":\"Produkte\",\"item\":\"https:\/\/atexxo.nl\/de\/produkte\/\"},{\"@type\":\"ListItem\",\"position\":3,\"name\":\"ATEX \/ IECEx Kabelverschraubungen\"}]},{\"@type\":\"WebSite\",\"@id\":\"https:\/\/atexxo.nl\/ru\/#website\",\"url\":\"https:\/\/atexxo.nl\/ru\/\",\"name\":\"Atexxo Manufacturing\",\"description\":\"Specialist in Atex and IECEx Solutions\",\"publisher\":{\"@id\":\"https:\/\/atexxo.nl\/ru\/#organization\"},\"potentialAction\":[{\"@type\":\"SearchAction\",\"target\":{\"@type\":\"EntryPoint\",\"urlTemplate\":\"https:\/\/atexxo.nl\/ru\/?s={search_term_string}\"},\"query-input\":{\"@type\":\"PropertyValueSpecification\",\"valueRequired\":true,\"valueName\":\"search_term_string\"}}],\"inLanguage\":\"de\"},{\"@type\":\"Organization\",\"@id\":\"https:\/\/atexxo.nl\/ru\/#organization\",\"name\":\"Atexxo Manufacturing\",\"url\":\"https:\/\/atexxo.nl\/ru\/\",\"logo\":{\"@type\":\"ImageObject\",\"inLanguage\":\"de\",\"@id\":\"https:\/\/atexxo.nl\/ru\/#\/schema\/logo\/image\/\",\"url\":\"https:\/\/atexxo.nl\/wp-content\/uploads\/2015\/04\/logo_atexxo.jpg\",\"contentUrl\":\"https:\/\/atexxo.nl\/wp-content\/uploads\/2015\/04\/logo_atexxo.jpg\",\"width\":1533,\"height\":733,\"caption\":\"Atexxo Manufacturing\"},\"image\":{\"@id\":\"https:\/\/atexxo.nl\/ru\/#\/schema\/logo\/image\/\"}}]}<\/script>\n<!-- \/ Yoast SEO plugin. -->","yoast_head_json":{"title":"ATEX \/ IECEx Kabelverschraubungen - Atexxo Manufacturing","robots":{"index":"index","follow":"follow","max-snippet":"max-snippet:-1","max-image-preview":"max-image-preview:large","max-video-preview":"max-video-preview:-1"},"canonical":"https:\/\/atexxo.nl\/de\/produkte\/atex-iecex-kabelverschraubungen\/","og_locale":"de_DE","og_type":"article","og_title":"ATEX \/ IECEx Kabelverschraubungen - Atexxo Manufacturing","og_description":"Die BIMED, ATEX Kabelverschraubungen sind f\u00fcr den universellen Einsatz f\u00fcr alle explsion Schutztechniken Ex-e Ex-d Ex-Ex tb-tc, Ex-n vorgesehen. Geeignet f\u00fcr den Betrieb in Zone 1, Zone 2, Zone 21 und Zone 22 Bereiche. Alle Kabelverschraubungen und Zubeh\u00f6r sind einzigartig auf dem Markt; Dreifach-zertifiziert, h\u00e4lt ATEX, IECEx und DNV-GL Marine-Zulassung. Wichtige Auswahl f\u00fcr Kabelverschraubungen Schutzart [&hellip;]","og_url":"https:\/\/atexxo.nl\/de\/produkte\/atex-iecex-kabelverschraubungen\/","og_site_name":"Atexxo Manufacturing","article_modified_time":"2015-10-08T13:06:04+00:00","og_image":[{"width":637,"height":528,"url":"https:\/\/atexxo.nl\/wp-content\/uploads\/2015\/03\/atex-iecex-cable-glands-atexxo-bimed2.jpg","type":"image\/jpeg"}],"twitter_misc":{"Gesch\u00e4tzte Lesezeit":"4\u00a0Minuten"},"schema":{"@context":"https:\/\/schema.org","@graph":[{"@type":"WebPage","@id":"https:\/\/atexxo.nl\/de\/produkte\/atex-iecex-kabelverschraubungen\/","url":"https:\/\/atexxo.nl\/de\/produkte\/atex-iecex-kabelverschraubungen\/","name":"ATEX \/ IECEx Kabelverschraubungen - Atexxo Manufacturing","isPartOf":{"@id":"https:\/\/atexxo.nl\/ru\/#website"},"primaryImageOfPage":{"@id":"https:\/\/atexxo.nl\/de\/produkte\/atex-iecex-kabelverschraubungen\/#primaryimage"},"image":{"@id":"https:\/\/atexxo.nl\/de\/produkte\/atex-iecex-kabelverschraubungen\/#primaryimage"},"thumbnailUrl":"https:\/\/atexxo.nl\/wp-content\/uploads\/2015\/03\/atex-iecex-cable-glands-atexxo-bimed2.jpg","datePublished":"2015-09-15T13:05:55+00:00","dateModified":"2015-10-08T13:06:04+00:00","breadcrumb":{"@id":"https:\/\/atexxo.nl\/de\/produkte\/atex-iecex-kabelverschraubungen\/#breadcrumb"},"inLanguage":"de","potentialAction":[{"@type":"ReadAction","target":["https:\/\/atexxo.nl\/de\/produkte\/atex-iecex-kabelverschraubungen\/"]}]},{"@type":"ImageObject","inLanguage":"de","@id":"https:\/\/atexxo.nl\/de\/produkte\/atex-iecex-kabelverschraubungen\/#primaryimage","url":"https:\/\/atexxo.nl\/wp-content\/uploads\/2015\/03\/atex-iecex-cable-glands-atexxo-bimed2.jpg","contentUrl":"https:\/\/atexxo.nl\/wp-content\/uploads\/2015\/03\/atex-iecex-cable-glands-atexxo-bimed2.jpg","width":637,"height":528},{"@type":"BreadcrumbList","@id":"https:\/\/atexxo.nl\/de\/produkte\/atex-iecex-kabelverschraubungen\/#breadcrumb","itemListElement":[{"@type":"ListItem","position":1,"name":"Startseite","item":"https:\/\/atexxo.nl\/de\/"},{"@type":"ListItem","position":2,"name":"Produkte","item":"https:\/\/atexxo.nl\/de\/produkte\/"},{"@type":"ListItem","position":3,"name":"ATEX \/ IECEx Kabelverschraubungen"}]},{"@type":"WebSite","@id":"https:\/\/atexxo.nl\/ru\/#website","url":"https:\/\/atexxo.nl\/ru\/","name":"Atexxo Manufacturing","description":"Specialist in Atex and IECEx Solutions","publisher":{"@id":"https:\/\/atexxo.nl\/ru\/#organization"},"potentialAction":[{"@type":"SearchAction","target":{"@type":"EntryPoint","urlTemplate":"https:\/\/atexxo.nl\/ru\/?s={search_term_string}"},"query-input":{"@type":"PropertyValueSpecification","valueRequired":true,"valueName":"search_term_string"}}],"inLanguage":"de"},{"@type":"Organization","@id":"https:\/\/atexxo.nl\/ru\/#organization","name":"Atexxo Manufacturing","url":"https:\/\/atexxo.nl\/ru\/","logo":{"@type":"ImageObject","inLanguage":"de","@id":"https:\/\/atexxo.nl\/ru\/#\/schema\/logo\/image\/","url":"https:\/\/atexxo.nl\/wp-content\/uploads\/2015\/04\/logo_atexxo.jpg","contentUrl":"https:\/\/atexxo.nl\/wp-content\/uploads\/2015\/04\/logo_atexxo.jpg","width":1533,"height":733,"caption":"Atexxo Manufacturing"},"image":{"@id":"https:\/\/atexxo.nl\/ru\/#\/schema\/logo\/image\/"}}]}},"rttpg_featured_image_url":{"full":["https:\/\/atexxo.nl\/wp-content\/uploads\/2015\/03\/atex-iecex-cable-glands-atexxo-bimed2.jpg",637,528,false],"landscape":["https:\/\/atexxo.nl\/wp-content\/uploads\/2015\/03\/atex-iecex-cable-glands-atexxo-bimed2.jpg",637,528,false],"portraits":["https:\/\/atexxo.nl\/wp-content\/uploads\/2015\/03\/atex-iecex-cable-glands-atexxo-bimed2.jpg",637,528,false],"thumbnail":["https:\/\/atexxo.nl\/wp-content\/uploads\/2015\/03\/atex-iecex-cable-glands-atexxo-bimed2-150x150.jpg",150,150,true],"medium":["https:\/\/atexxo.nl\/wp-content\/uploads\/2015\/03\/atex-iecex-cable-glands-atexxo-bimed2-300x249.jpg",300,249,true],"large":["https:\/\/atexxo.nl\/wp-content\/uploads\/2015\/03\/atex-iecex-cable-glands-atexxo-bimed2.jpg",637,528,false],"1536x1536":["https:\/\/atexxo.nl\/wp-content\/uploads\/2015\/03\/atex-iecex-cable-glands-atexxo-bimed2.jpg",637,528,false],"2048x2048":["https:\/\/atexxo.nl\/wp-content\/uploads\/2015\/03\/atex-iecex-cable-glands-atexxo-bimed2.jpg",637,528,false]},"rttpg_author":{"display_name":"adatex","author_link":"https:\/\/atexxo.nl\/de\/author\/adatex\/"},"rttpg_comment":0,"rttpg_category":false,"rttpg_excerpt":"Die BIMED, ATEX Kabelverschraubungen sind f\u00fcr den universellen Einsatz f\u00fcr alle explsion Schutztechniken Ex-e Ex-d Ex-Ex tb-tc, Ex-n vorgesehen. Geeignet f\u00fcr den Betrieb in Zone 1, Zone 2, Zone 21 und Zone 22 Bereiche. Alle Kabelverschraubungen und Zubeh\u00f6r sind einzigartig auf dem Markt; Dreifach-zertifiziert, h\u00e4lt ATEX, IECEx und DNV-GL Marine-Zulassung. Wichtige Auswahl f\u00fcr Kabelverschraubungen Schutzart&hellip;","_links":{"self":[{"href":"https:\/\/atexxo.nl\/de\/wp-json\/wp\/v2\/pages\/1220","targetHints":{"allow":["GET"]}}],"collection":[{"href":"https:\/\/atexxo.nl\/de\/wp-json\/wp\/v2\/pages"}],"about":[{"href":"https:\/\/atexxo.nl\/de\/wp-json\/wp\/v2\/types\/page"}],"author":[{"embeddable":true,"href":"https:\/\/atexxo.nl\/de\/wp-json\/wp\/v2\/users\/1"}],"replies":[{"embeddable":true,"href":"https:\/\/atexxo.nl\/de\/wp-json\/wp\/v2\/comments?post=1220"}],"version-history":[{"count":0,"href":"https:\/\/atexxo.nl\/de\/wp-json\/wp\/v2\/pages\/1220\/revisions"}],"up":[{"embeddable":true,"href":"https:\/\/atexxo.nl\/de\/wp-json\/wp\/v2\/pages\/1170"}],"wp:featuredmedia":[{"embeddable":true,"href":"https:\/\/atexxo.nl\/de\/wp-json\/wp\/v2\/media\/1223"}],"wp:attachment":[{"href":"https:\/\/atexxo.nl\/de\/wp-json\/wp\/v2\/media?parent=1220"}],"curies":[{"name":"wp","href":"https:\/\/api.w.org\/{rel}","templated":true}]}}