{"id":1212,"date":"2015-09-15T14:04:59","date_gmt":"2015-09-15T13:04:59","guid":{"rendered":"https:\/\/atexxo.nl\/?page_id=1212"},"modified":"2016-01-28T12:39:37","modified_gmt":"2016-01-28T11:39:37","slug":"atex-klimaanlagen-2","status":"publish","type":"page","link":"https:\/\/atexxo.nl\/de\/produkte\/atex-klimaanlagen-2\/","title":{"rendered":"ATEX Klimaanlagen"},"content":{"rendered":"<p><a href=\"https:\/\/atexxo.nl\/wp-content\/uploads\/2015\/03\/IMG_9607.jpg\"><img loading=\"lazy\" decoding=\"async\" class=\" size-medium wp-image-54 alignright\" src=\"https:\/\/atexxo.nl\/wp-content\/uploads\/2015\/03\/IMG_9607-300x297.jpg\" alt=\"IMG_9607\" width=\"300\" height=\"297\" srcset=\"https:\/\/atexxo.nl\/wp-content\/uploads\/2015\/03\/IMG_9607-300x297.jpg 300w, https:\/\/atexxo.nl\/wp-content\/uploads\/2015\/03\/IMG_9607-150x150.jpg 150w, https:\/\/atexxo.nl\/wp-content\/uploads\/2015\/03\/IMG_9607.jpg 436w\" sizes=\"auto, (max-width: 300px) 100vw, 300px\" \/><\/a>Atexxo Manufacturing BV umgewandelt Daikin explosions sicheren ATEX Splitklimager\u00e4t, f\u00fcr Zone 2 explosionsgef\u00e4hrdeten Bereichen geeignet. Die Einheiten haben W\u00e4rmepumpenfunktion sowohl f\u00fcr Heizung und K\u00fchlung integriert. Die ATEX Klimaanlagen und ATEX-Split-Ger\u00e4te sind ausgestattet mit europ\u00e4ischen genehmigten R-410A. Umwandlung in ATEX Explosions sicher steht im Einklang mit Atexxo Philosophie der exzellenten Explosionsschutz und gleichzeitig so viel Funktionen des urspr\u00fcnglichen Produkts wie m\u00f6glich. Dies macht die ATEX Klimaanlagen einfach zu installieren und zu betreiben. Die Sets bestehen aus ATEX Outdoor- genehmigt, Innenger\u00e4t und Fernbedienung. Ausf\u00fchrungen mit Beheizung kann K\u00fchlleistung von 2,5 kW bis 20 kW zur Verf\u00fcgung. (8500 BTU \/ h auf 68.000 BTU \/ h) Atexxo Manfacturing BV bietet Explosion sichere Konvertierung f\u00fcr andere f\u00fchrende europ\u00e4ische HVAC Produkte und Marken, wie Tr\u00e4ger, Mitsubishi und Toshiba auf Anfrage. Kosteneffektive ATEX Zone 2, Split-Ger\u00e4te.<\/p>\n<table>\n<tbody>\n<tr>\n<td width=\"187\">Explosionssicherheit<\/td>\n<td width=\"236\">II 3G ; Ex ic nAC IIB T3 Gc<\/td>\n<\/tr>\n<\/tbody>\n<\/table>\n<p>[bscolumns class=&#8220;one_half&#8220;]<\/p>\n<h3>Vorteile:<\/h3>\n<ul>\n<li>Niedriges Ger\u00e4uscheinheit (dB)<\/li>\n<li>Funktion der W\u00e4rmepumpe zum Heizen und K\u00fchlen<\/li>\n<li>schnelle Lieferung<\/li>\n<li>Einfach zu installieren und zu bedienen<\/li>\n<li>ATEX Zone 2<\/li>\n<li>Schutzart (IP) und Wirkung getestet<\/li>\n<\/ul>\n<p>[\/bscolumns][bscolumns class=&#8220;one_half_last_clear&#8220;]<\/p>\n<h3>Anwendungen:<\/h3>\n<ul>\n<li>Gastankschiffe<\/li>\n<li>Chemieanlagen<\/li>\n<li>Offshore-\u00d6lplattformen<\/li>\n<li>Branche<\/li>\n<li>raue Umgebungen<\/li>\n<\/ul>\n<p>[\/bscolumns][bscolumns class=&#8220;clear&#8220;][\/bscolumns]<\/p>\n<div id=\"attachment_370\" style=\"width: 310px\" class=\"wp-caption alignright\"><a href=\"https:\/\/atexxo.nl\/wp-content\/uploads\/2015\/03\/ATEX-EX-indoorunit-airco.jpg\"><img loading=\"lazy\" decoding=\"async\" aria-describedby=\"caption-attachment-370\" class=\"wp-image-370 size-medium\" src=\"https:\/\/atexxo.nl\/wp-content\/uploads\/2015\/03\/ATEX-EX-indoorunit-airco-300x272.jpg\" alt=\"ATEX-EX-indoorunit-airco\" width=\"300\" height=\"272\" srcset=\"https:\/\/atexxo.nl\/wp-content\/uploads\/2015\/03\/ATEX-EX-indoorunit-airco-300x272.jpg 300w, https:\/\/atexxo.nl\/wp-content\/uploads\/2015\/03\/ATEX-EX-indoorunit-airco.jpg 760w\" sizes=\"auto, (max-width: 300px) 100vw, 300px\" \/><\/a><p id=\"caption-attachment-370\" class=\"wp-caption-text\">Picture 1<\/p><\/div>\n<h2>Sicheren Betrieb in ATEX Ex-Zone 2 Bereichen<\/h2>\n<p>Die Verwendung mehrerer Explosionsschutzma\u00dfnahmen einen sicheren Betrieb in explosionsgef\u00e4hrdeten Bereichen zu gew\u00e4hrleisten. Umwandlung in ATEX Explosions sicher steht im Einklang mit Atexxo Philosophie der Bereitstellung von ausgezeichneten Ex-Schutz, w\u00e4hrend fast alle Merkmale des ori ginal Produkt. Dies macht die ATEX Klimaanlagen einfach zu installieren und zu betreiben.<\/p>\n<h3>Technische Information<\/h3>\n<table>\n<tbody>\n<tr>\n<td style=\"width: 150px;\"><strong>Type Split Unit <\/strong>\u00a0:<\/td>\n<td>Wand-Modell\u00a0\u00a0\u00a0\u00a0\u00a0 (Kassettenmodell auf Anfrage)<\/td>\n<\/tr>\n<tr>\n<td><strong>Spannung<\/strong>:<\/td>\n<td>220-240 Volt\u00a0\u00a0\u00a0\u00a0\u00a0\u00a0\u00a0 (110 Volt auf Anfrage)<\/td>\n<\/tr>\n<tr>\n<td><strong>Frequency<\/strong> :<\/td>\n<td>50 Hz\u00a0\u00a0\u00a0\u00a0\u00a0\u00a0\u00a0\u00a0\u00a0\u00a0\u00a0\u00a0\u00a0\u00a0\u00a0\u00a0\u00a0\u00a0\u00a0\u00a0\u00a0\u00a0(60Hz auf Anfrage)<\/td>\n<\/tr>\n<tr>\n<td><strong>Refrigirant<\/strong>:<\/td>\n<td>R-410A<\/td>\n<\/tr>\n<tr>\n<td><strong>Atex<\/strong>:<\/td>\n<td>Zone 2, II 3G; ic nAC IIB T3 Gc<\/td>\n<\/tr>\n<tr>\n<td><strong>Atex:<\/strong><\/td>\n<td>Innenger\u00e4t und Fernbedienung IIC T4 auf Anfrage<\/td>\n<\/tr>\n<\/tbody>\n<\/table>\n<h2>Bestellinformationen<\/h2>\n<h3><strong>ATEX Split Units<\/strong><\/h3>\n<table>\n<thead>\n<tr>\n<td style=\"width: 150px;\"><\/td>\n<td><\/td>\n<td><\/td>\n<td><\/td>\n<td style=\"text-align: center;\"><\/td>\n<td style=\"text-align: center;\" colspan=\"2\">Dimension \u00fcberdacht<\/td>\n<td style=\"text-align: center;\" colspan=\"2\">Dimension im Freien<\/td>\n<\/tr>\n<tr style=\"background-color: #cecece;\">\n<td style=\"text-align: center;\">\n<h4><strong>Bestellnummer<\/strong><\/h4>\n<\/td>\n<td style=\"text-align: center;\">\n<h4><strong>Atex Zone<\/strong><\/h4>\n<\/td>\n<td style=\"text-align: center;\">\n<h4><strong>K\u00fchlleistung (kW)<\/strong><\/h4>\n<\/td>\n<td style=\"text-align: center;\">\n<h4><strong>Heizleistung (kW)<\/strong><\/h4>\n<\/td>\n<td style=\"text-align: center;\">\n<h4><strong>K\u00fchlleistung BTU\/Hr<\/strong><\/h4>\n<\/td>\n<td style=\"text-align: center;\">\n<h4><strong>Einheit HxWxD (mm)<\/strong><\/h4>\n<\/td>\n<td style=\"text-align: center;\">\n<h4><strong>Gewicht (kg)<\/strong><\/h4>\n<\/td>\n<td style=\"text-align: center;\">\n<h4><strong>Einheit HxWxD (mm)<\/strong><\/h4>\n<\/td>\n<td style=\"text-align: center;\">\n<h4><strong>Gewicht (kg)<\/strong><\/h4>\n<\/td>\n<\/tr>\n<\/thead>\n<tbody>\n<tr>\n<td><strong>AIR-EX-DFTX-20<\/strong><\/td>\n<td style=\"text-align: right;\"><strong>Zone 2<\/strong><\/td>\n<td style=\"text-align: right;\">2.0<\/td>\n<td style=\"text-align: right;\">2.7<\/td>\n<td style=\"text-align: right;\">6.800<\/td>\n<td style=\"text-align: right;\">295x780x215<\/td>\n<td style=\"text-align: right;\">8<\/td>\n<td style=\"text-align: right;\">550x765x285<\/td>\n<td style=\"text-align: right;\">34<\/td>\n<\/tr>\n<tr>\n<td><strong>AIR-EX-DFTX-25<\/strong><\/td>\n<td style=\"text-align: right;\"><strong>Zone 2<\/strong><\/td>\n<td style=\"text-align: right;\">2.5<\/td>\n<td style=\"text-align: right;\">3.3<\/td>\n<td style=\"text-align: right;\">8.500<\/td>\n<td style=\"text-align: right;\">295x780x215<\/td>\n<td style=\"text-align: right;\">8<\/td>\n<td style=\"text-align: right;\">550x765x285<\/td>\n<td style=\"text-align: right;\">34<\/td>\n<\/tr>\n<tr>\n<td><strong>AIR-EX-DFTX-35<\/strong><\/td>\n<td style=\"text-align: right;\"><strong>Zone 2<\/strong><\/td>\n<td style=\"text-align: right;\">3.5<\/td>\n<td style=\"text-align: right;\">4.0<\/td>\n<td style=\"text-align: right;\">12.000<\/td>\n<td style=\"text-align: right;\">298x900x215<\/td>\n<td style=\"text-align: right;\">11<\/td>\n<td style=\"text-align: right;\">550x765x285<\/td>\n<td style=\"text-align: right;\">34<\/td>\n<\/tr>\n<tr>\n<td><strong>AIR-EX-DFTX-42<\/strong><\/td>\n<td style=\"text-align: right;\"><strong>Zone 2<\/strong><\/td>\n<td style=\"text-align: right;\">4.2<\/td>\n<td style=\"text-align: right;\">5.4<\/td>\n<td style=\"text-align: right;\">14.300<\/td>\n<td style=\"text-align: right;\">298x900x215<\/td>\n<td style=\"text-align: right;\">11<\/td>\n<td style=\"text-align: right;\">550x765x285<\/td>\n<td style=\"text-align: right;\">39<\/td>\n<\/tr>\n<tr>\n<td><strong>AIR-EX-DFTX-50<\/strong><\/td>\n<td style=\"text-align: right;\"><strong>Zone 2<\/strong><\/td>\n<td style=\"text-align: right;\">5.0<\/td>\n<td style=\"text-align: right;\">5.8<\/td>\n<td style=\"text-align: right;\">17.000<\/td>\n<td style=\"text-align: right;\">298x900x215<\/td>\n<td style=\"text-align: right;\">11<\/td>\n<td style=\"text-align: right;\">735x825x300<\/td>\n<td style=\"text-align: right;\">47<\/td>\n<\/tr>\n<tr>\n<td><strong>\u00a0AIR-EX-DFTX-60<\/strong><\/td>\n<td style=\"text-align: right;\"><strong>Zone 2<\/strong><\/td>\n<td style=\"text-align: right;\">6.0<\/td>\n<td style=\"text-align: right;\">7.0<\/td>\n<td style=\"text-align: right;\">20.000<\/td>\n<td style=\"text-align: right;\">290x1050x250<\/td>\n<td style=\"text-align: right;\">12<\/td>\n<td style=\"text-align: right;\">735x825x300<\/td>\n<td style=\"text-align: right;\">48<\/td>\n<\/tr>\n<tr>\n<td><strong>\u00a0AIR-EX-DFTX-71<\/strong><\/td>\n<td style=\"text-align: right;\"><strong>Zone 2<\/strong><\/td>\n<td style=\"text-align: right;\">7.1<\/td>\n<td style=\"text-align: right;\">8.2<\/td>\n<td style=\"text-align: right;\">24.000<\/td>\n<td style=\"text-align: right;\">290x1050x250<\/td>\n<td style=\"text-align: right;\">12<\/td>\n<td style=\"text-align: right;\">770x900x320<\/td>\n<td style=\"text-align: right;\">71<\/td>\n<\/tr>\n<\/tbody>\n<\/table>\n<p>Brosch\u00fcre herunterladen <a title=\"ATEX Air Conditioners\" href=\"https:\/\/atexxo.nl\/wp-content\/uploads\/2015\/04\/ATEX-AIRCO-SPLIT-UNIT-EX.pdf\" target=\"_blank\">ATEX Klimaanlagen<\/a><\/p>\n","protected":false},"excerpt":{"rendered":"<p>Atexxo Manufacturing BV umgewandelt Daikin explosions sicheren ATEX Splitklimager\u00e4t, f\u00fcr Zone 2 explosionsgef\u00e4hrdeten Bereichen geeignet. Die Einheiten haben W\u00e4rmepumpenfunktion sowohl f\u00fcr Heizung und K\u00fchlung integriert. Die ATEX Klimaanlagen und ATEX-Split-Ger\u00e4te sind ausgestattet mit europ\u00e4ischen genehmigten R-410A. Umwandlung in ATEX Explosions sicher steht im Einklang mit Atexxo Philosophie der exzellenten Explosionsschutz und gleichzeitig so viel Funktionen [&hellip;]<\/p>\n","protected":false},"author":1,"featured_media":1214,"parent":1170,"menu_order":1,"comment_status":"closed","ping_status":"closed","template":"","meta":{"_monsterinsights_skip_tracking":false,"_monsterinsights_sitenote_active":false,"_monsterinsights_sitenote_note":"","_monsterinsights_sitenote_category":0,"_genesis_hide_title":false,"_genesis_hide_breadcrumbs":false,"_genesis_hide_singular_image":false,"_genesis_hide_footer_widgets":false,"_genesis_custom_body_class":"","_genesis_custom_post_class":"","_genesis_layout":"","footnotes":""},"class_list":{"0":"post-1212","1":"page","2":"type-page","3":"status-publish","4":"has-post-thumbnail","6":"entry"},"yoast_head":"<!-- This site is optimized with the Yoast SEO plugin v26.8 - https:\/\/yoast.com\/product\/yoast-seo-wordpress\/ -->\n<title>ATEX Klimaanlagen - Atexxo Manufacturing<\/title>\n<meta name=\"robots\" content=\"index, follow, max-snippet:-1, max-image-preview:large, max-video-preview:-1\" \/>\n<link rel=\"canonical\" href=\"https:\/\/atexxo.nl\/de\/produkte\/atex-klimaanlagen-2\/\" \/>\n<meta property=\"og:locale\" content=\"de_DE\" \/>\n<meta property=\"og:type\" content=\"article\" \/>\n<meta property=\"og:title\" content=\"ATEX Klimaanlagen - Atexxo Manufacturing\" \/>\n<meta property=\"og:description\" content=\"Atexxo Manufacturing BV umgewandelt Daikin explosions sicheren ATEX Splitklimager\u00e4t, f\u00fcr Zone 2 explosionsgef\u00e4hrdeten Bereichen geeignet. Die Einheiten haben W\u00e4rmepumpenfunktion sowohl f\u00fcr Heizung und K\u00fchlung integriert. Die ATEX Klimaanlagen und ATEX-Split-Ger\u00e4te sind ausgestattet mit europ\u00e4ischen genehmigten R-410A. Umwandlung in ATEX Explosions sicher steht im Einklang mit Atexxo Philosophie der exzellenten Explosionsschutz und gleichzeitig so viel Funktionen [&hellip;]\" \/>\n<meta property=\"og:url\" content=\"https:\/\/atexxo.nl\/de\/produkte\/atex-klimaanlagen-2\/\" \/>\n<meta property=\"og:site_name\" content=\"Atexxo Manufacturing\" \/>\n<meta property=\"article:modified_time\" content=\"2016-01-28T11:39:37+00:00\" \/>\n<meta property=\"og:image\" content=\"https:\/\/atexxo.nl\/wp-content\/uploads\/2015\/03\/IMG_9607.jpg\" \/>\n\t<meta property=\"og:image:width\" content=\"436\" \/>\n\t<meta property=\"og:image:height\" content=\"431\" \/>\n\t<meta property=\"og:image:type\" content=\"image\/jpeg\" \/>\n<meta name=\"twitter:label1\" content=\"Gesch\u00e4tzte Lesezeit\" \/>\n\t<meta name=\"twitter:data1\" content=\"2\u00a0Minuten\" \/>\n<script type=\"application\/ld+json\" class=\"yoast-schema-graph\">{\"@context\":\"https:\/\/schema.org\",\"@graph\":[{\"@type\":\"WebPage\",\"@id\":\"https:\/\/atexxo.nl\/de\/produkte\/atex-klimaanlagen-2\/\",\"url\":\"https:\/\/atexxo.nl\/de\/produkte\/atex-klimaanlagen-2\/\",\"name\":\"ATEX Klimaanlagen - Atexxo Manufacturing\",\"isPartOf\":{\"@id\":\"https:\/\/atexxo.nl\/ru\/#website\"},\"primaryImageOfPage\":{\"@id\":\"https:\/\/atexxo.nl\/de\/produkte\/atex-klimaanlagen-2\/#primaryimage\"},\"image\":{\"@id\":\"https:\/\/atexxo.nl\/de\/produkte\/atex-klimaanlagen-2\/#primaryimage\"},\"thumbnailUrl\":\"https:\/\/atexxo.nl\/wp-content\/uploads\/2015\/03\/IMG_9607.jpg\",\"datePublished\":\"2015-09-15T13:04:59+00:00\",\"dateModified\":\"2016-01-28T11:39:37+00:00\",\"breadcrumb\":{\"@id\":\"https:\/\/atexxo.nl\/de\/produkte\/atex-klimaanlagen-2\/#breadcrumb\"},\"inLanguage\":\"de\",\"potentialAction\":[{\"@type\":\"ReadAction\",\"target\":[\"https:\/\/atexxo.nl\/de\/produkte\/atex-klimaanlagen-2\/\"]}]},{\"@type\":\"ImageObject\",\"inLanguage\":\"de\",\"@id\":\"https:\/\/atexxo.nl\/de\/produkte\/atex-klimaanlagen-2\/#primaryimage\",\"url\":\"https:\/\/atexxo.nl\/wp-content\/uploads\/2015\/03\/IMG_9607.jpg\",\"contentUrl\":\"https:\/\/atexxo.nl\/wp-content\/uploads\/2015\/03\/IMG_9607.jpg\",\"width\":436,\"height\":431},{\"@type\":\"BreadcrumbList\",\"@id\":\"https:\/\/atexxo.nl\/de\/produkte\/atex-klimaanlagen-2\/#breadcrumb\",\"itemListElement\":[{\"@type\":\"ListItem\",\"position\":1,\"name\":\"Startseite\",\"item\":\"https:\/\/atexxo.nl\/de\/\"},{\"@type\":\"ListItem\",\"position\":2,\"name\":\"Produkte\",\"item\":\"https:\/\/atexxo.nl\/de\/produkte\/\"},{\"@type\":\"ListItem\",\"position\":3,\"name\":\"ATEX Klimaanlagen\"}]},{\"@type\":\"WebSite\",\"@id\":\"https:\/\/atexxo.nl\/ru\/#website\",\"url\":\"https:\/\/atexxo.nl\/ru\/\",\"name\":\"Atexxo Manufacturing\",\"description\":\"Specialist in Atex and IECEx Solutions\",\"publisher\":{\"@id\":\"https:\/\/atexxo.nl\/ru\/#organization\"},\"potentialAction\":[{\"@type\":\"SearchAction\",\"target\":{\"@type\":\"EntryPoint\",\"urlTemplate\":\"https:\/\/atexxo.nl\/ru\/?s={search_term_string}\"},\"query-input\":{\"@type\":\"PropertyValueSpecification\",\"valueRequired\":true,\"valueName\":\"search_term_string\"}}],\"inLanguage\":\"de\"},{\"@type\":\"Organization\",\"@id\":\"https:\/\/atexxo.nl\/ru\/#organization\",\"name\":\"Atexxo Manufacturing\",\"url\":\"https:\/\/atexxo.nl\/ru\/\",\"logo\":{\"@type\":\"ImageObject\",\"inLanguage\":\"de\",\"@id\":\"https:\/\/atexxo.nl\/ru\/#\/schema\/logo\/image\/\",\"url\":\"https:\/\/atexxo.nl\/wp-content\/uploads\/2015\/04\/logo_atexxo.jpg\",\"contentUrl\":\"https:\/\/atexxo.nl\/wp-content\/uploads\/2015\/04\/logo_atexxo.jpg\",\"width\":1533,\"height\":733,\"caption\":\"Atexxo Manufacturing\"},\"image\":{\"@id\":\"https:\/\/atexxo.nl\/ru\/#\/schema\/logo\/image\/\"}}]}<\/script>\n<!-- \/ Yoast SEO plugin. -->","yoast_head_json":{"title":"ATEX Klimaanlagen - Atexxo Manufacturing","robots":{"index":"index","follow":"follow","max-snippet":"max-snippet:-1","max-image-preview":"max-image-preview:large","max-video-preview":"max-video-preview:-1"},"canonical":"https:\/\/atexxo.nl\/de\/produkte\/atex-klimaanlagen-2\/","og_locale":"de_DE","og_type":"article","og_title":"ATEX Klimaanlagen - Atexxo Manufacturing","og_description":"Atexxo Manufacturing BV umgewandelt Daikin explosions sicheren ATEX Splitklimager\u00e4t, f\u00fcr Zone 2 explosionsgef\u00e4hrdeten Bereichen geeignet. Die Einheiten haben W\u00e4rmepumpenfunktion sowohl f\u00fcr Heizung und K\u00fchlung integriert. Die ATEX Klimaanlagen und ATEX-Split-Ger\u00e4te sind ausgestattet mit europ\u00e4ischen genehmigten R-410A. Umwandlung in ATEX Explosions sicher steht im Einklang mit Atexxo Philosophie der exzellenten Explosionsschutz und gleichzeitig so viel Funktionen [&hellip;]","og_url":"https:\/\/atexxo.nl\/de\/produkte\/atex-klimaanlagen-2\/","og_site_name":"Atexxo Manufacturing","article_modified_time":"2016-01-28T11:39:37+00:00","og_image":[{"width":436,"height":431,"url":"https:\/\/atexxo.nl\/wp-content\/uploads\/2015\/03\/IMG_9607.jpg","type":"image\/jpeg"}],"twitter_misc":{"Gesch\u00e4tzte Lesezeit":"2\u00a0Minuten"},"schema":{"@context":"https:\/\/schema.org","@graph":[{"@type":"WebPage","@id":"https:\/\/atexxo.nl\/de\/produkte\/atex-klimaanlagen-2\/","url":"https:\/\/atexxo.nl\/de\/produkte\/atex-klimaanlagen-2\/","name":"ATEX Klimaanlagen - Atexxo Manufacturing","isPartOf":{"@id":"https:\/\/atexxo.nl\/ru\/#website"},"primaryImageOfPage":{"@id":"https:\/\/atexxo.nl\/de\/produkte\/atex-klimaanlagen-2\/#primaryimage"},"image":{"@id":"https:\/\/atexxo.nl\/de\/produkte\/atex-klimaanlagen-2\/#primaryimage"},"thumbnailUrl":"https:\/\/atexxo.nl\/wp-content\/uploads\/2015\/03\/IMG_9607.jpg","datePublished":"2015-09-15T13:04:59+00:00","dateModified":"2016-01-28T11:39:37+00:00","breadcrumb":{"@id":"https:\/\/atexxo.nl\/de\/produkte\/atex-klimaanlagen-2\/#breadcrumb"},"inLanguage":"de","potentialAction":[{"@type":"ReadAction","target":["https:\/\/atexxo.nl\/de\/produkte\/atex-klimaanlagen-2\/"]}]},{"@type":"ImageObject","inLanguage":"de","@id":"https:\/\/atexxo.nl\/de\/produkte\/atex-klimaanlagen-2\/#primaryimage","url":"https:\/\/atexxo.nl\/wp-content\/uploads\/2015\/03\/IMG_9607.jpg","contentUrl":"https:\/\/atexxo.nl\/wp-content\/uploads\/2015\/03\/IMG_9607.jpg","width":436,"height":431},{"@type":"BreadcrumbList","@id":"https:\/\/atexxo.nl\/de\/produkte\/atex-klimaanlagen-2\/#breadcrumb","itemListElement":[{"@type":"ListItem","position":1,"name":"Startseite","item":"https:\/\/atexxo.nl\/de\/"},{"@type":"ListItem","position":2,"name":"Produkte","item":"https:\/\/atexxo.nl\/de\/produkte\/"},{"@type":"ListItem","position":3,"name":"ATEX Klimaanlagen"}]},{"@type":"WebSite","@id":"https:\/\/atexxo.nl\/ru\/#website","url":"https:\/\/atexxo.nl\/ru\/","name":"Atexxo Manufacturing","description":"Specialist in Atex and IECEx Solutions","publisher":{"@id":"https:\/\/atexxo.nl\/ru\/#organization"},"potentialAction":[{"@type":"SearchAction","target":{"@type":"EntryPoint","urlTemplate":"https:\/\/atexxo.nl\/ru\/?s={search_term_string}"},"query-input":{"@type":"PropertyValueSpecification","valueRequired":true,"valueName":"search_term_string"}}],"inLanguage":"de"},{"@type":"Organization","@id":"https:\/\/atexxo.nl\/ru\/#organization","name":"Atexxo Manufacturing","url":"https:\/\/atexxo.nl\/ru\/","logo":{"@type":"ImageObject","inLanguage":"de","@id":"https:\/\/atexxo.nl\/ru\/#\/schema\/logo\/image\/","url":"https:\/\/atexxo.nl\/wp-content\/uploads\/2015\/04\/logo_atexxo.jpg","contentUrl":"https:\/\/atexxo.nl\/wp-content\/uploads\/2015\/04\/logo_atexxo.jpg","width":1533,"height":733,"caption":"Atexxo Manufacturing"},"image":{"@id":"https:\/\/atexxo.nl\/ru\/#\/schema\/logo\/image\/"}}]}},"rttpg_featured_image_url":{"full":["https:\/\/atexxo.nl\/wp-content\/uploads\/2015\/03\/IMG_9607.jpg",436,431,false],"landscape":["https:\/\/atexxo.nl\/wp-content\/uploads\/2015\/03\/IMG_9607.jpg",436,431,false],"portraits":["https:\/\/atexxo.nl\/wp-content\/uploads\/2015\/03\/IMG_9607.jpg",436,431,false],"thumbnail":["https:\/\/atexxo.nl\/wp-content\/uploads\/2015\/03\/IMG_9607-150x150.jpg",150,150,true],"medium":["https:\/\/atexxo.nl\/wp-content\/uploads\/2015\/03\/IMG_9607-300x297.jpg",300,297,true],"large":["https:\/\/atexxo.nl\/wp-content\/uploads\/2015\/03\/IMG_9607.jpg",436,431,false],"1536x1536":["https:\/\/atexxo.nl\/wp-content\/uploads\/2015\/03\/IMG_9607.jpg",436,431,false],"2048x2048":["https:\/\/atexxo.nl\/wp-content\/uploads\/2015\/03\/IMG_9607.jpg",436,431,false]},"rttpg_author":{"display_name":"adatex","author_link":"https:\/\/atexxo.nl\/de\/author\/adatex\/"},"rttpg_comment":0,"rttpg_category":false,"rttpg_excerpt":"Atexxo Manufacturing BV umgewandelt Daikin explosions sicheren ATEX Splitklimager\u00e4t, f\u00fcr Zone 2 explosionsgef\u00e4hrdeten Bereichen geeignet. Die Einheiten haben W\u00e4rmepumpenfunktion sowohl f\u00fcr Heizung und K\u00fchlung integriert. Die ATEX Klimaanlagen und ATEX-Split-Ger\u00e4te sind ausgestattet mit europ\u00e4ischen genehmigten R-410A. Umwandlung in ATEX Explosions sicher steht im Einklang mit Atexxo Philosophie der exzellenten Explosionsschutz und gleichzeitig so viel Funktionen&hellip;","_links":{"self":[{"href":"https:\/\/atexxo.nl\/de\/wp-json\/wp\/v2\/pages\/1212","targetHints":{"allow":["GET"]}}],"collection":[{"href":"https:\/\/atexxo.nl\/de\/wp-json\/wp\/v2\/pages"}],"about":[{"href":"https:\/\/atexxo.nl\/de\/wp-json\/wp\/v2\/types\/page"}],"author":[{"embeddable":true,"href":"https:\/\/atexxo.nl\/de\/wp-json\/wp\/v2\/users\/1"}],"replies":[{"embeddable":true,"href":"https:\/\/atexxo.nl\/de\/wp-json\/wp\/v2\/comments?post=1212"}],"version-history":[{"count":0,"href":"https:\/\/atexxo.nl\/de\/wp-json\/wp\/v2\/pages\/1212\/revisions"}],"up":[{"embeddable":true,"href":"https:\/\/atexxo.nl\/de\/wp-json\/wp\/v2\/pages\/1170"}],"wp:featuredmedia":[{"embeddable":true,"href":"https:\/\/atexxo.nl\/de\/wp-json\/wp\/v2\/media\/1214"}],"wp:attachment":[{"href":"https:\/\/atexxo.nl\/de\/wp-json\/wp\/v2\/media?parent=1212"}],"curies":[{"name":"wp","href":"https:\/\/api.w.org\/{rel}","templated":true}]}}