{"id":1206,"date":"2015-09-15T14:04:31","date_gmt":"2015-09-15T13:04:31","guid":{"rendered":"https:\/\/atexxo.nl\/?page_id=1206"},"modified":"2018-01-12T15:38:01","modified_gmt":"2018-01-12T14:38:01","slug":"explosionsschutz-iphone-6-2","status":"publish","type":"page","link":"https:\/\/atexxo.nl\/de\/produkte\/ex-proof-smart-phones\/explosionsschutz-iphone-6-2\/","title":{"rendered":"Explosionsschutz iPhone 6"},"content":{"rendered":"<p><a href=\"https:\/\/atexxo.nl\/wp-content\/uploads\/explosion_proof_atex_iphone_6_2.jpg\"><img loading=\"lazy\" decoding=\"async\" class=\"alignnone size-full wp-image-1208\" src=\"https:\/\/atexxo.nl\/wp-content\/uploads\/explosion_proof_atex_iphone_6_2.jpg\" alt=\"Explosionsschutz atex iphone_6_2\" width=\"872\" height=\"350\" srcset=\"https:\/\/atexxo.nl\/wp-content\/uploads\/explosion_proof_atex_iphone_6_2.jpg 872w, https:\/\/atexxo.nl\/wp-content\/uploads\/explosion_proof_atex_iphone_6_2-300x120.jpg 300w\" sizes=\"auto, (max-width: 872px) 100vw, 872px\" \/><\/a><strong>Explosionsgesch\u00fctztes iPhone 6 s f\u00fcr Zone 2<\/strong><\/p>\n<p>&nbsp;<\/p>\n<p>Das weltweit bekannteste Mobiltelefon ist jetzt f\u00fcr den Ex-Bereich verf\u00fcgbar. Die eigensicheren iPhone werden original von Fa. Apple gefertigt und von Atexxo Manufacturing B.V. gem. den geltenden ATEX-Bestimmungen umger\u00fcstet. Damit k\u00f6nnen Sie sicher in der Zone 2 (Gas und Dunst) des Ex-Bereiches eingesetzt werden.<br \/>\nDie \u00dcbereinstimmung mit den ATEX-Bestimmungen wird sowohl durch ein Redesign der Schaltung, als auch durch eine Modifikation des Geh\u00e4uses erzielt. Die eigensichere Schaltung des iPhone erm\u00f6glicht die sichere Verwendung im Ex-Bereich unter Beibehaltung nahezu aller Funktionen des originalen Ger\u00e4tes.<\/p>\n<p>Das ATEX-iPhone 6s wird mit einer schwarzen Oberfl\u00e4che ausgeliefert und ist in den Ausf\u00fchrungen 16GB, 64GB und 128 GB verf\u00fcgbar.<\/p>\n<p>In speziellen F\u00e4llen kann auch kundenseitig ein originales iPhone an Atexxo zum Zwecke des Umbaus geschickt werden, selbst wenn das Ger\u00e4t bereits in Gebrauch war.<\/p>\n<p><strong>Kosteng\u00fcnstige ATEX-iPhones f\u00fcr Zone 2.<\/strong><\/p>\n<table>\n<tbody>\n<tr>\n<td width=\"187\">Explosionsschutz<\/td>\n<td width=\"236\">II 3G ; Ex ic IIC T4 Gc<\/td>\n<\/tr>\n<\/tbody>\n<\/table>\n<p>[bscolumns class=&#8220;one_half&#8220;]<\/p>\n<h3>Vorteile:<\/h3>\n<ul>\n<li>Ultra Slim Design<\/li>\n<li>Neuesten Modelle, Atex zertifiziert<\/li>\n<li>schnelle Lieferung\\<\/li>\n<li>Eigensichere Ausf\u00fchrung<\/li>\n<li>ATEX Zone 2<\/li>\n<li>Schutzart (IP) und Wirkung getestet<\/li>\n<\/ul>\n<p>[\/bscolumns][bscolumns class=&#8220;one_half_last_clear&#8220;]<\/p>\n<h3>Anwendungen:<\/h3>\n<ul>\n<li>Petro (chemischen) Pflanzen<\/li>\n<li>Offshore-Umgebungen<\/li>\n<li>Lebensmittel \/ Papierindustrie<\/li>\n<li>Milit\u00e4rzonen<\/li>\n<li>raue Umgebungen<\/li>\n<\/ul>\n<p>[\/bscolumns][bscolumns class=&#8220;clear&#8220;][\/bscolumns]<\/p>\n<h2>Umbau verschiedener Marken m\u00f6glich<\/h2>\n<p>Atexxo Manufacturing B.V. erm\u00f6glicht ebenso die Umr\u00fcstung von Ger\u00e4ten bekannter Hersteller wie Samsung, Nokia, Motorola etc. Bitte sprechen Sie uns hierzu an !<a href=\"https:\/\/atexxo.nl\/wp-content\/uploads\/explosion_proof_apple_iphone6_atex_logo.jpg\"><img loading=\"lazy\" decoding=\"async\" class=\"alignnone wp-image-1057\" src=\"https:\/\/atexxo.nl\/wp-content\/uploads\/explosion_proof_apple_iphone6_atex_logo.jpg\" alt=\"explosion_proof_apple_iphone6_atex_logo\" width=\"127\" height=\"170\" \/><\/a><a href=\"https:\/\/atexxo.nl\/wp-content\/uploads\/atex_explosion_proof_Samsung_galaxy_s6.png\"><img loading=\"lazy\" decoding=\"async\" class=\"alignnone wp-image-1055\" src=\"https:\/\/atexxo.nl\/wp-content\/uploads\/atex_explosion_proof_Samsung_galaxy_s6.png\" alt=\"atex_explosion_proof_Samsung_galaxy_s6\" width=\"231\" height=\"152\" \/><\/a><\/p>\n<h3>Technische Information<\/h3>\n<table>\n<tbody>\n<tr>\n<td style=\"width: 150px;\"><strong>\u00a0<\/strong><\/td>\n<td><\/td>\n<\/tr>\n<tr>\n<td><strong>Spannung<\/strong>:<\/td>\n<td>100-240 Volt<\/td>\n<\/tr>\n<tr>\n<td><strong>Frequenz<\/strong><\/td>\n<td>50\/60 Hz<\/td>\n<\/tr>\n<tr>\n<td><strong>Farbe<\/strong><\/td>\n<td>black<\/td>\n<\/tr>\n<tr>\n<td><strong>Abmessungen<\/strong><\/td>\n<td>80x152x14 mm<\/td>\n<\/tr>\n<tr>\n<td><strong>ATEX:<\/strong><\/td>\n<td>Zone 2, II 3G; ic IIC T4 Gc<\/td>\n<\/tr>\n<\/tbody>\n<\/table>\n<h2>Bestellinformationen<\/h2>\n<p>Bitte beachten Sie, dass die optische Erscheinung und Spezifikationen k\u00f6nnen sich \u00e4ndern, weil weiterhin Produkt-Updates sein.<\/p>\n<table style=\"height: 422px;\" width=\"689\">\n<tbody>\n<tr>\n<td width=\"196\"><strong>ATEX iPhone 6 Atexxo Manufacturing B.V.<\/strong><strong>Bestellnummer<\/strong><\/td>\n<td width=\"131\"><strong>Atex Zone<\/strong><\/td>\n<td width=\"123\"><strong>Lagerkapazit\u00e4t<\/strong><\/td>\n<td width=\"124\"><strong>Abmessungen<\/strong><\/td>\n<\/tr>\n<tr>\n<td width=\"236\"><\/td>\n<td width=\"66\"><\/td>\n<td width=\"236\"><\/td>\n<td width=\"123\"><\/td>\n<\/tr>\n<tr>\n<td width=\"236\"><strong>MOB-EX-IPH6-16           (incl iphone 6)<\/strong><\/td>\n<td width=\"66\"><strong>Zone 2<\/strong><\/td>\n<td width=\"236\">Iphone 6- 16Gb<\/td>\n<td width=\"123\">80 x 152 x 14 mm<\/td>\n<\/tr>\n<tr>\n<td width=\"236\"><strong>MOB-EX-IPH6-64           (incl iphone 6)<\/strong><\/td>\n<td width=\"66\"><strong>Zone 2<\/strong><\/td>\n<td width=\"236\">Iphone 6- 64Gb<\/td>\n<td width=\"123\">80 x 152 x 14 mm<\/td>\n<\/tr>\n<tr>\n<td width=\"236\"><strong>MOB-EX-IPH6-128        (incl iphone 6)<\/strong><\/td>\n<td width=\"66\"><strong>Zone 2<\/strong><\/td>\n<td width=\"236\">Iphone 6- 128Gb<\/td>\n<td width=\"123\">80 x 152 x 14 mm<\/td>\n<\/tr>\n<tr>\n<td width=\"236\"><strong>MOB-EX-IPH6-S-16     (incl iphone 6S)<\/strong><\/td>\n<td width=\"66\"><strong>Zone 2<\/strong><\/td>\n<td width=\"236\">Iphone 6S- 16Gb<\/td>\n<td width=\"123\">80 x 152 x 14 mm<\/td>\n<\/tr>\n<tr>\n<td width=\"236\"><strong>MOB-EX-IPH6-S-64     (incl iphone 6S)<\/strong><\/td>\n<td width=\"66\"><strong>Zone 2<\/strong><\/td>\n<td width=\"236\">Iphone 6S- 64Gb<\/td>\n<td width=\"123\">80 x 152 x 14 mm<\/td>\n<\/tr>\n<tr>\n<td width=\"236\"><strong>MOB-EX-IPH6-S-128   (incl iphone 6S)<\/strong><\/td>\n<td width=\"66\"><strong>Zone 2<\/strong><\/td>\n<td width=\"236\">Iphone 6S- 128Gb<\/td>\n<td width=\"123\">80 x 152 x 14 mm<\/td>\n<\/tr>\n<tr>\n<td width=\"236\"><strong>MOB-EX-IPH6*<\/strong><\/td>\n<td width=\"66\"><strong>Zone 2<\/strong><\/td>\n<td width=\"236\">*Send over your existing<br \/>\niphone for conversion &amp; certification<\/td>\n<td width=\"123\">80 x 152 x 14 mm<\/td>\n<\/tr>\n<\/tbody>\n<\/table>\n<p>&nbsp;<\/p>\n","protected":false},"excerpt":{"rendered":"<p>Explosionsgesch\u00fctztes iPhone 6 s f\u00fcr Zone 2 &nbsp; Das weltweit bekannteste Mobiltelefon ist jetzt f\u00fcr den Ex-Bereich verf\u00fcgbar. Die eigensicheren iPhone werden original von Fa. Apple gefertigt und von Atexxo Manufacturing B.V. gem. den geltenden ATEX-Bestimmungen umger\u00fcstet. Damit k\u00f6nnen Sie sicher in der Zone 2 (Gas und Dunst) des Ex-Bereiches eingesetzt werden. Die \u00dcbereinstimmung mit [&hellip;]<\/p>\n","protected":false},"author":1,"featured_media":1211,"parent":3919,"menu_order":18,"comment_status":"closed","ping_status":"closed","template":"","meta":{"_monsterinsights_skip_tracking":false,"_monsterinsights_sitenote_active":false,"_monsterinsights_sitenote_note":"","_monsterinsights_sitenote_category":0,"_genesis_hide_title":false,"_genesis_hide_breadcrumbs":false,"_genesis_hide_singular_image":false,"_genesis_hide_footer_widgets":false,"_genesis_custom_body_class":"","_genesis_custom_post_class":"","_genesis_layout":"","footnotes":""},"class_list":{"0":"post-1206","1":"page","2":"type-page","3":"status-publish","4":"has-post-thumbnail","6":"entry"},"yoast_head":"<!-- This site is optimized with the Yoast SEO plugin v26.8 - https:\/\/yoast.com\/product\/yoast-seo-wordpress\/ -->\n<title>Explosionsschutz iPhone 6 - Atexxo Manufacturing<\/title>\n<meta name=\"robots\" content=\"index, follow, max-snippet:-1, max-image-preview:large, max-video-preview:-1\" \/>\n<link rel=\"canonical\" href=\"https:\/\/atexxo.nl\/de\/produkte\/ex-proof-smart-phones\/explosionsschutz-iphone-6-2\/\" \/>\n<meta property=\"og:locale\" content=\"de_DE\" \/>\n<meta property=\"og:type\" content=\"article\" \/>\n<meta property=\"og:title\" content=\"Explosionsschutz iPhone 6 - Atexxo Manufacturing\" \/>\n<meta property=\"og:description\" content=\"Explosionsgesch\u00fctztes iPhone 6 s f\u00fcr Zone 2 &nbsp; Das weltweit bekannteste Mobiltelefon ist jetzt f\u00fcr den Ex-Bereich verf\u00fcgbar. Die eigensicheren iPhone werden original von Fa. Apple gefertigt und von Atexxo Manufacturing B.V. gem. den geltenden ATEX-Bestimmungen umger\u00fcstet. Damit k\u00f6nnen Sie sicher in der Zone 2 (Gas und Dunst) des Ex-Bereiches eingesetzt werden. Die \u00dcbereinstimmung mit [&hellip;]\" \/>\n<meta property=\"og:url\" content=\"https:\/\/atexxo.nl\/de\/produkte\/ex-proof-smart-phones\/explosionsschutz-iphone-6-2\/\" \/>\n<meta property=\"og:site_name\" content=\"Atexxo Manufacturing\" \/>\n<meta property=\"article:modified_time\" content=\"2018-01-12T14:38:01+00:00\" \/>\n<meta property=\"og:image\" content=\"https:\/\/atexxo.nl\/wp-content\/uploads\/explosion_proof_atex_iphone_6.jpg\" \/>\n\t<meta property=\"og:image:width\" content=\"472\" \/>\n\t<meta property=\"og:image:height\" content=\"370\" \/>\n\t<meta property=\"og:image:type\" content=\"image\/jpeg\" \/>\n<meta name=\"twitter:label1\" content=\"Gesch\u00e4tzte Lesezeit\" \/>\n\t<meta name=\"twitter:data1\" content=\"2\u00a0Minuten\" \/>\n<script type=\"application\/ld+json\" class=\"yoast-schema-graph\">{\"@context\":\"https:\/\/schema.org\",\"@graph\":[{\"@type\":\"WebPage\",\"@id\":\"https:\/\/atexxo.nl\/de\/produkte\/ex-proof-smart-phones\/explosionsschutz-iphone-6-2\/\",\"url\":\"https:\/\/atexxo.nl\/de\/produkte\/ex-proof-smart-phones\/explosionsschutz-iphone-6-2\/\",\"name\":\"Explosionsschutz iPhone 6 - Atexxo Manufacturing\",\"isPartOf\":{\"@id\":\"https:\/\/atexxo.nl\/ru\/#website\"},\"primaryImageOfPage\":{\"@id\":\"https:\/\/atexxo.nl\/de\/produkte\/ex-proof-smart-phones\/explosionsschutz-iphone-6-2\/#primaryimage\"},\"image\":{\"@id\":\"https:\/\/atexxo.nl\/de\/produkte\/ex-proof-smart-phones\/explosionsschutz-iphone-6-2\/#primaryimage\"},\"thumbnailUrl\":\"https:\/\/atexxo.nl\/wp-content\/uploads\/explosion_proof_atex_iphone_6.jpg\",\"datePublished\":\"2015-09-15T13:04:31+00:00\",\"dateModified\":\"2018-01-12T14:38:01+00:00\",\"breadcrumb\":{\"@id\":\"https:\/\/atexxo.nl\/de\/produkte\/ex-proof-smart-phones\/explosionsschutz-iphone-6-2\/#breadcrumb\"},\"inLanguage\":\"de\",\"potentialAction\":[{\"@type\":\"ReadAction\",\"target\":[\"https:\/\/atexxo.nl\/de\/produkte\/ex-proof-smart-phones\/explosionsschutz-iphone-6-2\/\"]}]},{\"@type\":\"ImageObject\",\"inLanguage\":\"de\",\"@id\":\"https:\/\/atexxo.nl\/de\/produkte\/ex-proof-smart-phones\/explosionsschutz-iphone-6-2\/#primaryimage\",\"url\":\"https:\/\/atexxo.nl\/wp-content\/uploads\/explosion_proof_atex_iphone_6.jpg\",\"contentUrl\":\"https:\/\/atexxo.nl\/wp-content\/uploads\/explosion_proof_atex_iphone_6.jpg\",\"width\":472,\"height\":370},{\"@type\":\"BreadcrumbList\",\"@id\":\"https:\/\/atexxo.nl\/de\/produkte\/ex-proof-smart-phones\/explosionsschutz-iphone-6-2\/#breadcrumb\",\"itemListElement\":[{\"@type\":\"ListItem\",\"position\":1,\"name\":\"Startseite\",\"item\":\"https:\/\/atexxo.nl\/de\/\"},{\"@type\":\"ListItem\",\"position\":2,\"name\":\"Produkte\",\"item\":\"https:\/\/atexxo.nl\/de\/produkte\/\"},{\"@type\":\"ListItem\",\"position\":3,\"name\":\"EX Proof Smart Phones\",\"item\":\"https:\/\/atexxo.nl\/de\/produkte\/ex-proof-smart-phones\/\"},{\"@type\":\"ListItem\",\"position\":4,\"name\":\"Explosionsschutz iPhone 6\"}]},{\"@type\":\"WebSite\",\"@id\":\"https:\/\/atexxo.nl\/ru\/#website\",\"url\":\"https:\/\/atexxo.nl\/ru\/\",\"name\":\"Atexxo Manufacturing\",\"description\":\"Specialist in Atex and IECEx Solutions\",\"publisher\":{\"@id\":\"https:\/\/atexxo.nl\/ru\/#organization\"},\"potentialAction\":[{\"@type\":\"SearchAction\",\"target\":{\"@type\":\"EntryPoint\",\"urlTemplate\":\"https:\/\/atexxo.nl\/ru\/?s={search_term_string}\"},\"query-input\":{\"@type\":\"PropertyValueSpecification\",\"valueRequired\":true,\"valueName\":\"search_term_string\"}}],\"inLanguage\":\"de\"},{\"@type\":\"Organization\",\"@id\":\"https:\/\/atexxo.nl\/ru\/#organization\",\"name\":\"Atexxo Manufacturing\",\"url\":\"https:\/\/atexxo.nl\/ru\/\",\"logo\":{\"@type\":\"ImageObject\",\"inLanguage\":\"de\",\"@id\":\"https:\/\/atexxo.nl\/ru\/#\/schema\/logo\/image\/\",\"url\":\"https:\/\/atexxo.nl\/wp-content\/uploads\/2015\/04\/logo_atexxo.jpg\",\"contentUrl\":\"https:\/\/atexxo.nl\/wp-content\/uploads\/2015\/04\/logo_atexxo.jpg\",\"width\":1533,\"height\":733,\"caption\":\"Atexxo Manufacturing\"},\"image\":{\"@id\":\"https:\/\/atexxo.nl\/ru\/#\/schema\/logo\/image\/\"}}]}<\/script>\n<!-- \/ Yoast SEO plugin. -->","yoast_head_json":{"title":"Explosionsschutz iPhone 6 - Atexxo Manufacturing","robots":{"index":"index","follow":"follow","max-snippet":"max-snippet:-1","max-image-preview":"max-image-preview:large","max-video-preview":"max-video-preview:-1"},"canonical":"https:\/\/atexxo.nl\/de\/produkte\/ex-proof-smart-phones\/explosionsschutz-iphone-6-2\/","og_locale":"de_DE","og_type":"article","og_title":"Explosionsschutz iPhone 6 - Atexxo Manufacturing","og_description":"Explosionsgesch\u00fctztes iPhone 6 s f\u00fcr Zone 2 &nbsp; Das weltweit bekannteste Mobiltelefon ist jetzt f\u00fcr den Ex-Bereich verf\u00fcgbar. Die eigensicheren iPhone werden original von Fa. Apple gefertigt und von Atexxo Manufacturing B.V. gem. den geltenden ATEX-Bestimmungen umger\u00fcstet. Damit k\u00f6nnen Sie sicher in der Zone 2 (Gas und Dunst) des Ex-Bereiches eingesetzt werden. Die \u00dcbereinstimmung mit [&hellip;]","og_url":"https:\/\/atexxo.nl\/de\/produkte\/ex-proof-smart-phones\/explosionsschutz-iphone-6-2\/","og_site_name":"Atexxo Manufacturing","article_modified_time":"2018-01-12T14:38:01+00:00","og_image":[{"width":472,"height":370,"url":"https:\/\/atexxo.nl\/wp-content\/uploads\/explosion_proof_atex_iphone_6.jpg","type":"image\/jpeg"}],"twitter_misc":{"Gesch\u00e4tzte Lesezeit":"2\u00a0Minuten"},"schema":{"@context":"https:\/\/schema.org","@graph":[{"@type":"WebPage","@id":"https:\/\/atexxo.nl\/de\/produkte\/ex-proof-smart-phones\/explosionsschutz-iphone-6-2\/","url":"https:\/\/atexxo.nl\/de\/produkte\/ex-proof-smart-phones\/explosionsschutz-iphone-6-2\/","name":"Explosionsschutz iPhone 6 - Atexxo Manufacturing","isPartOf":{"@id":"https:\/\/atexxo.nl\/ru\/#website"},"primaryImageOfPage":{"@id":"https:\/\/atexxo.nl\/de\/produkte\/ex-proof-smart-phones\/explosionsschutz-iphone-6-2\/#primaryimage"},"image":{"@id":"https:\/\/atexxo.nl\/de\/produkte\/ex-proof-smart-phones\/explosionsschutz-iphone-6-2\/#primaryimage"},"thumbnailUrl":"https:\/\/atexxo.nl\/wp-content\/uploads\/explosion_proof_atex_iphone_6.jpg","datePublished":"2015-09-15T13:04:31+00:00","dateModified":"2018-01-12T14:38:01+00:00","breadcrumb":{"@id":"https:\/\/atexxo.nl\/de\/produkte\/ex-proof-smart-phones\/explosionsschutz-iphone-6-2\/#breadcrumb"},"inLanguage":"de","potentialAction":[{"@type":"ReadAction","target":["https:\/\/atexxo.nl\/de\/produkte\/ex-proof-smart-phones\/explosionsschutz-iphone-6-2\/"]}]},{"@type":"ImageObject","inLanguage":"de","@id":"https:\/\/atexxo.nl\/de\/produkte\/ex-proof-smart-phones\/explosionsschutz-iphone-6-2\/#primaryimage","url":"https:\/\/atexxo.nl\/wp-content\/uploads\/explosion_proof_atex_iphone_6.jpg","contentUrl":"https:\/\/atexxo.nl\/wp-content\/uploads\/explosion_proof_atex_iphone_6.jpg","width":472,"height":370},{"@type":"BreadcrumbList","@id":"https:\/\/atexxo.nl\/de\/produkte\/ex-proof-smart-phones\/explosionsschutz-iphone-6-2\/#breadcrumb","itemListElement":[{"@type":"ListItem","position":1,"name":"Startseite","item":"https:\/\/atexxo.nl\/de\/"},{"@type":"ListItem","position":2,"name":"Produkte","item":"https:\/\/atexxo.nl\/de\/produkte\/"},{"@type":"ListItem","position":3,"name":"EX Proof Smart Phones","item":"https:\/\/atexxo.nl\/de\/produkte\/ex-proof-smart-phones\/"},{"@type":"ListItem","position":4,"name":"Explosionsschutz iPhone 6"}]},{"@type":"WebSite","@id":"https:\/\/atexxo.nl\/ru\/#website","url":"https:\/\/atexxo.nl\/ru\/","name":"Atexxo Manufacturing","description":"Specialist in Atex and IECEx Solutions","publisher":{"@id":"https:\/\/atexxo.nl\/ru\/#organization"},"potentialAction":[{"@type":"SearchAction","target":{"@type":"EntryPoint","urlTemplate":"https:\/\/atexxo.nl\/ru\/?s={search_term_string}"},"query-input":{"@type":"PropertyValueSpecification","valueRequired":true,"valueName":"search_term_string"}}],"inLanguage":"de"},{"@type":"Organization","@id":"https:\/\/atexxo.nl\/ru\/#organization","name":"Atexxo Manufacturing","url":"https:\/\/atexxo.nl\/ru\/","logo":{"@type":"ImageObject","inLanguage":"de","@id":"https:\/\/atexxo.nl\/ru\/#\/schema\/logo\/image\/","url":"https:\/\/atexxo.nl\/wp-content\/uploads\/2015\/04\/logo_atexxo.jpg","contentUrl":"https:\/\/atexxo.nl\/wp-content\/uploads\/2015\/04\/logo_atexxo.jpg","width":1533,"height":733,"caption":"Atexxo Manufacturing"},"image":{"@id":"https:\/\/atexxo.nl\/ru\/#\/schema\/logo\/image\/"}}]}},"rttpg_featured_image_url":{"full":["https:\/\/atexxo.nl\/wp-content\/uploads\/explosion_proof_atex_iphone_6.jpg",472,370,false],"landscape":["https:\/\/atexxo.nl\/wp-content\/uploads\/explosion_proof_atex_iphone_6.jpg",472,370,false],"portraits":["https:\/\/atexxo.nl\/wp-content\/uploads\/explosion_proof_atex_iphone_6.jpg",472,370,false],"thumbnail":["https:\/\/atexxo.nl\/wp-content\/uploads\/explosion_proof_atex_iphone_6-150x150.jpg",150,150,true],"medium":["https:\/\/atexxo.nl\/wp-content\/uploads\/explosion_proof_atex_iphone_6-300x235.jpg",300,235,true],"large":["https:\/\/atexxo.nl\/wp-content\/uploads\/explosion_proof_atex_iphone_6.jpg",472,370,false],"1536x1536":["https:\/\/atexxo.nl\/wp-content\/uploads\/explosion_proof_atex_iphone_6.jpg",472,370,false],"2048x2048":["https:\/\/atexxo.nl\/wp-content\/uploads\/explosion_proof_atex_iphone_6.jpg",472,370,false]},"rttpg_author":{"display_name":"adatex","author_link":"https:\/\/atexxo.nl\/de\/author\/adatex\/"},"rttpg_comment":0,"rttpg_category":" <a href=\"https:\/\/atexxo.nl\/de\/?taxonomy=translation_priority&#038;term=optional-de\" rel=\"tag\">Optional<\/a>","rttpg_excerpt":"Explosionsgesch\u00fctztes iPhone 6 s f\u00fcr Zone 2 &nbsp; Das weltweit bekannteste Mobiltelefon ist jetzt f\u00fcr den Ex-Bereich verf\u00fcgbar. Die eigensicheren iPhone werden original von Fa. Apple gefertigt und von Atexxo Manufacturing B.V. gem. den geltenden ATEX-Bestimmungen umger\u00fcstet. Damit k\u00f6nnen Sie sicher in der Zone 2 (Gas und Dunst) des Ex-Bereiches eingesetzt werden. Die \u00dcbereinstimmung mit&hellip;","_links":{"self":[{"href":"https:\/\/atexxo.nl\/de\/wp-json\/wp\/v2\/pages\/1206","targetHints":{"allow":["GET"]}}],"collection":[{"href":"https:\/\/atexxo.nl\/de\/wp-json\/wp\/v2\/pages"}],"about":[{"href":"https:\/\/atexxo.nl\/de\/wp-json\/wp\/v2\/types\/page"}],"author":[{"embeddable":true,"href":"https:\/\/atexxo.nl\/de\/wp-json\/wp\/v2\/users\/1"}],"replies":[{"embeddable":true,"href":"https:\/\/atexxo.nl\/de\/wp-json\/wp\/v2\/comments?post=1206"}],"version-history":[{"count":0,"href":"https:\/\/atexxo.nl\/de\/wp-json\/wp\/v2\/pages\/1206\/revisions"}],"up":[{"embeddable":true,"href":"https:\/\/atexxo.nl\/de\/wp-json\/wp\/v2\/pages\/3919"}],"wp:featuredmedia":[{"embeddable":true,"href":"https:\/\/atexxo.nl\/de\/wp-json\/wp\/v2\/media\/1211"}],"wp:attachment":[{"href":"https:\/\/atexxo.nl\/de\/wp-json\/wp\/v2\/media?parent=1206"}],"curies":[{"name":"wp","href":"https:\/\/api.w.org\/{rel}","templated":true}]}}