{"id":1204,"date":"2015-09-15T14:04:08","date_gmt":"2015-09-15T13:04:08","guid":{"rendered":"https:\/\/atexxo.nl\/?page_id=1204"},"modified":"2015-10-02T13:22:44","modified_gmt":"2015-10-02T12:22:44","slug":"explosion-proof-air-conditioning-2","status":"publish","type":"page","link":"https:\/\/atexxo.nl\/de\/explosion-proof-air-conditioning-2\/","title":{"rendered":"Explosionsgesch\u00fctzte Klimaanlage"},"content":{"rendered":"<p><span id=\"result_box\" class=\"\" lang=\"de\"><span title=\"When looking for an explosion proof air conditioning unit you choose Atexxo.\">Bei der Suche nach einer explosionsgesch\u00fctzten Klimaanlage Sie\u00a0w\u00e4hlen Atexxo. <\/span><span title=\"Our company supplies products all over the world.\">Unsere Firma liefert Produkte auf der ganzen Welt. <\/span><span title=\"We offer high quality products, Our explosion proof air conditioning units comply with the demands of the European Directive 94\/9\/EC (ATEX 95).\">Wir bieten qualitativ hochwertige Produkte, Unsere explosionsgesch\u00fctzte Klimaanlagen mit den Anforderungen der Europ\u00e4ischen Richtlinie 94\/9 \/ EG (ATEX 95) entsprechen. <\/span><span title=\"Our products are suitable for Zone 2 hazardous locations.\">Unsere Produkte eignen sich f\u00fcr die Zone 2 Ex. <\/span><span title=\"Atexxo Manufacturing is an innovative company specializing in custom made batches or single product.\">Atexxo Fertigung ist ein innovatives Unternehmen, spezialisiert auf ma\u00dfgeschneiderte Chargen oder einzelne Produkt.<\/span><\/span><\/p>\n<div id=\"gt-res-content\" class=\"almost_half_cell\">\n<div dir=\"ltr\"><span id=\"result_box\" class=\"\" lang=\"de\"><span title=\"Read more Choosing for Atexxo when looking for an explosion proof air conditioning When you are looking for an explosion proof air conditioning you should choose for Atexxo Manufacturing!\">vorgew\u00e4hlt Ihnen f\u00fcr Atexxo bei der Suche nach einer explosionsgesch\u00fctzten Klimaanlage Wenn Sie sich f\u00fcr eine explosionsgesch\u00fctzte Klimaanlagen sollten Sie f\u00fcr Atexxo Fertigungs w\u00e4hlen Sie suchen! <\/span><span title=\"Read about the reasons to do so below: - We are European market leader in this field.\">Lesen Sie \u00fcber die Gr\u00fcnde, dies zu tun unten: &#8211; Wir sind europ\u00e4ischer Marktf\u00fchrer in diesem Bereich. <\/span><span title=\"- We are innovative and hold a high customer satisfaction rate.\">&#8211; Wir sind innovativ und halten eine hohe Kundenzufriedenheit. <\/span><span title=\"- Years of experience with the development of explosion proof products.\">&#8211; Die langj\u00e4hrige Erfahrung mit der Entwicklung von explosionsgesch\u00fctzten Produkten. <\/span><span title=\"- Maintain nearly all features of the original products.\">&#8211; Pflegen Sie fast alle Funktionen der Originalprodukte. <\/span><span title=\"Contact We are happy to inform you further about an explosion proof air conditioning.\">Kontakt Wir freuen uns, Sie weiter zu einer explosionsgesch\u00fctzten Klimaanlage zu informieren. <\/span><span title=\"You can contact us by calling phone number +31 (0)186 601299. Or fill out our contact form.\">Sie erreichen uns \u00fcber die Telefonnummer <strong>+31 (0) 186 601299<\/strong>. Kontakt oder f\u00fcllen Sie das <a href=\"https:\/\/atexxo.nl\/de\/contact-2\/\">Kontaktformular<\/a>. <\/span><span title=\"Our visiting address is: Einsteinstraat 13 3281 NJ Numansdorp The Netherlands\">Unsere Besucheradresse ist: Einsteinstraat 13 3281 NJ Numansdorp Niederlande<\/span><\/span><\/div>\n<\/div>\n","protected":false},"excerpt":{"rendered":"<p>Bei der Suche nach einer explosionsgesch\u00fctzten Klimaanlage Sie\u00a0w\u00e4hlen Atexxo. Unsere Firma liefert Produkte auf der ganzen Welt. Wir bieten qualitativ hochwertige Produkte, Unsere explosionsgesch\u00fctzte Klimaanlagen mit den Anforderungen der Europ\u00e4ischen Richtlinie 94\/9 \/ EG (ATEX 95) entsprechen. Unsere Produkte eignen sich f\u00fcr die Zone 2 Ex. Atexxo Fertigung ist ein innovatives Unternehmen, spezialisiert auf ma\u00dfgeschneiderte [&hellip;]<\/p>\n","protected":false},"author":1,"featured_media":0,"parent":0,"menu_order":0,"comment_status":"closed","ping_status":"closed","template":"","meta":{"_monsterinsights_skip_tracking":false,"_monsterinsights_sitenote_active":false,"_monsterinsights_sitenote_note":"","_monsterinsights_sitenote_category":0,"_genesis_hide_title":false,"_genesis_hide_breadcrumbs":false,"_genesis_hide_singular_image":false,"_genesis_hide_footer_widgets":false,"_genesis_custom_body_class":"","_genesis_custom_post_class":"","_genesis_layout":"","footnotes":""},"class_list":{"0":"post-1204","1":"page","2":"type-page","3":"status-publish","5":"entry"},"yoast_head":"<!-- This site is optimized with the Yoast SEO plugin v26.8 - https:\/\/yoast.com\/product\/yoast-seo-wordpress\/ -->\n<title>Explosionsgesch\u00fctzte Klimaanlage - Atexxo Manufacturing<\/title>\n<meta name=\"robots\" content=\"index, follow, max-snippet:-1, max-image-preview:large, max-video-preview:-1\" \/>\n<link rel=\"canonical\" href=\"https:\/\/atexxo.nl\/de\/explosion-proof-air-conditioning-2\/\" \/>\n<meta property=\"og:locale\" content=\"de_DE\" \/>\n<meta property=\"og:type\" content=\"article\" \/>\n<meta property=\"og:title\" content=\"Explosionsgesch\u00fctzte Klimaanlage - Atexxo Manufacturing\" \/>\n<meta property=\"og:description\" content=\"Bei der Suche nach einer explosionsgesch\u00fctzten Klimaanlage Sie\u00a0w\u00e4hlen Atexxo. Unsere Firma liefert Produkte auf der ganzen Welt. Wir bieten qualitativ hochwertige Produkte, Unsere explosionsgesch\u00fctzte Klimaanlagen mit den Anforderungen der Europ\u00e4ischen Richtlinie 94\/9 \/ EG (ATEX 95) entsprechen. Unsere Produkte eignen sich f\u00fcr die Zone 2 Ex. Atexxo Fertigung ist ein innovatives Unternehmen, spezialisiert auf ma\u00dfgeschneiderte [&hellip;]\" \/>\n<meta property=\"og:url\" content=\"https:\/\/atexxo.nl\/de\/explosion-proof-air-conditioning-2\/\" \/>\n<meta property=\"og:site_name\" content=\"Atexxo Manufacturing\" \/>\n<meta property=\"article:modified_time\" content=\"2015-10-02T12:22:44+00:00\" \/>\n<meta name=\"twitter:label1\" content=\"Gesch\u00e4tzte Lesezeit\" \/>\n\t<meta name=\"twitter:data1\" content=\"1\u00a0Minute\" \/>\n<script type=\"application\/ld+json\" class=\"yoast-schema-graph\">{\"@context\":\"https:\/\/schema.org\",\"@graph\":[{\"@type\":\"WebPage\",\"@id\":\"https:\/\/atexxo.nl\/de\/explosion-proof-air-conditioning-2\/\",\"url\":\"https:\/\/atexxo.nl\/de\/explosion-proof-air-conditioning-2\/\",\"name\":\"Explosionsgesch\u00fctzte Klimaanlage - Atexxo Manufacturing\",\"isPartOf\":{\"@id\":\"https:\/\/atexxo.nl\/ru\/#website\"},\"datePublished\":\"2015-09-15T13:04:08+00:00\",\"dateModified\":\"2015-10-02T12:22:44+00:00\",\"breadcrumb\":{\"@id\":\"https:\/\/atexxo.nl\/de\/explosion-proof-air-conditioning-2\/#breadcrumb\"},\"inLanguage\":\"de\",\"potentialAction\":[{\"@type\":\"ReadAction\",\"target\":[\"https:\/\/atexxo.nl\/de\/explosion-proof-air-conditioning-2\/\"]}]},{\"@type\":\"BreadcrumbList\",\"@id\":\"https:\/\/atexxo.nl\/de\/explosion-proof-air-conditioning-2\/#breadcrumb\",\"itemListElement\":[{\"@type\":\"ListItem\",\"position\":1,\"name\":\"Startseite\",\"item\":\"https:\/\/atexxo.nl\/de\/\"},{\"@type\":\"ListItem\",\"position\":2,\"name\":\"Explosionsgesch\u00fctzte Klimaanlage\"}]},{\"@type\":\"WebSite\",\"@id\":\"https:\/\/atexxo.nl\/ru\/#website\",\"url\":\"https:\/\/atexxo.nl\/ru\/\",\"name\":\"Atexxo Manufacturing\",\"description\":\"Specialist in Atex and IECEx Solutions\",\"publisher\":{\"@id\":\"https:\/\/atexxo.nl\/ru\/#organization\"},\"potentialAction\":[{\"@type\":\"SearchAction\",\"target\":{\"@type\":\"EntryPoint\",\"urlTemplate\":\"https:\/\/atexxo.nl\/ru\/?s={search_term_string}\"},\"query-input\":{\"@type\":\"PropertyValueSpecification\",\"valueRequired\":true,\"valueName\":\"search_term_string\"}}],\"inLanguage\":\"de\"},{\"@type\":\"Organization\",\"@id\":\"https:\/\/atexxo.nl\/ru\/#organization\",\"name\":\"Atexxo Manufacturing\",\"url\":\"https:\/\/atexxo.nl\/ru\/\",\"logo\":{\"@type\":\"ImageObject\",\"inLanguage\":\"de\",\"@id\":\"https:\/\/atexxo.nl\/ru\/#\/schema\/logo\/image\/\",\"url\":\"https:\/\/atexxo.nl\/wp-content\/uploads\/2015\/04\/logo_atexxo.jpg\",\"contentUrl\":\"https:\/\/atexxo.nl\/wp-content\/uploads\/2015\/04\/logo_atexxo.jpg\",\"width\":1533,\"height\":733,\"caption\":\"Atexxo Manufacturing\"},\"image\":{\"@id\":\"https:\/\/atexxo.nl\/ru\/#\/schema\/logo\/image\/\"}}]}<\/script>\n<!-- \/ Yoast SEO plugin. -->","yoast_head_json":{"title":"Explosionsgesch\u00fctzte Klimaanlage - Atexxo Manufacturing","robots":{"index":"index","follow":"follow","max-snippet":"max-snippet:-1","max-image-preview":"max-image-preview:large","max-video-preview":"max-video-preview:-1"},"canonical":"https:\/\/atexxo.nl\/de\/explosion-proof-air-conditioning-2\/","og_locale":"de_DE","og_type":"article","og_title":"Explosionsgesch\u00fctzte Klimaanlage - Atexxo Manufacturing","og_description":"Bei der Suche nach einer explosionsgesch\u00fctzten Klimaanlage Sie\u00a0w\u00e4hlen Atexxo. Unsere Firma liefert Produkte auf der ganzen Welt. Wir bieten qualitativ hochwertige Produkte, Unsere explosionsgesch\u00fctzte Klimaanlagen mit den Anforderungen der Europ\u00e4ischen Richtlinie 94\/9 \/ EG (ATEX 95) entsprechen. Unsere Produkte eignen sich f\u00fcr die Zone 2 Ex. Atexxo Fertigung ist ein innovatives Unternehmen, spezialisiert auf ma\u00dfgeschneiderte [&hellip;]","og_url":"https:\/\/atexxo.nl\/de\/explosion-proof-air-conditioning-2\/","og_site_name":"Atexxo Manufacturing","article_modified_time":"2015-10-02T12:22:44+00:00","twitter_misc":{"Gesch\u00e4tzte Lesezeit":"1\u00a0Minute"},"schema":{"@context":"https:\/\/schema.org","@graph":[{"@type":"WebPage","@id":"https:\/\/atexxo.nl\/de\/explosion-proof-air-conditioning-2\/","url":"https:\/\/atexxo.nl\/de\/explosion-proof-air-conditioning-2\/","name":"Explosionsgesch\u00fctzte Klimaanlage - Atexxo Manufacturing","isPartOf":{"@id":"https:\/\/atexxo.nl\/ru\/#website"},"datePublished":"2015-09-15T13:04:08+00:00","dateModified":"2015-10-02T12:22:44+00:00","breadcrumb":{"@id":"https:\/\/atexxo.nl\/de\/explosion-proof-air-conditioning-2\/#breadcrumb"},"inLanguage":"de","potentialAction":[{"@type":"ReadAction","target":["https:\/\/atexxo.nl\/de\/explosion-proof-air-conditioning-2\/"]}]},{"@type":"BreadcrumbList","@id":"https:\/\/atexxo.nl\/de\/explosion-proof-air-conditioning-2\/#breadcrumb","itemListElement":[{"@type":"ListItem","position":1,"name":"Startseite","item":"https:\/\/atexxo.nl\/de\/"},{"@type":"ListItem","position":2,"name":"Explosionsgesch\u00fctzte Klimaanlage"}]},{"@type":"WebSite","@id":"https:\/\/atexxo.nl\/ru\/#website","url":"https:\/\/atexxo.nl\/ru\/","name":"Atexxo Manufacturing","description":"Specialist in Atex and IECEx Solutions","publisher":{"@id":"https:\/\/atexxo.nl\/ru\/#organization"},"potentialAction":[{"@type":"SearchAction","target":{"@type":"EntryPoint","urlTemplate":"https:\/\/atexxo.nl\/ru\/?s={search_term_string}"},"query-input":{"@type":"PropertyValueSpecification","valueRequired":true,"valueName":"search_term_string"}}],"inLanguage":"de"},{"@type":"Organization","@id":"https:\/\/atexxo.nl\/ru\/#organization","name":"Atexxo Manufacturing","url":"https:\/\/atexxo.nl\/ru\/","logo":{"@type":"ImageObject","inLanguage":"de","@id":"https:\/\/atexxo.nl\/ru\/#\/schema\/logo\/image\/","url":"https:\/\/atexxo.nl\/wp-content\/uploads\/2015\/04\/logo_atexxo.jpg","contentUrl":"https:\/\/atexxo.nl\/wp-content\/uploads\/2015\/04\/logo_atexxo.jpg","width":1533,"height":733,"caption":"Atexxo Manufacturing"},"image":{"@id":"https:\/\/atexxo.nl\/ru\/#\/schema\/logo\/image\/"}}]}},"rttpg_featured_image_url":null,"rttpg_author":{"display_name":"adatex","author_link":"https:\/\/atexxo.nl\/de\/author\/adatex\/"},"rttpg_comment":0,"rttpg_category":false,"rttpg_excerpt":"Bei der Suche nach einer explosionsgesch\u00fctzten Klimaanlage Sie\u00a0w\u00e4hlen Atexxo. Unsere Firma liefert Produkte auf der ganzen Welt. Wir bieten qualitativ hochwertige Produkte, Unsere explosionsgesch\u00fctzte Klimaanlagen mit den Anforderungen der Europ\u00e4ischen Richtlinie 94\/9 \/ EG (ATEX 95) entsprechen. Unsere Produkte eignen sich f\u00fcr die Zone 2 Ex. Atexxo Fertigung ist ein innovatives Unternehmen, spezialisiert auf ma\u00dfgeschneiderte&hellip;","_links":{"self":[{"href":"https:\/\/atexxo.nl\/de\/wp-json\/wp\/v2\/pages\/1204","targetHints":{"allow":["GET"]}}],"collection":[{"href":"https:\/\/atexxo.nl\/de\/wp-json\/wp\/v2\/pages"}],"about":[{"href":"https:\/\/atexxo.nl\/de\/wp-json\/wp\/v2\/types\/page"}],"author":[{"embeddable":true,"href":"https:\/\/atexxo.nl\/de\/wp-json\/wp\/v2\/users\/1"}],"replies":[{"embeddable":true,"href":"https:\/\/atexxo.nl\/de\/wp-json\/wp\/v2\/comments?post=1204"}],"version-history":[{"count":0,"href":"https:\/\/atexxo.nl\/de\/wp-json\/wp\/v2\/pages\/1204\/revisions"}],"wp:attachment":[{"href":"https:\/\/atexxo.nl\/de\/wp-json\/wp\/v2\/media?parent=1204"}],"curies":[{"name":"wp","href":"https:\/\/api.w.org\/{rel}","templated":true}]}}