{"id":1202,"date":"2015-09-15T14:03:50","date_gmt":"2015-09-15T13:03:50","guid":{"rendered":"https:\/\/atexxo.nl\/?page_id=1202"},"modified":"2015-10-02T13:19:15","modified_gmt":"2015-10-02T12:19:15","slug":"explosionsgeschutzte-drehstromeinheit","status":"publish","type":"page","link":"https:\/\/atexxo.nl\/de\/explosionsgeschutzte-drehstromeinheit\/","title":{"rendered":"Explosionsgesch\u00fctzte Drehstromeinheit"},"content":{"rendered":"<p>Eine explosionssichere AC-Einheit, ist eine Klimaanlage f\u00fcr den Einsatz in Zone 2 Ex-Bereiche. In Europa sind die ATEX Zonensysteme verwendet, um die Gefahrenstellen zu ermitteln, in Nordamerika die Klassifizierung und Division-System verwendet wird. Die Verwendung von <a href=\"https:\/\/atexxo.nl\/products\/atex-air-conditioners\/\">explosionsgesch\u00fctzten AC-Ger\u00e4t<\/a> ist die sicherste Option, in einem Gebiet, wo eine Freisetzung von Gas k\u00f6nnte eine Explosion verursachen. W\u00e4hlen Atexxo f\u00fcr alle Ihre explosionssichere Ger\u00e4te. Eine explosionssichere AC-Einheit wird durch Atexxo gebaut und wird \u00d6l- und Gasf\u00f6rderung Websites auf Schiffen und in der chemischen und petrochemischen Industrie eingesetzt. Atexxo geh\u00f6rt zu den Marktf\u00fchrern in der Produktion von explosionssichere Ger\u00e4te. Wir liefern unsere Produkte in der ganzen Welt.<\/p>\n<h3>Merkmale eines explosionsgesch\u00fctzten AC-Einheit von Atexxo<\/h3>\n<p>Die explosionsgesch\u00fctzten AC-Einheit aus Atexxo hat eine Reihe von Funktionen. Sie k\u00f6nnen \u00fcber diese Funktionen unten zu lesen: &#8211; Die Produkte werden in \u00dcbereinstimmung mit der europ\u00e4ischen Richtlinie 94\/9 \/ EG (ATEX 95) und haben eine CE-Zeichen zertifiziert. &#8211; Die Klimaanlagen die Anforderungen f\u00fcr die Produktkategorie 3G, wodurch sie f\u00fcr den Einsatz in einem Gebiet als Zone 2 klassifiziert geeignet &#8211; Wir versuchen, so viel wie m\u00f6glich zu halten die urspr\u00fcnglichen Eigenschaften wie das Design und die Benutzerfreundlichkeit.<\/p>\n<h3>Kontakt<\/h3>\n<p>Kontaktieren Sie uns f\u00fcr weitere Informationen \u00fcber explosionsgesch\u00fctzte Klimaanlagen. Sie erreichen uns telefonisch unter <strong>+31 (0) 186601299<\/strong> oder f\u00fcllen Sie das <a href=\"https:\/\/atexxo.nl\/de\/contact-2\/\">Kontaktformular <\/a>erreichen. Unsere Besucheradresse ist: Einsteinstraat 13 3281 NJ Numansdorp Niederlande<\/p>\n","protected":false},"excerpt":{"rendered":"<p>Eine explosionssichere AC-Einheit, ist eine Klimaanlage f\u00fcr den Einsatz in Zone 2 Ex-Bereiche. In Europa sind die ATEX Zonensysteme verwendet, um die Gefahrenstellen zu ermitteln, in Nordamerika die Klassifizierung und Division-System verwendet wird. Die Verwendung von explosionsgesch\u00fctzten AC-Ger\u00e4t ist die sicherste Option, in einem Gebiet, wo eine Freisetzung von Gas k\u00f6nnte eine Explosion verursachen. W\u00e4hlen [&hellip;]<\/p>\n","protected":false},"author":1,"featured_media":0,"parent":0,"menu_order":0,"comment_status":"closed","ping_status":"closed","template":"","meta":{"_monsterinsights_skip_tracking":false,"_monsterinsights_sitenote_active":false,"_monsterinsights_sitenote_note":"","_monsterinsights_sitenote_category":0,"_genesis_hide_title":false,"_genesis_hide_breadcrumbs":false,"_genesis_hide_singular_image":false,"_genesis_hide_footer_widgets":false,"_genesis_custom_body_class":"","_genesis_custom_post_class":"","_genesis_layout":"","footnotes":""},"class_list":{"0":"post-1202","1":"page","2":"type-page","3":"status-publish","5":"entry"},"yoast_head":"<!-- This site is optimized with the Yoast SEO plugin v26.8 - https:\/\/yoast.com\/product\/yoast-seo-wordpress\/ -->\n<title>Explosionsgesch\u00fctzte Drehstromeinheit - Atexxo Manufacturing<\/title>\n<meta name=\"robots\" content=\"index, follow, max-snippet:-1, max-image-preview:large, max-video-preview:-1\" \/>\n<link rel=\"canonical\" href=\"https:\/\/atexxo.nl\/de\/explosionsgeschutzte-drehstromeinheit\/\" \/>\n<meta property=\"og:locale\" content=\"de_DE\" \/>\n<meta property=\"og:type\" content=\"article\" \/>\n<meta property=\"og:title\" content=\"Explosionsgesch\u00fctzte Drehstromeinheit - Atexxo Manufacturing\" \/>\n<meta property=\"og:description\" content=\"Eine explosionssichere AC-Einheit, ist eine Klimaanlage f\u00fcr den Einsatz in Zone 2 Ex-Bereiche. In Europa sind die ATEX Zonensysteme verwendet, um die Gefahrenstellen zu ermitteln, in Nordamerika die Klassifizierung und Division-System verwendet wird. Die Verwendung von explosionsgesch\u00fctzten AC-Ger\u00e4t ist die sicherste Option, in einem Gebiet, wo eine Freisetzung von Gas k\u00f6nnte eine Explosion verursachen. W\u00e4hlen [&hellip;]\" \/>\n<meta property=\"og:url\" content=\"https:\/\/atexxo.nl\/de\/explosionsgeschutzte-drehstromeinheit\/\" \/>\n<meta property=\"og:site_name\" content=\"Atexxo Manufacturing\" \/>\n<meta property=\"article:modified_time\" content=\"2015-10-02T12:19:15+00:00\" \/>\n<meta name=\"twitter:label1\" content=\"Gesch\u00e4tzte Lesezeit\" \/>\n\t<meta name=\"twitter:data1\" content=\"1\u00a0Minute\" \/>\n<script type=\"application\/ld+json\" class=\"yoast-schema-graph\">{\"@context\":\"https:\/\/schema.org\",\"@graph\":[{\"@type\":\"WebPage\",\"@id\":\"https:\/\/atexxo.nl\/de\/explosionsgeschutzte-drehstromeinheit\/\",\"url\":\"https:\/\/atexxo.nl\/de\/explosionsgeschutzte-drehstromeinheit\/\",\"name\":\"Explosionsgesch\u00fctzte Drehstromeinheit - Atexxo Manufacturing\",\"isPartOf\":{\"@id\":\"https:\/\/atexxo.nl\/ru\/#website\"},\"datePublished\":\"2015-09-15T13:03:50+00:00\",\"dateModified\":\"2015-10-02T12:19:15+00:00\",\"breadcrumb\":{\"@id\":\"https:\/\/atexxo.nl\/de\/explosionsgeschutzte-drehstromeinheit\/#breadcrumb\"},\"inLanguage\":\"de\",\"potentialAction\":[{\"@type\":\"ReadAction\",\"target\":[\"https:\/\/atexxo.nl\/de\/explosionsgeschutzte-drehstromeinheit\/\"]}]},{\"@type\":\"BreadcrumbList\",\"@id\":\"https:\/\/atexxo.nl\/de\/explosionsgeschutzte-drehstromeinheit\/#breadcrumb\",\"itemListElement\":[{\"@type\":\"ListItem\",\"position\":1,\"name\":\"Startseite\",\"item\":\"https:\/\/atexxo.nl\/de\/\"},{\"@type\":\"ListItem\",\"position\":2,\"name\":\"Explosionsgesch\u00fctzte Drehstromeinheit\"}]},{\"@type\":\"WebSite\",\"@id\":\"https:\/\/atexxo.nl\/ru\/#website\",\"url\":\"https:\/\/atexxo.nl\/ru\/\",\"name\":\"Atexxo Manufacturing\",\"description\":\"Specialist in Atex and IECEx Solutions\",\"publisher\":{\"@id\":\"https:\/\/atexxo.nl\/ru\/#organization\"},\"potentialAction\":[{\"@type\":\"SearchAction\",\"target\":{\"@type\":\"EntryPoint\",\"urlTemplate\":\"https:\/\/atexxo.nl\/ru\/?s={search_term_string}\"},\"query-input\":{\"@type\":\"PropertyValueSpecification\",\"valueRequired\":true,\"valueName\":\"search_term_string\"}}],\"inLanguage\":\"de\"},{\"@type\":\"Organization\",\"@id\":\"https:\/\/atexxo.nl\/ru\/#organization\",\"name\":\"Atexxo Manufacturing\",\"url\":\"https:\/\/atexxo.nl\/ru\/\",\"logo\":{\"@type\":\"ImageObject\",\"inLanguage\":\"de\",\"@id\":\"https:\/\/atexxo.nl\/ru\/#\/schema\/logo\/image\/\",\"url\":\"https:\/\/atexxo.nl\/wp-content\/uploads\/2015\/04\/logo_atexxo.jpg\",\"contentUrl\":\"https:\/\/atexxo.nl\/wp-content\/uploads\/2015\/04\/logo_atexxo.jpg\",\"width\":1533,\"height\":733,\"caption\":\"Atexxo Manufacturing\"},\"image\":{\"@id\":\"https:\/\/atexxo.nl\/ru\/#\/schema\/logo\/image\/\"}}]}<\/script>\n<!-- \/ Yoast SEO plugin. -->","yoast_head_json":{"title":"Explosionsgesch\u00fctzte Drehstromeinheit - Atexxo Manufacturing","robots":{"index":"index","follow":"follow","max-snippet":"max-snippet:-1","max-image-preview":"max-image-preview:large","max-video-preview":"max-video-preview:-1"},"canonical":"https:\/\/atexxo.nl\/de\/explosionsgeschutzte-drehstromeinheit\/","og_locale":"de_DE","og_type":"article","og_title":"Explosionsgesch\u00fctzte Drehstromeinheit - Atexxo Manufacturing","og_description":"Eine explosionssichere AC-Einheit, ist eine Klimaanlage f\u00fcr den Einsatz in Zone 2 Ex-Bereiche. In Europa sind die ATEX Zonensysteme verwendet, um die Gefahrenstellen zu ermitteln, in Nordamerika die Klassifizierung und Division-System verwendet wird. Die Verwendung von explosionsgesch\u00fctzten AC-Ger\u00e4t ist die sicherste Option, in einem Gebiet, wo eine Freisetzung von Gas k\u00f6nnte eine Explosion verursachen. W\u00e4hlen [&hellip;]","og_url":"https:\/\/atexxo.nl\/de\/explosionsgeschutzte-drehstromeinheit\/","og_site_name":"Atexxo Manufacturing","article_modified_time":"2015-10-02T12:19:15+00:00","twitter_misc":{"Gesch\u00e4tzte Lesezeit":"1\u00a0Minute"},"schema":{"@context":"https:\/\/schema.org","@graph":[{"@type":"WebPage","@id":"https:\/\/atexxo.nl\/de\/explosionsgeschutzte-drehstromeinheit\/","url":"https:\/\/atexxo.nl\/de\/explosionsgeschutzte-drehstromeinheit\/","name":"Explosionsgesch\u00fctzte Drehstromeinheit - Atexxo Manufacturing","isPartOf":{"@id":"https:\/\/atexxo.nl\/ru\/#website"},"datePublished":"2015-09-15T13:03:50+00:00","dateModified":"2015-10-02T12:19:15+00:00","breadcrumb":{"@id":"https:\/\/atexxo.nl\/de\/explosionsgeschutzte-drehstromeinheit\/#breadcrumb"},"inLanguage":"de","potentialAction":[{"@type":"ReadAction","target":["https:\/\/atexxo.nl\/de\/explosionsgeschutzte-drehstromeinheit\/"]}]},{"@type":"BreadcrumbList","@id":"https:\/\/atexxo.nl\/de\/explosionsgeschutzte-drehstromeinheit\/#breadcrumb","itemListElement":[{"@type":"ListItem","position":1,"name":"Startseite","item":"https:\/\/atexxo.nl\/de\/"},{"@type":"ListItem","position":2,"name":"Explosionsgesch\u00fctzte Drehstromeinheit"}]},{"@type":"WebSite","@id":"https:\/\/atexxo.nl\/ru\/#website","url":"https:\/\/atexxo.nl\/ru\/","name":"Atexxo Manufacturing","description":"Specialist in Atex and IECEx Solutions","publisher":{"@id":"https:\/\/atexxo.nl\/ru\/#organization"},"potentialAction":[{"@type":"SearchAction","target":{"@type":"EntryPoint","urlTemplate":"https:\/\/atexxo.nl\/ru\/?s={search_term_string}"},"query-input":{"@type":"PropertyValueSpecification","valueRequired":true,"valueName":"search_term_string"}}],"inLanguage":"de"},{"@type":"Organization","@id":"https:\/\/atexxo.nl\/ru\/#organization","name":"Atexxo Manufacturing","url":"https:\/\/atexxo.nl\/ru\/","logo":{"@type":"ImageObject","inLanguage":"de","@id":"https:\/\/atexxo.nl\/ru\/#\/schema\/logo\/image\/","url":"https:\/\/atexxo.nl\/wp-content\/uploads\/2015\/04\/logo_atexxo.jpg","contentUrl":"https:\/\/atexxo.nl\/wp-content\/uploads\/2015\/04\/logo_atexxo.jpg","width":1533,"height":733,"caption":"Atexxo Manufacturing"},"image":{"@id":"https:\/\/atexxo.nl\/ru\/#\/schema\/logo\/image\/"}}]}},"rttpg_featured_image_url":null,"rttpg_author":{"display_name":"adatex","author_link":"https:\/\/atexxo.nl\/de\/author\/adatex\/"},"rttpg_comment":0,"rttpg_category":false,"rttpg_excerpt":"Eine explosionssichere AC-Einheit, ist eine Klimaanlage f\u00fcr den Einsatz in Zone 2 Ex-Bereiche. In Europa sind die ATEX Zonensysteme verwendet, um die Gefahrenstellen zu ermitteln, in Nordamerika die Klassifizierung und Division-System verwendet wird. Die Verwendung von explosionsgesch\u00fctzten AC-Ger\u00e4t ist die sicherste Option, in einem Gebiet, wo eine Freisetzung von Gas k\u00f6nnte eine Explosion verursachen. W\u00e4hlen&hellip;","_links":{"self":[{"href":"https:\/\/atexxo.nl\/de\/wp-json\/wp\/v2\/pages\/1202","targetHints":{"allow":["GET"]}}],"collection":[{"href":"https:\/\/atexxo.nl\/de\/wp-json\/wp\/v2\/pages"}],"about":[{"href":"https:\/\/atexxo.nl\/de\/wp-json\/wp\/v2\/types\/page"}],"author":[{"embeddable":true,"href":"https:\/\/atexxo.nl\/de\/wp-json\/wp\/v2\/users\/1"}],"replies":[{"embeddable":true,"href":"https:\/\/atexxo.nl\/de\/wp-json\/wp\/v2\/comments?post=1202"}],"version-history":[{"count":0,"href":"https:\/\/atexxo.nl\/de\/wp-json\/wp\/v2\/pages\/1202\/revisions"}],"wp:attachment":[{"href":"https:\/\/atexxo.nl\/de\/wp-json\/wp\/v2\/media?parent=1202"}],"curies":[{"name":"wp","href":"https:\/\/api.w.org\/{rel}","templated":true}]}}