{"id":1200,"date":"2015-09-15T14:03:31","date_gmt":"2015-09-15T13:03:31","guid":{"rendered":"https:\/\/atexxo.nl\/?page_id=1200"},"modified":"2015-10-06T11:47:50","modified_gmt":"2015-10-06T10:47:50","slug":"atex-air-conditioning-2","status":"publish","type":"page","link":"https:\/\/atexxo.nl\/de\/atex-air-conditioning-2\/","title":{"rendered":"Atex Klimaanlage"},"content":{"rendered":"<p>Bei Atexxo Sie ATEX-zertifizierte Klimaanlage zu finden. ATEX-zertifizierte Produkte sind explosionsgesch\u00fctzt. Wir bieten Produkte Form Lager und ma\u00dfgeschneiderte Produkte! Explosionsgesch\u00fctzte Ger\u00e4te Als spezialisierter Hersteller von explosionsgesch\u00fctzten Betriebsmittel bietet Atexxo Ihnen eine breite Palette von Produkten und L\u00f6sungen. Unsere erfahrenen und motivierten Mitarbeiter garantieren qualitativ hochwertige Produkte.<\/p>\n<ul>\n<li>Wir f\u00fchren ATEX Klimaanlagen, wie die AIR-EX Klimasysteme.<\/li>\n<li>Alle unsere Produkte sind ATEX zertifiziert, was bedeutet, dass sie entwickelt werden, um mit der Europ\u00e4ischen Richtlinie 94\/9 \/ EG (ATEX 95) entsprechen.<\/li>\n<li>Wir k\u00f6nnen ATEX Umsetzung von eigenen lokalen beliebte Marke Klimaanlagen f\u00fcr mehr Informationen, besuchen Sie bitte unsere Fertigungs Conversion-Seite.<\/li>\n<\/ul>\n<p><a href=\"https:\/\/atexxo.nl\/de\/contact-2\/\">Kontaktieren Sie uns<\/a> Wenn Sie m\u00f6chten, um mehr \u00fcber ATEX-zertifizierte Klimaanlagen wissen, ist Atexxo der Lage, Ihnen, z\u00f6gern Sie bitte nicht uns zu kontaktieren! Sie k\u00f6nnen unser Team telefonisch unter <strong>+31 (0) 186 601299<\/strong> erreichen oder benutzen Sie unser Kontaktformular oder finden Sie mehrere relvevant Dokumente auf unserer Download-Seite. Mehr Informationen Seiten<\/p>\n","protected":false},"excerpt":{"rendered":"<p>Bei Atexxo Sie ATEX-zertifizierte Klimaanlage zu finden. ATEX-zertifizierte Produkte sind explosionsgesch\u00fctzt. Wir bieten Produkte Form Lager und ma\u00dfgeschneiderte Produkte! Explosionsgesch\u00fctzte Ger\u00e4te Als spezialisierter Hersteller von explosionsgesch\u00fctzten Betriebsmittel bietet Atexxo Ihnen eine breite Palette von Produkten und L\u00f6sungen. Unsere erfahrenen und motivierten Mitarbeiter garantieren qualitativ hochwertige Produkte. Wir f\u00fchren ATEX Klimaanlagen, wie die AIR-EX Klimasysteme. Alle [&hellip;]<\/p>\n","protected":false},"author":1,"featured_media":0,"parent":0,"menu_order":0,"comment_status":"closed","ping_status":"closed","template":"","meta":{"_monsterinsights_skip_tracking":false,"_monsterinsights_sitenote_active":false,"_monsterinsights_sitenote_note":"","_monsterinsights_sitenote_category":0,"_genesis_hide_title":false,"_genesis_hide_breadcrumbs":false,"_genesis_hide_singular_image":false,"_genesis_hide_footer_widgets":false,"_genesis_custom_body_class":"","_genesis_custom_post_class":"","_genesis_layout":"","footnotes":""},"class_list":{"0":"post-1200","1":"page","2":"type-page","3":"status-publish","5":"entry"},"yoast_head":"<!-- This site is optimized with the Yoast SEO plugin v26.8 - https:\/\/yoast.com\/product\/yoast-seo-wordpress\/ -->\n<title>Atex Klimaanlage - Atexxo Manufacturing<\/title>\n<meta name=\"robots\" content=\"index, follow, max-snippet:-1, max-image-preview:large, max-video-preview:-1\" \/>\n<link rel=\"canonical\" href=\"https:\/\/atexxo.nl\/de\/atex-air-conditioning-2\/\" \/>\n<meta property=\"og:locale\" content=\"de_DE\" \/>\n<meta property=\"og:type\" content=\"article\" \/>\n<meta property=\"og:title\" content=\"Atex Klimaanlage - Atexxo Manufacturing\" \/>\n<meta property=\"og:description\" content=\"Bei Atexxo Sie ATEX-zertifizierte Klimaanlage zu finden. ATEX-zertifizierte Produkte sind explosionsgesch\u00fctzt. Wir bieten Produkte Form Lager und ma\u00dfgeschneiderte Produkte! Explosionsgesch\u00fctzte Ger\u00e4te Als spezialisierter Hersteller von explosionsgesch\u00fctzten Betriebsmittel bietet Atexxo Ihnen eine breite Palette von Produkten und L\u00f6sungen. Unsere erfahrenen und motivierten Mitarbeiter garantieren qualitativ hochwertige Produkte. Wir f\u00fchren ATEX Klimaanlagen, wie die AIR-EX Klimasysteme. Alle [&hellip;]\" \/>\n<meta property=\"og:url\" content=\"https:\/\/atexxo.nl\/de\/atex-air-conditioning-2\/\" \/>\n<meta property=\"og:site_name\" content=\"Atexxo Manufacturing\" \/>\n<meta property=\"article:modified_time\" content=\"2015-10-06T10:47:50+00:00\" \/>\n<meta name=\"twitter:label1\" content=\"Gesch\u00e4tzte Lesezeit\" \/>\n\t<meta name=\"twitter:data1\" content=\"1\u00a0Minute\" \/>\n<script type=\"application\/ld+json\" class=\"yoast-schema-graph\">{\"@context\":\"https:\/\/schema.org\",\"@graph\":[{\"@type\":\"WebPage\",\"@id\":\"https:\/\/atexxo.nl\/de\/atex-air-conditioning-2\/\",\"url\":\"https:\/\/atexxo.nl\/de\/atex-air-conditioning-2\/\",\"name\":\"Atex Klimaanlage - Atexxo Manufacturing\",\"isPartOf\":{\"@id\":\"https:\/\/atexxo.nl\/ru\/#website\"},\"datePublished\":\"2015-09-15T13:03:31+00:00\",\"dateModified\":\"2015-10-06T10:47:50+00:00\",\"breadcrumb\":{\"@id\":\"https:\/\/atexxo.nl\/de\/atex-air-conditioning-2\/#breadcrumb\"},\"inLanguage\":\"de\",\"potentialAction\":[{\"@type\":\"ReadAction\",\"target\":[\"https:\/\/atexxo.nl\/de\/atex-air-conditioning-2\/\"]}]},{\"@type\":\"BreadcrumbList\",\"@id\":\"https:\/\/atexxo.nl\/de\/atex-air-conditioning-2\/#breadcrumb\",\"itemListElement\":[{\"@type\":\"ListItem\",\"position\":1,\"name\":\"Startseite\",\"item\":\"https:\/\/atexxo.nl\/de\/\"},{\"@type\":\"ListItem\",\"position\":2,\"name\":\"Atex Klimaanlage\"}]},{\"@type\":\"WebSite\",\"@id\":\"https:\/\/atexxo.nl\/ru\/#website\",\"url\":\"https:\/\/atexxo.nl\/ru\/\",\"name\":\"Atexxo Manufacturing\",\"description\":\"Specialist in Atex and IECEx Solutions\",\"publisher\":{\"@id\":\"https:\/\/atexxo.nl\/ru\/#organization\"},\"potentialAction\":[{\"@type\":\"SearchAction\",\"target\":{\"@type\":\"EntryPoint\",\"urlTemplate\":\"https:\/\/atexxo.nl\/ru\/?s={search_term_string}\"},\"query-input\":{\"@type\":\"PropertyValueSpecification\",\"valueRequired\":true,\"valueName\":\"search_term_string\"}}],\"inLanguage\":\"de\"},{\"@type\":\"Organization\",\"@id\":\"https:\/\/atexxo.nl\/ru\/#organization\",\"name\":\"Atexxo Manufacturing\",\"url\":\"https:\/\/atexxo.nl\/ru\/\",\"logo\":{\"@type\":\"ImageObject\",\"inLanguage\":\"de\",\"@id\":\"https:\/\/atexxo.nl\/ru\/#\/schema\/logo\/image\/\",\"url\":\"https:\/\/atexxo.nl\/wp-content\/uploads\/2015\/04\/logo_atexxo.jpg\",\"contentUrl\":\"https:\/\/atexxo.nl\/wp-content\/uploads\/2015\/04\/logo_atexxo.jpg\",\"width\":1533,\"height\":733,\"caption\":\"Atexxo Manufacturing\"},\"image\":{\"@id\":\"https:\/\/atexxo.nl\/ru\/#\/schema\/logo\/image\/\"}}]}<\/script>\n<!-- \/ Yoast SEO plugin. -->","yoast_head_json":{"title":"Atex Klimaanlage - Atexxo Manufacturing","robots":{"index":"index","follow":"follow","max-snippet":"max-snippet:-1","max-image-preview":"max-image-preview:large","max-video-preview":"max-video-preview:-1"},"canonical":"https:\/\/atexxo.nl\/de\/atex-air-conditioning-2\/","og_locale":"de_DE","og_type":"article","og_title":"Atex Klimaanlage - Atexxo Manufacturing","og_description":"Bei Atexxo Sie ATEX-zertifizierte Klimaanlage zu finden. ATEX-zertifizierte Produkte sind explosionsgesch\u00fctzt. Wir bieten Produkte Form Lager und ma\u00dfgeschneiderte Produkte! Explosionsgesch\u00fctzte Ger\u00e4te Als spezialisierter Hersteller von explosionsgesch\u00fctzten Betriebsmittel bietet Atexxo Ihnen eine breite Palette von Produkten und L\u00f6sungen. Unsere erfahrenen und motivierten Mitarbeiter garantieren qualitativ hochwertige Produkte. Wir f\u00fchren ATEX Klimaanlagen, wie die AIR-EX Klimasysteme. Alle [&hellip;]","og_url":"https:\/\/atexxo.nl\/de\/atex-air-conditioning-2\/","og_site_name":"Atexxo Manufacturing","article_modified_time":"2015-10-06T10:47:50+00:00","twitter_misc":{"Gesch\u00e4tzte Lesezeit":"1\u00a0Minute"},"schema":{"@context":"https:\/\/schema.org","@graph":[{"@type":"WebPage","@id":"https:\/\/atexxo.nl\/de\/atex-air-conditioning-2\/","url":"https:\/\/atexxo.nl\/de\/atex-air-conditioning-2\/","name":"Atex Klimaanlage - Atexxo Manufacturing","isPartOf":{"@id":"https:\/\/atexxo.nl\/ru\/#website"},"datePublished":"2015-09-15T13:03:31+00:00","dateModified":"2015-10-06T10:47:50+00:00","breadcrumb":{"@id":"https:\/\/atexxo.nl\/de\/atex-air-conditioning-2\/#breadcrumb"},"inLanguage":"de","potentialAction":[{"@type":"ReadAction","target":["https:\/\/atexxo.nl\/de\/atex-air-conditioning-2\/"]}]},{"@type":"BreadcrumbList","@id":"https:\/\/atexxo.nl\/de\/atex-air-conditioning-2\/#breadcrumb","itemListElement":[{"@type":"ListItem","position":1,"name":"Startseite","item":"https:\/\/atexxo.nl\/de\/"},{"@type":"ListItem","position":2,"name":"Atex Klimaanlage"}]},{"@type":"WebSite","@id":"https:\/\/atexxo.nl\/ru\/#website","url":"https:\/\/atexxo.nl\/ru\/","name":"Atexxo Manufacturing","description":"Specialist in Atex and IECEx Solutions","publisher":{"@id":"https:\/\/atexxo.nl\/ru\/#organization"},"potentialAction":[{"@type":"SearchAction","target":{"@type":"EntryPoint","urlTemplate":"https:\/\/atexxo.nl\/ru\/?s={search_term_string}"},"query-input":{"@type":"PropertyValueSpecification","valueRequired":true,"valueName":"search_term_string"}}],"inLanguage":"de"},{"@type":"Organization","@id":"https:\/\/atexxo.nl\/ru\/#organization","name":"Atexxo Manufacturing","url":"https:\/\/atexxo.nl\/ru\/","logo":{"@type":"ImageObject","inLanguage":"de","@id":"https:\/\/atexxo.nl\/ru\/#\/schema\/logo\/image\/","url":"https:\/\/atexxo.nl\/wp-content\/uploads\/2015\/04\/logo_atexxo.jpg","contentUrl":"https:\/\/atexxo.nl\/wp-content\/uploads\/2015\/04\/logo_atexxo.jpg","width":1533,"height":733,"caption":"Atexxo Manufacturing"},"image":{"@id":"https:\/\/atexxo.nl\/ru\/#\/schema\/logo\/image\/"}}]}},"rttpg_featured_image_url":null,"rttpg_author":{"display_name":"adatex","author_link":"https:\/\/atexxo.nl\/de\/author\/adatex\/"},"rttpg_comment":0,"rttpg_category":false,"rttpg_excerpt":"Bei Atexxo Sie ATEX-zertifizierte Klimaanlage zu finden. ATEX-zertifizierte Produkte sind explosionsgesch\u00fctzt. Wir bieten Produkte Form Lager und ma\u00dfgeschneiderte Produkte! Explosionsgesch\u00fctzte Ger\u00e4te Als spezialisierter Hersteller von explosionsgesch\u00fctzten Betriebsmittel bietet Atexxo Ihnen eine breite Palette von Produkten und L\u00f6sungen. Unsere erfahrenen und motivierten Mitarbeiter garantieren qualitativ hochwertige Produkte. Wir f\u00fchren ATEX Klimaanlagen, wie die AIR-EX Klimasysteme. Alle&hellip;","_links":{"self":[{"href":"https:\/\/atexxo.nl\/de\/wp-json\/wp\/v2\/pages\/1200","targetHints":{"allow":["GET"]}}],"collection":[{"href":"https:\/\/atexxo.nl\/de\/wp-json\/wp\/v2\/pages"}],"about":[{"href":"https:\/\/atexxo.nl\/de\/wp-json\/wp\/v2\/types\/page"}],"author":[{"embeddable":true,"href":"https:\/\/atexxo.nl\/de\/wp-json\/wp\/v2\/users\/1"}],"replies":[{"embeddable":true,"href":"https:\/\/atexxo.nl\/de\/wp-json\/wp\/v2\/comments?post=1200"}],"version-history":[{"count":0,"href":"https:\/\/atexxo.nl\/de\/wp-json\/wp\/v2\/pages\/1200\/revisions"}],"wp:attachment":[{"href":"https:\/\/atexxo.nl\/de\/wp-json\/wp\/v2\/media?parent=1200"}],"curies":[{"name":"wp","href":"https:\/\/api.w.org\/{rel}","templated":true}]}}