{"id":1197,"date":"2015-09-15T14:03:08","date_gmt":"2015-09-15T13:03:08","guid":{"rendered":"https:\/\/atexxo.nl\/?page_id=1197"},"modified":"2015-10-08T15:39:02","modified_gmt":"2015-10-08T14:39:02","slug":"project-solutions-2","status":"publish","type":"page","link":"https:\/\/atexxo.nl\/de\/project-solutions-2\/","title":{"rendered":"Project Solutions"},"content":{"rendered":"<p><a href=\"https:\/\/atexxo.nl\/wp-content\/uploads\/2015\/03\/atex-factory-inside.jpg\"><img loading=\"lazy\" decoding=\"async\" class=\"alignright wp-image-1199 size-medium\" src=\"https:\/\/atexxo.nl\/wp-content\/uploads\/2015\/03\/atex-factory-inside-300x239.jpg\" alt=\"atex-factory-inside\" width=\"300\" height=\"239\" srcset=\"https:\/\/atexxo.nl\/wp-content\/uploads\/2015\/03\/atex-factory-inside-300x239.jpg 300w, https:\/\/atexxo.nl\/wp-content\/uploads\/2015\/03\/atex-factory-inside.jpg 500w\" sizes=\"auto, (max-width: 300px) 100vw, 300px\" \/><\/a>Atexxo Fertigung bietet L\u00f6sungen f\u00fcr Fest- oder &#8222;one of a kind&#8220; Anlagen, die mit ATEX-Vorschriften entsprechen m\u00fcssen. F\u00fcr weitere Informationen, wenden Sie sich bitte.<\/p>\n","protected":false},"excerpt":{"rendered":"<p>Atexxo Fertigung bietet L\u00f6sungen f\u00fcr Fest- oder &#8222;one of a kind&#8220; Anlagen, die mit ATEX-Vorschriften entsprechen m\u00fcssen. F\u00fcr weitere Informationen, wenden Sie sich bitte.<\/p>\n","protected":false},"author":1,"featured_media":0,"parent":0,"menu_order":0,"comment_status":"closed","ping_status":"closed","template":"","meta":{"_monsterinsights_skip_tracking":false,"_monsterinsights_sitenote_active":false,"_monsterinsights_sitenote_note":"","_monsterinsights_sitenote_category":0,"_genesis_hide_title":false,"_genesis_hide_breadcrumbs":false,"_genesis_hide_singular_image":false,"_genesis_hide_footer_widgets":false,"_genesis_custom_body_class":"","_genesis_custom_post_class":"","_genesis_layout":"","footnotes":""},"class_list":{"0":"post-1197","1":"page","2":"type-page","3":"status-publish","5":"entry","6":"has-post-thumbnail"},"yoast_head":"<!-- This site is optimized with the Yoast SEO plugin v26.8 - https:\/\/yoast.com\/product\/yoast-seo-wordpress\/ -->\n<title>Project Solutions - Atexxo Manufacturing<\/title>\n<meta name=\"robots\" content=\"index, follow, max-snippet:-1, max-image-preview:large, max-video-preview:-1\" \/>\n<link rel=\"canonical\" href=\"https:\/\/atexxo.nl\/de\/about-us\/project-solutions-2\/\" \/>\n<meta property=\"og:locale\" content=\"de_DE\" \/>\n<meta property=\"og:type\" content=\"article\" \/>\n<meta property=\"og:title\" content=\"Project Solutions - Atexxo Manufacturing\" \/>\n<meta property=\"og:description\" content=\"Atexxo Fertigung bietet L\u00f6sungen f\u00fcr Fest- oder &#8222;one of a kind&#8220; Anlagen, die mit ATEX-Vorschriften entsprechen m\u00fcssen. F\u00fcr weitere Informationen, wenden Sie sich bitte.\" \/>\n<meta property=\"og:url\" content=\"https:\/\/atexxo.nl\/de\/about-us\/project-solutions-2\/\" \/>\n<meta property=\"og:site_name\" content=\"Atexxo Manufacturing\" \/>\n<meta property=\"article:modified_time\" content=\"2015-10-08T14:39:02+00:00\" \/>\n<meta property=\"og:image\" content=\"https:\/\/atexxo.nl\/wp-content\/uploads\/2015\/03\/atex-factory-inside-300x239.jpg\" \/>\n<script type=\"application\/ld+json\" class=\"yoast-schema-graph\">{\"@context\":\"https:\/\/schema.org\",\"@graph\":[{\"@type\":\"WebPage\",\"@id\":\"https:\/\/atexxo.nl\/de\/about-us\/project-solutions-2\/\",\"url\":\"https:\/\/atexxo.nl\/de\/about-us\/project-solutions-2\/\",\"name\":\"Project Solutions - Atexxo Manufacturing\",\"isPartOf\":{\"@id\":\"https:\/\/atexxo.nl\/ru\/#website\"},\"primaryImageOfPage\":{\"@id\":\"https:\/\/atexxo.nl\/de\/about-us\/project-solutions-2\/#primaryimage\"},\"image\":{\"@id\":\"https:\/\/atexxo.nl\/de\/about-us\/project-solutions-2\/#primaryimage\"},\"thumbnailUrl\":\"https:\/\/atexxo.nl\/wp-content\/uploads\/2015\/03\/atex-factory-inside-300x239.jpg\",\"datePublished\":\"2015-09-15T13:03:08+00:00\",\"dateModified\":\"2015-10-08T14:39:02+00:00\",\"breadcrumb\":{\"@id\":\"https:\/\/atexxo.nl\/de\/about-us\/project-solutions-2\/#breadcrumb\"},\"inLanguage\":\"de\",\"potentialAction\":[{\"@type\":\"ReadAction\",\"target\":[\"https:\/\/atexxo.nl\/de\/about-us\/project-solutions-2\/\"]}]},{\"@type\":\"ImageObject\",\"inLanguage\":\"de\",\"@id\":\"https:\/\/atexxo.nl\/de\/about-us\/project-solutions-2\/#primaryimage\",\"url\":\"https:\/\/atexxo.nl\/wp-content\/uploads\/2015\/03\/atex-factory-inside-300x239.jpg\",\"contentUrl\":\"https:\/\/atexxo.nl\/wp-content\/uploads\/2015\/03\/atex-factory-inside-300x239.jpg\"},{\"@type\":\"BreadcrumbList\",\"@id\":\"https:\/\/atexxo.nl\/de\/about-us\/project-solutions-2\/#breadcrumb\",\"itemListElement\":[{\"@type\":\"ListItem\",\"position\":1,\"name\":\"Startseite\",\"item\":\"https:\/\/atexxo.nl\/de\/\"},{\"@type\":\"ListItem\",\"position\":2,\"name\":\"\u00dcber uns\",\"item\":\"https:\/\/atexxo.nl\/de\/\"},{\"@type\":\"ListItem\",\"position\":3,\"name\":\"Project Solutions\"}]},{\"@type\":\"WebSite\",\"@id\":\"https:\/\/atexxo.nl\/ru\/#website\",\"url\":\"https:\/\/atexxo.nl\/ru\/\",\"name\":\"Atexxo Manufacturing\",\"description\":\"Specialist in Atex and IECEx Solutions\",\"publisher\":{\"@id\":\"https:\/\/atexxo.nl\/ru\/#organization\"},\"potentialAction\":[{\"@type\":\"SearchAction\",\"target\":{\"@type\":\"EntryPoint\",\"urlTemplate\":\"https:\/\/atexxo.nl\/ru\/?s={search_term_string}\"},\"query-input\":{\"@type\":\"PropertyValueSpecification\",\"valueRequired\":true,\"valueName\":\"search_term_string\"}}],\"inLanguage\":\"de\"},{\"@type\":\"Organization\",\"@id\":\"https:\/\/atexxo.nl\/ru\/#organization\",\"name\":\"Atexxo Manufacturing\",\"url\":\"https:\/\/atexxo.nl\/ru\/\",\"logo\":{\"@type\":\"ImageObject\",\"inLanguage\":\"de\",\"@id\":\"https:\/\/atexxo.nl\/ru\/#\/schema\/logo\/image\/\",\"url\":\"https:\/\/atexxo.nl\/wp-content\/uploads\/2015\/04\/logo_atexxo.jpg\",\"contentUrl\":\"https:\/\/atexxo.nl\/wp-content\/uploads\/2015\/04\/logo_atexxo.jpg\",\"width\":1533,\"height\":733,\"caption\":\"Atexxo Manufacturing\"},\"image\":{\"@id\":\"https:\/\/atexxo.nl\/ru\/#\/schema\/logo\/image\/\"}}]}<\/script>\n<!-- \/ Yoast SEO plugin. -->","yoast_head_json":{"title":"Project Solutions - Atexxo Manufacturing","robots":{"index":"index","follow":"follow","max-snippet":"max-snippet:-1","max-image-preview":"max-image-preview:large","max-video-preview":"max-video-preview:-1"},"canonical":"https:\/\/atexxo.nl\/de\/about-us\/project-solutions-2\/","og_locale":"de_DE","og_type":"article","og_title":"Project Solutions - Atexxo Manufacturing","og_description":"Atexxo Fertigung bietet L\u00f6sungen f\u00fcr Fest- oder &#8222;one of a kind&#8220; Anlagen, die mit ATEX-Vorschriften entsprechen m\u00fcssen. F\u00fcr weitere Informationen, wenden Sie sich bitte.","og_url":"https:\/\/atexxo.nl\/de\/about-us\/project-solutions-2\/","og_site_name":"Atexxo Manufacturing","article_modified_time":"2015-10-08T14:39:02+00:00","og_image":[{"url":"https:\/\/atexxo.nl\/wp-content\/uploads\/2015\/03\/atex-factory-inside-300x239.jpg","type":"","width":"","height":""}],"schema":{"@context":"https:\/\/schema.org","@graph":[{"@type":"WebPage","@id":"https:\/\/atexxo.nl\/de\/about-us\/project-solutions-2\/","url":"https:\/\/atexxo.nl\/de\/about-us\/project-solutions-2\/","name":"Project Solutions - Atexxo Manufacturing","isPartOf":{"@id":"https:\/\/atexxo.nl\/ru\/#website"},"primaryImageOfPage":{"@id":"https:\/\/atexxo.nl\/de\/about-us\/project-solutions-2\/#primaryimage"},"image":{"@id":"https:\/\/atexxo.nl\/de\/about-us\/project-solutions-2\/#primaryimage"},"thumbnailUrl":"https:\/\/atexxo.nl\/wp-content\/uploads\/2015\/03\/atex-factory-inside-300x239.jpg","datePublished":"2015-09-15T13:03:08+00:00","dateModified":"2015-10-08T14:39:02+00:00","breadcrumb":{"@id":"https:\/\/atexxo.nl\/de\/about-us\/project-solutions-2\/#breadcrumb"},"inLanguage":"de","potentialAction":[{"@type":"ReadAction","target":["https:\/\/atexxo.nl\/de\/about-us\/project-solutions-2\/"]}]},{"@type":"ImageObject","inLanguage":"de","@id":"https:\/\/atexxo.nl\/de\/about-us\/project-solutions-2\/#primaryimage","url":"https:\/\/atexxo.nl\/wp-content\/uploads\/2015\/03\/atex-factory-inside-300x239.jpg","contentUrl":"https:\/\/atexxo.nl\/wp-content\/uploads\/2015\/03\/atex-factory-inside-300x239.jpg"},{"@type":"BreadcrumbList","@id":"https:\/\/atexxo.nl\/de\/about-us\/project-solutions-2\/#breadcrumb","itemListElement":[{"@type":"ListItem","position":1,"name":"Startseite","item":"https:\/\/atexxo.nl\/de\/"},{"@type":"ListItem","position":2,"name":"\u00dcber uns","item":"https:\/\/atexxo.nl\/de\/"},{"@type":"ListItem","position":3,"name":"Project Solutions"}]},{"@type":"WebSite","@id":"https:\/\/atexxo.nl\/ru\/#website","url":"https:\/\/atexxo.nl\/ru\/","name":"Atexxo Manufacturing","description":"Specialist in Atex and IECEx Solutions","publisher":{"@id":"https:\/\/atexxo.nl\/ru\/#organization"},"potentialAction":[{"@type":"SearchAction","target":{"@type":"EntryPoint","urlTemplate":"https:\/\/atexxo.nl\/ru\/?s={search_term_string}"},"query-input":{"@type":"PropertyValueSpecification","valueRequired":true,"valueName":"search_term_string"}}],"inLanguage":"de"},{"@type":"Organization","@id":"https:\/\/atexxo.nl\/ru\/#organization","name":"Atexxo Manufacturing","url":"https:\/\/atexxo.nl\/ru\/","logo":{"@type":"ImageObject","inLanguage":"de","@id":"https:\/\/atexxo.nl\/ru\/#\/schema\/logo\/image\/","url":"https:\/\/atexxo.nl\/wp-content\/uploads\/2015\/04\/logo_atexxo.jpg","contentUrl":"https:\/\/atexxo.nl\/wp-content\/uploads\/2015\/04\/logo_atexxo.jpg","width":1533,"height":733,"caption":"Atexxo Manufacturing"},"image":{"@id":"https:\/\/atexxo.nl\/ru\/#\/schema\/logo\/image\/"}}]}},"rttpg_featured_image_url":null,"rttpg_author":{"display_name":"adatex","author_link":"https:\/\/atexxo.nl\/de\/author\/adatex\/"},"rttpg_comment":0,"rttpg_category":" <a href=\"https:\/\/atexxo.nl\/de\/?taxonomy=translation_priority&#038;term=optional-de\" rel=\"tag\">Optional<\/a>","rttpg_excerpt":"Atexxo Fertigung bietet L\u00f6sungen f\u00fcr Fest- oder &#8222;one of a kind&#8220; Anlagen, die mit ATEX-Vorschriften entsprechen m\u00fcssen. F\u00fcr weitere Informationen, wenden Sie sich bitte.","_links":{"self":[{"href":"https:\/\/atexxo.nl\/de\/wp-json\/wp\/v2\/pages\/1197","targetHints":{"allow":["GET"]}}],"collection":[{"href":"https:\/\/atexxo.nl\/de\/wp-json\/wp\/v2\/pages"}],"about":[{"href":"https:\/\/atexxo.nl\/de\/wp-json\/wp\/v2\/types\/page"}],"author":[{"embeddable":true,"href":"https:\/\/atexxo.nl\/de\/wp-json\/wp\/v2\/users\/1"}],"replies":[{"embeddable":true,"href":"https:\/\/atexxo.nl\/de\/wp-json\/wp\/v2\/comments?post=1197"}],"version-history":[{"count":0,"href":"https:\/\/atexxo.nl\/de\/wp-json\/wp\/v2\/pages\/1197\/revisions"}],"wp:attachment":[{"href":"https:\/\/atexxo.nl\/de\/wp-json\/wp\/v2\/media?parent=1197"}],"curies":[{"name":"wp","href":"https:\/\/api.w.org\/{rel}","templated":true}]}}