{"id":1194,"date":"2015-09-15T14:02:43","date_gmt":"2015-09-15T13:02:43","guid":{"rendered":"https:\/\/atexxo.nl\/?page_id=1194"},"modified":"2015-10-08T15:38:17","modified_gmt":"2015-10-08T14:38:17","slug":"ex-fenster-klimaanlage","status":"publish","type":"page","link":"https:\/\/atexxo.nl\/de\/produkte\/ex-fenster-klimaanlage\/","title":{"rendered":"EX Fenster Klimaanlage"},"content":{"rendered":"<p><strong><a href=\"https:\/\/atexxo.nl\/wp-content\/uploads\/explosion_proof_window_air_conditioner_monobloc_ex2.jpg\"><img loading=\"lazy\" decoding=\"async\" class=\" wp-image-971 alignright\" src=\"https:\/\/atexxo.nl\/wp-content\/uploads\/explosion_proof_window_air_conditioner_monobloc_ex2.jpg\" alt=\"explosion_proof_window_air_conditioner_monobloc_ex2\" width=\"339\" height=\"297\" srcset=\"https:\/\/atexxo.nl\/wp-content\/uploads\/explosion_proof_window_air_conditioner_monobloc_ex2.jpg 490w, https:\/\/atexxo.nl\/wp-content\/uploads\/explosion_proof_window_air_conditioner_monobloc_ex2-300x263.jpg 300w\" sizes=\"auto, (max-width: 339px) 100vw, 339px\" \/><\/a>ATEX 3G Zone 2, Fenster Klimaanlage: 230V 50Hz<\/strong> Atexxo Manufacturing BV umgewandelt Tr\u00e4ger \/ Midea explosions sicheren ATEX-Fenster-Klimager\u00e4t, f\u00fcr Zone 2 explosionsgef\u00e4hrdeten Bereichen geeignet. Die Ger\u00e4te haben nur die Funktion K\u00fchlung. (Heizung-Funktion auf Anfrage) Die Sets bestehen aus explosionsgesch\u00fctzten Fenster Klimager\u00e4t und Ex zugelassene Fernbedienung. Umwandlung in ATEX Explosions Safe ist nach ATEX 95 Sicherheitsstandards und bietet hervorragende Explosionsschutz und gleichzeitig so viel Funktionen des urspr\u00fcnglichen Produkts wie m\u00f6glich. Dies macht die ATEX-Fenster Klimaanlage einfach zu installieren und zu betreiben. Die Ger\u00e4te sind mit K\u00e4ltemittel vorgef\u00fcllt und nach der Stromanschluss direkt einsatzbereit. Atexxo Manufacturing BV bietet Explosion sichere Konvertierung f\u00fcr andere f\u00fchrende europ\u00e4ische HVAC Produkte und Marken, wie Toshina, Mitsubishi und Daikin auf Anfrage. Kosteneffektive ATEX Zone 2, Fenster AC Einheit<\/p>\n<table>\n<tbody>\n<tr>\n<td width=\"187\">Explosionssicherheit<\/td>\n<td width=\"236\">II 3G ; Ex ic nAC IIB T3 Gc<\/td>\n<\/tr>\n<\/tbody>\n<\/table>\n<p>[bscolumns class=&#8220;one_half&#8220;]<\/p>\n<h3>Vorteile:<\/h3>\n<ul>\n<li>Kann von jedermann installiert werden<\/li>\n<li>Nur K\u00fchlen (Heizen aufAnfrage)<\/li>\n<li>schnelle Lieferung<\/li>\n<li>Einfach zu installieren und zu bedienen<\/li>\n<li>ATEX Zone 2<\/li>\n<\/ul>\n<p>[\/bscolumns][bscolumns class=&#8220;one_half_last_clear&#8220;]<\/p>\n<h3>Anwendungen:<\/h3>\n<ul>\n<li>Gastankschiffe<\/li>\n<li>(Petro)chemische Anlagen<\/li>\n<li>Offshore-\u00d6lplattformen<\/li>\n<li>Einschlie\u00dfung \/ Containerk\u00fchlung<\/li>\n<\/ul>\n<p>[\/bscolumns][bscolumns class=&#8220;clear&#8220;][\/bscolumns] <a href=\"https:\/\/atexxo.nl\/wp-content\/uploads\/atex_window_air_conditioner_carrier_midea.jpg\">\u00a0<\/a><\/p>\n<h2>Sicheren Betrieb in ATEX Ex-Zone 2 Bereichen<\/h2>\n<p>Die Verwendung mehrerer Explosionsschutzma\u00dfnahmen einen sicheren Betrieb in explosionsgef\u00e4hrdeten Bereichen zu gew\u00e4hrleisten. Umwandlung in ATEX Explosions sicher steht im Einklang mit Atexxo Philosophie der Bereitstellung von ausgezeichneten Ex-Schutz, w\u00e4hrend fast alle Merkmale des ori ginal proatex_window_air_conditioner_carrier_mideaduct. Dies macht die ATEX Klimaanlagen einfach zu installieren und zu betreiben.<a href=\"https:\/\/atexxo.nl\/wp-content\/uploads\/atex_window_air_conditioner_carrier_midea.jpg\"><img loading=\"lazy\" decoding=\"async\" class=\" wp-image-977 alignright\" src=\"https:\/\/atexxo.nl\/wp-content\/uploads\/atex_window_air_conditioner_carrier_midea.jpg\" alt=\"atex_window_air_conditioner_carrier_midea\" width=\"314\" height=\"213\" srcset=\"https:\/\/atexxo.nl\/wp-content\/uploads\/atex_window_air_conditioner_carrier_midea.jpg 483w, https:\/\/atexxo.nl\/wp-content\/uploads\/atex_window_air_conditioner_carrier_midea-300x204.jpg 300w\" sizes=\"auto, (max-width: 314px) 100vw, 314px\" \/><\/a><\/p>\n<h2>Explosionsgesch\u00fctzte Schutzmethoden<\/h2>\n<p>In der Seite ein Hinweis auf den von Atexxo Manufacturing BV angewendet explosionsgesch\u00fctzte Konvertierungsmethoden. Alle \u00c4nderungen werden nach Sicherheitsstandards, gut dokumentiert und von den europ\u00e4ischen Qualit\u00e4tssysteme gesteuert werden. Bitte beachten Sie, dass die Basis-Modell \/ Marke kann wegen der europ\u00e4ischen Verf\u00fcgbarkeit \u00e4ndern.<\/p>\n<h3>Technische Information<\/h3>\n<table style=\"height: 178px;\" width=\"430\">\n<tbody>\n<tr>\n<td style=\"width: 150px;\"><strong>Typ Fenstereinheit:<\/strong><\/td>\n<td>festen Steuer, (remote auf Anfrage)<\/td>\n<\/tr>\n<tr>\n<td><strong>Spannung<\/strong>:<\/td>\n<td>230 Volt (220-240)<\/td>\n<\/tr>\n<tr>\n<td><strong>Frequenz<\/strong> :<\/td>\n<td>50 Hz (60Hz auf Anfrage)<\/td>\n<\/tr>\n<tr>\n<td>K\u00e4ltemittel:<\/td>\n<td>R-410A Europ\u00e4isch zugelassen<\/td>\n<\/tr>\n<tr>\n<td><strong>Atex<\/strong>:<\/td>\n<td>Zone 2, II 3G; ic nAC IIB T3 Gc<\/td>\n<\/tr>\n<\/tbody>\n<\/table>\n<h2>Bestellinformationen<\/h2>\n<p><a href=\"https:\/\/atexxo.nl\/wp-content\/uploads\/MideaCarrier2.png\"><img loading=\"lazy\" decoding=\"async\" class=\"alignnone size-full wp-image-979\" src=\"https:\/\/atexxo.nl\/wp-content\/uploads\/MideaCarrier2.png\" alt=\"MideaCarrier2\" width=\"321\" height=\"172\" srcset=\"https:\/\/atexxo.nl\/wp-content\/uploads\/MideaCarrier2.png 321w, https:\/\/atexxo.nl\/wp-content\/uploads\/MideaCarrier2-300x161.png 300w\" sizes=\"auto, (max-width: 321px) 100vw, 321px\" \/><\/a><\/p>\n<h3><strong>Explosionsgesch\u00fctzte Fenster ac Einheiten<\/strong><\/h3>\n<table width=\"738\">\n<tbody>\n<tr>\n<td width=\"175\"><strong>ATEX Fenster Einheits Atexxo Manufacturing B.V.<\/strong><\/td>\n<td width=\"115\"><strong>Atex Zone<\/strong><\/td>\n<td width=\"73\">K\u00fchlleistung<\/td>\n<td width=\"83\">K\u00fchlleistung<\/td>\n<td width=\"69\">K\u00fchlleistung<\/td>\n<td width=\"75\">Amps Standardbedingungen<\/td>\n<td width=\"148\">\nMa\u00dfeinheit HxWxD (mm)<\/td>\n<\/tr>\n<tr>\n<td width=\"175\"><strong>Order Number<\/strong><\/td>\n<td width=\"115\"><\/td>\n<td width=\"73\">(kW)<\/td>\n<td width=\"83\">(BTU\/h)<\/td>\n<td width=\"69\">(R Tons)<\/td>\n<td width=\"75\">(A)<\/td>\n<td width=\"148\">Gewicht (kg)<\/td>\n<\/tr>\n<tr>\n<td><\/td>\n<td><\/td>\n<td><\/td>\n<td><\/td>\n<td><\/td>\n<td width=\"75\"><\/td>\n<td width=\"148\"><\/td>\n<\/tr>\n<tr>\n<td><strong>AIR-EX-WM-26<\/strong><\/td>\n<td><strong>Zone 2<\/strong><\/td>\n<td>2.6 kW<\/td>\n<td>9.000 BTU\/h<\/td>\n<td>0.75<\/td>\n<td>4.8<\/td>\n<td>350x450x540, 30kg<\/td>\n<\/tr>\n<tr>\n<td><strong>AIR-EX-WM-35<\/strong><\/td>\n<td><strong>Zone 2<\/strong><\/td>\n<td>3.5 kW<\/td>\n<td>12000 BTU\/h<\/td>\n<td>1<\/td>\n<td>6.5<\/td>\n<td>380x600x560, 38kg<\/td>\n<\/tr>\n<tr>\n<td><strong>AIR-EX-WM-46<\/strong><\/td>\n<td><strong>Zone 2<\/strong><\/td>\n<td>4.6 kW<\/td>\n<td>16000 BTU\/h<\/td>\n<td>1.33<\/td>\n<td>9.0<\/td>\n<td>430x660x687, 53g<\/td>\n<\/tr>\n<\/tbody>\n<\/table>\n<p>Download Produktinformation <a href=\"https:\/\/atexxo.nl\/wp-content\/uploads\/ATEX-WINDOW-AIR-CONDITIONER2.pdf\">Explosionsgesch\u00fctzte Fenster ac Einheit<\/a><\/p>\n","protected":false},"excerpt":{"rendered":"<p>ATEX 3G Zone 2, Fenster Klimaanlage: 230V 50Hz Atexxo Manufacturing BV umgewandelt Tr\u00e4ger \/ Midea explosions sicheren ATEX-Fenster-Klimager\u00e4t, f\u00fcr Zone 2 explosionsgef\u00e4hrdeten Bereichen geeignet. Die Ger\u00e4te haben nur die Funktion K\u00fchlung. (Heizung-Funktion auf Anfrage) Die Sets bestehen aus explosionsgesch\u00fctzten Fenster Klimager\u00e4t und Ex zugelassene Fernbedienung. Umwandlung in ATEX Explosions Safe ist nach ATEX 95 Sicherheitsstandards [&hellip;]<\/p>\n","protected":false},"author":1,"featured_media":1196,"parent":1170,"menu_order":8,"comment_status":"closed","ping_status":"closed","template":"","meta":{"_monsterinsights_skip_tracking":false,"_monsterinsights_sitenote_active":false,"_monsterinsights_sitenote_note":"","_monsterinsights_sitenote_category":0,"_genesis_hide_title":false,"_genesis_hide_breadcrumbs":false,"_genesis_hide_singular_image":false,"_genesis_hide_footer_widgets":false,"_genesis_custom_body_class":"","_genesis_custom_post_class":"","_genesis_layout":"","footnotes":""},"class_list":{"0":"post-1194","1":"page","2":"type-page","3":"status-publish","4":"has-post-thumbnail","6":"entry"},"yoast_head":"<!-- This site is optimized with the Yoast SEO plugin v26.8 - https:\/\/yoast.com\/product\/yoast-seo-wordpress\/ -->\n<title>EX Fenster Klimaanlage - Atexxo Manufacturing<\/title>\n<meta name=\"robots\" content=\"index, follow, max-snippet:-1, max-image-preview:large, max-video-preview:-1\" \/>\n<link rel=\"canonical\" href=\"https:\/\/atexxo.nl\/de\/produkte\/ex-fenster-klimaanlage\/\" \/>\n<meta property=\"og:locale\" content=\"de_DE\" \/>\n<meta property=\"og:type\" content=\"article\" \/>\n<meta property=\"og:title\" content=\"EX Fenster Klimaanlage - Atexxo Manufacturing\" \/>\n<meta property=\"og:description\" content=\"ATEX 3G Zone 2, Fenster Klimaanlage: 230V 50Hz Atexxo Manufacturing BV umgewandelt Tr\u00e4ger \/ Midea explosions sicheren ATEX-Fenster-Klimager\u00e4t, f\u00fcr Zone 2 explosionsgef\u00e4hrdeten Bereichen geeignet. Die Ger\u00e4te haben nur die Funktion K\u00fchlung. (Heizung-Funktion auf Anfrage) Die Sets bestehen aus explosionsgesch\u00fctzten Fenster Klimager\u00e4t und Ex zugelassene Fernbedienung. Umwandlung in ATEX Explosions Safe ist nach ATEX 95 Sicherheitsstandards [&hellip;]\" \/>\n<meta property=\"og:url\" content=\"https:\/\/atexxo.nl\/de\/produkte\/ex-fenster-klimaanlage\/\" \/>\n<meta property=\"og:site_name\" content=\"Atexxo Manufacturing\" \/>\n<meta property=\"article:modified_time\" content=\"2015-10-08T14:38:17+00:00\" \/>\n<meta property=\"og:image\" content=\"https:\/\/atexxo.nl\/wp-content\/uploads\/explosion_proof_window_air_conditioner_monobloc_ex2.jpg\" \/>\n\t<meta property=\"og:image:width\" content=\"490\" \/>\n\t<meta property=\"og:image:height\" content=\"429\" \/>\n\t<meta property=\"og:image:type\" content=\"image\/jpeg\" \/>\n<meta name=\"twitter:label1\" content=\"Gesch\u00e4tzte Lesezeit\" \/>\n\t<meta name=\"twitter:data1\" content=\"2\u00a0Minuten\" \/>\n<script type=\"application\/ld+json\" class=\"yoast-schema-graph\">{\"@context\":\"https:\/\/schema.org\",\"@graph\":[{\"@type\":\"WebPage\",\"@id\":\"https:\/\/atexxo.nl\/de\/produkte\/ex-fenster-klimaanlage\/\",\"url\":\"https:\/\/atexxo.nl\/de\/produkte\/ex-fenster-klimaanlage\/\",\"name\":\"EX Fenster Klimaanlage - Atexxo Manufacturing\",\"isPartOf\":{\"@id\":\"https:\/\/atexxo.nl\/ru\/#website\"},\"primaryImageOfPage\":{\"@id\":\"https:\/\/atexxo.nl\/de\/produkte\/ex-fenster-klimaanlage\/#primaryimage\"},\"image\":{\"@id\":\"https:\/\/atexxo.nl\/de\/produkte\/ex-fenster-klimaanlage\/#primaryimage\"},\"thumbnailUrl\":\"https:\/\/atexxo.nl\/wp-content\/uploads\/explosion_proof_window_air_conditioner_monobloc_ex2.jpg\",\"datePublished\":\"2015-09-15T13:02:43+00:00\",\"dateModified\":\"2015-10-08T14:38:17+00:00\",\"breadcrumb\":{\"@id\":\"https:\/\/atexxo.nl\/de\/produkte\/ex-fenster-klimaanlage\/#breadcrumb\"},\"inLanguage\":\"de\",\"potentialAction\":[{\"@type\":\"ReadAction\",\"target\":[\"https:\/\/atexxo.nl\/de\/produkte\/ex-fenster-klimaanlage\/\"]}]},{\"@type\":\"ImageObject\",\"inLanguage\":\"de\",\"@id\":\"https:\/\/atexxo.nl\/de\/produkte\/ex-fenster-klimaanlage\/#primaryimage\",\"url\":\"https:\/\/atexxo.nl\/wp-content\/uploads\/explosion_proof_window_air_conditioner_monobloc_ex2.jpg\",\"contentUrl\":\"https:\/\/atexxo.nl\/wp-content\/uploads\/explosion_proof_window_air_conditioner_monobloc_ex2.jpg\",\"width\":490,\"height\":429},{\"@type\":\"BreadcrumbList\",\"@id\":\"https:\/\/atexxo.nl\/de\/produkte\/ex-fenster-klimaanlage\/#breadcrumb\",\"itemListElement\":[{\"@type\":\"ListItem\",\"position\":1,\"name\":\"Startseite\",\"item\":\"https:\/\/atexxo.nl\/de\/\"},{\"@type\":\"ListItem\",\"position\":2,\"name\":\"Produkte\",\"item\":\"https:\/\/atexxo.nl\/de\/produkte\/\"},{\"@type\":\"ListItem\",\"position\":3,\"name\":\"EX Fenster Klimaanlage\"}]},{\"@type\":\"WebSite\",\"@id\":\"https:\/\/atexxo.nl\/ru\/#website\",\"url\":\"https:\/\/atexxo.nl\/ru\/\",\"name\":\"Atexxo Manufacturing\",\"description\":\"Specialist in Atex and IECEx Solutions\",\"publisher\":{\"@id\":\"https:\/\/atexxo.nl\/ru\/#organization\"},\"potentialAction\":[{\"@type\":\"SearchAction\",\"target\":{\"@type\":\"EntryPoint\",\"urlTemplate\":\"https:\/\/atexxo.nl\/ru\/?s={search_term_string}\"},\"query-input\":{\"@type\":\"PropertyValueSpecification\",\"valueRequired\":true,\"valueName\":\"search_term_string\"}}],\"inLanguage\":\"de\"},{\"@type\":\"Organization\",\"@id\":\"https:\/\/atexxo.nl\/ru\/#organization\",\"name\":\"Atexxo Manufacturing\",\"url\":\"https:\/\/atexxo.nl\/ru\/\",\"logo\":{\"@type\":\"ImageObject\",\"inLanguage\":\"de\",\"@id\":\"https:\/\/atexxo.nl\/ru\/#\/schema\/logo\/image\/\",\"url\":\"https:\/\/atexxo.nl\/wp-content\/uploads\/2015\/04\/logo_atexxo.jpg\",\"contentUrl\":\"https:\/\/atexxo.nl\/wp-content\/uploads\/2015\/04\/logo_atexxo.jpg\",\"width\":1533,\"height\":733,\"caption\":\"Atexxo Manufacturing\"},\"image\":{\"@id\":\"https:\/\/atexxo.nl\/ru\/#\/schema\/logo\/image\/\"}}]}<\/script>\n<!-- \/ Yoast SEO plugin. -->","yoast_head_json":{"title":"EX Fenster Klimaanlage - Atexxo Manufacturing","robots":{"index":"index","follow":"follow","max-snippet":"max-snippet:-1","max-image-preview":"max-image-preview:large","max-video-preview":"max-video-preview:-1"},"canonical":"https:\/\/atexxo.nl\/de\/produkte\/ex-fenster-klimaanlage\/","og_locale":"de_DE","og_type":"article","og_title":"EX Fenster Klimaanlage - Atexxo Manufacturing","og_description":"ATEX 3G Zone 2, Fenster Klimaanlage: 230V 50Hz Atexxo Manufacturing BV umgewandelt Tr\u00e4ger \/ Midea explosions sicheren ATEX-Fenster-Klimager\u00e4t, f\u00fcr Zone 2 explosionsgef\u00e4hrdeten Bereichen geeignet. Die Ger\u00e4te haben nur die Funktion K\u00fchlung. (Heizung-Funktion auf Anfrage) Die Sets bestehen aus explosionsgesch\u00fctzten Fenster Klimager\u00e4t und Ex zugelassene Fernbedienung. Umwandlung in ATEX Explosions Safe ist nach ATEX 95 Sicherheitsstandards [&hellip;]","og_url":"https:\/\/atexxo.nl\/de\/produkte\/ex-fenster-klimaanlage\/","og_site_name":"Atexxo Manufacturing","article_modified_time":"2015-10-08T14:38:17+00:00","og_image":[{"width":490,"height":429,"url":"https:\/\/atexxo.nl\/wp-content\/uploads\/explosion_proof_window_air_conditioner_monobloc_ex2.jpg","type":"image\/jpeg"}],"twitter_misc":{"Gesch\u00e4tzte Lesezeit":"2\u00a0Minuten"},"schema":{"@context":"https:\/\/schema.org","@graph":[{"@type":"WebPage","@id":"https:\/\/atexxo.nl\/de\/produkte\/ex-fenster-klimaanlage\/","url":"https:\/\/atexxo.nl\/de\/produkte\/ex-fenster-klimaanlage\/","name":"EX Fenster Klimaanlage - Atexxo Manufacturing","isPartOf":{"@id":"https:\/\/atexxo.nl\/ru\/#website"},"primaryImageOfPage":{"@id":"https:\/\/atexxo.nl\/de\/produkte\/ex-fenster-klimaanlage\/#primaryimage"},"image":{"@id":"https:\/\/atexxo.nl\/de\/produkte\/ex-fenster-klimaanlage\/#primaryimage"},"thumbnailUrl":"https:\/\/atexxo.nl\/wp-content\/uploads\/explosion_proof_window_air_conditioner_monobloc_ex2.jpg","datePublished":"2015-09-15T13:02:43+00:00","dateModified":"2015-10-08T14:38:17+00:00","breadcrumb":{"@id":"https:\/\/atexxo.nl\/de\/produkte\/ex-fenster-klimaanlage\/#breadcrumb"},"inLanguage":"de","potentialAction":[{"@type":"ReadAction","target":["https:\/\/atexxo.nl\/de\/produkte\/ex-fenster-klimaanlage\/"]}]},{"@type":"ImageObject","inLanguage":"de","@id":"https:\/\/atexxo.nl\/de\/produkte\/ex-fenster-klimaanlage\/#primaryimage","url":"https:\/\/atexxo.nl\/wp-content\/uploads\/explosion_proof_window_air_conditioner_monobloc_ex2.jpg","contentUrl":"https:\/\/atexxo.nl\/wp-content\/uploads\/explosion_proof_window_air_conditioner_monobloc_ex2.jpg","width":490,"height":429},{"@type":"BreadcrumbList","@id":"https:\/\/atexxo.nl\/de\/produkte\/ex-fenster-klimaanlage\/#breadcrumb","itemListElement":[{"@type":"ListItem","position":1,"name":"Startseite","item":"https:\/\/atexxo.nl\/de\/"},{"@type":"ListItem","position":2,"name":"Produkte","item":"https:\/\/atexxo.nl\/de\/produkte\/"},{"@type":"ListItem","position":3,"name":"EX Fenster Klimaanlage"}]},{"@type":"WebSite","@id":"https:\/\/atexxo.nl\/ru\/#website","url":"https:\/\/atexxo.nl\/ru\/","name":"Atexxo Manufacturing","description":"Specialist in Atex and IECEx Solutions","publisher":{"@id":"https:\/\/atexxo.nl\/ru\/#organization"},"potentialAction":[{"@type":"SearchAction","target":{"@type":"EntryPoint","urlTemplate":"https:\/\/atexxo.nl\/ru\/?s={search_term_string}"},"query-input":{"@type":"PropertyValueSpecification","valueRequired":true,"valueName":"search_term_string"}}],"inLanguage":"de"},{"@type":"Organization","@id":"https:\/\/atexxo.nl\/ru\/#organization","name":"Atexxo Manufacturing","url":"https:\/\/atexxo.nl\/ru\/","logo":{"@type":"ImageObject","inLanguage":"de","@id":"https:\/\/atexxo.nl\/ru\/#\/schema\/logo\/image\/","url":"https:\/\/atexxo.nl\/wp-content\/uploads\/2015\/04\/logo_atexxo.jpg","contentUrl":"https:\/\/atexxo.nl\/wp-content\/uploads\/2015\/04\/logo_atexxo.jpg","width":1533,"height":733,"caption":"Atexxo Manufacturing"},"image":{"@id":"https:\/\/atexxo.nl\/ru\/#\/schema\/logo\/image\/"}}]}},"rttpg_featured_image_url":{"full":["https:\/\/atexxo.nl\/wp-content\/uploads\/explosion_proof_window_air_conditioner_monobloc_ex2.jpg",490,429,false],"landscape":["https:\/\/atexxo.nl\/wp-content\/uploads\/explosion_proof_window_air_conditioner_monobloc_ex2.jpg",490,429,false],"portraits":["https:\/\/atexxo.nl\/wp-content\/uploads\/explosion_proof_window_air_conditioner_monobloc_ex2.jpg",490,429,false],"thumbnail":["https:\/\/atexxo.nl\/wp-content\/uploads\/explosion_proof_window_air_conditioner_monobloc_ex2-150x150.jpg",150,150,true],"medium":["https:\/\/atexxo.nl\/wp-content\/uploads\/explosion_proof_window_air_conditioner_monobloc_ex2-300x263.jpg",300,263,true],"large":["https:\/\/atexxo.nl\/wp-content\/uploads\/explosion_proof_window_air_conditioner_monobloc_ex2.jpg",490,429,false],"1536x1536":["https:\/\/atexxo.nl\/wp-content\/uploads\/explosion_proof_window_air_conditioner_monobloc_ex2.jpg",490,429,false],"2048x2048":["https:\/\/atexxo.nl\/wp-content\/uploads\/explosion_proof_window_air_conditioner_monobloc_ex2.jpg",490,429,false]},"rttpg_author":{"display_name":"adatex","author_link":"https:\/\/atexxo.nl\/de\/author\/adatex\/"},"rttpg_comment":0,"rttpg_category":false,"rttpg_excerpt":"ATEX 3G Zone 2, Fenster Klimaanlage: 230V 50Hz Atexxo Manufacturing BV umgewandelt Tr\u00e4ger \/ Midea explosions sicheren ATEX-Fenster-Klimager\u00e4t, f\u00fcr Zone 2 explosionsgef\u00e4hrdeten Bereichen geeignet. Die Ger\u00e4te haben nur die Funktion K\u00fchlung. (Heizung-Funktion auf Anfrage) Die Sets bestehen aus explosionsgesch\u00fctzten Fenster Klimager\u00e4t und Ex zugelassene Fernbedienung. Umwandlung in ATEX Explosions Safe ist nach ATEX 95 Sicherheitsstandards&hellip;","_links":{"self":[{"href":"https:\/\/atexxo.nl\/de\/wp-json\/wp\/v2\/pages\/1194","targetHints":{"allow":["GET"]}}],"collection":[{"href":"https:\/\/atexxo.nl\/de\/wp-json\/wp\/v2\/pages"}],"about":[{"href":"https:\/\/atexxo.nl\/de\/wp-json\/wp\/v2\/types\/page"}],"author":[{"embeddable":true,"href":"https:\/\/atexxo.nl\/de\/wp-json\/wp\/v2\/users\/1"}],"replies":[{"embeddable":true,"href":"https:\/\/atexxo.nl\/de\/wp-json\/wp\/v2\/comments?post=1194"}],"version-history":[{"count":0,"href":"https:\/\/atexxo.nl\/de\/wp-json\/wp\/v2\/pages\/1194\/revisions"}],"up":[{"embeddable":true,"href":"https:\/\/atexxo.nl\/de\/wp-json\/wp\/v2\/pages\/1170"}],"wp:featuredmedia":[{"embeddable":true,"href":"https:\/\/atexxo.nl\/de\/wp-json\/wp\/v2\/media\/1196"}],"wp:attachment":[{"href":"https:\/\/atexxo.nl\/de\/wp-json\/wp\/v2\/media?parent=1194"}],"curies":[{"name":"wp","href":"https:\/\/api.w.org\/{rel}","templated":true}]}}