{"id":1182,"date":"2015-09-15T14:01:29","date_gmt":"2015-09-15T13:01:29","guid":{"rendered":"https:\/\/atexxo.nl\/?page_id=1182"},"modified":"2015-10-02T12:20:29","modified_gmt":"2015-10-02T11:20:29","slug":"ex-drusen-normale-kabel","status":"publish","type":"page","link":"https:\/\/atexxo.nl\/de\/produkte\/atex-iecex-kabelverschraubungen\/ex-drusen-normale-kabel\/","title":{"rendered":"EX Dr\u00fcsen Normale Kabel"},"content":{"rendered":"<p><iframe loading=\"lazy\"  id=\"_ytid_79903\"  width=\"480\" height=\"270\"  data-origwidth=\"480\" data-origheight=\"270\" src=\"https:\/\/www.youtube.com\/embed\/uOMbaMNwirY?enablejsapi=1&autoplay=0&cc_load_policy=0&cc_lang_pref=&iv_load_policy=1&loop=0&rel=1&fs=1&playsinline=0&autohide=2&theme=dark&color=red&controls=1&disablekb=0&\" class=\"__youtube_prefs__  no-lazyload\" title=\"YouTube player\"  allow=\"fullscreen; accelerometer; autoplay; clipboard-write; encrypted-media; gyroscope; picture-in-picture; web-share\" referrerpolicy=\"strict-origin-when-cross-origin\" allowfullscreen data-no-lazy=\"1\" data-skipgform_ajax_framebjll=\"\"><\/iframe> Universal-Exe und Ex-d-Kabelverschraubungen (ATEX und IECEx) Diese universellen Exd \/ Exd Kabelverschraubungen haben eine l\u00e4ngere Gewindel\u00e4nge &gt; 15 mm als Exe Kabelverschraubungen. Das macht sie ideal f\u00fcr mit Gewinde oder Durchgangsloch-Verbindungen in Kombination mit Kontermutter Anwendungen zu nutzen. Die Kabelverschraubungen sind dreifach zertifiziert, ATEX, IECEx und Meeres DNV GL-Zulassung. Sie sind f\u00fcr den industriellen Onshore, Offshore und Schiffsanwendungen geeignet. Die einzigartige Dreifach-Dichtungssystem macht sie f\u00fcr kleine und gro\u00dfe Kabeldurchmesser geeignet ist, ohne zus\u00e4tzliche lose Ringe. E.G. M20 f\u00fcr 3-12mm Durchmesser Kabel. Standard in vernickelt Messing Finish geliefert, kann Edelstahl Grund Messing auf Anfrage geliefert werden.<\/p>\n<h2>Technische Details<\/h2>\n<p><img loading=\"lazy\" decoding=\"async\" class=\"alignnone size-full wp-image-943\" src=\"https:\/\/atexxo.nl\/wp-content\/uploads\/2015\/03\/e-contans-atex-kabelwartels.jpg\" alt=\"e-contans-atex-kabelwartels\" width=\"587\" height=\"264\" srcset=\"https:\/\/atexxo.nl\/wp-content\/uploads\/2015\/03\/e-contans-atex-kabelwartels.jpg 587w, https:\/\/atexxo.nl\/wp-content\/uploads\/2015\/03\/e-contans-atex-kabelwartels-300x135.jpg 300w\" sizes=\"auto, (max-width: 587px) 100vw, 587px\" \/> <a href=\"https:\/\/atexxo.nl\/wp-content\/uploads\/2015\/03\/ATEX-kabel-wartels-IECEX-exd-exe-eoctans.jpg\"><img loading=\"lazy\" decoding=\"async\" class=\"alignnone size-full wp-image-937\" src=\"https:\/\/atexxo.nl\/wp-content\/uploads\/2015\/03\/ATEX-kabel-wartels-IECEX-exd-exe-eoctans.jpg\" alt=\"ATEX-kabel-wartels-IECEX-exd-exe-eoctans\" width=\"708\" height=\"497\" srcset=\"https:\/\/atexxo.nl\/wp-content\/uploads\/2015\/03\/ATEX-kabel-wartels-IECEX-exd-exe-eoctans.jpg 708w, https:\/\/atexxo.nl\/wp-content\/uploads\/2015\/03\/ATEX-kabel-wartels-IECEX-exd-exe-eoctans-300x211.jpg 300w\" sizes=\"auto, (max-width: 708px) 100vw, 708px\" \/><\/a><\/p>\n","protected":false},"excerpt":{"rendered":"<p>Universal-Exe und Ex-d-Kabelverschraubungen (ATEX und IECEx) Diese universellen Exd \/ Exd Kabelverschraubungen haben eine l\u00e4ngere Gewindel\u00e4nge &gt; 15 mm als Exe Kabelverschraubungen. Das macht sie ideal f\u00fcr mit Gewinde oder Durchgangsloch-Verbindungen in Kombination mit Kontermutter Anwendungen zu nutzen. Die Kabelverschraubungen sind dreifach zertifiziert, ATEX, IECEx und Meeres DNV GL-Zulassung. Sie sind f\u00fcr den industriellen Onshore, [&hellip;]<\/p>\n","protected":false},"author":1,"featured_media":0,"parent":1220,"menu_order":0,"comment_status":"closed","ping_status":"closed","template":"","meta":{"_monsterinsights_skip_tracking":false,"_monsterinsights_sitenote_active":false,"_monsterinsights_sitenote_note":"","_monsterinsights_sitenote_category":0,"_genesis_hide_title":false,"_genesis_hide_breadcrumbs":false,"_genesis_hide_singular_image":false,"_genesis_hide_footer_widgets":false,"_genesis_custom_body_class":"","_genesis_custom_post_class":"","_genesis_layout":"","footnotes":""},"class_list":{"0":"post-1182","1":"page","2":"type-page","3":"status-publish","5":"entry","6":"has-post-thumbnail"},"yoast_head":"<!-- This site is optimized with the Yoast SEO plugin v26.8 - https:\/\/yoast.com\/product\/yoast-seo-wordpress\/ -->\n<title>EX Dr\u00fcsen Normale Kabel - Atexxo Manufacturing<\/title>\n<meta name=\"robots\" content=\"index, follow, max-snippet:-1, max-image-preview:large, max-video-preview:-1\" \/>\n<link rel=\"canonical\" href=\"https:\/\/atexxo.nl\/de\/produkte\/atex-iecex-kabelverschraubungen\/ex-drusen-normale-kabel\/\" \/>\n<meta property=\"og:locale\" content=\"de_DE\" \/>\n<meta property=\"og:type\" content=\"article\" \/>\n<meta property=\"og:title\" content=\"EX Dr\u00fcsen Normale Kabel - Atexxo Manufacturing\" \/>\n<meta property=\"og:description\" content=\"Universal-Exe und Ex-d-Kabelverschraubungen (ATEX und IECEx) Diese universellen Exd \/ Exd Kabelverschraubungen haben eine l\u00e4ngere Gewindel\u00e4nge &gt; 15 mm als Exe Kabelverschraubungen. Das macht sie ideal f\u00fcr mit Gewinde oder Durchgangsloch-Verbindungen in Kombination mit Kontermutter Anwendungen zu nutzen. Die Kabelverschraubungen sind dreifach zertifiziert, ATEX, IECEx und Meeres DNV GL-Zulassung. Sie sind f\u00fcr den industriellen Onshore, [&hellip;]\" \/>\n<meta property=\"og:url\" content=\"https:\/\/atexxo.nl\/de\/produkte\/atex-iecex-kabelverschraubungen\/ex-drusen-normale-kabel\/\" \/>\n<meta property=\"og:site_name\" content=\"Atexxo Manufacturing\" \/>\n<meta property=\"article:modified_time\" content=\"2015-10-02T11:20:29+00:00\" \/>\n<meta property=\"og:image\" content=\"https:\/\/atexxo.nl\/wp-content\/uploads\/2015\/03\/e-contans-atex-kabelwartels.jpg\" \/>\n<meta name=\"twitter:label1\" content=\"Gesch\u00e4tzte Lesezeit\" \/>\n\t<meta name=\"twitter:data1\" content=\"1\u00a0Minute\" \/>\n<script type=\"application\/ld+json\" class=\"yoast-schema-graph\">{\"@context\":\"https:\/\/schema.org\",\"@graph\":[{\"@type\":\"WebPage\",\"@id\":\"https:\/\/atexxo.nl\/de\/produkte\/atex-iecex-kabelverschraubungen\/ex-drusen-normale-kabel\/\",\"url\":\"https:\/\/atexxo.nl\/de\/produkte\/atex-iecex-kabelverschraubungen\/ex-drusen-normale-kabel\/\",\"name\":\"EX Dr\u00fcsen Normale Kabel - Atexxo Manufacturing\",\"isPartOf\":{\"@id\":\"https:\/\/atexxo.nl\/ru\/#website\"},\"primaryImageOfPage\":{\"@id\":\"https:\/\/atexxo.nl\/de\/produkte\/atex-iecex-kabelverschraubungen\/ex-drusen-normale-kabel\/#primaryimage\"},\"image\":{\"@id\":\"https:\/\/atexxo.nl\/de\/produkte\/atex-iecex-kabelverschraubungen\/ex-drusen-normale-kabel\/#primaryimage\"},\"thumbnailUrl\":\"https:\/\/atexxo.nl\/wp-content\/uploads\/2015\/03\/e-contans-atex-kabelwartels.jpg\",\"datePublished\":\"2015-09-15T13:01:29+00:00\",\"dateModified\":\"2015-10-02T11:20:29+00:00\",\"breadcrumb\":{\"@id\":\"https:\/\/atexxo.nl\/de\/produkte\/atex-iecex-kabelverschraubungen\/ex-drusen-normale-kabel\/#breadcrumb\"},\"inLanguage\":\"de\",\"potentialAction\":[{\"@type\":\"ReadAction\",\"target\":[\"https:\/\/atexxo.nl\/de\/produkte\/atex-iecex-kabelverschraubungen\/ex-drusen-normale-kabel\/\"]}]},{\"@type\":\"ImageObject\",\"inLanguage\":\"de\",\"@id\":\"https:\/\/atexxo.nl\/de\/produkte\/atex-iecex-kabelverschraubungen\/ex-drusen-normale-kabel\/#primaryimage\",\"url\":\"https:\/\/atexxo.nl\/wp-content\/uploads\/2015\/03\/e-contans-atex-kabelwartels.jpg\",\"contentUrl\":\"https:\/\/atexxo.nl\/wp-content\/uploads\/2015\/03\/e-contans-atex-kabelwartels.jpg\"},{\"@type\":\"BreadcrumbList\",\"@id\":\"https:\/\/atexxo.nl\/de\/produkte\/atex-iecex-kabelverschraubungen\/ex-drusen-normale-kabel\/#breadcrumb\",\"itemListElement\":[{\"@type\":\"ListItem\",\"position\":1,\"name\":\"Startseite\",\"item\":\"https:\/\/atexxo.nl\/de\/\"},{\"@type\":\"ListItem\",\"position\":2,\"name\":\"Produkte\",\"item\":\"https:\/\/atexxo.nl\/de\/produkte\/\"},{\"@type\":\"ListItem\",\"position\":3,\"name\":\"ATEX \/ IECEx Kabelverschraubungen\",\"item\":\"https:\/\/atexxo.nl\/de\/produkte\/atex-iecex-kabelverschraubungen\/\"},{\"@type\":\"ListItem\",\"position\":4,\"name\":\"EX Dr\u00fcsen Normale Kabel\"}]},{\"@type\":\"WebSite\",\"@id\":\"https:\/\/atexxo.nl\/ru\/#website\",\"url\":\"https:\/\/atexxo.nl\/ru\/\",\"name\":\"Atexxo Manufacturing\",\"description\":\"Specialist in Atex and IECEx Solutions\",\"publisher\":{\"@id\":\"https:\/\/atexxo.nl\/ru\/#organization\"},\"potentialAction\":[{\"@type\":\"SearchAction\",\"target\":{\"@type\":\"EntryPoint\",\"urlTemplate\":\"https:\/\/atexxo.nl\/ru\/?s={search_term_string}\"},\"query-input\":{\"@type\":\"PropertyValueSpecification\",\"valueRequired\":true,\"valueName\":\"search_term_string\"}}],\"inLanguage\":\"de\"},{\"@type\":\"Organization\",\"@id\":\"https:\/\/atexxo.nl\/ru\/#organization\",\"name\":\"Atexxo Manufacturing\",\"url\":\"https:\/\/atexxo.nl\/ru\/\",\"logo\":{\"@type\":\"ImageObject\",\"inLanguage\":\"de\",\"@id\":\"https:\/\/atexxo.nl\/ru\/#\/schema\/logo\/image\/\",\"url\":\"https:\/\/atexxo.nl\/wp-content\/uploads\/2015\/04\/logo_atexxo.jpg\",\"contentUrl\":\"https:\/\/atexxo.nl\/wp-content\/uploads\/2015\/04\/logo_atexxo.jpg\",\"width\":1533,\"height\":733,\"caption\":\"Atexxo Manufacturing\"},\"image\":{\"@id\":\"https:\/\/atexxo.nl\/ru\/#\/schema\/logo\/image\/\"}}]}<\/script>\n<!-- \/ Yoast SEO plugin. -->","yoast_head_json":{"title":"EX Dr\u00fcsen Normale Kabel - Atexxo Manufacturing","robots":{"index":"index","follow":"follow","max-snippet":"max-snippet:-1","max-image-preview":"max-image-preview:large","max-video-preview":"max-video-preview:-1"},"canonical":"https:\/\/atexxo.nl\/de\/produkte\/atex-iecex-kabelverschraubungen\/ex-drusen-normale-kabel\/","og_locale":"de_DE","og_type":"article","og_title":"EX Dr\u00fcsen Normale Kabel - Atexxo Manufacturing","og_description":"Universal-Exe und Ex-d-Kabelverschraubungen (ATEX und IECEx) Diese universellen Exd \/ Exd Kabelverschraubungen haben eine l\u00e4ngere Gewindel\u00e4nge &gt; 15 mm als Exe Kabelverschraubungen. Das macht sie ideal f\u00fcr mit Gewinde oder Durchgangsloch-Verbindungen in Kombination mit Kontermutter Anwendungen zu nutzen. Die Kabelverschraubungen sind dreifach zertifiziert, ATEX, IECEx und Meeres DNV GL-Zulassung. Sie sind f\u00fcr den industriellen Onshore, [&hellip;]","og_url":"https:\/\/atexxo.nl\/de\/produkte\/atex-iecex-kabelverschraubungen\/ex-drusen-normale-kabel\/","og_site_name":"Atexxo Manufacturing","article_modified_time":"2015-10-02T11:20:29+00:00","og_image":[{"url":"https:\/\/atexxo.nl\/wp-content\/uploads\/2015\/03\/e-contans-atex-kabelwartels.jpg","type":"","width":"","height":""}],"twitter_misc":{"Gesch\u00e4tzte Lesezeit":"1\u00a0Minute"},"schema":{"@context":"https:\/\/schema.org","@graph":[{"@type":"WebPage","@id":"https:\/\/atexxo.nl\/de\/produkte\/atex-iecex-kabelverschraubungen\/ex-drusen-normale-kabel\/","url":"https:\/\/atexxo.nl\/de\/produkte\/atex-iecex-kabelverschraubungen\/ex-drusen-normale-kabel\/","name":"EX Dr\u00fcsen Normale Kabel - Atexxo Manufacturing","isPartOf":{"@id":"https:\/\/atexxo.nl\/ru\/#website"},"primaryImageOfPage":{"@id":"https:\/\/atexxo.nl\/de\/produkte\/atex-iecex-kabelverschraubungen\/ex-drusen-normale-kabel\/#primaryimage"},"image":{"@id":"https:\/\/atexxo.nl\/de\/produkte\/atex-iecex-kabelverschraubungen\/ex-drusen-normale-kabel\/#primaryimage"},"thumbnailUrl":"https:\/\/atexxo.nl\/wp-content\/uploads\/2015\/03\/e-contans-atex-kabelwartels.jpg","datePublished":"2015-09-15T13:01:29+00:00","dateModified":"2015-10-02T11:20:29+00:00","breadcrumb":{"@id":"https:\/\/atexxo.nl\/de\/produkte\/atex-iecex-kabelverschraubungen\/ex-drusen-normale-kabel\/#breadcrumb"},"inLanguage":"de","potentialAction":[{"@type":"ReadAction","target":["https:\/\/atexxo.nl\/de\/produkte\/atex-iecex-kabelverschraubungen\/ex-drusen-normale-kabel\/"]}]},{"@type":"ImageObject","inLanguage":"de","@id":"https:\/\/atexxo.nl\/de\/produkte\/atex-iecex-kabelverschraubungen\/ex-drusen-normale-kabel\/#primaryimage","url":"https:\/\/atexxo.nl\/wp-content\/uploads\/2015\/03\/e-contans-atex-kabelwartels.jpg","contentUrl":"https:\/\/atexxo.nl\/wp-content\/uploads\/2015\/03\/e-contans-atex-kabelwartels.jpg"},{"@type":"BreadcrumbList","@id":"https:\/\/atexxo.nl\/de\/produkte\/atex-iecex-kabelverschraubungen\/ex-drusen-normale-kabel\/#breadcrumb","itemListElement":[{"@type":"ListItem","position":1,"name":"Startseite","item":"https:\/\/atexxo.nl\/de\/"},{"@type":"ListItem","position":2,"name":"Produkte","item":"https:\/\/atexxo.nl\/de\/produkte\/"},{"@type":"ListItem","position":3,"name":"ATEX \/ IECEx Kabelverschraubungen","item":"https:\/\/atexxo.nl\/de\/produkte\/atex-iecex-kabelverschraubungen\/"},{"@type":"ListItem","position":4,"name":"EX Dr\u00fcsen Normale Kabel"}]},{"@type":"WebSite","@id":"https:\/\/atexxo.nl\/ru\/#website","url":"https:\/\/atexxo.nl\/ru\/","name":"Atexxo Manufacturing","description":"Specialist in Atex and IECEx Solutions","publisher":{"@id":"https:\/\/atexxo.nl\/ru\/#organization"},"potentialAction":[{"@type":"SearchAction","target":{"@type":"EntryPoint","urlTemplate":"https:\/\/atexxo.nl\/ru\/?s={search_term_string}"},"query-input":{"@type":"PropertyValueSpecification","valueRequired":true,"valueName":"search_term_string"}}],"inLanguage":"de"},{"@type":"Organization","@id":"https:\/\/atexxo.nl\/ru\/#organization","name":"Atexxo Manufacturing","url":"https:\/\/atexxo.nl\/ru\/","logo":{"@type":"ImageObject","inLanguage":"de","@id":"https:\/\/atexxo.nl\/ru\/#\/schema\/logo\/image\/","url":"https:\/\/atexxo.nl\/wp-content\/uploads\/2015\/04\/logo_atexxo.jpg","contentUrl":"https:\/\/atexxo.nl\/wp-content\/uploads\/2015\/04\/logo_atexxo.jpg","width":1533,"height":733,"caption":"Atexxo Manufacturing"},"image":{"@id":"https:\/\/atexxo.nl\/ru\/#\/schema\/logo\/image\/"}}]}},"rttpg_featured_image_url":null,"rttpg_author":{"display_name":"adatex","author_link":"https:\/\/atexxo.nl\/de\/author\/adatex\/"},"rttpg_comment":0,"rttpg_category":false,"rttpg_excerpt":"Universal-Exe und Ex-d-Kabelverschraubungen (ATEX und IECEx) Diese universellen Exd \/ Exd Kabelverschraubungen haben eine l\u00e4ngere Gewindel\u00e4nge &gt; 15 mm als Exe Kabelverschraubungen. Das macht sie ideal f\u00fcr mit Gewinde oder Durchgangsloch-Verbindungen in Kombination mit Kontermutter Anwendungen zu nutzen. Die Kabelverschraubungen sind dreifach zertifiziert, ATEX, IECEx und Meeres DNV GL-Zulassung. Sie sind f\u00fcr den industriellen Onshore,&hellip;","_links":{"self":[{"href":"https:\/\/atexxo.nl\/de\/wp-json\/wp\/v2\/pages\/1182","targetHints":{"allow":["GET"]}}],"collection":[{"href":"https:\/\/atexxo.nl\/de\/wp-json\/wp\/v2\/pages"}],"about":[{"href":"https:\/\/atexxo.nl\/de\/wp-json\/wp\/v2\/types\/page"}],"author":[{"embeddable":true,"href":"https:\/\/atexxo.nl\/de\/wp-json\/wp\/v2\/users\/1"}],"replies":[{"embeddable":true,"href":"https:\/\/atexxo.nl\/de\/wp-json\/wp\/v2\/comments?post=1182"}],"version-history":[{"count":0,"href":"https:\/\/atexxo.nl\/de\/wp-json\/wp\/v2\/pages\/1182\/revisions"}],"up":[{"embeddable":true,"href":"https:\/\/atexxo.nl\/de\/wp-json\/wp\/v2\/pages\/1220"}],"wp:attachment":[{"href":"https:\/\/atexxo.nl\/de\/wp-json\/wp\/v2\/media?parent=1182"}],"curies":[{"name":"wp","href":"https:\/\/api.w.org\/{rel}","templated":true}]}}