{"id":1178,"date":"2015-09-15T14:01:08","date_gmt":"2015-09-15T13:01:08","guid":{"rendered":"https:\/\/atexxo.nl\/?page_id=1178"},"modified":"2015-10-02T12:16:28","modified_gmt":"2015-10-02T11:16:28","slug":"ex-glands-armor-cable","status":"publish","type":"page","link":"https:\/\/atexxo.nl\/de\/produkte\/atex-iecex-kabelverschraubungen\/ex-glands-armor-cable\/","title":{"rendered":"EX Dr\u00fcsen R\u00fcstung Kabel"},"content":{"rendered":"<p><iframe loading=\"lazy\"  id=\"_ytid_88302\"  width=\"480\" height=\"270\"  data-origwidth=\"480\" data-origheight=\"270\" src=\"https:\/\/www.youtube.com\/embed\/xMRkKa1_1aw?enablejsapi=1&autoplay=0&cc_load_policy=0&cc_lang_pref=&iv_load_policy=1&loop=0&rel=1&fs=1&playsinline=0&autohide=2&theme=dark&color=red&controls=1&disablekb=0&\" class=\"__youtube_prefs__  no-lazyload\" title=\"YouTube player\"  allow=\"fullscreen; accelerometer; autoplay; clipboard-write; encrypted-media; gyroscope; picture-in-picture; web-share\" referrerpolicy=\"strict-origin-when-cross-origin\" allowfullscreen data-no-lazy=\"1\" data-skipgform_ajax_framebjll=\"\"><\/iframe> \u00a0 <span id=\"result_box\" class=\"\" lang=\"de\"><span class=\"hps atn\">Universal-<\/span>Exe <span class=\"hps\">und<\/span> <span class=\"hps atn\">Ex-d-<\/span>Kabelverschraubungen <span class=\"hps\">f\u00fcr armierte Kabel<\/span> <span class=\"hps\">(ATEX<\/span> <span class=\"hps\">und IECEx<\/span>) <span class=\"hps\">Diese<\/span> <span class=\"hps\">universelle<\/span> <span class=\"hps\">Ex d<\/span> <span class=\"hps\">\/ Ex<\/span> <span class=\"hps\">Kabelverschraubungen sind f\u00fcr<\/span> <span class=\"hps atn\">(<\/span>SWA) <span class=\"hps\">Stahldraht<\/span> <span class=\"hps\">armierte Kabel<\/span> <span class=\"hps\">geeignet.<\/span> <span class=\"hps\">und<\/span> <span class=\"hps\">Aluminiumdraht<\/span> <span class=\"hps\">R\u00fcstung<\/span> <span class=\"hps\">Kabel<\/span> <span class=\"hps\">(AWA<\/span>) (bitte <span class=\"hps\">conact wir<\/span> <span class=\"hps\">f\u00fcr andere<\/span> <span class=\"hps\">Kabeltypen<\/span> <span class=\"hps\">wie<\/span> <span class=\"hps\">SWB<\/span><span class=\"\">, STA<\/span>, geschirmt, <span class=\"hps\">PWA<\/span>, <span class=\"hps\">AWA<\/span>) <span class=\"hps\">Die Kabelverschraubungen<\/span> <span class=\"hps\">sind dreifach<\/span> <span class=\"hps\">zertifiziert,<\/span> <span class=\"hps\">ATEX, IECEx<\/span> <span class=\"hps\">und Meeres<\/span> <span class=\"hps\">DNV<\/span> <span class=\"hps\">GL-Zulassung<\/span>. <span class=\"hps\">Sie sind f\u00fcr den<\/span> <span class=\"hps\">industriellen<\/span> <span class=\"hps\">Onshore<\/span>, Offshore <span class=\"hps\">und Schiffsanwendungen<\/span> <span class=\"hps\">geeignet.<\/span> <span class=\"hps\">Aufgrund der einzigartigen<\/span> <span class=\"hps\">System<\/span> <span class=\"hps\">keine losen<\/span> <span class=\"hps\">Teile im Inneren<\/span>, f\u00fchrt dies zu <span class=\"hps\">reduzierter<\/span> <span class=\"hps\">Montagezeit und<\/span> <span class=\"hps\">Null<\/span> <span class=\"hps\">M\u00f6glichkeit<\/span> <span class=\"hps\">f\u00fcr Fehler<\/span>. <span class=\"hps\">Standard in<\/span> <span class=\"hps\">vernickelt<\/span> <span class=\"hps\">Messing<\/span> <span class=\"hps\">Finish<\/span> <span class=\"hps\">geliefert<\/span>, <span class=\"hps\">kann<\/span> <span class=\"hps\">Edelstahl oder Messing<\/span> <span class=\"hps\">Grund<\/span> <span class=\"hps\">auf Anfrage<\/span> <span class=\"hps\">geliefert werden.<\/span><\/span><\/p>\n<p><a href=\"https:\/\/atexxo.nl\/wp-content\/uploads\/2015\/04\/ATEX-IECEx-Kabel-waterts-orion-tt.jpg\"><img loading=\"lazy\" decoding=\"async\" class=\"alignnone size-medium wp-image-914\" src=\"https:\/\/atexxo.nl\/wp-content\/uploads\/2015\/04\/ATEX-IECEx-Kabel-waterts-orion-tt-300x180.jpg\" alt=\"ATEX-IECEx-Kabel-waterts-orion-tt\" width=\"300\" height=\"180\" srcset=\"https:\/\/atexxo.nl\/wp-content\/uploads\/2015\/04\/ATEX-IECEx-Kabel-waterts-orion-tt-300x180.jpg 300w, https:\/\/atexxo.nl\/wp-content\/uploads\/2015\/04\/ATEX-IECEx-Kabel-waterts-orion-tt.jpg 496w\" sizes=\"auto, (max-width: 300px) 100vw, 300px\" \/><\/a><\/p>\n<table width=\"857\">\n<tbody>\n<tr>\n<td style=\"text-align: center;\" width=\"107\">Thread Type (TD)<\/td>\n<td style=\"text-align: center;\" width=\"90\">Order Number<\/td>\n<td style=\"text-align: center;\" colspan=\"2\" width=\"277\">Clamp Range min-max<\/td>\n<td style=\"text-align: center;\" colspan=\"3\" width=\"237\">Cable Gland Dimensions<\/td>\n<td style=\"text-align: center;\" width=\"146\">Armor Wire (mm)<\/td>\n<\/tr>\n<tr>\n<td style=\"text-align: center;\"><\/td>\n<td style=\"text-align: center;\"><\/td>\n<td style=\"text-align: center;\">Outside Diameter (mm)<\/td>\n<td style=\"text-align: center;\">Inside Diameter (mm)<\/td>\n<td style=\"text-align: center;\">H min (mm)<\/td>\n<td style=\"text-align: center;\">TL min (mm)<\/td>\n<td style=\"text-align: center;\">D2 Min (mm)<\/td>\n<td style=\"text-align: center;\"><\/td>\n<\/tr>\n<tr>\n<td style=\"text-align: center;\"><\/td>\n<td style=\"text-align: center;\"><\/td>\n<td style=\"text-align: center;\"><\/td>\n<td style=\"text-align: center;\"><\/td>\n<td style=\"text-align: center;\"><\/td>\n<td style=\"text-align: center;\"><\/td>\n<td style=\"text-align: center;\"><\/td>\n<td style=\"text-align: center;\"><\/td>\n<\/tr>\n<tr>\n<td style=\"text-align: center;\">M12x1.5<\/td>\n<td style=\"text-align: center;\" width=\"90\">Exed_M12_60<\/td>\n<td style=\"text-align: center;\">3.0-5.5<\/td>\n<td style=\"text-align: center;\">3.0-4.0<\/td>\n<td style=\"text-align: center;\">55.0<\/td>\n<td style=\"text-align: center;\">15.0<\/td>\n<td style=\"text-align: center;\">18.9<\/td>\n<td style=\"text-align: center;\">0.1-0.7<\/td>\n<\/tr>\n<tr>\n<td style=\"text-align: center;\">M16x1.5<\/td>\n<td style=\"text-align: center;\">Exed_M16_61<\/td>\n<td style=\"text-align: center;\">6.0-12.0<\/td>\n<td style=\"text-align: center;\">3.0-8.5<\/td>\n<td style=\"text-align: center;\">47.5<\/td>\n<td style=\"text-align: center;\">16.0<\/td>\n<td style=\"text-align: center;\">29.0<\/td>\n<td style=\"text-align: center;\">0.7-1.2<\/td>\n<\/tr>\n<tr>\n<td style=\"text-align: center;\">M20x1.5<\/td>\n<td style=\"text-align: center;\">Exed_M20_62<\/td>\n<td style=\"text-align: center;\">8.5-16.0<\/td>\n<td style=\"text-align: center;\">6.0-12.0<\/td>\n<td style=\"text-align: center;\">50.0<\/td>\n<td style=\"text-align: center;\">16.0<\/td>\n<td style=\"text-align: center;\">31.5<\/td>\n<td style=\"text-align: center;\">0.7-1.2<\/td>\n<\/tr>\n<tr>\n<td style=\"text-align: center;\">M20x1.5<\/td>\n<td style=\"text-align: center;\">Exed_M20_63<\/td>\n<td style=\"text-align: center;\">6.0-12.0<\/td>\n<td style=\"text-align: center;\">3.0-8.5<\/td>\n<td style=\"text-align: center;\">47.5<\/td>\n<td style=\"text-align: center;\">16.0<\/td>\n<td style=\"text-align: center;\">29.0<\/td>\n<td style=\"text-align: center;\">0.7-1.2<\/td>\n<\/tr>\n<tr>\n<td style=\"text-align: center;\">M20x1.5<\/td>\n<td style=\"text-align: center;\">Exed_M20_64<\/td>\n<td style=\"text-align: center;\">8.5-16.0<\/td>\n<td style=\"text-align: center;\">6.0-12.0<\/td>\n<td style=\"text-align: center;\">49.0<\/td>\n<td style=\"text-align: center;\">16.0<\/td>\n<td style=\"text-align: center;\">31.5<\/td>\n<td style=\"text-align: center;\">0.7-1.2<\/td>\n<\/tr>\n<tr>\n<td style=\"text-align: center;\">M20x1.5<\/td>\n<td style=\"text-align: center;\">Exed_M20_65<\/td>\n<td style=\"text-align: center;\">12.0-20.0<\/td>\n<td style=\"text-align: center;\">8.5-14.5<\/td>\n<td style=\"text-align: center;\">50.0<\/td>\n<td style=\"text-align: center;\">16.0<\/td>\n<td style=\"text-align: center;\">35.0<\/td>\n<td style=\"text-align: center;\">0.8-1.3<\/td>\n<\/tr>\n<tr>\n<td style=\"text-align: center;\">M25x1.5<\/td>\n<td style=\"text-align: center;\">Exed_M25_66<\/td>\n<td style=\"text-align: center;\">8.5-16.0<\/td>\n<td style=\"text-align: center;\">6.0-12.0<\/td>\n<td style=\"text-align: center;\">50.5<\/td>\n<td style=\"text-align: center;\">18.0<\/td>\n<td style=\"text-align: center;\">31.5<\/td>\n<td style=\"text-align: center;\">0.7-1.2<\/td>\n<\/tr>\n<tr>\n<td style=\"text-align: center;\">M25x1.5<\/td>\n<td style=\"text-align: center;\">Exed_M25_67<\/td>\n<td style=\"text-align: center;\">12.0-21.0<\/td>\n<td style=\"text-align: center;\">8.5-16.0<\/td>\n<td style=\"text-align: center;\">53.0<\/td>\n<td style=\"text-align: center;\">18.0<\/td>\n<td style=\"text-align: center;\">37.0<\/td>\n<td style=\"text-align: center;\">0.8-1.3<\/td>\n<\/tr>\n<tr>\n<td style=\"text-align: center;\">M25x1.5<\/td>\n<td style=\"text-align: center;\">Exed_M25_68<\/td>\n<td style=\"text-align: center;\">16.0-26.0<\/td>\n<td style=\"text-align: center;\">12.0-20.0<\/td>\n<td style=\"text-align: center;\">60.5<\/td>\n<td style=\"text-align: center;\">18.0<\/td>\n<td style=\"text-align: center;\">44.0<\/td>\n<td style=\"text-align: center;\">1.0-1.6<\/td>\n<\/tr>\n<tr>\n<td style=\"text-align: center;\">M32x1.5<\/td>\n<td style=\"text-align: center;\">Exed_M32_69<\/td>\n<td style=\"text-align: center;\">16.0-26.0<\/td>\n<td style=\"text-align: center;\">12.0-20.0<\/td>\n<td style=\"text-align: center;\">62.0<\/td>\n<td style=\"text-align: center;\">18.0<\/td>\n<td style=\"text-align: center;\">44.0<\/td>\n<td style=\"text-align: center;\">1.0-1.6<\/td>\n<\/tr>\n<tr>\n<td style=\"text-align: center;\">M32x1.5<\/td>\n<td style=\"text-align: center;\">Exed_M32_70<\/td>\n<td style=\"text-align: center;\">20.0-33.0<\/td>\n<td style=\"text-align: center;\">15.0-26.0<\/td>\n<td style=\"text-align: center;\">78.5<\/td>\n<td style=\"text-align: center;\">18.0<\/td>\n<td style=\"text-align: center;\">57.0<\/td>\n<td style=\"text-align: center;\">1.0-1.8<\/td>\n<\/tr>\n<tr>\n<td style=\"text-align: center;\">M40x1.5<\/td>\n<td style=\"text-align: center;\">Exed_M40_71<\/td>\n<td style=\"text-align: center;\">20.0-33.0<\/td>\n<td style=\"text-align: center;\">15.0-26.0<\/td>\n<td style=\"text-align: center;\">78.5<\/td>\n<td style=\"text-align: center;\">18.0<\/td>\n<td style=\"text-align: center;\">57.0<\/td>\n<td style=\"text-align: center;\">1.0-1.8<\/td>\n<\/tr>\n<tr>\n<td style=\"text-align: center;\">M40x1.5<\/td>\n<td style=\"text-align: center;\">Exed_M40_72<\/td>\n<td style=\"text-align: center;\">29.0-41.0<\/td>\n<td style=\"text-align: center;\">20.0-32.0<\/td>\n<td style=\"text-align: center;\">89.5<\/td>\n<td style=\"text-align: center;\">18.0<\/td>\n<td style=\"text-align: center;\">66.0<\/td>\n<td style=\"text-align: center;\">1.5-2.2<\/td>\n<\/tr>\n<tr>\n<td style=\"text-align: center;\">M40x1.5<\/td>\n<td style=\"text-align: center;\">Exed_M40_73<\/td>\n<td style=\"text-align: center;\">33.0-48.0<\/td>\n<td style=\"text-align: center;\">22.0-35.0<\/td>\n<td style=\"text-align: center;\">96.5<\/td>\n<td style=\"text-align: center;\">18.0<\/td>\n<td style=\"text-align: center;\">82.0<\/td>\n<td style=\"text-align: center;\">2.0-2.7<\/td>\n<\/tr>\n<tr>\n<td style=\"text-align: center;\">M50x1.5<\/td>\n<td style=\"text-align: center;\">Exed_M50_74<\/td>\n<td style=\"text-align: center;\">36.0-52.0<\/td>\n<td style=\"text-align: center;\">27.0-41.0<\/td>\n<td style=\"text-align: center;\">100.0<\/td>\n<td style=\"text-align: center;\">18.0<\/td>\n<td style=\"text-align: center;\">83.0<\/td>\n<td style=\"text-align: center;\">2.0-2.7<\/td>\n<\/tr>\n<tr>\n<td style=\"text-align: center;\">M50x1.5<\/td>\n<td style=\"text-align: center;\">Exed_M50_75<\/td>\n<td style=\"text-align: center;\">43.0-57.0<\/td>\n<td style=\"text-align: center;\">35.0-45.0<\/td>\n<td style=\"text-align: center;\">106.0<\/td>\n<td style=\"text-align: center;\">18.0<\/td>\n<td style=\"text-align: center;\">89.5<\/td>\n<td style=\"text-align: center;\">2.5-3.5<\/td>\n<\/tr>\n<tr>\n<td style=\"text-align: center;\">M63x1.5<\/td>\n<td style=\"text-align: center;\">Exed_M63_76<\/td>\n<td style=\"text-align: center;\">47.0-60.0<\/td>\n<td style=\"text-align: center;\">40.0-52.0<\/td>\n<td style=\"text-align: center;\">108.0<\/td>\n<td style=\"text-align: center;\">20.0<\/td>\n<td style=\"text-align: center;\">94.0<\/td>\n<td style=\"text-align: center;\">2.0-3.0<\/td>\n<\/tr>\n<tr>\n<td style=\"text-align: center;\">M75x1.5<\/td>\n<td style=\"text-align: center;\">Exed_M75_77<\/td>\n<td style=\"text-align: center;\">47.0-60.0<\/td>\n<td style=\"text-align: center;\">40.0-52.0<\/td>\n<td style=\"text-align: center;\">108.0<\/td>\n<td style=\"text-align: center;\">20.0<\/td>\n<td style=\"text-align: center;\">94.0<\/td>\n<td style=\"text-align: center;\">2.0-3.0<\/td>\n<\/tr>\n<tr>\n<td style=\"text-align: center;\">M75x1.5<\/td>\n<td style=\"text-align: center;\">Exed_M75_78<\/td>\n<td style=\"text-align: center;\">54.0-70.0<\/td>\n<td style=\"text-align: center;\">45.0-60.0<\/td>\n<td style=\"text-align: center;\">125.0<\/td>\n<td style=\"text-align: center;\">20.0<\/td>\n<td style=\"text-align: center;\">110.5<\/td>\n<td style=\"text-align: center;\">1.8-3.0<\/td>\n<\/tr>\n<tr>\n<td style=\"text-align: center;\">M90x1.5<\/td>\n<td style=\"text-align: center;\">Exed_M90_79<\/td>\n<td style=\"text-align: center;\">54.0-70.0<\/td>\n<td style=\"text-align: center;\">45.0-60.0<\/td>\n<td style=\"text-align: center;\">124.0<\/td>\n<td style=\"text-align: center;\">20.0<\/td>\n<td style=\"text-align: center;\">110.5<\/td>\n<td style=\"text-align: center;\">1.8-3.0<\/td>\n<\/tr>\n<tr>\n<td style=\"text-align: center;\">M90x1.5<\/td>\n<td style=\"text-align: center;\">Exed_M90_80<\/td>\n<td style=\"text-align: center;\">63.0-80.0<\/td>\n<td style=\"text-align: center;\">60.0-72.0<\/td>\n<td style=\"text-align: center;\">154.0<\/td>\n<td style=\"text-align: center;\">20.0<\/td>\n<td style=\"text-align: center;\">127.0<\/td>\n<td style=\"text-align: center;\">1.8-3.5<\/td>\n<\/tr>\n<\/tbody>\n<\/table>\n<p>&nbsp;<\/p>\n<p style=\"text-align: left;\"><a style=\"text-align: left;\" href=\"https:\/\/atexxo.nl\/wp-content\/uploads\/2015\/03\/atex-exe-exd-cable-glands-armored-cables.jpg\"><img loading=\"lazy\" decoding=\"async\" class=\" size-full wp-image-153 alignright\" src=\"https:\/\/atexxo.nl\/wp-content\/uploads\/2015\/03\/atex-exe-exd-cable-glands-armored-cables.jpg\" alt=\"Atex exe exd cable glands\" width=\"214\" height=\"214\" srcset=\"https:\/\/atexxo.nl\/wp-content\/uploads\/2015\/03\/atex-exe-exd-cable-glands-armored-cables.jpg 214w, https:\/\/atexxo.nl\/wp-content\/uploads\/2015\/03\/atex-exe-exd-cable-glands-armored-cables-150x150.jpg 150w\" sizes=\"auto, (max-width: 214px) 100vw, 214px\" \/><\/a><\/p>\n","protected":false},"excerpt":{"rendered":"<p>\u00a0 Universal-Exe und Ex-d-Kabelverschraubungen f\u00fcr armierte Kabel (ATEX und IECEx) Diese universelle Ex d \/ Ex Kabelverschraubungen sind f\u00fcr (SWA) Stahldraht armierte Kabel geeignet. und Aluminiumdraht R\u00fcstung Kabel (AWA) (bitte conact wir f\u00fcr andere Kabeltypen wie SWB, STA, geschirmt, PWA, AWA) Die Kabelverschraubungen sind dreifach zertifiziert, ATEX, IECEx und Meeres DNV GL-Zulassung. Sie sind f\u00fcr [&hellip;]<\/p>\n","protected":false},"author":1,"featured_media":0,"parent":1220,"menu_order":0,"comment_status":"closed","ping_status":"closed","template":"","meta":{"_monsterinsights_skip_tracking":false,"_monsterinsights_sitenote_active":false,"_monsterinsights_sitenote_note":"","_monsterinsights_sitenote_category":0,"_genesis_hide_title":false,"_genesis_hide_breadcrumbs":false,"_genesis_hide_singular_image":false,"_genesis_hide_footer_widgets":false,"_genesis_custom_body_class":"","_genesis_custom_post_class":"","_genesis_layout":"","footnotes":""},"class_list":{"0":"post-1178","1":"page","2":"type-page","3":"status-publish","5":"entry","6":"has-post-thumbnail"},"yoast_head":"<!-- This site is optimized with the Yoast SEO plugin v26.8 - https:\/\/yoast.com\/product\/yoast-seo-wordpress\/ -->\n<title>EX Dr\u00fcsen R\u00fcstung Kabel - Atexxo Manufacturing<\/title>\n<meta name=\"robots\" content=\"index, follow, max-snippet:-1, max-image-preview:large, max-video-preview:-1\" \/>\n<link rel=\"canonical\" href=\"https:\/\/atexxo.nl\/de\/produkte\/atex-iecex-kabelverschraubungen\/ex-glands-armor-cable\/\" \/>\n<meta property=\"og:locale\" content=\"de_DE\" \/>\n<meta property=\"og:type\" content=\"article\" \/>\n<meta property=\"og:title\" content=\"EX Dr\u00fcsen R\u00fcstung Kabel - Atexxo Manufacturing\" \/>\n<meta property=\"og:description\" content=\"\u00a0 Universal-Exe und Ex-d-Kabelverschraubungen f\u00fcr armierte Kabel (ATEX und IECEx) Diese universelle Ex d \/ Ex Kabelverschraubungen sind f\u00fcr (SWA) Stahldraht armierte Kabel geeignet. und Aluminiumdraht R\u00fcstung Kabel (AWA) (bitte conact wir f\u00fcr andere Kabeltypen wie SWB, STA, geschirmt, PWA, AWA) Die Kabelverschraubungen sind dreifach zertifiziert, ATEX, IECEx und Meeres DNV GL-Zulassung. Sie sind f\u00fcr [&hellip;]\" \/>\n<meta property=\"og:url\" content=\"https:\/\/atexxo.nl\/de\/produkte\/atex-iecex-kabelverschraubungen\/ex-glands-armor-cable\/\" \/>\n<meta property=\"og:site_name\" content=\"Atexxo Manufacturing\" \/>\n<meta property=\"article:modified_time\" content=\"2015-10-02T11:16:28+00:00\" \/>\n<meta property=\"og:image\" content=\"https:\/\/atexxo.nl\/wp-content\/uploads\/2015\/04\/ATEX-IECEx-Kabel-waterts-orion-tt-300x180.jpg\" \/>\n<meta name=\"twitter:label1\" content=\"Gesch\u00e4tzte Lesezeit\" \/>\n\t<meta name=\"twitter:data1\" content=\"1\u00a0Minute\" \/>\n<script type=\"application\/ld+json\" class=\"yoast-schema-graph\">{\"@context\":\"https:\/\/schema.org\",\"@graph\":[{\"@type\":\"WebPage\",\"@id\":\"https:\/\/atexxo.nl\/de\/produkte\/atex-iecex-kabelverschraubungen\/ex-glands-armor-cable\/\",\"url\":\"https:\/\/atexxo.nl\/de\/produkte\/atex-iecex-kabelverschraubungen\/ex-glands-armor-cable\/\",\"name\":\"EX Dr\u00fcsen R\u00fcstung Kabel - Atexxo Manufacturing\",\"isPartOf\":{\"@id\":\"https:\/\/atexxo.nl\/ru\/#website\"},\"primaryImageOfPage\":{\"@id\":\"https:\/\/atexxo.nl\/de\/produkte\/atex-iecex-kabelverschraubungen\/ex-glands-armor-cable\/#primaryimage\"},\"image\":{\"@id\":\"https:\/\/atexxo.nl\/de\/produkte\/atex-iecex-kabelverschraubungen\/ex-glands-armor-cable\/#primaryimage\"},\"thumbnailUrl\":\"https:\/\/atexxo.nl\/wp-content\/uploads\/2015\/04\/ATEX-IECEx-Kabel-waterts-orion-tt-300x180.jpg\",\"datePublished\":\"2015-09-15T13:01:08+00:00\",\"dateModified\":\"2015-10-02T11:16:28+00:00\",\"breadcrumb\":{\"@id\":\"https:\/\/atexxo.nl\/de\/produkte\/atex-iecex-kabelverschraubungen\/ex-glands-armor-cable\/#breadcrumb\"},\"inLanguage\":\"de\",\"potentialAction\":[{\"@type\":\"ReadAction\",\"target\":[\"https:\/\/atexxo.nl\/de\/produkte\/atex-iecex-kabelverschraubungen\/ex-glands-armor-cable\/\"]}]},{\"@type\":\"ImageObject\",\"inLanguage\":\"de\",\"@id\":\"https:\/\/atexxo.nl\/de\/produkte\/atex-iecex-kabelverschraubungen\/ex-glands-armor-cable\/#primaryimage\",\"url\":\"https:\/\/atexxo.nl\/wp-content\/uploads\/2015\/04\/ATEX-IECEx-Kabel-waterts-orion-tt-300x180.jpg\",\"contentUrl\":\"https:\/\/atexxo.nl\/wp-content\/uploads\/2015\/04\/ATEX-IECEx-Kabel-waterts-orion-tt-300x180.jpg\"},{\"@type\":\"BreadcrumbList\",\"@id\":\"https:\/\/atexxo.nl\/de\/produkte\/atex-iecex-kabelverschraubungen\/ex-glands-armor-cable\/#breadcrumb\",\"itemListElement\":[{\"@type\":\"ListItem\",\"position\":1,\"name\":\"Startseite\",\"item\":\"https:\/\/atexxo.nl\/de\/\"},{\"@type\":\"ListItem\",\"position\":2,\"name\":\"Produkte\",\"item\":\"https:\/\/atexxo.nl\/de\/produkte\/\"},{\"@type\":\"ListItem\",\"position\":3,\"name\":\"ATEX \/ IECEx Kabelverschraubungen\",\"item\":\"https:\/\/atexxo.nl\/de\/produkte\/atex-iecex-kabelverschraubungen\/\"},{\"@type\":\"ListItem\",\"position\":4,\"name\":\"EX Dr\u00fcsen R\u00fcstung Kabel\"}]},{\"@type\":\"WebSite\",\"@id\":\"https:\/\/atexxo.nl\/ru\/#website\",\"url\":\"https:\/\/atexxo.nl\/ru\/\",\"name\":\"Atexxo Manufacturing\",\"description\":\"Specialist in Atex and IECEx Solutions\",\"publisher\":{\"@id\":\"https:\/\/atexxo.nl\/ru\/#organization\"},\"potentialAction\":[{\"@type\":\"SearchAction\",\"target\":{\"@type\":\"EntryPoint\",\"urlTemplate\":\"https:\/\/atexxo.nl\/ru\/?s={search_term_string}\"},\"query-input\":{\"@type\":\"PropertyValueSpecification\",\"valueRequired\":true,\"valueName\":\"search_term_string\"}}],\"inLanguage\":\"de\"},{\"@type\":\"Organization\",\"@id\":\"https:\/\/atexxo.nl\/ru\/#organization\",\"name\":\"Atexxo Manufacturing\",\"url\":\"https:\/\/atexxo.nl\/ru\/\",\"logo\":{\"@type\":\"ImageObject\",\"inLanguage\":\"de\",\"@id\":\"https:\/\/atexxo.nl\/ru\/#\/schema\/logo\/image\/\",\"url\":\"https:\/\/atexxo.nl\/wp-content\/uploads\/2015\/04\/logo_atexxo.jpg\",\"contentUrl\":\"https:\/\/atexxo.nl\/wp-content\/uploads\/2015\/04\/logo_atexxo.jpg\",\"width\":1533,\"height\":733,\"caption\":\"Atexxo Manufacturing\"},\"image\":{\"@id\":\"https:\/\/atexxo.nl\/ru\/#\/schema\/logo\/image\/\"}}]}<\/script>\n<!-- \/ Yoast SEO plugin. -->","yoast_head_json":{"title":"EX Dr\u00fcsen R\u00fcstung Kabel - Atexxo Manufacturing","robots":{"index":"index","follow":"follow","max-snippet":"max-snippet:-1","max-image-preview":"max-image-preview:large","max-video-preview":"max-video-preview:-1"},"canonical":"https:\/\/atexxo.nl\/de\/produkte\/atex-iecex-kabelverschraubungen\/ex-glands-armor-cable\/","og_locale":"de_DE","og_type":"article","og_title":"EX Dr\u00fcsen R\u00fcstung Kabel - Atexxo Manufacturing","og_description":"\u00a0 Universal-Exe und Ex-d-Kabelverschraubungen f\u00fcr armierte Kabel (ATEX und IECEx) Diese universelle Ex d \/ Ex Kabelverschraubungen sind f\u00fcr (SWA) Stahldraht armierte Kabel geeignet. und Aluminiumdraht R\u00fcstung Kabel (AWA) (bitte conact wir f\u00fcr andere Kabeltypen wie SWB, STA, geschirmt, PWA, AWA) Die Kabelverschraubungen sind dreifach zertifiziert, ATEX, IECEx und Meeres DNV GL-Zulassung. Sie sind f\u00fcr [&hellip;]","og_url":"https:\/\/atexxo.nl\/de\/produkte\/atex-iecex-kabelverschraubungen\/ex-glands-armor-cable\/","og_site_name":"Atexxo Manufacturing","article_modified_time":"2015-10-02T11:16:28+00:00","og_image":[{"url":"https:\/\/atexxo.nl\/wp-content\/uploads\/2015\/04\/ATEX-IECEx-Kabel-waterts-orion-tt-300x180.jpg","type":"","width":"","height":""}],"twitter_misc":{"Gesch\u00e4tzte Lesezeit":"1\u00a0Minute"},"schema":{"@context":"https:\/\/schema.org","@graph":[{"@type":"WebPage","@id":"https:\/\/atexxo.nl\/de\/produkte\/atex-iecex-kabelverschraubungen\/ex-glands-armor-cable\/","url":"https:\/\/atexxo.nl\/de\/produkte\/atex-iecex-kabelverschraubungen\/ex-glands-armor-cable\/","name":"EX Dr\u00fcsen R\u00fcstung Kabel - Atexxo Manufacturing","isPartOf":{"@id":"https:\/\/atexxo.nl\/ru\/#website"},"primaryImageOfPage":{"@id":"https:\/\/atexxo.nl\/de\/produkte\/atex-iecex-kabelverschraubungen\/ex-glands-armor-cable\/#primaryimage"},"image":{"@id":"https:\/\/atexxo.nl\/de\/produkte\/atex-iecex-kabelverschraubungen\/ex-glands-armor-cable\/#primaryimage"},"thumbnailUrl":"https:\/\/atexxo.nl\/wp-content\/uploads\/2015\/04\/ATEX-IECEx-Kabel-waterts-orion-tt-300x180.jpg","datePublished":"2015-09-15T13:01:08+00:00","dateModified":"2015-10-02T11:16:28+00:00","breadcrumb":{"@id":"https:\/\/atexxo.nl\/de\/produkte\/atex-iecex-kabelverschraubungen\/ex-glands-armor-cable\/#breadcrumb"},"inLanguage":"de","potentialAction":[{"@type":"ReadAction","target":["https:\/\/atexxo.nl\/de\/produkte\/atex-iecex-kabelverschraubungen\/ex-glands-armor-cable\/"]}]},{"@type":"ImageObject","inLanguage":"de","@id":"https:\/\/atexxo.nl\/de\/produkte\/atex-iecex-kabelverschraubungen\/ex-glands-armor-cable\/#primaryimage","url":"https:\/\/atexxo.nl\/wp-content\/uploads\/2015\/04\/ATEX-IECEx-Kabel-waterts-orion-tt-300x180.jpg","contentUrl":"https:\/\/atexxo.nl\/wp-content\/uploads\/2015\/04\/ATEX-IECEx-Kabel-waterts-orion-tt-300x180.jpg"},{"@type":"BreadcrumbList","@id":"https:\/\/atexxo.nl\/de\/produkte\/atex-iecex-kabelverschraubungen\/ex-glands-armor-cable\/#breadcrumb","itemListElement":[{"@type":"ListItem","position":1,"name":"Startseite","item":"https:\/\/atexxo.nl\/de\/"},{"@type":"ListItem","position":2,"name":"Produkte","item":"https:\/\/atexxo.nl\/de\/produkte\/"},{"@type":"ListItem","position":3,"name":"ATEX \/ IECEx Kabelverschraubungen","item":"https:\/\/atexxo.nl\/de\/produkte\/atex-iecex-kabelverschraubungen\/"},{"@type":"ListItem","position":4,"name":"EX Dr\u00fcsen R\u00fcstung Kabel"}]},{"@type":"WebSite","@id":"https:\/\/atexxo.nl\/ru\/#website","url":"https:\/\/atexxo.nl\/ru\/","name":"Atexxo Manufacturing","description":"Specialist in Atex and IECEx Solutions","publisher":{"@id":"https:\/\/atexxo.nl\/ru\/#organization"},"potentialAction":[{"@type":"SearchAction","target":{"@type":"EntryPoint","urlTemplate":"https:\/\/atexxo.nl\/ru\/?s={search_term_string}"},"query-input":{"@type":"PropertyValueSpecification","valueRequired":true,"valueName":"search_term_string"}}],"inLanguage":"de"},{"@type":"Organization","@id":"https:\/\/atexxo.nl\/ru\/#organization","name":"Atexxo Manufacturing","url":"https:\/\/atexxo.nl\/ru\/","logo":{"@type":"ImageObject","inLanguage":"de","@id":"https:\/\/atexxo.nl\/ru\/#\/schema\/logo\/image\/","url":"https:\/\/atexxo.nl\/wp-content\/uploads\/2015\/04\/logo_atexxo.jpg","contentUrl":"https:\/\/atexxo.nl\/wp-content\/uploads\/2015\/04\/logo_atexxo.jpg","width":1533,"height":733,"caption":"Atexxo Manufacturing"},"image":{"@id":"https:\/\/atexxo.nl\/ru\/#\/schema\/logo\/image\/"}}]}},"rttpg_featured_image_url":null,"rttpg_author":{"display_name":"adatex","author_link":"https:\/\/atexxo.nl\/de\/author\/adatex\/"},"rttpg_comment":0,"rttpg_category":false,"rttpg_excerpt":"\u00a0 Universal-Exe und Ex-d-Kabelverschraubungen f\u00fcr armierte Kabel (ATEX und IECEx) Diese universelle Ex d \/ Ex Kabelverschraubungen sind f\u00fcr (SWA) Stahldraht armierte Kabel geeignet. und Aluminiumdraht R\u00fcstung Kabel (AWA) (bitte conact wir f\u00fcr andere Kabeltypen wie SWB, STA, geschirmt, PWA, AWA) Die Kabelverschraubungen sind dreifach zertifiziert, ATEX, IECEx und Meeres DNV GL-Zulassung. Sie sind f\u00fcr&hellip;","_links":{"self":[{"href":"https:\/\/atexxo.nl\/de\/wp-json\/wp\/v2\/pages\/1178","targetHints":{"allow":["GET"]}}],"collection":[{"href":"https:\/\/atexxo.nl\/de\/wp-json\/wp\/v2\/pages"}],"about":[{"href":"https:\/\/atexxo.nl\/de\/wp-json\/wp\/v2\/types\/page"}],"author":[{"embeddable":true,"href":"https:\/\/atexxo.nl\/de\/wp-json\/wp\/v2\/users\/1"}],"replies":[{"embeddable":true,"href":"https:\/\/atexxo.nl\/de\/wp-json\/wp\/v2\/comments?post=1178"}],"version-history":[{"count":0,"href":"https:\/\/atexxo.nl\/de\/wp-json\/wp\/v2\/pages\/1178\/revisions"}],"up":[{"embeddable":true,"href":"https:\/\/atexxo.nl\/de\/wp-json\/wp\/v2\/pages\/1220"}],"wp:attachment":[{"href":"https:\/\/atexxo.nl\/de\/wp-json\/wp\/v2\/media?parent=1178"}],"curies":[{"name":"wp","href":"https:\/\/api.w.org\/{rel}","templated":true}]}}