{"id":1175,"date":"2015-09-15T14:00:40","date_gmt":"2015-09-15T13:00:40","guid":{"rendered":"https:\/\/atexxo.nl\/?page_id=1175"},"modified":"2020-02-18T15:24:46","modified_gmt":"2020-02-18T14:24:46","slug":"atex-warmepumpen","status":"publish","type":"page","link":"https:\/\/atexxo.nl\/de\/produkte\/atex-warmepumpen\/","title":{"rendered":"ATEX W\u00e4rmepumpen"},"content":{"rendered":"<h2 style=\"text-align: left;\">Explosion Proof Air Conditioners, ATEX \/ EAC-EX Zone 2 Split Units<br \/>\n(For High Ambient Temperature Conditions)<\/h2>\n<p><img loading=\"lazy\" decoding=\"async\" class=\"alignright wp-image-2338 size-full\" src=\"https:\/\/atexxo.nl\/wp-content\/uploads\/Explosion_Proof_Air_Conditioners.png\" alt=\"explosion proof air conditioners\" width=\"915\" height=\"470\" srcset=\"https:\/\/atexxo.nl\/wp-content\/uploads\/Explosion_Proof_Air_Conditioners.png 915w, https:\/\/atexxo.nl\/wp-content\/uploads\/Explosion_Proof_Air_Conditioners-300x154.png 300w, https:\/\/atexxo.nl\/wp-content\/uploads\/Explosion_Proof_Air_Conditioners-768x394.png 768w\" sizes=\"auto, (max-width: 915px) 100vw, 915px\" \/><\/p>\n<table>\n<tbody>\n<tr>\n<td>Explosionssicherheit<\/td>\n<td><img loading=\"lazy\" decoding=\"async\" class=\"alignleft wp-image-2343\" style=\"margin: 5px 0 0 0;\" src=\"https:\/\/atexxo.nl\/wp-content\/uploads\/CE.png\" alt=\"ce\" width=\"27\" height=\"20\" \/> <img loading=\"lazy\" decoding=\"async\" class=\"alignleft wp-image-2347\" style=\"margin: 5px 0 0 0;\" src=\"https:\/\/atexxo.nl\/wp-content\/uploads\/\/Ex-300x259.png\" alt=\"ex\" width=\"23\" height=\"20\" \/> II 3G ; Ex ec ic nC h IIC T3 Gc (For Gas Groups IIA\/IIB\/IIC)<\/td>\n<\/tr>\n<\/tbody>\n<\/table>\n<p>Atexxo Manufacturing BV umgewandelt Daikin explosions sicheren ATEX-W\u00e4rmepumpe, f\u00fcr die Zone 2 explosionsgef\u00e4hrdeten Bereichen geeignet. Diese Au\u00dfenger\u00e4te Wechselrichter-Typ mit integriertem W\u00e4rmepumpenfunktion sowohl f\u00fcr Heizung und K\u00fchlung.<\/p>\n<ul>\n<li>ATEX Zone 2, Au\u00dfenger\u00e4t<\/li>\n<li>L\u00fcftungsger\u00e4te<\/li>\n<li>W\u00e4rmetauscher<\/li>\n<li>Fussboden K\u00fchlung \/ Heizung<\/li>\n<\/ul>\n<p>Die ATEX-W\u00e4rmepumpen sind mit europ\u00e4ischen genehmigten R-410A K\u00fchlmittel ausgestattet. Umwandlung in ATEX Explosions sicher steht im Einklang mit Atexxo Philosophie der exzellenten Explosionsschutz und gleichzeitig so viel Funktionen des urspr\u00fcnglichen Produkts wie m\u00f6glich. Dies macht die ATEX reversible Luft gek\u00fchlt EX W\u00e4rmepumpe einfach zu installieren und zu betreiben. Die Sets bestehen aus ATEX-Zulassung Au\u00dfenger\u00e4t zum Heizen und K\u00fchlen, mit integriertem W\u00e4rmetauscher. Ausf\u00fchrungen mit Heiz- und K\u00fchlleistung von bis zu 20 kW zur Verf\u00fcgung. (68000 BTU \/ h) Atexxo Manfacturing BV bietet Explosion sichere Konvertierung f\u00fcr andere f\u00fchrende europ\u00e4ische HVAC Produkte und Marken, wie Tr\u00e4ger, Mitsubishi und Toshiba auf Anfrage. Kosteneffektive ATEX Zone 2, W\u00e4rmepumpe.<\/p>\n<p>[bscolumns class=&#8220;one_half&#8220;]<\/p>\n<h3>Vorteile<\/h3>\n<ul>\n<li>Niedriges Ger\u00e4uscheinheit (dB)<\/li>\n<li>Funktion der W\u00e4rmepumpe zum Heizen und K\u00fchlen<\/li>\n<li>schnelle Lieferung<\/li>\n<li>Einfach zu installieren und zu bedienen<\/li>\n<li>ATEX Zone 2<\/li>\n<li>Schutzart (IP) und Wirkung getestet<\/li>\n<\/ul>\n<p>[\/bscolumns][bscolumns class=&#8220;one_half_last_clear&#8220;]<\/p>\n<h3>Anwendungen<\/h3>\n<ul>\n<li>Gastankschiffe<\/li>\n<li>Chemieanlagen<\/li>\n<li>Offshore-\u00d6lplattformen<\/li>\n<li>Petrochemie<\/li>\n<li>Raue Umgebungen<\/li>\n<\/ul>\n<p>[\/bscolumns][bscolumns class=&#8220;clear&#8220;][\/bscolumns]<\/p>\n<h2>Sicheren Betrieb in ATEX Ex-Zone 2 Bereiche<\/h2>\n<div id=\"attachment_2093\" style=\"width: 403px\" class=\"wp-caption alignright\"><a href=\"https:\/\/atexxo.nl\/explosion_proof_indoor_ac_unit\/\" rel=\"attachment wp-att-2093\"><img loading=\"lazy\" decoding=\"async\" aria-describedby=\"caption-attachment-2093\" class=\"wp-image-2093\" src=\"https:\/\/atexxo.nl\/wp-content\/uploads\/explosion_proof_indoor_ac_unit.jpg\" alt=\"explosion_proof_indoor_ac_unit\" width=\"393\" height=\"356\" srcset=\"https:\/\/atexxo.nl\/wp-content\/uploads\/explosion_proof_indoor_ac_unit.jpg 760w, https:\/\/atexxo.nl\/wp-content\/uploads\/explosion_proof_indoor_ac_unit-300x272.jpg 300w\" sizes=\"auto, (max-width: 393px) 100vw, 393px\" \/><\/a><p id=\"caption-attachment-2093\" class=\"wp-caption-text\">Picture 1<\/p><\/div>\n<p>Die Verwendung mehrerer Explosionsschutzma\u00dfnahmen einen sicheren Betrieb in explosionsgef\u00e4hrdeten Bereichen zu gew\u00e4hrleisten. Umwandlung in ATEX Explosions sicher steht im Einklang mit Atexxo Philosophie der Bereitstellung von ausgezeichneten Ex-Schutz, w\u00e4hrend fast alle Merkmale des original Produkt. Dies macht die ATEX-W\u00e4rmepumpe einfach zu installieren und zu betreiben.<\/p>\n<p>ATEX Zone 2 is the European equivalent for US, NEC Class 1 Division 2 equipment. (C1D2)<\/p>\n<p>Picture 1 demonstrates some of the protective anti-explosion measures intergraded in Atexxo\u2019s indoor unit. All modifications are according to safety standards, well documented and tested. Standard units are available from Daikin, other brands can be delivered on request.<\/p>\n<p><img loading=\"lazy\" decoding=\"async\" class=\"size-medium wp-image-2351 alignnone\" src=\"https:\/\/atexxo.nl\/wp-content\/uploads\/\/Daikin-300x94.jpg\" alt=\"daikin\" width=\"300\" height=\"94\" srcset=\"https:\/\/atexxo.nl\/wp-content\/uploads\/Daikin-300x94.jpg 300w, https:\/\/atexxo.nl\/wp-content\/uploads\/Daikin.jpg 655w\" sizes=\"auto, (max-width: 300px) 100vw, 300px\" \/><\/p>\n<h2>Redundancy Control With Back-up Function<\/h2>\n<p>For critical applications like battery room cooling these units can be equipped with a dedicated redundancy control option. In this redundant design, there are two units, one unit is on duty and the other unit is on standby. In case of failure of a unit, the other unit takes over. The duty and standby position can be alternatedbetween the two units to increase total life time of the equipment.<\/p>\n<h3>Technical information<\/h3>\n<table>\n<tbody>\n<tr>\n<td><strong>Voltage<\/strong>:<\/td>\n<td>200-240 Volt (wider input range \/ 400V on request)<\/td>\n<\/tr>\n<tr>\n<td><strong>Frequency<\/strong> :<\/td>\n<td>50\/60 Hz<\/td>\n<\/tr>\n<tr>\n<td><strong>Type Split Unit <\/strong> :<\/td>\n<td>FAQ = indoor unit Wall ; FHQ = indoor unit Ceiling<\/td>\n<\/tr>\n<tr>\n<td><strong>Redundancy control:<br \/>\n<\/strong><\/td>\n<td>Duty \/ Standby control (on request)<\/td>\n<\/tr>\n<tr>\n<td><strong>Refrigirant<\/strong>:<\/td>\n<td>R-410A<\/td>\n<\/tr>\n<tr>\n<td><strong>ATEX \/ EAC-EX:IIA\/IIB\/IIC<\/strong><\/td>\n<td>Unit Assessment Certificate: Zone 2, II 3G; ec ic nC IIC h T3 Gc<\/td>\n<\/tr>\n<\/tbody>\n<\/table>\n<h3>Table below; Ordering information Atexxo Explosion proof ac units<\/h3>\n<table>\n<tbody>\n<tr>\n<td width=\"131\"><strong>ATEX Split Units<\/strong><br \/>\n<strong>Atexxo Manufacturing B.V.<\/strong><\/td>\n<td><strong>Atex Zone<\/strong><\/td>\n<td>Cooling Capacity<\/td>\n<td>Heating Capacity<\/td>\n<td>Indoor unit<\/td>\n<td>Dimension indoor unit HxWxD (mm)<\/td>\n<td>Dimension outdoor unit HxWxD (mm)<\/td>\n<\/tr>\n<tr>\n<td width=\"131\"><strong>Order Number<\/strong><\/td>\n<td width=\"56\"><\/td>\n<td width=\"136\"><\/td>\n<td width=\"53\"><\/td>\n<td width=\"51\"><\/td>\n<td width=\"111\">Weight (kg)<\/td>\n<td width=\"128\">Weight (kg)<\/td>\n<\/tr>\n<tr>\n<td width=\"131\"><\/td>\n<td width=\"56\"><\/td>\n<td width=\"136\"><\/td>\n<td width=\"53\"><\/td>\n<td width=\"51\"><\/td>\n<td width=\"111\"><\/td>\n<td width=\"128\"><\/td>\n<\/tr>\n<tr>\n<td width=\"131\"><strong>AIR-EX-FAQ-71<\/strong><\/td>\n<td width=\"56\"><strong>Zone 2<\/strong><\/td>\n<td width=\"136\">24.000 BTU \/ 2RT \/ 7.1kW<\/td>\n<td width=\"53\">8kW<\/td>\n<td width=\"51\">Wall<\/td>\n<td width=\"111\">290x1050x238, 13kg<\/td>\n<td width=\"128\">990x940x320,78 kg<\/td>\n<\/tr>\n<tr>\n<td width=\"131\"><strong>AIR-EX-FAQ-10<\/strong><\/td>\n<td width=\"56\"><strong>Zone 2<\/strong><\/td>\n<td width=\"136\">35.000 BTU \/ 3 RT \/ 10kW<\/td>\n<td width=\"53\">11 kW<\/td>\n<td width=\"51\">Wall<\/td>\n<td width=\"111\">340&#215;1.200&#215;240, 17kg<\/td>\n<td width=\"128\">1430x940x320, 101 kg<\/td>\n<\/tr>\n<tr>\n<td width=\"131\"><strong>AIR-EX-FHQ-12<\/strong><\/td>\n<td width=\"56\"><strong>Zone 2<\/strong><\/td>\n<td width=\"136\">43.000 BTU \/ 3.6RT \/ 12.5kW<\/td>\n<td width=\"53\">14kW<\/td>\n<td width=\"51\">Ceiling<\/td>\n<td width=\"111\">235&#215;1.590&#215;690, 38kg<\/td>\n<td width=\"128\">1430x940x320, 101 kg<\/td>\n<\/tr>\n<tr>\n<td width=\"131\"><strong>AIR-EX-FHQ-14<\/strong><\/td>\n<td width=\"56\"><strong>Zone 2<\/strong><\/td>\n<td width=\"136\">50.000 BTU \/ 4RT \/ 14kW<\/td>\n<td width=\"53\">16kW<\/td>\n<td width=\"51\">Ceiling<\/td>\n<td width=\"111\">235&#215;1.590&#215;690, 38kg<\/td>\n<td width=\"128\">1430x940x320, 101 kg<\/td>\n<\/tr>\n<\/tbody>\n<\/table>\n<p>Download here brochure <a href=\"https:\/\/atexxo.nl\/wp-content\/uploads\/Explosion_proof_air_conditioners.pdf\" target=\"_blank\" rel=\"noopener noreferrer\">explosion proof air conditioner<\/a> (7-14kw)<\/p>\n<p><a title=\"ATEX Air Conditioners\" href=\"https:\/\/atexxo.nl\/wp-content\/uploads\/2015\/04\/ATEX-AIRCO-SPLIT-UNIT-EX.pdf\" target=\"_blank\" rel=\"noopener noreferrer\">ATEX Air Conditioners<\/a> (2-7kw)<\/p>\n<p>&nbsp;<\/p>\n","protected":false},"excerpt":{"rendered":"<p>Explosion Proof Air Conditioners, ATEX \/ EAC-EX Zone 2 Split Units (For High Ambient Temperature Conditions) Explosionssicherheit II 3G ; Ex ec ic nC h IIC T3 Gc (For Gas Groups IIA\/IIB\/IIC) Atexxo Manufacturing BV umgewandelt Daikin explosions sicheren ATEX-W\u00e4rmepumpe, f\u00fcr die Zone 2 explosionsgef\u00e4hrdeten Bereichen geeignet. Diese Au\u00dfenger\u00e4te Wechselrichter-Typ mit integriertem W\u00e4rmepumpenfunktion sowohl f\u00fcr [&hellip;]<\/p>\n","protected":false},"author":1,"featured_media":1177,"parent":1170,"menu_order":3,"comment_status":"closed","ping_status":"closed","template":"","meta":{"_monsterinsights_skip_tracking":false,"_monsterinsights_sitenote_active":false,"_monsterinsights_sitenote_note":"","_monsterinsights_sitenote_category":0,"_genesis_hide_title":false,"_genesis_hide_breadcrumbs":false,"_genesis_hide_singular_image":false,"_genesis_hide_footer_widgets":false,"_genesis_custom_body_class":"","_genesis_custom_post_class":"","_genesis_layout":"","footnotes":""},"class_list":{"0":"post-1175","1":"page","2":"type-page","3":"status-publish","4":"has-post-thumbnail","6":"entry"},"yoast_head":"<!-- This site is optimized with the Yoast SEO plugin v26.8 - https:\/\/yoast.com\/product\/yoast-seo-wordpress\/ -->\n<title>ATEX W\u00e4rmepumpen - Atexxo Manufacturing<\/title>\n<meta name=\"robots\" content=\"index, follow, max-snippet:-1, max-image-preview:large, max-video-preview:-1\" \/>\n<link rel=\"canonical\" href=\"https:\/\/atexxo.nl\/de\/produkte\/atex-warmepumpen\/\" \/>\n<meta property=\"og:locale\" content=\"de_DE\" \/>\n<meta property=\"og:type\" content=\"article\" \/>\n<meta property=\"og:title\" content=\"ATEX W\u00e4rmepumpen - Atexxo Manufacturing\" \/>\n<meta property=\"og:description\" content=\"Explosion Proof Air Conditioners, ATEX \/ EAC-EX Zone 2 Split Units (For High Ambient Temperature Conditions) Explosionssicherheit II 3G ; Ex ec ic nC h IIC T3 Gc (For Gas Groups IIA\/IIB\/IIC) Atexxo Manufacturing BV umgewandelt Daikin explosions sicheren ATEX-W\u00e4rmepumpe, f\u00fcr die Zone 2 explosionsgef\u00e4hrdeten Bereichen geeignet. Diese Au\u00dfenger\u00e4te Wechselrichter-Typ mit integriertem W\u00e4rmepumpenfunktion sowohl f\u00fcr [&hellip;]\" \/>\n<meta property=\"og:url\" content=\"https:\/\/atexxo.nl\/de\/produkte\/atex-warmepumpen\/\" \/>\n<meta property=\"og:site_name\" content=\"Atexxo Manufacturing\" \/>\n<meta property=\"article:modified_time\" content=\"2020-02-18T14:24:46+00:00\" \/>\n<meta property=\"og:image\" content=\"https:\/\/atexxo.nl\/wp-content\/uploads\/2015\/03\/ATEX-EX-heat-pump2.jpg\" \/>\n\t<meta property=\"og:image:width\" content=\"339\" \/>\n\t<meta property=\"og:image:height\" content=\"391\" \/>\n\t<meta property=\"og:image:type\" content=\"image\/jpeg\" \/>\n<meta name=\"twitter:label1\" content=\"Gesch\u00e4tzte Lesezeit\" \/>\n\t<meta name=\"twitter:data1\" content=\"3\u00a0Minuten\" \/>\n<script type=\"application\/ld+json\" class=\"yoast-schema-graph\">{\"@context\":\"https:\/\/schema.org\",\"@graph\":[{\"@type\":\"WebPage\",\"@id\":\"https:\/\/atexxo.nl\/de\/produkte\/atex-warmepumpen\/\",\"url\":\"https:\/\/atexxo.nl\/de\/produkte\/atex-warmepumpen\/\",\"name\":\"ATEX W\u00e4rmepumpen - Atexxo Manufacturing\",\"isPartOf\":{\"@id\":\"https:\/\/atexxo.nl\/ru\/#website\"},\"primaryImageOfPage\":{\"@id\":\"https:\/\/atexxo.nl\/de\/produkte\/atex-warmepumpen\/#primaryimage\"},\"image\":{\"@id\":\"https:\/\/atexxo.nl\/de\/produkte\/atex-warmepumpen\/#primaryimage\"},\"thumbnailUrl\":\"https:\/\/atexxo.nl\/wp-content\/uploads\/2015\/03\/ATEX-EX-heat-pump2.jpg\",\"datePublished\":\"2015-09-15T13:00:40+00:00\",\"dateModified\":\"2020-02-18T14:24:46+00:00\",\"breadcrumb\":{\"@id\":\"https:\/\/atexxo.nl\/de\/produkte\/atex-warmepumpen\/#breadcrumb\"},\"inLanguage\":\"de\",\"potentialAction\":[{\"@type\":\"ReadAction\",\"target\":[\"https:\/\/atexxo.nl\/de\/produkte\/atex-warmepumpen\/\"]}]},{\"@type\":\"ImageObject\",\"inLanguage\":\"de\",\"@id\":\"https:\/\/atexxo.nl\/de\/produkte\/atex-warmepumpen\/#primaryimage\",\"url\":\"https:\/\/atexxo.nl\/wp-content\/uploads\/2015\/03\/ATEX-EX-heat-pump2.jpg\",\"contentUrl\":\"https:\/\/atexxo.nl\/wp-content\/uploads\/2015\/03\/ATEX-EX-heat-pump2.jpg\",\"width\":339,\"height\":391},{\"@type\":\"BreadcrumbList\",\"@id\":\"https:\/\/atexxo.nl\/de\/produkte\/atex-warmepumpen\/#breadcrumb\",\"itemListElement\":[{\"@type\":\"ListItem\",\"position\":1,\"name\":\"Startseite\",\"item\":\"https:\/\/atexxo.nl\/de\/\"},{\"@type\":\"ListItem\",\"position\":2,\"name\":\"Produkte\",\"item\":\"https:\/\/atexxo.nl\/de\/produkte\/\"},{\"@type\":\"ListItem\",\"position\":3,\"name\":\"ATEX W\u00e4rmepumpen\"}]},{\"@type\":\"WebSite\",\"@id\":\"https:\/\/atexxo.nl\/ru\/#website\",\"url\":\"https:\/\/atexxo.nl\/ru\/\",\"name\":\"Atexxo Manufacturing\",\"description\":\"Specialist in Atex and IECEx Solutions\",\"publisher\":{\"@id\":\"https:\/\/atexxo.nl\/ru\/#organization\"},\"potentialAction\":[{\"@type\":\"SearchAction\",\"target\":{\"@type\":\"EntryPoint\",\"urlTemplate\":\"https:\/\/atexxo.nl\/ru\/?s={search_term_string}\"},\"query-input\":{\"@type\":\"PropertyValueSpecification\",\"valueRequired\":true,\"valueName\":\"search_term_string\"}}],\"inLanguage\":\"de\"},{\"@type\":\"Organization\",\"@id\":\"https:\/\/atexxo.nl\/ru\/#organization\",\"name\":\"Atexxo Manufacturing\",\"url\":\"https:\/\/atexxo.nl\/ru\/\",\"logo\":{\"@type\":\"ImageObject\",\"inLanguage\":\"de\",\"@id\":\"https:\/\/atexxo.nl\/ru\/#\/schema\/logo\/image\/\",\"url\":\"https:\/\/atexxo.nl\/wp-content\/uploads\/2015\/04\/logo_atexxo.jpg\",\"contentUrl\":\"https:\/\/atexxo.nl\/wp-content\/uploads\/2015\/04\/logo_atexxo.jpg\",\"width\":1533,\"height\":733,\"caption\":\"Atexxo Manufacturing\"},\"image\":{\"@id\":\"https:\/\/atexxo.nl\/ru\/#\/schema\/logo\/image\/\"}}]}<\/script>\n<!-- \/ Yoast SEO plugin. -->","yoast_head_json":{"title":"ATEX W\u00e4rmepumpen - Atexxo Manufacturing","robots":{"index":"index","follow":"follow","max-snippet":"max-snippet:-1","max-image-preview":"max-image-preview:large","max-video-preview":"max-video-preview:-1"},"canonical":"https:\/\/atexxo.nl\/de\/produkte\/atex-warmepumpen\/","og_locale":"de_DE","og_type":"article","og_title":"ATEX W\u00e4rmepumpen - Atexxo Manufacturing","og_description":"Explosion Proof Air Conditioners, ATEX \/ EAC-EX Zone 2 Split Units (For High Ambient Temperature Conditions) Explosionssicherheit II 3G ; Ex ec ic nC h IIC T3 Gc (For Gas Groups IIA\/IIB\/IIC) Atexxo Manufacturing BV umgewandelt Daikin explosions sicheren ATEX-W\u00e4rmepumpe, f\u00fcr die Zone 2 explosionsgef\u00e4hrdeten Bereichen geeignet. Diese Au\u00dfenger\u00e4te Wechselrichter-Typ mit integriertem W\u00e4rmepumpenfunktion sowohl f\u00fcr [&hellip;]","og_url":"https:\/\/atexxo.nl\/de\/produkte\/atex-warmepumpen\/","og_site_name":"Atexxo Manufacturing","article_modified_time":"2020-02-18T14:24:46+00:00","og_image":[{"width":339,"height":391,"url":"https:\/\/atexxo.nl\/wp-content\/uploads\/2015\/03\/ATEX-EX-heat-pump2.jpg","type":"image\/jpeg"}],"twitter_misc":{"Gesch\u00e4tzte Lesezeit":"3\u00a0Minuten"},"schema":{"@context":"https:\/\/schema.org","@graph":[{"@type":"WebPage","@id":"https:\/\/atexxo.nl\/de\/produkte\/atex-warmepumpen\/","url":"https:\/\/atexxo.nl\/de\/produkte\/atex-warmepumpen\/","name":"ATEX W\u00e4rmepumpen - Atexxo Manufacturing","isPartOf":{"@id":"https:\/\/atexxo.nl\/ru\/#website"},"primaryImageOfPage":{"@id":"https:\/\/atexxo.nl\/de\/produkte\/atex-warmepumpen\/#primaryimage"},"image":{"@id":"https:\/\/atexxo.nl\/de\/produkte\/atex-warmepumpen\/#primaryimage"},"thumbnailUrl":"https:\/\/atexxo.nl\/wp-content\/uploads\/2015\/03\/ATEX-EX-heat-pump2.jpg","datePublished":"2015-09-15T13:00:40+00:00","dateModified":"2020-02-18T14:24:46+00:00","breadcrumb":{"@id":"https:\/\/atexxo.nl\/de\/produkte\/atex-warmepumpen\/#breadcrumb"},"inLanguage":"de","potentialAction":[{"@type":"ReadAction","target":["https:\/\/atexxo.nl\/de\/produkte\/atex-warmepumpen\/"]}]},{"@type":"ImageObject","inLanguage":"de","@id":"https:\/\/atexxo.nl\/de\/produkte\/atex-warmepumpen\/#primaryimage","url":"https:\/\/atexxo.nl\/wp-content\/uploads\/2015\/03\/ATEX-EX-heat-pump2.jpg","contentUrl":"https:\/\/atexxo.nl\/wp-content\/uploads\/2015\/03\/ATEX-EX-heat-pump2.jpg","width":339,"height":391},{"@type":"BreadcrumbList","@id":"https:\/\/atexxo.nl\/de\/produkte\/atex-warmepumpen\/#breadcrumb","itemListElement":[{"@type":"ListItem","position":1,"name":"Startseite","item":"https:\/\/atexxo.nl\/de\/"},{"@type":"ListItem","position":2,"name":"Produkte","item":"https:\/\/atexxo.nl\/de\/produkte\/"},{"@type":"ListItem","position":3,"name":"ATEX W\u00e4rmepumpen"}]},{"@type":"WebSite","@id":"https:\/\/atexxo.nl\/ru\/#website","url":"https:\/\/atexxo.nl\/ru\/","name":"Atexxo Manufacturing","description":"Specialist in Atex and IECEx Solutions","publisher":{"@id":"https:\/\/atexxo.nl\/ru\/#organization"},"potentialAction":[{"@type":"SearchAction","target":{"@type":"EntryPoint","urlTemplate":"https:\/\/atexxo.nl\/ru\/?s={search_term_string}"},"query-input":{"@type":"PropertyValueSpecification","valueRequired":true,"valueName":"search_term_string"}}],"inLanguage":"de"},{"@type":"Organization","@id":"https:\/\/atexxo.nl\/ru\/#organization","name":"Atexxo Manufacturing","url":"https:\/\/atexxo.nl\/ru\/","logo":{"@type":"ImageObject","inLanguage":"de","@id":"https:\/\/atexxo.nl\/ru\/#\/schema\/logo\/image\/","url":"https:\/\/atexxo.nl\/wp-content\/uploads\/2015\/04\/logo_atexxo.jpg","contentUrl":"https:\/\/atexxo.nl\/wp-content\/uploads\/2015\/04\/logo_atexxo.jpg","width":1533,"height":733,"caption":"Atexxo Manufacturing"},"image":{"@id":"https:\/\/atexxo.nl\/ru\/#\/schema\/logo\/image\/"}}]}},"rttpg_featured_image_url":{"full":["https:\/\/atexxo.nl\/wp-content\/uploads\/2015\/03\/ATEX-EX-heat-pump2.jpg",339,391,false],"landscape":["https:\/\/atexxo.nl\/wp-content\/uploads\/2015\/03\/ATEX-EX-heat-pump2.jpg",339,391,false],"portraits":["https:\/\/atexxo.nl\/wp-content\/uploads\/2015\/03\/ATEX-EX-heat-pump2.jpg",339,391,false],"thumbnail":["https:\/\/atexxo.nl\/wp-content\/uploads\/2015\/03\/ATEX-EX-heat-pump2-150x150.jpg",150,150,true],"medium":["https:\/\/atexxo.nl\/wp-content\/uploads\/2015\/03\/ATEX-EX-heat-pump2-260x300.jpg",260,300,true],"large":["https:\/\/atexxo.nl\/wp-content\/uploads\/2015\/03\/ATEX-EX-heat-pump2.jpg",339,391,false],"1536x1536":["https:\/\/atexxo.nl\/wp-content\/uploads\/2015\/03\/ATEX-EX-heat-pump2.jpg",339,391,false],"2048x2048":["https:\/\/atexxo.nl\/wp-content\/uploads\/2015\/03\/ATEX-EX-heat-pump2.jpg",339,391,false]},"rttpg_author":{"display_name":"adatex","author_link":"https:\/\/atexxo.nl\/de\/author\/adatex\/"},"rttpg_comment":0,"rttpg_category":false,"rttpg_excerpt":"Explosion Proof Air Conditioners, ATEX \/ EAC-EX Zone 2 Split Units (For High Ambient Temperature Conditions) Explosionssicherheit II 3G ; Ex ec ic nC h IIC T3 Gc (For Gas Groups IIA\/IIB\/IIC) Atexxo Manufacturing BV umgewandelt Daikin explosions sicheren ATEX-W\u00e4rmepumpe, f\u00fcr die Zone 2 explosionsgef\u00e4hrdeten Bereichen geeignet. Diese Au\u00dfenger\u00e4te Wechselrichter-Typ mit integriertem W\u00e4rmepumpenfunktion sowohl f\u00fcr&hellip;","_links":{"self":[{"href":"https:\/\/atexxo.nl\/de\/wp-json\/wp\/v2\/pages\/1175","targetHints":{"allow":["GET"]}}],"collection":[{"href":"https:\/\/atexxo.nl\/de\/wp-json\/wp\/v2\/pages"}],"about":[{"href":"https:\/\/atexxo.nl\/de\/wp-json\/wp\/v2\/types\/page"}],"author":[{"embeddable":true,"href":"https:\/\/atexxo.nl\/de\/wp-json\/wp\/v2\/users\/1"}],"replies":[{"embeddable":true,"href":"https:\/\/atexxo.nl\/de\/wp-json\/wp\/v2\/comments?post=1175"}],"version-history":[{"count":0,"href":"https:\/\/atexxo.nl\/de\/wp-json\/wp\/v2\/pages\/1175\/revisions"}],"up":[{"embeddable":true,"href":"https:\/\/atexxo.nl\/de\/wp-json\/wp\/v2\/pages\/1170"}],"wp:featuredmedia":[{"embeddable":true,"href":"https:\/\/atexxo.nl\/de\/wp-json\/wp\/v2\/media\/1177"}],"wp:attachment":[{"href":"https:\/\/atexxo.nl\/de\/wp-json\/wp\/v2\/media?parent=1175"}],"curies":[{"name":"wp","href":"https:\/\/api.w.org\/{rel}","templated":true}]}}