{"id":1168,"date":"2015-09-15T13:59:23","date_gmt":"2015-09-15T12:59:23","guid":{"rendered":"https:\/\/atexxo.nl\/?page_id=1168"},"modified":"2015-10-06T14:44:33","modified_gmt":"2015-10-06T13:44:33","slug":"druckhaltung-ex-p-en-60079-2-2","status":"publish","type":"page","link":"https:\/\/atexxo.nl\/de\/druckhaltung-ex-p-en-60079-2-2\/","title":{"rendered":"Druckhaltung (Ex p) \u2013 EN 60079-2"},"content":{"rendered":"<p>Dieses Schutzverfahren hat die Vorteile der druckfeste, aber nicht eine spezielle Geh\u00e4use erforderlich, ist in der Regel ein Standardindustriegeh\u00e4use geeignet.<br \/>\nDer einzige Nachteil der Druckhaltung ist, dass es erfordert eine Versorgung mit Schutzgas, \u00fcblicherweise Luft, um das Geh\u00e4use zu reinigen und halten Sie sie unter Druck. Die Zufuhr von Sp\u00fcl- und Druckluft wird durch ein spezielles Steuerger\u00e4t. Normalerweise ist dies einfacher, als eine Komponente ATEX \/ EX zertifizierte Einzelteil kaufen.<br \/>\nEs gibt eine Auswahl von mehreren Ger\u00e4ten auf dem Markt, sondern f\u00fcr spezielle Anwendungen, Atexxo Herstellung bevorzugt, um ein eigenes Modell zu entwerfen. Ein Vorteil der Sp\u00fcl- und Druck ist, dass dieses Schutzkonzept nimmt auch m\u00f6gliche interne Versionen von brennbaren Gasen, D\u00e4mpfen oder Fl\u00fcssigkeiten. Dies ist f\u00fcr die Analyseger\u00e4te oder andere Ger\u00e4te, die eine entz\u00fcndbare Fl\u00fcssigkeit oder Gase, die durch sie m\u00fcssen relevant.<\/p>\n<h2>Wichtige konstruktive Parameter<\/h2>\n<ul>\n<li>Festigkeit des Geh\u00e4uses. Das Geh\u00e4use muss das 1,5-fache des Drucks des Gases in seinem Inneren zu widerstehen.<\/li>\n<li>Das Geh\u00e4use muss gesp\u00fclt, bevor der elektrische Ger\u00e4te mit Strom versorgt werden.<\/li>\n<li>Abschalten oder ein Alarm in dem Fall der Str\u00f6mung des Schutzgases bzw. der \u00dcberdruck ausf\u00e4llt.<\/li>\n<\/ul>\n<h2>Anwendungen<\/h2>\n<p>Elektrische Ger\u00e4te, deren Normalbetrieb beinhaltet Funken, Lichtb\u00f6gen oder hei\u00dfe Komponenten und komplexen industriellen Standardausr\u00fcstung (Controller), dessen Z\u00fcndschutzart erm\u00f6glicht es ihnen, in explosionsgef\u00e4hrdeten Bereichen betrieben werden. Gro\u00dfmaschinen, Schleifring- bzw. Kollektormotoren, Schaltger\u00e4te Schr\u00e4nke und Analyseger\u00e4te.<\/p>\n","protected":false},"excerpt":{"rendered":"<p>Dieses Schutzverfahren hat die Vorteile der druckfeste, aber nicht eine spezielle Geh\u00e4use erforderlich, ist in der Regel ein Standardindustriegeh\u00e4use geeignet. Der einzige Nachteil der Druckhaltung ist, dass es erfordert eine Versorgung mit Schutzgas, \u00fcblicherweise Luft, um das Geh\u00e4use zu reinigen und halten Sie sie unter Druck. Die Zufuhr von Sp\u00fcl- und Druckluft wird durch ein [&hellip;]<\/p>\n","protected":false},"author":1,"featured_media":0,"parent":0,"menu_order":0,"comment_status":"closed","ping_status":"closed","template":"","meta":{"_monsterinsights_skip_tracking":false,"_monsterinsights_sitenote_active":false,"_monsterinsights_sitenote_note":"","_monsterinsights_sitenote_category":0,"_genesis_hide_title":false,"_genesis_hide_breadcrumbs":false,"_genesis_hide_singular_image":false,"_genesis_hide_footer_widgets":false,"_genesis_custom_body_class":"","_genesis_custom_post_class":"","_genesis_layout":"","footnotes":""},"class_list":{"0":"post-1168","1":"page","2":"type-page","3":"status-publish","5":"entry"},"yoast_head":"<!-- This site is optimized with the Yoast SEO plugin v26.8 - https:\/\/yoast.com\/product\/yoast-seo-wordpress\/ -->\n<title>Druckhaltung (Ex p) \u2013 EN 60079-2 - Atexxo Manufacturing<\/title>\n<meta name=\"robots\" content=\"index, follow, max-snippet:-1, max-image-preview:large, max-video-preview:-1\" \/>\n<link rel=\"canonical\" href=\"https:\/\/atexxo.nl\/de\/druckhaltung-ex-p-en-60079-2-2\/\" \/>\n<meta property=\"og:locale\" content=\"de_DE\" \/>\n<meta property=\"og:type\" content=\"article\" \/>\n<meta property=\"og:title\" content=\"Druckhaltung (Ex p) \u2013 EN 60079-2 - Atexxo Manufacturing\" \/>\n<meta property=\"og:description\" content=\"Dieses Schutzverfahren hat die Vorteile der druckfeste, aber nicht eine spezielle Geh\u00e4use erforderlich, ist in der Regel ein Standardindustriegeh\u00e4use geeignet. Der einzige Nachteil der Druckhaltung ist, dass es erfordert eine Versorgung mit Schutzgas, \u00fcblicherweise Luft, um das Geh\u00e4use zu reinigen und halten Sie sie unter Druck. Die Zufuhr von Sp\u00fcl- und Druckluft wird durch ein [&hellip;]\" \/>\n<meta property=\"og:url\" content=\"https:\/\/atexxo.nl\/de\/druckhaltung-ex-p-en-60079-2-2\/\" \/>\n<meta property=\"og:site_name\" content=\"Atexxo Manufacturing\" \/>\n<meta property=\"article:modified_time\" content=\"2015-10-06T13:44:33+00:00\" \/>\n<meta name=\"twitter:label1\" content=\"Gesch\u00e4tzte Lesezeit\" \/>\n\t<meta name=\"twitter:data1\" content=\"1\u00a0Minute\" \/>\n<script type=\"application\/ld+json\" class=\"yoast-schema-graph\">{\"@context\":\"https:\/\/schema.org\",\"@graph\":[{\"@type\":\"WebPage\",\"@id\":\"https:\/\/atexxo.nl\/de\/druckhaltung-ex-p-en-60079-2-2\/\",\"url\":\"https:\/\/atexxo.nl\/de\/druckhaltung-ex-p-en-60079-2-2\/\",\"name\":\"Druckhaltung (Ex p) \u2013 EN 60079-2 - Atexxo Manufacturing\",\"isPartOf\":{\"@id\":\"https:\/\/atexxo.nl\/ru\/#website\"},\"datePublished\":\"2015-09-15T12:59:23+00:00\",\"dateModified\":\"2015-10-06T13:44:33+00:00\",\"breadcrumb\":{\"@id\":\"https:\/\/atexxo.nl\/de\/druckhaltung-ex-p-en-60079-2-2\/#breadcrumb\"},\"inLanguage\":\"de\",\"potentialAction\":[{\"@type\":\"ReadAction\",\"target\":[\"https:\/\/atexxo.nl\/de\/druckhaltung-ex-p-en-60079-2-2\/\"]}]},{\"@type\":\"BreadcrumbList\",\"@id\":\"https:\/\/atexxo.nl\/de\/druckhaltung-ex-p-en-60079-2-2\/#breadcrumb\",\"itemListElement\":[{\"@type\":\"ListItem\",\"position\":1,\"name\":\"Startseite\",\"item\":\"https:\/\/atexxo.nl\/de\/\"},{\"@type\":\"ListItem\",\"position\":2,\"name\":\"Druckhaltung (Ex p) \u2013 EN 60079-2\"}]},{\"@type\":\"WebSite\",\"@id\":\"https:\/\/atexxo.nl\/ru\/#website\",\"url\":\"https:\/\/atexxo.nl\/ru\/\",\"name\":\"Atexxo Manufacturing\",\"description\":\"Specialist in Atex and IECEx Solutions\",\"publisher\":{\"@id\":\"https:\/\/atexxo.nl\/ru\/#organization\"},\"potentialAction\":[{\"@type\":\"SearchAction\",\"target\":{\"@type\":\"EntryPoint\",\"urlTemplate\":\"https:\/\/atexxo.nl\/ru\/?s={search_term_string}\"},\"query-input\":{\"@type\":\"PropertyValueSpecification\",\"valueRequired\":true,\"valueName\":\"search_term_string\"}}],\"inLanguage\":\"de\"},{\"@type\":\"Organization\",\"@id\":\"https:\/\/atexxo.nl\/ru\/#organization\",\"name\":\"Atexxo Manufacturing\",\"url\":\"https:\/\/atexxo.nl\/ru\/\",\"logo\":{\"@type\":\"ImageObject\",\"inLanguage\":\"de\",\"@id\":\"https:\/\/atexxo.nl\/ru\/#\/schema\/logo\/image\/\",\"url\":\"https:\/\/atexxo.nl\/wp-content\/uploads\/2015\/04\/logo_atexxo.jpg\",\"contentUrl\":\"https:\/\/atexxo.nl\/wp-content\/uploads\/2015\/04\/logo_atexxo.jpg\",\"width\":1533,\"height\":733,\"caption\":\"Atexxo Manufacturing\"},\"image\":{\"@id\":\"https:\/\/atexxo.nl\/ru\/#\/schema\/logo\/image\/\"}}]}<\/script>\n<!-- \/ Yoast SEO plugin. -->","yoast_head_json":{"title":"Druckhaltung (Ex p) \u2013 EN 60079-2 - Atexxo Manufacturing","robots":{"index":"index","follow":"follow","max-snippet":"max-snippet:-1","max-image-preview":"max-image-preview:large","max-video-preview":"max-video-preview:-1"},"canonical":"https:\/\/atexxo.nl\/de\/druckhaltung-ex-p-en-60079-2-2\/","og_locale":"de_DE","og_type":"article","og_title":"Druckhaltung (Ex p) \u2013 EN 60079-2 - Atexxo Manufacturing","og_description":"Dieses Schutzverfahren hat die Vorteile der druckfeste, aber nicht eine spezielle Geh\u00e4use erforderlich, ist in der Regel ein Standardindustriegeh\u00e4use geeignet. Der einzige Nachteil der Druckhaltung ist, dass es erfordert eine Versorgung mit Schutzgas, \u00fcblicherweise Luft, um das Geh\u00e4use zu reinigen und halten Sie sie unter Druck. Die Zufuhr von Sp\u00fcl- und Druckluft wird durch ein [&hellip;]","og_url":"https:\/\/atexxo.nl\/de\/druckhaltung-ex-p-en-60079-2-2\/","og_site_name":"Atexxo Manufacturing","article_modified_time":"2015-10-06T13:44:33+00:00","twitter_misc":{"Gesch\u00e4tzte Lesezeit":"1\u00a0Minute"},"schema":{"@context":"https:\/\/schema.org","@graph":[{"@type":"WebPage","@id":"https:\/\/atexxo.nl\/de\/druckhaltung-ex-p-en-60079-2-2\/","url":"https:\/\/atexxo.nl\/de\/druckhaltung-ex-p-en-60079-2-2\/","name":"Druckhaltung (Ex p) \u2013 EN 60079-2 - Atexxo Manufacturing","isPartOf":{"@id":"https:\/\/atexxo.nl\/ru\/#website"},"datePublished":"2015-09-15T12:59:23+00:00","dateModified":"2015-10-06T13:44:33+00:00","breadcrumb":{"@id":"https:\/\/atexxo.nl\/de\/druckhaltung-ex-p-en-60079-2-2\/#breadcrumb"},"inLanguage":"de","potentialAction":[{"@type":"ReadAction","target":["https:\/\/atexxo.nl\/de\/druckhaltung-ex-p-en-60079-2-2\/"]}]},{"@type":"BreadcrumbList","@id":"https:\/\/atexxo.nl\/de\/druckhaltung-ex-p-en-60079-2-2\/#breadcrumb","itemListElement":[{"@type":"ListItem","position":1,"name":"Startseite","item":"https:\/\/atexxo.nl\/de\/"},{"@type":"ListItem","position":2,"name":"Druckhaltung (Ex p) \u2013 EN 60079-2"}]},{"@type":"WebSite","@id":"https:\/\/atexxo.nl\/ru\/#website","url":"https:\/\/atexxo.nl\/ru\/","name":"Atexxo Manufacturing","description":"Specialist in Atex and IECEx Solutions","publisher":{"@id":"https:\/\/atexxo.nl\/ru\/#organization"},"potentialAction":[{"@type":"SearchAction","target":{"@type":"EntryPoint","urlTemplate":"https:\/\/atexxo.nl\/ru\/?s={search_term_string}"},"query-input":{"@type":"PropertyValueSpecification","valueRequired":true,"valueName":"search_term_string"}}],"inLanguage":"de"},{"@type":"Organization","@id":"https:\/\/atexxo.nl\/ru\/#organization","name":"Atexxo Manufacturing","url":"https:\/\/atexxo.nl\/ru\/","logo":{"@type":"ImageObject","inLanguage":"de","@id":"https:\/\/atexxo.nl\/ru\/#\/schema\/logo\/image\/","url":"https:\/\/atexxo.nl\/wp-content\/uploads\/2015\/04\/logo_atexxo.jpg","contentUrl":"https:\/\/atexxo.nl\/wp-content\/uploads\/2015\/04\/logo_atexxo.jpg","width":1533,"height":733,"caption":"Atexxo Manufacturing"},"image":{"@id":"https:\/\/atexxo.nl\/ru\/#\/schema\/logo\/image\/"}}]}},"rttpg_featured_image_url":null,"rttpg_author":{"display_name":"adatex","author_link":"https:\/\/atexxo.nl\/de\/author\/adatex\/"},"rttpg_comment":0,"rttpg_category":false,"rttpg_excerpt":"Dieses Schutzverfahren hat die Vorteile der druckfeste, aber nicht eine spezielle Geh\u00e4use erforderlich, ist in der Regel ein Standardindustriegeh\u00e4use geeignet. Der einzige Nachteil der Druckhaltung ist, dass es erfordert eine Versorgung mit Schutzgas, \u00fcblicherweise Luft, um das Geh\u00e4use zu reinigen und halten Sie sie unter Druck. Die Zufuhr von Sp\u00fcl- und Druckluft wird durch ein&hellip;","_links":{"self":[{"href":"https:\/\/atexxo.nl\/de\/wp-json\/wp\/v2\/pages\/1168","targetHints":{"allow":["GET"]}}],"collection":[{"href":"https:\/\/atexxo.nl\/de\/wp-json\/wp\/v2\/pages"}],"about":[{"href":"https:\/\/atexxo.nl\/de\/wp-json\/wp\/v2\/types\/page"}],"author":[{"embeddable":true,"href":"https:\/\/atexxo.nl\/de\/wp-json\/wp\/v2\/users\/1"}],"replies":[{"embeddable":true,"href":"https:\/\/atexxo.nl\/de\/wp-json\/wp\/v2\/comments?post=1168"}],"version-history":[{"count":0,"href":"https:\/\/atexxo.nl\/de\/wp-json\/wp\/v2\/pages\/1168\/revisions"}],"wp:attachment":[{"href":"https:\/\/atexxo.nl\/de\/wp-json\/wp\/v2\/media?parent=1168"}],"curies":[{"name":"wp","href":"https:\/\/api.w.org\/{rel}","templated":true}]}}