{"id":1166,"date":"2015-09-15T13:59:02","date_gmt":"2015-09-15T12:59:02","guid":{"rendered":"https:\/\/atexxo.nl\/?page_id=1166"},"modified":"2015-10-06T14:37:58","modified_gmt":"2015-10-06T13:37:58","slug":"nachrichten","status":"publish","type":"page","link":"https:\/\/atexxo.nl\/de\/nachrichten\/","title":{"rendered":"Nachrichten"},"content":{"rendered":"<p>2015 Atexxo Manufacturing BV Partners mit LHC Consultants f\u00fcr die Produktentwicklung und Beratung<\/p>\n<p>2015 Atexxo Manufacturing BV Becomes BENELUX Distributor f\u00fcr BIMED EX Kabelverschraubungen<\/p>\n<p>2013 Atexxo Manufacturing BV Jetzt besch\u00e4ftigt 18 Ingenieure<\/p>\n<p>2013 Atexxo Manufacturing BV Angebote Lohnherstellung von explosionssichere Produkte<\/p>\n<p>2013 Atexxo Manufacturing BV Beginnt mit ATEX LED-Produktion<\/p>\n<p>2012 Atexxo Manufacturing BV Implementiert ISO 9001: 2008 und EN ISO \/ IEC 80079-34: 2011 Arbeitsmethoden<\/p>\n<p>2011 Atexxo Manufacturing BV stellt ATEX Zone 2 Split Klimaanlage Einheiten.<\/p>\n","protected":false},"excerpt":{"rendered":"<p>2015 Atexxo Manufacturing BV Partners mit LHC Consultants f\u00fcr die Produktentwicklung und Beratung 2015 Atexxo Manufacturing BV Becomes BENELUX Distributor f\u00fcr BIMED EX Kabelverschraubungen 2013 Atexxo Manufacturing BV Jetzt besch\u00e4ftigt 18 Ingenieure 2013 Atexxo Manufacturing BV Angebote Lohnherstellung von explosionssichere Produkte 2013 Atexxo Manufacturing BV Beginnt mit ATEX LED-Produktion 2012 Atexxo Manufacturing BV Implementiert ISO [&hellip;]<\/p>\n","protected":false},"author":1,"featured_media":0,"parent":0,"menu_order":0,"comment_status":"closed","ping_status":"closed","template":"","meta":{"_monsterinsights_skip_tracking":false,"_monsterinsights_sitenote_active":false,"_monsterinsights_sitenote_note":"","_monsterinsights_sitenote_category":0,"_genesis_hide_title":false,"_genesis_hide_breadcrumbs":false,"_genesis_hide_singular_image":false,"_genesis_hide_footer_widgets":false,"_genesis_custom_body_class":"","_genesis_custom_post_class":"","_genesis_layout":"","footnotes":""},"class_list":{"0":"post-1166","1":"page","2":"type-page","3":"status-publish","5":"entry"},"yoast_head":"<!-- This site is optimized with the Yoast SEO plugin v26.8 - https:\/\/yoast.com\/product\/yoast-seo-wordpress\/ -->\n<title>Nachrichten - Atexxo Manufacturing<\/title>\n<meta name=\"robots\" content=\"index, follow, max-snippet:-1, max-image-preview:large, max-video-preview:-1\" \/>\n<link rel=\"canonical\" href=\"https:\/\/atexxo.nl\/de\/nachrichten\/\" \/>\n<meta property=\"og:locale\" content=\"de_DE\" \/>\n<meta property=\"og:type\" content=\"article\" \/>\n<meta property=\"og:title\" content=\"Nachrichten - Atexxo Manufacturing\" \/>\n<meta property=\"og:description\" content=\"2015 Atexxo Manufacturing BV Partners mit LHC Consultants f\u00fcr die Produktentwicklung und Beratung 2015 Atexxo Manufacturing BV Becomes BENELUX Distributor f\u00fcr BIMED EX Kabelverschraubungen 2013 Atexxo Manufacturing BV Jetzt besch\u00e4ftigt 18 Ingenieure 2013 Atexxo Manufacturing BV Angebote Lohnherstellung von explosionssichere Produkte 2013 Atexxo Manufacturing BV Beginnt mit ATEX LED-Produktion 2012 Atexxo Manufacturing BV Implementiert ISO [&hellip;]\" \/>\n<meta property=\"og:url\" content=\"https:\/\/atexxo.nl\/de\/nachrichten\/\" \/>\n<meta property=\"og:site_name\" content=\"Atexxo Manufacturing\" \/>\n<meta property=\"article:modified_time\" content=\"2015-10-06T13:37:58+00:00\" \/>\n<script type=\"application\/ld+json\" class=\"yoast-schema-graph\">{\"@context\":\"https:\/\/schema.org\",\"@graph\":[{\"@type\":\"WebPage\",\"@id\":\"https:\/\/atexxo.nl\/de\/nachrichten\/\",\"url\":\"https:\/\/atexxo.nl\/de\/nachrichten\/\",\"name\":\"Nachrichten - Atexxo Manufacturing\",\"isPartOf\":{\"@id\":\"https:\/\/atexxo.nl\/ru\/#website\"},\"datePublished\":\"2015-09-15T12:59:02+00:00\",\"dateModified\":\"2015-10-06T13:37:58+00:00\",\"breadcrumb\":{\"@id\":\"https:\/\/atexxo.nl\/de\/nachrichten\/#breadcrumb\"},\"inLanguage\":\"de\",\"potentialAction\":[{\"@type\":\"ReadAction\",\"target\":[\"https:\/\/atexxo.nl\/de\/nachrichten\/\"]}]},{\"@type\":\"BreadcrumbList\",\"@id\":\"https:\/\/atexxo.nl\/de\/nachrichten\/#breadcrumb\",\"itemListElement\":[{\"@type\":\"ListItem\",\"position\":1,\"name\":\"Startseite\",\"item\":\"https:\/\/atexxo.nl\/de\/\"},{\"@type\":\"ListItem\",\"position\":2,\"name\":\"Nachrichten\"}]},{\"@type\":\"WebSite\",\"@id\":\"https:\/\/atexxo.nl\/ru\/#website\",\"url\":\"https:\/\/atexxo.nl\/ru\/\",\"name\":\"Atexxo Manufacturing\",\"description\":\"Specialist in Atex and IECEx Solutions\",\"publisher\":{\"@id\":\"https:\/\/atexxo.nl\/ru\/#organization\"},\"potentialAction\":[{\"@type\":\"SearchAction\",\"target\":{\"@type\":\"EntryPoint\",\"urlTemplate\":\"https:\/\/atexxo.nl\/ru\/?s={search_term_string}\"},\"query-input\":{\"@type\":\"PropertyValueSpecification\",\"valueRequired\":true,\"valueName\":\"search_term_string\"}}],\"inLanguage\":\"de\"},{\"@type\":\"Organization\",\"@id\":\"https:\/\/atexxo.nl\/ru\/#organization\",\"name\":\"Atexxo Manufacturing\",\"url\":\"https:\/\/atexxo.nl\/ru\/\",\"logo\":{\"@type\":\"ImageObject\",\"inLanguage\":\"de\",\"@id\":\"https:\/\/atexxo.nl\/ru\/#\/schema\/logo\/image\/\",\"url\":\"https:\/\/atexxo.nl\/wp-content\/uploads\/2015\/04\/logo_atexxo.jpg\",\"contentUrl\":\"https:\/\/atexxo.nl\/wp-content\/uploads\/2015\/04\/logo_atexxo.jpg\",\"width\":1533,\"height\":733,\"caption\":\"Atexxo Manufacturing\"},\"image\":{\"@id\":\"https:\/\/atexxo.nl\/ru\/#\/schema\/logo\/image\/\"}}]}<\/script>\n<!-- \/ Yoast SEO plugin. -->","yoast_head_json":{"title":"Nachrichten - Atexxo Manufacturing","robots":{"index":"index","follow":"follow","max-snippet":"max-snippet:-1","max-image-preview":"max-image-preview:large","max-video-preview":"max-video-preview:-1"},"canonical":"https:\/\/atexxo.nl\/de\/nachrichten\/","og_locale":"de_DE","og_type":"article","og_title":"Nachrichten - Atexxo Manufacturing","og_description":"2015 Atexxo Manufacturing BV Partners mit LHC Consultants f\u00fcr die Produktentwicklung und Beratung 2015 Atexxo Manufacturing BV Becomes BENELUX Distributor f\u00fcr BIMED EX Kabelverschraubungen 2013 Atexxo Manufacturing BV Jetzt besch\u00e4ftigt 18 Ingenieure 2013 Atexxo Manufacturing BV Angebote Lohnherstellung von explosionssichere Produkte 2013 Atexxo Manufacturing BV Beginnt mit ATEX LED-Produktion 2012 Atexxo Manufacturing BV Implementiert ISO [&hellip;]","og_url":"https:\/\/atexxo.nl\/de\/nachrichten\/","og_site_name":"Atexxo Manufacturing","article_modified_time":"2015-10-06T13:37:58+00:00","schema":{"@context":"https:\/\/schema.org","@graph":[{"@type":"WebPage","@id":"https:\/\/atexxo.nl\/de\/nachrichten\/","url":"https:\/\/atexxo.nl\/de\/nachrichten\/","name":"Nachrichten - Atexxo Manufacturing","isPartOf":{"@id":"https:\/\/atexxo.nl\/ru\/#website"},"datePublished":"2015-09-15T12:59:02+00:00","dateModified":"2015-10-06T13:37:58+00:00","breadcrumb":{"@id":"https:\/\/atexxo.nl\/de\/nachrichten\/#breadcrumb"},"inLanguage":"de","potentialAction":[{"@type":"ReadAction","target":["https:\/\/atexxo.nl\/de\/nachrichten\/"]}]},{"@type":"BreadcrumbList","@id":"https:\/\/atexxo.nl\/de\/nachrichten\/#breadcrumb","itemListElement":[{"@type":"ListItem","position":1,"name":"Startseite","item":"https:\/\/atexxo.nl\/de\/"},{"@type":"ListItem","position":2,"name":"Nachrichten"}]},{"@type":"WebSite","@id":"https:\/\/atexxo.nl\/ru\/#website","url":"https:\/\/atexxo.nl\/ru\/","name":"Atexxo Manufacturing","description":"Specialist in Atex and IECEx Solutions","publisher":{"@id":"https:\/\/atexxo.nl\/ru\/#organization"},"potentialAction":[{"@type":"SearchAction","target":{"@type":"EntryPoint","urlTemplate":"https:\/\/atexxo.nl\/ru\/?s={search_term_string}"},"query-input":{"@type":"PropertyValueSpecification","valueRequired":true,"valueName":"search_term_string"}}],"inLanguage":"de"},{"@type":"Organization","@id":"https:\/\/atexxo.nl\/ru\/#organization","name":"Atexxo Manufacturing","url":"https:\/\/atexxo.nl\/ru\/","logo":{"@type":"ImageObject","inLanguage":"de","@id":"https:\/\/atexxo.nl\/ru\/#\/schema\/logo\/image\/","url":"https:\/\/atexxo.nl\/wp-content\/uploads\/2015\/04\/logo_atexxo.jpg","contentUrl":"https:\/\/atexxo.nl\/wp-content\/uploads\/2015\/04\/logo_atexxo.jpg","width":1533,"height":733,"caption":"Atexxo Manufacturing"},"image":{"@id":"https:\/\/atexxo.nl\/ru\/#\/schema\/logo\/image\/"}}]}},"rttpg_featured_image_url":null,"rttpg_author":{"display_name":"adatex","author_link":"https:\/\/atexxo.nl\/de\/author\/adatex\/"},"rttpg_comment":0,"rttpg_category":false,"rttpg_excerpt":"2015 Atexxo Manufacturing BV Partners mit LHC Consultants f\u00fcr die Produktentwicklung und Beratung 2015 Atexxo Manufacturing BV Becomes BENELUX Distributor f\u00fcr BIMED EX Kabelverschraubungen 2013 Atexxo Manufacturing BV Jetzt besch\u00e4ftigt 18 Ingenieure 2013 Atexxo Manufacturing BV Angebote Lohnherstellung von explosionssichere Produkte 2013 Atexxo Manufacturing BV Beginnt mit ATEX LED-Produktion 2012 Atexxo Manufacturing BV Implementiert ISO&hellip;","_links":{"self":[{"href":"https:\/\/atexxo.nl\/de\/wp-json\/wp\/v2\/pages\/1166","targetHints":{"allow":["GET"]}}],"collection":[{"href":"https:\/\/atexxo.nl\/de\/wp-json\/wp\/v2\/pages"}],"about":[{"href":"https:\/\/atexxo.nl\/de\/wp-json\/wp\/v2\/types\/page"}],"author":[{"embeddable":true,"href":"https:\/\/atexxo.nl\/de\/wp-json\/wp\/v2\/users\/1"}],"replies":[{"embeddable":true,"href":"https:\/\/atexxo.nl\/de\/wp-json\/wp\/v2\/comments?post=1166"}],"version-history":[{"count":0,"href":"https:\/\/atexxo.nl\/de\/wp-json\/wp\/v2\/pages\/1166\/revisions"}],"wp:attachment":[{"href":"https:\/\/atexxo.nl\/de\/wp-json\/wp\/v2\/media?parent=1166"}],"curies":[{"name":"wp","href":"https:\/\/api.w.org\/{rel}","templated":true}]}}