{"id":1164,"date":"2015-09-15T13:58:39","date_gmt":"2015-09-15T12:58:39","guid":{"rendered":"https:\/\/atexxo.nl\/?page_id=1164"},"modified":"2015-10-06T14:35:21","modified_gmt":"2015-10-06T13:35:21","slug":"fertigung-conversion","status":"publish","type":"page","link":"https:\/\/atexxo.nl\/de\/fertigung-conversion\/","title":{"rendered":"Fertigung \/ Conversion"},"content":{"rendered":"<p>Stellen Sie sich Ihr Unternehmen ist eine erfolgreiche Hersteller oder Wiederverk\u00e4ufer von Industrieprodukte, jetzt k\u00f6nnen Sie die Anfrage von Ihren Kunden zu erhalten, wenn Sie Ihre Produkte k\u00f6nnen in einem Gas oder Staub explosionsgef\u00e4hrdeten Bereich als auch verwendet werden? Zur Anfrage Ihrer Kunden zu erf\u00fcllen, die Sie ben\u00f6tigen, um mit den europ\u00e4ischen ATEX oder internationalen IECEX Vorschriften entsprechen.<a href=\"https:\/\/atexxo.nl\/wp-content\/uploads\/2015\/02\/zandlopergifkl-2.gif\"><img loading=\"lazy\" decoding=\"async\" class=\" size-medium wp-image-1111 alignright\" src=\"https:\/\/atexxo.nl\/wp-content\/uploads\/2015\/02\/atex-zandloper-300x225.jpg\" alt=\"atex zandloper\" width=\"300\" height=\"225\" srcset=\"https:\/\/atexxo.nl\/wp-content\/uploads\/2015\/02\/atex-zandloper-300x225.jpg 300w, https:\/\/atexxo.nl\/wp-content\/uploads\/2015\/02\/atex-zandloper.jpg 960w\" sizes=\"auto, (max-width: 300px) 100vw, 300px\" \/><\/a><\/p>\n<ul>\n<li>Geringe Investitions<\/li>\n<li>Kurze Zeit bis zur Markt<\/li>\n<li>Verkaufen Sie unter Ihrer eigenen Marke<\/li>\n<li>Chargen- oder Einzelst\u00fcck<\/li>\n<li>Zone 1 Zone 2 Zone 21 und Zone 22<\/li>\n<\/ul>\n<p>Dies ist, wo Atexxo Manufacturing BV kommt, Anpassung Ihrer exsisting Produkte und Umwandlung von urspr\u00fcnglichen Produkte in ATEX zugelassenen Produkte deliverd mit Zertifikat. Sie m\u00fcssen nicht zu stark investieren in Fachkenntnisse, Zertifizierung Ihrer Werkstatt oder Kontakt mit den benannten Stellen. Die Partnerschaft mit Atexxo Fertigung wird auf <em><strong>sehr kurzer Zeit auf den Markt<\/strong><\/em> zu f\u00fchren, und gibt Ihnen die M\u00f6glichkeit, Ihr Unternehmen in der Nische ATEX Markt zu entwickeln, mit einer <em><strong>sehr geringen Anfangsinvestitionen<\/strong><\/em>. Dar\u00fcber hinaus k\u00f6nnen Sie Ihre ATEX-Zulassung Produkte, die unter Ihrer eigenen Marke zu liefern. Genau das gleiche gilt f\u00fcr die Hersteller von explosionssichere Produkte von au\u00dferhalb der EU. Wir passen ihre Produkte, k\u00fcmmern sich um die erforderliche Zertifizierung und machen sie f\u00fcr den europ\u00e4ischen Markt geeignet.<\/p>\n","protected":false},"excerpt":{"rendered":"<p>Stellen Sie sich Ihr Unternehmen ist eine erfolgreiche Hersteller oder Wiederverk\u00e4ufer von Industrieprodukte, jetzt k\u00f6nnen Sie die Anfrage von Ihren Kunden zu erhalten, wenn Sie Ihre Produkte k\u00f6nnen in einem Gas oder Staub explosionsgef\u00e4hrdeten Bereich als auch verwendet werden? Zur Anfrage Ihrer Kunden zu erf\u00fcllen, die Sie ben\u00f6tigen, um mit den europ\u00e4ischen ATEX oder internationalen [&hellip;]<\/p>\n","protected":false},"author":1,"featured_media":0,"parent":0,"menu_order":0,"comment_status":"closed","ping_status":"closed","template":"","meta":{"_monsterinsights_skip_tracking":false,"_monsterinsights_sitenote_active":false,"_monsterinsights_sitenote_note":"","_monsterinsights_sitenote_category":0,"_genesis_hide_title":false,"_genesis_hide_breadcrumbs":false,"_genesis_hide_singular_image":false,"_genesis_hide_footer_widgets":false,"_genesis_custom_body_class":"","_genesis_custom_post_class":"","_genesis_layout":"","footnotes":""},"class_list":{"0":"post-1164","1":"page","2":"type-page","3":"status-publish","5":"entry"},"yoast_head":"<!-- This site is optimized with the Yoast SEO plugin v26.8 - https:\/\/yoast.com\/product\/yoast-seo-wordpress\/ -->\n<title>Fertigung \/ Conversion - Atexxo Manufacturing<\/title>\n<meta name=\"robots\" content=\"index, follow, max-snippet:-1, max-image-preview:large, max-video-preview:-1\" \/>\n<link rel=\"canonical\" href=\"https:\/\/atexxo.nl\/de\/about-us\/fertigung-conversion\/\" \/>\n<meta property=\"og:locale\" content=\"de_DE\" \/>\n<meta property=\"og:type\" content=\"article\" \/>\n<meta property=\"og:title\" content=\"Fertigung \/ Conversion - Atexxo Manufacturing\" \/>\n<meta property=\"og:description\" content=\"Stellen Sie sich Ihr Unternehmen ist eine erfolgreiche Hersteller oder Wiederverk\u00e4ufer von Industrieprodukte, jetzt k\u00f6nnen Sie die Anfrage von Ihren Kunden zu erhalten, wenn Sie Ihre Produkte k\u00f6nnen in einem Gas oder Staub explosionsgef\u00e4hrdeten Bereich als auch verwendet werden? Zur Anfrage Ihrer Kunden zu erf\u00fcllen, die Sie ben\u00f6tigen, um mit den europ\u00e4ischen ATEX oder internationalen [&hellip;]\" \/>\n<meta property=\"og:url\" content=\"https:\/\/atexxo.nl\/de\/about-us\/fertigung-conversion\/\" \/>\n<meta property=\"og:site_name\" content=\"Atexxo Manufacturing\" \/>\n<meta property=\"article:modified_time\" content=\"2015-10-06T13:35:21+00:00\" \/>\n<meta property=\"og:image\" content=\"https:\/\/atexxo.nl\/wp-content\/uploads\/2015\/02\/atex-zandloper-300x225.jpg\" \/>\n<meta name=\"twitter:label1\" content=\"Gesch\u00e4tzte Lesezeit\" \/>\n\t<meta name=\"twitter:data1\" content=\"1\u00a0Minute\" \/>\n<script type=\"application\/ld+json\" class=\"yoast-schema-graph\">{\"@context\":\"https:\/\/schema.org\",\"@graph\":[{\"@type\":\"WebPage\",\"@id\":\"https:\/\/atexxo.nl\/de\/about-us\/fertigung-conversion\/\",\"url\":\"https:\/\/atexxo.nl\/de\/about-us\/fertigung-conversion\/\",\"name\":\"Fertigung \/ Conversion - Atexxo Manufacturing\",\"isPartOf\":{\"@id\":\"https:\/\/atexxo.nl\/ru\/#website\"},\"primaryImageOfPage\":{\"@id\":\"https:\/\/atexxo.nl\/de\/about-us\/fertigung-conversion\/#primaryimage\"},\"image\":{\"@id\":\"https:\/\/atexxo.nl\/de\/about-us\/fertigung-conversion\/#primaryimage\"},\"thumbnailUrl\":\"https:\/\/atexxo.nl\/wp-content\/uploads\/2015\/02\/atex-zandloper-300x225.jpg\",\"datePublished\":\"2015-09-15T12:58:39+00:00\",\"dateModified\":\"2015-10-06T13:35:21+00:00\",\"breadcrumb\":{\"@id\":\"https:\/\/atexxo.nl\/de\/about-us\/fertigung-conversion\/#breadcrumb\"},\"inLanguage\":\"de\",\"potentialAction\":[{\"@type\":\"ReadAction\",\"target\":[\"https:\/\/atexxo.nl\/de\/about-us\/fertigung-conversion\/\"]}]},{\"@type\":\"ImageObject\",\"inLanguage\":\"de\",\"@id\":\"https:\/\/atexxo.nl\/de\/about-us\/fertigung-conversion\/#primaryimage\",\"url\":\"https:\/\/atexxo.nl\/wp-content\/uploads\/2015\/02\/atex-zandloper-300x225.jpg\",\"contentUrl\":\"https:\/\/atexxo.nl\/wp-content\/uploads\/2015\/02\/atex-zandloper-300x225.jpg\"},{\"@type\":\"BreadcrumbList\",\"@id\":\"https:\/\/atexxo.nl\/de\/about-us\/fertigung-conversion\/#breadcrumb\",\"itemListElement\":[{\"@type\":\"ListItem\",\"position\":1,\"name\":\"Startseite\",\"item\":\"https:\/\/atexxo.nl\/de\/\"},{\"@type\":\"ListItem\",\"position\":2,\"name\":\"\u00dcber uns\",\"item\":\"https:\/\/atexxo.nl\/de\/\"},{\"@type\":\"ListItem\",\"position\":3,\"name\":\"Fertigung \/ Conversion\"}]},{\"@type\":\"WebSite\",\"@id\":\"https:\/\/atexxo.nl\/ru\/#website\",\"url\":\"https:\/\/atexxo.nl\/ru\/\",\"name\":\"Atexxo Manufacturing\",\"description\":\"Specialist in Atex and IECEx Solutions\",\"publisher\":{\"@id\":\"https:\/\/atexxo.nl\/ru\/#organization\"},\"potentialAction\":[{\"@type\":\"SearchAction\",\"target\":{\"@type\":\"EntryPoint\",\"urlTemplate\":\"https:\/\/atexxo.nl\/ru\/?s={search_term_string}\"},\"query-input\":{\"@type\":\"PropertyValueSpecification\",\"valueRequired\":true,\"valueName\":\"search_term_string\"}}],\"inLanguage\":\"de\"},{\"@type\":\"Organization\",\"@id\":\"https:\/\/atexxo.nl\/ru\/#organization\",\"name\":\"Atexxo Manufacturing\",\"url\":\"https:\/\/atexxo.nl\/ru\/\",\"logo\":{\"@type\":\"ImageObject\",\"inLanguage\":\"de\",\"@id\":\"https:\/\/atexxo.nl\/ru\/#\/schema\/logo\/image\/\",\"url\":\"https:\/\/atexxo.nl\/wp-content\/uploads\/2015\/04\/logo_atexxo.jpg\",\"contentUrl\":\"https:\/\/atexxo.nl\/wp-content\/uploads\/2015\/04\/logo_atexxo.jpg\",\"width\":1533,\"height\":733,\"caption\":\"Atexxo Manufacturing\"},\"image\":{\"@id\":\"https:\/\/atexxo.nl\/ru\/#\/schema\/logo\/image\/\"}}]}<\/script>\n<!-- \/ Yoast SEO plugin. -->","yoast_head_json":{"title":"Fertigung \/ Conversion - Atexxo Manufacturing","robots":{"index":"index","follow":"follow","max-snippet":"max-snippet:-1","max-image-preview":"max-image-preview:large","max-video-preview":"max-video-preview:-1"},"canonical":"https:\/\/atexxo.nl\/de\/about-us\/fertigung-conversion\/","og_locale":"de_DE","og_type":"article","og_title":"Fertigung \/ Conversion - Atexxo Manufacturing","og_description":"Stellen Sie sich Ihr Unternehmen ist eine erfolgreiche Hersteller oder Wiederverk\u00e4ufer von Industrieprodukte, jetzt k\u00f6nnen Sie die Anfrage von Ihren Kunden zu erhalten, wenn Sie Ihre Produkte k\u00f6nnen in einem Gas oder Staub explosionsgef\u00e4hrdeten Bereich als auch verwendet werden? Zur Anfrage Ihrer Kunden zu erf\u00fcllen, die Sie ben\u00f6tigen, um mit den europ\u00e4ischen ATEX oder internationalen [&hellip;]","og_url":"https:\/\/atexxo.nl\/de\/about-us\/fertigung-conversion\/","og_site_name":"Atexxo Manufacturing","article_modified_time":"2015-10-06T13:35:21+00:00","og_image":[{"url":"https:\/\/atexxo.nl\/wp-content\/uploads\/2015\/02\/atex-zandloper-300x225.jpg","type":"","width":"","height":""}],"twitter_misc":{"Gesch\u00e4tzte Lesezeit":"1\u00a0Minute"},"schema":{"@context":"https:\/\/schema.org","@graph":[{"@type":"WebPage","@id":"https:\/\/atexxo.nl\/de\/about-us\/fertigung-conversion\/","url":"https:\/\/atexxo.nl\/de\/about-us\/fertigung-conversion\/","name":"Fertigung \/ Conversion - Atexxo Manufacturing","isPartOf":{"@id":"https:\/\/atexxo.nl\/ru\/#website"},"primaryImageOfPage":{"@id":"https:\/\/atexxo.nl\/de\/about-us\/fertigung-conversion\/#primaryimage"},"image":{"@id":"https:\/\/atexxo.nl\/de\/about-us\/fertigung-conversion\/#primaryimage"},"thumbnailUrl":"https:\/\/atexxo.nl\/wp-content\/uploads\/2015\/02\/atex-zandloper-300x225.jpg","datePublished":"2015-09-15T12:58:39+00:00","dateModified":"2015-10-06T13:35:21+00:00","breadcrumb":{"@id":"https:\/\/atexxo.nl\/de\/about-us\/fertigung-conversion\/#breadcrumb"},"inLanguage":"de","potentialAction":[{"@type":"ReadAction","target":["https:\/\/atexxo.nl\/de\/about-us\/fertigung-conversion\/"]}]},{"@type":"ImageObject","inLanguage":"de","@id":"https:\/\/atexxo.nl\/de\/about-us\/fertigung-conversion\/#primaryimage","url":"https:\/\/atexxo.nl\/wp-content\/uploads\/2015\/02\/atex-zandloper-300x225.jpg","contentUrl":"https:\/\/atexxo.nl\/wp-content\/uploads\/2015\/02\/atex-zandloper-300x225.jpg"},{"@type":"BreadcrumbList","@id":"https:\/\/atexxo.nl\/de\/about-us\/fertigung-conversion\/#breadcrumb","itemListElement":[{"@type":"ListItem","position":1,"name":"Startseite","item":"https:\/\/atexxo.nl\/de\/"},{"@type":"ListItem","position":2,"name":"\u00dcber uns","item":"https:\/\/atexxo.nl\/de\/"},{"@type":"ListItem","position":3,"name":"Fertigung \/ Conversion"}]},{"@type":"WebSite","@id":"https:\/\/atexxo.nl\/ru\/#website","url":"https:\/\/atexxo.nl\/ru\/","name":"Atexxo Manufacturing","description":"Specialist in Atex and IECEx Solutions","publisher":{"@id":"https:\/\/atexxo.nl\/ru\/#organization"},"potentialAction":[{"@type":"SearchAction","target":{"@type":"EntryPoint","urlTemplate":"https:\/\/atexxo.nl\/ru\/?s={search_term_string}"},"query-input":{"@type":"PropertyValueSpecification","valueRequired":true,"valueName":"search_term_string"}}],"inLanguage":"de"},{"@type":"Organization","@id":"https:\/\/atexxo.nl\/ru\/#organization","name":"Atexxo Manufacturing","url":"https:\/\/atexxo.nl\/ru\/","logo":{"@type":"ImageObject","inLanguage":"de","@id":"https:\/\/atexxo.nl\/ru\/#\/schema\/logo\/image\/","url":"https:\/\/atexxo.nl\/wp-content\/uploads\/2015\/04\/logo_atexxo.jpg","contentUrl":"https:\/\/atexxo.nl\/wp-content\/uploads\/2015\/04\/logo_atexxo.jpg","width":1533,"height":733,"caption":"Atexxo Manufacturing"},"image":{"@id":"https:\/\/atexxo.nl\/ru\/#\/schema\/logo\/image\/"}}]}},"rttpg_featured_image_url":null,"rttpg_author":{"display_name":"adatex","author_link":"https:\/\/atexxo.nl\/de\/author\/adatex\/"},"rttpg_comment":0,"rttpg_category":" <a href=\"https:\/\/atexxo.nl\/de\/?taxonomy=translation_priority&#038;term=optional-de\" rel=\"tag\">Optional<\/a>","rttpg_excerpt":"Stellen Sie sich Ihr Unternehmen ist eine erfolgreiche Hersteller oder Wiederverk\u00e4ufer von Industrieprodukte, jetzt k\u00f6nnen Sie die Anfrage von Ihren Kunden zu erhalten, wenn Sie Ihre Produkte k\u00f6nnen in einem Gas oder Staub explosionsgef\u00e4hrdeten Bereich als auch verwendet werden? Zur Anfrage Ihrer Kunden zu erf\u00fcllen, die Sie ben\u00f6tigen, um mit den europ\u00e4ischen ATEX oder internationalen&hellip;","_links":{"self":[{"href":"https:\/\/atexxo.nl\/de\/wp-json\/wp\/v2\/pages\/1164","targetHints":{"allow":["GET"]}}],"collection":[{"href":"https:\/\/atexxo.nl\/de\/wp-json\/wp\/v2\/pages"}],"about":[{"href":"https:\/\/atexxo.nl\/de\/wp-json\/wp\/v2\/types\/page"}],"author":[{"embeddable":true,"href":"https:\/\/atexxo.nl\/de\/wp-json\/wp\/v2\/users\/1"}],"replies":[{"embeddable":true,"href":"https:\/\/atexxo.nl\/de\/wp-json\/wp\/v2\/comments?post=1164"}],"version-history":[{"count":0,"href":"https:\/\/atexxo.nl\/de\/wp-json\/wp\/v2\/pages\/1164\/revisions"}],"wp:attachment":[{"href":"https:\/\/atexxo.nl\/de\/wp-json\/wp\/v2\/media?parent=1164"}],"curies":[{"name":"wp","href":"https:\/\/api.w.org\/{rel}","templated":true}]}}