{"id":1160,"date":"2015-09-15T13:57:32","date_gmt":"2015-09-15T12:57:32","guid":{"rendered":"https:\/\/atexxo.nl\/?page_id=1160"},"modified":"2015-10-06T11:44:14","modified_gmt":"2015-10-06T10:44:14","slug":"allgemeine-technische-anforderungen-ex-en-60079-0-2","status":"publish","type":"page","link":"https:\/\/atexxo.nl\/de\/allgemeine-technische-anforderungen-ex-en-60079-0-2\/","title":{"rendered":"Allgemeine technische Anforderungen (Ex) EN 60079-0"},"content":{"rendered":"<h2>Principle<\/h2>\n<p>All generalized requirements applicable to the electrical equipment are summarized in this standard. The standards relating to the different types of protection may supplement these requirements. Protection requirements relating to other sources of ignition are to be added. The general temperature range for the use of explosion protected electrical equipment is given as \u201320\u2026+40\u00b0C. Permissible extensions or restrictions of the temperature range are to be indicated.<\/p>\n<h2>Marking<\/h2>\n<p>The rules for marking the electrical equipment are uniformly laid down in the standards relating to general technical requirements. The marking must indicate the following:<\/p>\n<ul>\n<li>Der Hersteller, die das Produkt von elektrischen Ger\u00e4ten auf dem Markt und die sich gesetzt hat muss in der Lage, es zu identifizieren.<\/li>\n<li>Die Art oder Arten von Schutz der elektrischen Ger\u00e4ts entspricht.<\/li>\n<li>Die Temperaturklasse, f\u00fcr die sie geeignet ist.<\/li>\n<li>Die Explosionsgefahr Gruppe oder Untergruppe f\u00fcr den Posten, von elektrischen Ger\u00e4ten.<\/li>\n<li>Das Testzentrum die Ausstellung der Pr\u00fcfbescheinigung.<\/li>\n<li>Besondere Bedingungen, die zu beachten sind.<\/li>\n<li>Der Standard oder \u00c4nderung der f\u00fcr den Posten, von elektrischen Ger\u00e4ten Standard.<\/li>\n<\/ul>\n","protected":false},"excerpt":{"rendered":"<p>Principle All generalized requirements applicable to the electrical equipment are summarized in this standard. The standards relating to the different types of protection may supplement these requirements. Protection requirements relating to other sources of ignition are to be added. The general temperature range for the use of explosion protected electrical equipment is given as \u201320\u2026+40\u00b0C. [&hellip;]<\/p>\n","protected":false},"author":1,"featured_media":0,"parent":0,"menu_order":0,"comment_status":"closed","ping_status":"closed","template":"","meta":{"_monsterinsights_skip_tracking":false,"_monsterinsights_sitenote_active":false,"_monsterinsights_sitenote_note":"","_monsterinsights_sitenote_category":0,"_genesis_hide_title":false,"_genesis_hide_breadcrumbs":false,"_genesis_hide_singular_image":false,"_genesis_hide_footer_widgets":false,"_genesis_custom_body_class":"","_genesis_custom_post_class":"","_genesis_layout":"","footnotes":""},"class_list":{"0":"post-1160","1":"page","2":"type-page","3":"status-publish","5":"entry"},"yoast_head":"<!-- This site is optimized with the Yoast SEO plugin v26.8 - https:\/\/yoast.com\/product\/yoast-seo-wordpress\/ -->\n<title>Allgemeine technische Anforderungen (Ex) EN 60079-0 - Atexxo Manufacturing<\/title>\n<meta name=\"robots\" content=\"index, follow, max-snippet:-1, max-image-preview:large, max-video-preview:-1\" \/>\n<link rel=\"canonical\" href=\"https:\/\/atexxo.nl\/de\/allgemeine-technische-anforderungen-ex-en-60079-0-2\/\" \/>\n<meta property=\"og:locale\" content=\"de_DE\" \/>\n<meta property=\"og:type\" content=\"article\" \/>\n<meta property=\"og:title\" content=\"Allgemeine technische Anforderungen (Ex) EN 60079-0 - Atexxo Manufacturing\" \/>\n<meta property=\"og:description\" content=\"Principle All generalized requirements applicable to the electrical equipment are summarized in this standard. The standards relating to the different types of protection may supplement these requirements. Protection requirements relating to other sources of ignition are to be added. The general temperature range for the use of explosion protected electrical equipment is given as \u201320\u2026+40\u00b0C. [&hellip;]\" \/>\n<meta property=\"og:url\" content=\"https:\/\/atexxo.nl\/de\/allgemeine-technische-anforderungen-ex-en-60079-0-2\/\" \/>\n<meta property=\"og:site_name\" content=\"Atexxo Manufacturing\" \/>\n<meta property=\"article:modified_time\" content=\"2015-10-06T10:44:14+00:00\" \/>\n<meta name=\"twitter:label1\" content=\"Gesch\u00e4tzte Lesezeit\" \/>\n\t<meta name=\"twitter:data1\" content=\"1\u00a0Minute\" \/>\n<script type=\"application\/ld+json\" class=\"yoast-schema-graph\">{\"@context\":\"https:\/\/schema.org\",\"@graph\":[{\"@type\":\"WebPage\",\"@id\":\"https:\/\/atexxo.nl\/de\/allgemeine-technische-anforderungen-ex-en-60079-0-2\/\",\"url\":\"https:\/\/atexxo.nl\/de\/allgemeine-technische-anforderungen-ex-en-60079-0-2\/\",\"name\":\"Allgemeine technische Anforderungen (Ex) EN 60079-0 - Atexxo Manufacturing\",\"isPartOf\":{\"@id\":\"https:\/\/atexxo.nl\/ru\/#website\"},\"datePublished\":\"2015-09-15T12:57:32+00:00\",\"dateModified\":\"2015-10-06T10:44:14+00:00\",\"breadcrumb\":{\"@id\":\"https:\/\/atexxo.nl\/de\/allgemeine-technische-anforderungen-ex-en-60079-0-2\/#breadcrumb\"},\"inLanguage\":\"de\",\"potentialAction\":[{\"@type\":\"ReadAction\",\"target\":[\"https:\/\/atexxo.nl\/de\/allgemeine-technische-anforderungen-ex-en-60079-0-2\/\"]}]},{\"@type\":\"BreadcrumbList\",\"@id\":\"https:\/\/atexxo.nl\/de\/allgemeine-technische-anforderungen-ex-en-60079-0-2\/#breadcrumb\",\"itemListElement\":[{\"@type\":\"ListItem\",\"position\":1,\"name\":\"Startseite\",\"item\":\"https:\/\/atexxo.nl\/de\/\"},{\"@type\":\"ListItem\",\"position\":2,\"name\":\"Allgemeine technische Anforderungen (Ex) EN 60079-0\"}]},{\"@type\":\"WebSite\",\"@id\":\"https:\/\/atexxo.nl\/ru\/#website\",\"url\":\"https:\/\/atexxo.nl\/ru\/\",\"name\":\"Atexxo Manufacturing\",\"description\":\"Specialist in Atex and IECEx Solutions\",\"publisher\":{\"@id\":\"https:\/\/atexxo.nl\/ru\/#organization\"},\"potentialAction\":[{\"@type\":\"SearchAction\",\"target\":{\"@type\":\"EntryPoint\",\"urlTemplate\":\"https:\/\/atexxo.nl\/ru\/?s={search_term_string}\"},\"query-input\":{\"@type\":\"PropertyValueSpecification\",\"valueRequired\":true,\"valueName\":\"search_term_string\"}}],\"inLanguage\":\"de\"},{\"@type\":\"Organization\",\"@id\":\"https:\/\/atexxo.nl\/ru\/#organization\",\"name\":\"Atexxo Manufacturing\",\"url\":\"https:\/\/atexxo.nl\/ru\/\",\"logo\":{\"@type\":\"ImageObject\",\"inLanguage\":\"de\",\"@id\":\"https:\/\/atexxo.nl\/ru\/#\/schema\/logo\/image\/\",\"url\":\"https:\/\/atexxo.nl\/wp-content\/uploads\/2015\/04\/logo_atexxo.jpg\",\"contentUrl\":\"https:\/\/atexxo.nl\/wp-content\/uploads\/2015\/04\/logo_atexxo.jpg\",\"width\":1533,\"height\":733,\"caption\":\"Atexxo Manufacturing\"},\"image\":{\"@id\":\"https:\/\/atexxo.nl\/ru\/#\/schema\/logo\/image\/\"}}]}<\/script>\n<!-- \/ Yoast SEO plugin. -->","yoast_head_json":{"title":"Allgemeine technische Anforderungen (Ex) EN 60079-0 - Atexxo Manufacturing","robots":{"index":"index","follow":"follow","max-snippet":"max-snippet:-1","max-image-preview":"max-image-preview:large","max-video-preview":"max-video-preview:-1"},"canonical":"https:\/\/atexxo.nl\/de\/allgemeine-technische-anforderungen-ex-en-60079-0-2\/","og_locale":"de_DE","og_type":"article","og_title":"Allgemeine technische Anforderungen (Ex) EN 60079-0 - Atexxo Manufacturing","og_description":"Principle All generalized requirements applicable to the electrical equipment are summarized in this standard. The standards relating to the different types of protection may supplement these requirements. Protection requirements relating to other sources of ignition are to be added. The general temperature range for the use of explosion protected electrical equipment is given as \u201320\u2026+40\u00b0C. [&hellip;]","og_url":"https:\/\/atexxo.nl\/de\/allgemeine-technische-anforderungen-ex-en-60079-0-2\/","og_site_name":"Atexxo Manufacturing","article_modified_time":"2015-10-06T10:44:14+00:00","twitter_misc":{"Gesch\u00e4tzte Lesezeit":"1\u00a0Minute"},"schema":{"@context":"https:\/\/schema.org","@graph":[{"@type":"WebPage","@id":"https:\/\/atexxo.nl\/de\/allgemeine-technische-anforderungen-ex-en-60079-0-2\/","url":"https:\/\/atexxo.nl\/de\/allgemeine-technische-anforderungen-ex-en-60079-0-2\/","name":"Allgemeine technische Anforderungen (Ex) EN 60079-0 - Atexxo Manufacturing","isPartOf":{"@id":"https:\/\/atexxo.nl\/ru\/#website"},"datePublished":"2015-09-15T12:57:32+00:00","dateModified":"2015-10-06T10:44:14+00:00","breadcrumb":{"@id":"https:\/\/atexxo.nl\/de\/allgemeine-technische-anforderungen-ex-en-60079-0-2\/#breadcrumb"},"inLanguage":"de","potentialAction":[{"@type":"ReadAction","target":["https:\/\/atexxo.nl\/de\/allgemeine-technische-anforderungen-ex-en-60079-0-2\/"]}]},{"@type":"BreadcrumbList","@id":"https:\/\/atexxo.nl\/de\/allgemeine-technische-anforderungen-ex-en-60079-0-2\/#breadcrumb","itemListElement":[{"@type":"ListItem","position":1,"name":"Startseite","item":"https:\/\/atexxo.nl\/de\/"},{"@type":"ListItem","position":2,"name":"Allgemeine technische Anforderungen (Ex) EN 60079-0"}]},{"@type":"WebSite","@id":"https:\/\/atexxo.nl\/ru\/#website","url":"https:\/\/atexxo.nl\/ru\/","name":"Atexxo Manufacturing","description":"Specialist in Atex and IECEx Solutions","publisher":{"@id":"https:\/\/atexxo.nl\/ru\/#organization"},"potentialAction":[{"@type":"SearchAction","target":{"@type":"EntryPoint","urlTemplate":"https:\/\/atexxo.nl\/ru\/?s={search_term_string}"},"query-input":{"@type":"PropertyValueSpecification","valueRequired":true,"valueName":"search_term_string"}}],"inLanguage":"de"},{"@type":"Organization","@id":"https:\/\/atexxo.nl\/ru\/#organization","name":"Atexxo Manufacturing","url":"https:\/\/atexxo.nl\/ru\/","logo":{"@type":"ImageObject","inLanguage":"de","@id":"https:\/\/atexxo.nl\/ru\/#\/schema\/logo\/image\/","url":"https:\/\/atexxo.nl\/wp-content\/uploads\/2015\/04\/logo_atexxo.jpg","contentUrl":"https:\/\/atexxo.nl\/wp-content\/uploads\/2015\/04\/logo_atexxo.jpg","width":1533,"height":733,"caption":"Atexxo Manufacturing"},"image":{"@id":"https:\/\/atexxo.nl\/ru\/#\/schema\/logo\/image\/"}}]}},"rttpg_featured_image_url":null,"rttpg_author":{"display_name":"adatex","author_link":"https:\/\/atexxo.nl\/de\/author\/adatex\/"},"rttpg_comment":0,"rttpg_category":false,"rttpg_excerpt":"Principle All generalized requirements applicable to the electrical equipment are summarized in this standard. The standards relating to the different types of protection may supplement these requirements. Protection requirements relating to other sources of ignition are to be added. The general temperature range for the use of explosion protected electrical equipment is given as \u201320\u2026+40\u00b0C.&hellip;","_links":{"self":[{"href":"https:\/\/atexxo.nl\/de\/wp-json\/wp\/v2\/pages\/1160","targetHints":{"allow":["GET"]}}],"collection":[{"href":"https:\/\/atexxo.nl\/de\/wp-json\/wp\/v2\/pages"}],"about":[{"href":"https:\/\/atexxo.nl\/de\/wp-json\/wp\/v2\/types\/page"}],"author":[{"embeddable":true,"href":"https:\/\/atexxo.nl\/de\/wp-json\/wp\/v2\/users\/1"}],"replies":[{"embeddable":true,"href":"https:\/\/atexxo.nl\/de\/wp-json\/wp\/v2\/comments?post=1160"}],"version-history":[{"count":0,"href":"https:\/\/atexxo.nl\/de\/wp-json\/wp\/v2\/pages\/1160\/revisions"}],"wp:attachment":[{"href":"https:\/\/atexxo.nl\/de\/wp-json\/wp\/v2\/media?parent=1160"}],"curies":[{"name":"wp","href":"https:\/\/api.w.org\/{rel}","templated":true}]}}