{"id":1158,"date":"2015-09-15T13:57:07","date_gmt":"2015-09-15T12:57:07","guid":{"rendered":"https:\/\/atexxo.nl\/?page_id=1158"},"modified":"2015-10-06T11:40:48","modified_gmt":"2015-10-06T10:40:48","slug":"druckfeste-ex-d-en-60079-1-2","status":"publish","type":"page","link":"https:\/\/atexxo.nl\/de\/druckfeste-ex-d-en-60079-1-2\/","title":{"rendered":"Druckfeste (Ex d) \u2013 EN 60079-1"},"content":{"rendered":"<p>Die druckfeste Kapselung ATEX-Schutzkonzept ist die Bereitstellung einer starken und eng anliegenden Geh\u00e4use, um den Inhalt zu sch\u00fctzen. Das Geh\u00e4use muss in der Lage ist, die eine explosions sein. Alle elektronischen Ger\u00e4te Funkenbildung kann in einem druckfesten Geh\u00e4use platziert werden, jedoch gibt es einige Einschr\u00e4nkungen f\u00fcr Fl\u00fcssigkeiten und Batterien und Mindestanforderungen f\u00fcr die interne Freiraum. Explosionsschutz eignet sich f\u00fcr die Verwendung off-the-shelf Teile f\u00fcr die Inhalte, beispielsweise elektronische Steuerkarten oder Leiterplatten. Die Geh\u00e4use k\u00f6nnen sowohl kundenspezifische oder Standard werden. Mit einem Standard-zertifizierten Druckfeste Kapselung entfernt jegliche Unsicherheit \u00fcber seine Integrit\u00e4t. F\u00fcr das Bedienen, cerfified Komponenten beispielsweise Drucktasten, kann an einem Geh\u00e4use angebracht werden. Im Allgemeinen druckfesten Geh\u00e4use sind aus Gusseisen oder Aluminiumguss, dass sie ziemlich schwer. Sie sind im Allgemeinen kleiner bis mittlerer Gr\u00f6\u00dfe, da das Gussverfahren ist teurer als die Gr\u00f6\u00dfe zunimmt und die anschlie\u00dfende Gewicht macht die Installation schwierig. Kunststoffgeh\u00e4use kann zur ATEX druckfeste Konstruktion und Festigkeitsanforderungen gerecht zu werden. Regel Kunststoffgeh\u00e4use sind ziemlich klein, weil sie, um dickere Wandabschnitte haben, im Vergleich zu einem Metallgegenst\u00fccke, den Explosionsdruck standh\u00e4lt. Ein Metallgeh\u00e4use ist in der Regel billiger in der Herstellung.<br \/>\nGoogle Translate voor bedrijven:Translator ToolkitWebsite TranslatorGlobal Market Finder<br \/>\nRechtstreekse vertaling uitschakelenOver Google TranslateMobielCommunityPrivacy en voorwaardenHelpFeedback verzenden<\/p>\n<h2>Wichtige konstruktive Parameter<\/h2>\n<ul>\n<li>Mechanische Festigkeit, um den Druck der Explosion in \u00dcbereinstimmung mit einem festgelegten Sicherheitsfaktor zu widerstehen.<\/li>\n<\/ul>\n<p>Die folgende Guideline k\u00f6nnen verwendet werden: ein Druck von etwa 0,8 MPa (8 bar) wird innerhalb einer Kugel erzeugt wird; f\u00fcr diese Sph\u00e4re als EEx d Geh\u00e4use eingestuft werden m\u00fcsste, um einen Druck von 1,2 MPa (12 bar) standhalten.<\/p>\n<ul>\n<li>L\u00fccken zwischen zwei Teilen eines Geh\u00e4uses muss so klein sein, und ihre L\u00e4ngen beschr\u00e4nkt, so dass jede Hei\u00dfgas freigesetzt wird, nicht in der Lage, um eine explosionsf\u00e4hige Atmosph\u00e4re, die im explosionsgef\u00e4hrdeten Bereich vorhanden sein k\u00f6nnen, zu z\u00fcnden.<\/li>\n<\/ul>\n<p>Die Parameter f\u00fcr die Funkenz\u00fcndung L\u00fccke im Hinblick auf die Breite und L\u00e4nge sind in den Explosionsuntergruppen IIA, IIB und IIC unterschiedlich. Die strengsten Anforderungen gelten f\u00fcr Anlagen in Untergruppe IIC.<\/p>\n<h2>Anwendungen<\/h2>\n<p>Ger\u00e4te, deren Betrieb in der Regel beinhaltet Funken oder Lichtbogenbildung und \/ oder hei\u00dfe Oberfl\u00e4chen wie Schaltger\u00e4te, Schleifringe, Sammler, Rheostate, Sicherungen, Lampen, oder Heizpatronen.<\/p>\n","protected":false},"excerpt":{"rendered":"<p>Die druckfeste Kapselung ATEX-Schutzkonzept ist die Bereitstellung einer starken und eng anliegenden Geh\u00e4use, um den Inhalt zu sch\u00fctzen. Das Geh\u00e4use muss in der Lage ist, die eine explosions sein. Alle elektronischen Ger\u00e4te Funkenbildung kann in einem druckfesten Geh\u00e4use platziert werden, jedoch gibt es einige Einschr\u00e4nkungen f\u00fcr Fl\u00fcssigkeiten und Batterien und Mindestanforderungen f\u00fcr die interne Freiraum. [&hellip;]<\/p>\n","protected":false},"author":1,"featured_media":0,"parent":0,"menu_order":0,"comment_status":"closed","ping_status":"closed","template":"","meta":{"_monsterinsights_skip_tracking":false,"_monsterinsights_sitenote_active":false,"_monsterinsights_sitenote_note":"","_monsterinsights_sitenote_category":0,"_genesis_hide_title":false,"_genesis_hide_breadcrumbs":false,"_genesis_hide_singular_image":false,"_genesis_hide_footer_widgets":false,"_genesis_custom_body_class":"","_genesis_custom_post_class":"","_genesis_layout":"","footnotes":""},"class_list":{"0":"post-1158","1":"page","2":"type-page","3":"status-publish","5":"entry"},"yoast_head":"<!-- This site is optimized with the Yoast SEO plugin v26.8 - https:\/\/yoast.com\/product\/yoast-seo-wordpress\/ -->\n<title>Druckfeste (Ex d) \u2013 EN 60079-1 - Atexxo Manufacturing<\/title>\n<meta name=\"robots\" content=\"index, follow, max-snippet:-1, max-image-preview:large, max-video-preview:-1\" \/>\n<link rel=\"canonical\" href=\"https:\/\/atexxo.nl\/de\/druckfeste-ex-d-en-60079-1-2\/\" \/>\n<meta property=\"og:locale\" content=\"de_DE\" \/>\n<meta property=\"og:type\" content=\"article\" \/>\n<meta property=\"og:title\" content=\"Druckfeste (Ex d) \u2013 EN 60079-1 - Atexxo Manufacturing\" \/>\n<meta property=\"og:description\" content=\"Die druckfeste Kapselung ATEX-Schutzkonzept ist die Bereitstellung einer starken und eng anliegenden Geh\u00e4use, um den Inhalt zu sch\u00fctzen. Das Geh\u00e4use muss in der Lage ist, die eine explosions sein. Alle elektronischen Ger\u00e4te Funkenbildung kann in einem druckfesten Geh\u00e4use platziert werden, jedoch gibt es einige Einschr\u00e4nkungen f\u00fcr Fl\u00fcssigkeiten und Batterien und Mindestanforderungen f\u00fcr die interne Freiraum. [&hellip;]\" \/>\n<meta property=\"og:url\" content=\"https:\/\/atexxo.nl\/de\/druckfeste-ex-d-en-60079-1-2\/\" \/>\n<meta property=\"og:site_name\" content=\"Atexxo Manufacturing\" \/>\n<meta property=\"article:modified_time\" content=\"2015-10-06T10:40:48+00:00\" \/>\n<meta name=\"twitter:label1\" content=\"Gesch\u00e4tzte Lesezeit\" \/>\n\t<meta name=\"twitter:data1\" content=\"2\u00a0Minuten\" \/>\n<script type=\"application\/ld+json\" class=\"yoast-schema-graph\">{\"@context\":\"https:\/\/schema.org\",\"@graph\":[{\"@type\":\"WebPage\",\"@id\":\"https:\/\/atexxo.nl\/de\/druckfeste-ex-d-en-60079-1-2\/\",\"url\":\"https:\/\/atexxo.nl\/de\/druckfeste-ex-d-en-60079-1-2\/\",\"name\":\"Druckfeste (Ex d) \u2013 EN 60079-1 - Atexxo Manufacturing\",\"isPartOf\":{\"@id\":\"https:\/\/atexxo.nl\/ru\/#website\"},\"datePublished\":\"2015-09-15T12:57:07+00:00\",\"dateModified\":\"2015-10-06T10:40:48+00:00\",\"breadcrumb\":{\"@id\":\"https:\/\/atexxo.nl\/de\/druckfeste-ex-d-en-60079-1-2\/#breadcrumb\"},\"inLanguage\":\"de\",\"potentialAction\":[{\"@type\":\"ReadAction\",\"target\":[\"https:\/\/atexxo.nl\/de\/druckfeste-ex-d-en-60079-1-2\/\"]}]},{\"@type\":\"BreadcrumbList\",\"@id\":\"https:\/\/atexxo.nl\/de\/druckfeste-ex-d-en-60079-1-2\/#breadcrumb\",\"itemListElement\":[{\"@type\":\"ListItem\",\"position\":1,\"name\":\"Startseite\",\"item\":\"https:\/\/atexxo.nl\/de\/\"},{\"@type\":\"ListItem\",\"position\":2,\"name\":\"Druckfeste (Ex d) \u2013 EN 60079-1\"}]},{\"@type\":\"WebSite\",\"@id\":\"https:\/\/atexxo.nl\/ru\/#website\",\"url\":\"https:\/\/atexxo.nl\/ru\/\",\"name\":\"Atexxo Manufacturing\",\"description\":\"Specialist in Atex and IECEx Solutions\",\"publisher\":{\"@id\":\"https:\/\/atexxo.nl\/ru\/#organization\"},\"potentialAction\":[{\"@type\":\"SearchAction\",\"target\":{\"@type\":\"EntryPoint\",\"urlTemplate\":\"https:\/\/atexxo.nl\/ru\/?s={search_term_string}\"},\"query-input\":{\"@type\":\"PropertyValueSpecification\",\"valueRequired\":true,\"valueName\":\"search_term_string\"}}],\"inLanguage\":\"de\"},{\"@type\":\"Organization\",\"@id\":\"https:\/\/atexxo.nl\/ru\/#organization\",\"name\":\"Atexxo Manufacturing\",\"url\":\"https:\/\/atexxo.nl\/ru\/\",\"logo\":{\"@type\":\"ImageObject\",\"inLanguage\":\"de\",\"@id\":\"https:\/\/atexxo.nl\/ru\/#\/schema\/logo\/image\/\",\"url\":\"https:\/\/atexxo.nl\/wp-content\/uploads\/2015\/04\/logo_atexxo.jpg\",\"contentUrl\":\"https:\/\/atexxo.nl\/wp-content\/uploads\/2015\/04\/logo_atexxo.jpg\",\"width\":1533,\"height\":733,\"caption\":\"Atexxo Manufacturing\"},\"image\":{\"@id\":\"https:\/\/atexxo.nl\/ru\/#\/schema\/logo\/image\/\"}}]}<\/script>\n<!-- \/ Yoast SEO plugin. -->","yoast_head_json":{"title":"Druckfeste (Ex d) \u2013 EN 60079-1 - Atexxo Manufacturing","robots":{"index":"index","follow":"follow","max-snippet":"max-snippet:-1","max-image-preview":"max-image-preview:large","max-video-preview":"max-video-preview:-1"},"canonical":"https:\/\/atexxo.nl\/de\/druckfeste-ex-d-en-60079-1-2\/","og_locale":"de_DE","og_type":"article","og_title":"Druckfeste (Ex d) \u2013 EN 60079-1 - Atexxo Manufacturing","og_description":"Die druckfeste Kapselung ATEX-Schutzkonzept ist die Bereitstellung einer starken und eng anliegenden Geh\u00e4use, um den Inhalt zu sch\u00fctzen. Das Geh\u00e4use muss in der Lage ist, die eine explosions sein. Alle elektronischen Ger\u00e4te Funkenbildung kann in einem druckfesten Geh\u00e4use platziert werden, jedoch gibt es einige Einschr\u00e4nkungen f\u00fcr Fl\u00fcssigkeiten und Batterien und Mindestanforderungen f\u00fcr die interne Freiraum. [&hellip;]","og_url":"https:\/\/atexxo.nl\/de\/druckfeste-ex-d-en-60079-1-2\/","og_site_name":"Atexxo Manufacturing","article_modified_time":"2015-10-06T10:40:48+00:00","twitter_misc":{"Gesch\u00e4tzte Lesezeit":"2\u00a0Minuten"},"schema":{"@context":"https:\/\/schema.org","@graph":[{"@type":"WebPage","@id":"https:\/\/atexxo.nl\/de\/druckfeste-ex-d-en-60079-1-2\/","url":"https:\/\/atexxo.nl\/de\/druckfeste-ex-d-en-60079-1-2\/","name":"Druckfeste (Ex d) \u2013 EN 60079-1 - Atexxo Manufacturing","isPartOf":{"@id":"https:\/\/atexxo.nl\/ru\/#website"},"datePublished":"2015-09-15T12:57:07+00:00","dateModified":"2015-10-06T10:40:48+00:00","breadcrumb":{"@id":"https:\/\/atexxo.nl\/de\/druckfeste-ex-d-en-60079-1-2\/#breadcrumb"},"inLanguage":"de","potentialAction":[{"@type":"ReadAction","target":["https:\/\/atexxo.nl\/de\/druckfeste-ex-d-en-60079-1-2\/"]}]},{"@type":"BreadcrumbList","@id":"https:\/\/atexxo.nl\/de\/druckfeste-ex-d-en-60079-1-2\/#breadcrumb","itemListElement":[{"@type":"ListItem","position":1,"name":"Startseite","item":"https:\/\/atexxo.nl\/de\/"},{"@type":"ListItem","position":2,"name":"Druckfeste (Ex d) \u2013 EN 60079-1"}]},{"@type":"WebSite","@id":"https:\/\/atexxo.nl\/ru\/#website","url":"https:\/\/atexxo.nl\/ru\/","name":"Atexxo Manufacturing","description":"Specialist in Atex and IECEx Solutions","publisher":{"@id":"https:\/\/atexxo.nl\/ru\/#organization"},"potentialAction":[{"@type":"SearchAction","target":{"@type":"EntryPoint","urlTemplate":"https:\/\/atexxo.nl\/ru\/?s={search_term_string}"},"query-input":{"@type":"PropertyValueSpecification","valueRequired":true,"valueName":"search_term_string"}}],"inLanguage":"de"},{"@type":"Organization","@id":"https:\/\/atexxo.nl\/ru\/#organization","name":"Atexxo Manufacturing","url":"https:\/\/atexxo.nl\/ru\/","logo":{"@type":"ImageObject","inLanguage":"de","@id":"https:\/\/atexxo.nl\/ru\/#\/schema\/logo\/image\/","url":"https:\/\/atexxo.nl\/wp-content\/uploads\/2015\/04\/logo_atexxo.jpg","contentUrl":"https:\/\/atexxo.nl\/wp-content\/uploads\/2015\/04\/logo_atexxo.jpg","width":1533,"height":733,"caption":"Atexxo Manufacturing"},"image":{"@id":"https:\/\/atexxo.nl\/ru\/#\/schema\/logo\/image\/"}}]}},"rttpg_featured_image_url":null,"rttpg_author":{"display_name":"adatex","author_link":"https:\/\/atexxo.nl\/de\/author\/adatex\/"},"rttpg_comment":0,"rttpg_category":false,"rttpg_excerpt":"Die druckfeste Kapselung ATEX-Schutzkonzept ist die Bereitstellung einer starken und eng anliegenden Geh\u00e4use, um den Inhalt zu sch\u00fctzen. Das Geh\u00e4use muss in der Lage ist, die eine explosions sein. Alle elektronischen Ger\u00e4te Funkenbildung kann in einem druckfesten Geh\u00e4use platziert werden, jedoch gibt es einige Einschr\u00e4nkungen f\u00fcr Fl\u00fcssigkeiten und Batterien und Mindestanforderungen f\u00fcr die interne Freiraum.&hellip;","_links":{"self":[{"href":"https:\/\/atexxo.nl\/de\/wp-json\/wp\/v2\/pages\/1158","targetHints":{"allow":["GET"]}}],"collection":[{"href":"https:\/\/atexxo.nl\/de\/wp-json\/wp\/v2\/pages"}],"about":[{"href":"https:\/\/atexxo.nl\/de\/wp-json\/wp\/v2\/types\/page"}],"author":[{"embeddable":true,"href":"https:\/\/atexxo.nl\/de\/wp-json\/wp\/v2\/users\/1"}],"replies":[{"embeddable":true,"href":"https:\/\/atexxo.nl\/de\/wp-json\/wp\/v2\/comments?post=1158"}],"version-history":[{"count":0,"href":"https:\/\/atexxo.nl\/de\/wp-json\/wp\/v2\/pages\/1158\/revisions"}],"wp:attachment":[{"href":"https:\/\/atexxo.nl\/de\/wp-json\/wp\/v2\/media?parent=1158"}],"curies":[{"name":"wp","href":"https:\/\/api.w.org\/{rel}","templated":true}]}}