{"id":1154,"date":"2015-09-15T13:56:14","date_gmt":"2015-09-15T12:56:14","guid":{"rendered":"https:\/\/atexxo.nl\/?page_id=1154"},"modified":"2015-10-02T13:11:43","modified_gmt":"2015-10-02T12:11:43","slug":"funkenfrei-ex-n-en-60079-15","status":"publish","type":"page","link":"https:\/\/atexxo.nl\/de\/ex-protection-2\/funkenfrei-ex-n-en-60079-15\/","title":{"rendered":"Funkenfrei (Ex n) \u2013   EN 60079-15"},"content":{"rendered":"<p>Diese Art von Schutz ist geeignet f\u00fcr Zone 2 oder 22 Ex-Bereich und kann auf eine gro\u00dfe Palette von Ger\u00e4ten gelten. Allgemein jedes elektrische Ger\u00e4t, das keine m\u00f6glicherweise funken Kontakte untergebracht werden k\u00f6nnen.<\/p>\n<p>Um Funkenbildung auf Leiterplatten und andere critial electic Komponenten Luft- und Kriechstrecken zu verhindern, m\u00fcssen sorgf\u00e4ltig angesprochen werden ATEX-Beschichtung kann verwendet werden, um das Risiko von Lichtb\u00f6gen und Funken zwischen den Leitern zu reduzieren. In den meisten F\u00e4llen m\u00fcssen die Geh\u00e4use gegen Staub \/ Wasser dicht sein, um zu vermeiden Verfolgung \u00fcber Live-Schaltungen.<\/p>\n<p>Dar\u00fcber hinaus gelten spezifische Anforderungen an bestimmte anerkannte Arten von Ger\u00e4ten, wie Motoren, Leuchten und Batterien. Ausr\u00fcstung mit m\u00f6glicherweise funken Kontakten wie Leiterplatten, Potentiometer, Relais oder Schalter kann in einer Anzahl von Arten gesch\u00fctzt werden:<\/p>\n<ul>\n<li>\n<h3>Encapsulation<\/h3>\n<p>Geeignet, um h\u00f6here Stromkreise oder bei denen Luft- und Kriechstrecken auf einer Leiterplatte sind unter das geforderte Minimum.<\/li>\n<li>\n<h3>Sealed<\/h3>\n<p>Die Funkenvorrichtung in einem Geh\u00e4use abgedichtet, so das entflammbare Atmosph\u00e4re keinen Zutritt haben.<\/li>\n<li>\n<h3>Schwaden<\/h3>\n<p>Das Geh\u00e4use kann enthalten entweder hei\u00dfen Bauteilen butno Funken Komponenten oder Funkenbildung Komponenten, aber mit niedrigen Innenlufttemperaturanstieg. Dieses Verfahren beruht auf einer engen Dichtung an den Geh\u00e4use-Gelenke.<\/li>\n<li>\n<h3>Umschlossene Schalt<\/h3>\n<p>Gilt f\u00fcr Kleingeh\u00e4use, wo das Design der Geh\u00e4use Gelenke verhindert, dass ein Innenz\u00fcndung von der \u00dcbermittlung an das brennbare Atmosph\u00e4re au\u00dferhalb. \u00c4hnlich wie bei Ex d, aber ohne Flammenweges Design-Anforderungen.<\/li>\n<li>\n<h3>Energie begrenzt <a href=\"https:\/\/atexxo.nl\/de\/ex-protection-2\/intrinsic-safety-ex-i-en-60079-11\/\">(siehe Eigensicherheit (Ex i) &#8211; EN 60079-11)<\/a><\/h3>\n<p>\u00c4hnlich wie bei der Eigensicherheit ist die an potenziell Funkenbildung Teile Energie begrenzt, um eine Z\u00fcndung zu verhindern. Geeignet f\u00fcr Schaltungsentw\u00fcrfe, wo detaillierte Kenntnisse \u00fcber das Design ist und Modifikationen untergebracht werden k\u00f6nnen.<\/li>\n<\/ul>\n","protected":false},"excerpt":{"rendered":"<p>Diese Art von Schutz ist geeignet f\u00fcr Zone 2 oder 22 Ex-Bereich und kann auf eine gro\u00dfe Palette von Ger\u00e4ten gelten. Allgemein jedes elektrische Ger\u00e4t, das keine m\u00f6glicherweise funken Kontakte untergebracht werden k\u00f6nnen. Um Funkenbildung auf Leiterplatten und andere critial electic Komponenten Luft- und Kriechstrecken zu verhindern, m\u00fcssen sorgf\u00e4ltig angesprochen werden ATEX-Beschichtung kann verwendet werden, [&hellip;]<\/p>\n","protected":false},"author":1,"featured_media":0,"parent":1145,"menu_order":0,"comment_status":"closed","ping_status":"closed","template":"","meta":{"_monsterinsights_skip_tracking":false,"_monsterinsights_sitenote_active":false,"_monsterinsights_sitenote_note":"","_monsterinsights_sitenote_category":0,"_genesis_hide_title":false,"_genesis_hide_breadcrumbs":false,"_genesis_hide_singular_image":false,"_genesis_hide_footer_widgets":false,"_genesis_custom_body_class":"","_genesis_custom_post_class":"","_genesis_layout":"","footnotes":""},"class_list":{"0":"post-1154","1":"page","2":"type-page","3":"status-publish","5":"entry"},"yoast_head":"<!-- This site is optimized with the Yoast SEO plugin v26.8 - https:\/\/yoast.com\/product\/yoast-seo-wordpress\/ -->\n<title>Funkenfrei (Ex n) \u2013  EN 60079-15 - Atexxo Manufacturing<\/title>\n<meta name=\"robots\" content=\"index, follow, max-snippet:-1, max-image-preview:large, max-video-preview:-1\" \/>\n<link rel=\"canonical\" href=\"https:\/\/atexxo.nl\/de\/ex-protection-2\/funkenfrei-ex-n-en-60079-15\/\" \/>\n<meta property=\"og:locale\" content=\"de_DE\" \/>\n<meta property=\"og:type\" content=\"article\" \/>\n<meta property=\"og:title\" content=\"Funkenfrei (Ex n) \u2013  EN 60079-15 - Atexxo Manufacturing\" \/>\n<meta property=\"og:description\" content=\"Diese Art von Schutz ist geeignet f\u00fcr Zone 2 oder 22 Ex-Bereich und kann auf eine gro\u00dfe Palette von Ger\u00e4ten gelten. Allgemein jedes elektrische Ger\u00e4t, das keine m\u00f6glicherweise funken Kontakte untergebracht werden k\u00f6nnen. Um Funkenbildung auf Leiterplatten und andere critial electic Komponenten Luft- und Kriechstrecken zu verhindern, m\u00fcssen sorgf\u00e4ltig angesprochen werden ATEX-Beschichtung kann verwendet werden, [&hellip;]\" \/>\n<meta property=\"og:url\" content=\"https:\/\/atexxo.nl\/de\/ex-protection-2\/funkenfrei-ex-n-en-60079-15\/\" \/>\n<meta property=\"og:site_name\" content=\"Atexxo Manufacturing\" \/>\n<meta property=\"article:modified_time\" content=\"2015-10-02T12:11:43+00:00\" \/>\n<meta name=\"twitter:label1\" content=\"Gesch\u00e4tzte Lesezeit\" \/>\n\t<meta name=\"twitter:data1\" content=\"1\u00a0Minute\" \/>\n<script type=\"application\/ld+json\" class=\"yoast-schema-graph\">{\"@context\":\"https:\/\/schema.org\",\"@graph\":[{\"@type\":\"WebPage\",\"@id\":\"https:\/\/atexxo.nl\/de\/ex-protection-2\/funkenfrei-ex-n-en-60079-15\/\",\"url\":\"https:\/\/atexxo.nl\/de\/ex-protection-2\/funkenfrei-ex-n-en-60079-15\/\",\"name\":\"Funkenfrei (Ex n) \u2013 EN 60079-15 - Atexxo Manufacturing\",\"isPartOf\":{\"@id\":\"https:\/\/atexxo.nl\/ru\/#website\"},\"datePublished\":\"2015-09-15T12:56:14+00:00\",\"dateModified\":\"2015-10-02T12:11:43+00:00\",\"breadcrumb\":{\"@id\":\"https:\/\/atexxo.nl\/de\/ex-protection-2\/funkenfrei-ex-n-en-60079-15\/#breadcrumb\"},\"inLanguage\":\"de\",\"potentialAction\":[{\"@type\":\"ReadAction\",\"target\":[\"https:\/\/atexxo.nl\/de\/ex-protection-2\/funkenfrei-ex-n-en-60079-15\/\"]}]},{\"@type\":\"BreadcrumbList\",\"@id\":\"https:\/\/atexxo.nl\/de\/ex-protection-2\/funkenfrei-ex-n-en-60079-15\/#breadcrumb\",\"itemListElement\":[{\"@type\":\"ListItem\",\"position\":1,\"name\":\"Startseite\",\"item\":\"https:\/\/atexxo.nl\/de\/\"},{\"@type\":\"ListItem\",\"position\":2,\"name\":\"Ex Schutz\",\"item\":\"https:\/\/atexxo.nl\/de\/ex-protection-2\/\"},{\"@type\":\"ListItem\",\"position\":3,\"name\":\"Funkenfrei (Ex n) \u2013 EN 60079-15\"}]},{\"@type\":\"WebSite\",\"@id\":\"https:\/\/atexxo.nl\/ru\/#website\",\"url\":\"https:\/\/atexxo.nl\/ru\/\",\"name\":\"Atexxo Manufacturing\",\"description\":\"Specialist in Atex and IECEx Solutions\",\"publisher\":{\"@id\":\"https:\/\/atexxo.nl\/ru\/#organization\"},\"potentialAction\":[{\"@type\":\"SearchAction\",\"target\":{\"@type\":\"EntryPoint\",\"urlTemplate\":\"https:\/\/atexxo.nl\/ru\/?s={search_term_string}\"},\"query-input\":{\"@type\":\"PropertyValueSpecification\",\"valueRequired\":true,\"valueName\":\"search_term_string\"}}],\"inLanguage\":\"de\"},{\"@type\":\"Organization\",\"@id\":\"https:\/\/atexxo.nl\/ru\/#organization\",\"name\":\"Atexxo Manufacturing\",\"url\":\"https:\/\/atexxo.nl\/ru\/\",\"logo\":{\"@type\":\"ImageObject\",\"inLanguage\":\"de\",\"@id\":\"https:\/\/atexxo.nl\/ru\/#\/schema\/logo\/image\/\",\"url\":\"https:\/\/atexxo.nl\/wp-content\/uploads\/2015\/04\/logo_atexxo.jpg\",\"contentUrl\":\"https:\/\/atexxo.nl\/wp-content\/uploads\/2015\/04\/logo_atexxo.jpg\",\"width\":1533,\"height\":733,\"caption\":\"Atexxo Manufacturing\"},\"image\":{\"@id\":\"https:\/\/atexxo.nl\/ru\/#\/schema\/logo\/image\/\"}}]}<\/script>\n<!-- \/ Yoast SEO plugin. -->","yoast_head_json":{"title":"Funkenfrei (Ex n) \u2013  EN 60079-15 - Atexxo Manufacturing","robots":{"index":"index","follow":"follow","max-snippet":"max-snippet:-1","max-image-preview":"max-image-preview:large","max-video-preview":"max-video-preview:-1"},"canonical":"https:\/\/atexxo.nl\/de\/ex-protection-2\/funkenfrei-ex-n-en-60079-15\/","og_locale":"de_DE","og_type":"article","og_title":"Funkenfrei (Ex n) \u2013  EN 60079-15 - Atexxo Manufacturing","og_description":"Diese Art von Schutz ist geeignet f\u00fcr Zone 2 oder 22 Ex-Bereich und kann auf eine gro\u00dfe Palette von Ger\u00e4ten gelten. Allgemein jedes elektrische Ger\u00e4t, das keine m\u00f6glicherweise funken Kontakte untergebracht werden k\u00f6nnen. Um Funkenbildung auf Leiterplatten und andere critial electic Komponenten Luft- und Kriechstrecken zu verhindern, m\u00fcssen sorgf\u00e4ltig angesprochen werden ATEX-Beschichtung kann verwendet werden, [&hellip;]","og_url":"https:\/\/atexxo.nl\/de\/ex-protection-2\/funkenfrei-ex-n-en-60079-15\/","og_site_name":"Atexxo Manufacturing","article_modified_time":"2015-10-02T12:11:43+00:00","twitter_misc":{"Gesch\u00e4tzte Lesezeit":"1\u00a0Minute"},"schema":{"@context":"https:\/\/schema.org","@graph":[{"@type":"WebPage","@id":"https:\/\/atexxo.nl\/de\/ex-protection-2\/funkenfrei-ex-n-en-60079-15\/","url":"https:\/\/atexxo.nl\/de\/ex-protection-2\/funkenfrei-ex-n-en-60079-15\/","name":"Funkenfrei (Ex n) \u2013 EN 60079-15 - Atexxo Manufacturing","isPartOf":{"@id":"https:\/\/atexxo.nl\/ru\/#website"},"datePublished":"2015-09-15T12:56:14+00:00","dateModified":"2015-10-02T12:11:43+00:00","breadcrumb":{"@id":"https:\/\/atexxo.nl\/de\/ex-protection-2\/funkenfrei-ex-n-en-60079-15\/#breadcrumb"},"inLanguage":"de","potentialAction":[{"@type":"ReadAction","target":["https:\/\/atexxo.nl\/de\/ex-protection-2\/funkenfrei-ex-n-en-60079-15\/"]}]},{"@type":"BreadcrumbList","@id":"https:\/\/atexxo.nl\/de\/ex-protection-2\/funkenfrei-ex-n-en-60079-15\/#breadcrumb","itemListElement":[{"@type":"ListItem","position":1,"name":"Startseite","item":"https:\/\/atexxo.nl\/de\/"},{"@type":"ListItem","position":2,"name":"Ex Schutz","item":"https:\/\/atexxo.nl\/de\/ex-protection-2\/"},{"@type":"ListItem","position":3,"name":"Funkenfrei (Ex n) \u2013 EN 60079-15"}]},{"@type":"WebSite","@id":"https:\/\/atexxo.nl\/ru\/#website","url":"https:\/\/atexxo.nl\/ru\/","name":"Atexxo Manufacturing","description":"Specialist in Atex and IECEx Solutions","publisher":{"@id":"https:\/\/atexxo.nl\/ru\/#organization"},"potentialAction":[{"@type":"SearchAction","target":{"@type":"EntryPoint","urlTemplate":"https:\/\/atexxo.nl\/ru\/?s={search_term_string}"},"query-input":{"@type":"PropertyValueSpecification","valueRequired":true,"valueName":"search_term_string"}}],"inLanguage":"de"},{"@type":"Organization","@id":"https:\/\/atexxo.nl\/ru\/#organization","name":"Atexxo Manufacturing","url":"https:\/\/atexxo.nl\/ru\/","logo":{"@type":"ImageObject","inLanguage":"de","@id":"https:\/\/atexxo.nl\/ru\/#\/schema\/logo\/image\/","url":"https:\/\/atexxo.nl\/wp-content\/uploads\/2015\/04\/logo_atexxo.jpg","contentUrl":"https:\/\/atexxo.nl\/wp-content\/uploads\/2015\/04\/logo_atexxo.jpg","width":1533,"height":733,"caption":"Atexxo Manufacturing"},"image":{"@id":"https:\/\/atexxo.nl\/ru\/#\/schema\/logo\/image\/"}}]}},"rttpg_featured_image_url":null,"rttpg_author":{"display_name":"adatex","author_link":"https:\/\/atexxo.nl\/de\/author\/adatex\/"},"rttpg_comment":0,"rttpg_category":false,"rttpg_excerpt":"Diese Art von Schutz ist geeignet f\u00fcr Zone 2 oder 22 Ex-Bereich und kann auf eine gro\u00dfe Palette von Ger\u00e4ten gelten. Allgemein jedes elektrische Ger\u00e4t, das keine m\u00f6glicherweise funken Kontakte untergebracht werden k\u00f6nnen. Um Funkenbildung auf Leiterplatten und andere critial electic Komponenten Luft- und Kriechstrecken zu verhindern, m\u00fcssen sorgf\u00e4ltig angesprochen werden ATEX-Beschichtung kann verwendet werden,&hellip;","_links":{"self":[{"href":"https:\/\/atexxo.nl\/de\/wp-json\/wp\/v2\/pages\/1154","targetHints":{"allow":["GET"]}}],"collection":[{"href":"https:\/\/atexxo.nl\/de\/wp-json\/wp\/v2\/pages"}],"about":[{"href":"https:\/\/atexxo.nl\/de\/wp-json\/wp\/v2\/types\/page"}],"author":[{"embeddable":true,"href":"https:\/\/atexxo.nl\/de\/wp-json\/wp\/v2\/users\/1"}],"replies":[{"embeddable":true,"href":"https:\/\/atexxo.nl\/de\/wp-json\/wp\/v2\/comments?post=1154"}],"version-history":[{"count":0,"href":"https:\/\/atexxo.nl\/de\/wp-json\/wp\/v2\/pages\/1154\/revisions"}],"up":[{"embeddable":true,"href":"https:\/\/atexxo.nl\/de\/wp-json\/wp\/v2\/pages\/1145"}],"wp:attachment":[{"href":"https:\/\/atexxo.nl\/de\/wp-json\/wp\/v2\/media?parent=1154"}],"curies":[{"name":"wp","href":"https:\/\/api.w.org\/{rel}","templated":true}]}}