{"id":1152,"date":"2015-09-15T13:55:55","date_gmt":"2015-09-15T12:55:55","guid":{"rendered":"https:\/\/atexxo.nl\/?page_id=1152"},"modified":"2015-10-02T12:39:18","modified_gmt":"2015-10-02T11:39:18","slug":"intrinsic-safety-ex-i-en-60079-11","status":"publish","type":"page","link":"https:\/\/atexxo.nl\/de\/ex-protection-2\/intrinsic-safety-ex-i-en-60079-11\/","title":{"rendered":"Eigensicherheit (Ex i) \u2013 EN 60079-11"},"content":{"rendered":"<p>Eigensicherheit st\u00fctzt sich auf die Lieferung von Ausr\u00fcstung wobei der Niederspannung und Strom und ist geeignet f\u00fcr elektronische Ger\u00e4te. Der Betriebsstrom der Schaltung sollte niedrig genug sein, nicht von Serienwiderstand, die erforderlich sein k\u00f6nnen, um Energie zu begrenzen beeinflusst werden.<\/p>\n<p>Der Schaltkreis sollte niedrige Werte von Induktivit\u00e4t und Kapazit\u00e4t enthalten.<\/p>\n<p>Versorgungswerte von mehr als 30 V und 1,3 W sind m\u00f6glich aber zunehmend schwieriger, zu zertifizieren.<\/p>\n<p>Eine detaillierte Analyse des Schaltungsentwurfs wird durchgef\u00fchrt werden. Kurz Ihrer Schaltungsentwurf m\u00fcssen wahrscheinlich ge\u00e4ndert werden, um Zertifizierung zu erreichen, so dass dieses Schutzkonzept ist nicht auf Leiterplatten, die nicht ge\u00e4ndert werden k\u00f6nnen, geeignet.<\/p>\n<p>Die St\u00e4rke und Form des Geh\u00e4uses ist nicht so wichtig wie die vollst\u00e4ndige Kontrolle und die Kenntnis der Schaltungsentwurf. ia f\u00fcr Zone 0 und 20 ib f\u00fcr Zone 1 und 21 ic f\u00fcr Zone 2 und 22.<\/p>\n<h2>Wichtige konstruktive Parameter<\/h2>\n<ul>\n<li>Verwendung bestimmter Komponenten f\u00fcr elektrische und elektronische Schaltkreise<\/li>\n<li>Reduzierung der zul\u00e4ssigen Belastung der Bauelemente gegen\u00fcber \u00fcblichen industriellen Anwendungen im Hinblick auf:\n<ul>\n<li>Spannung im Hinblick auf die Spannungsfestigkeit<\/li>\n<li>Strom bez\u00fcglich heizen<\/li>\n<\/ul>\n<\/li>\n<\/ul>\n<p>Spannung und Strom, einschlie\u00dflich einer Sicherheitsmarge, sind so gering, dass keine unzul\u00e4ssigen Temperaturen auftreten gehalten. Funken und Lichtbogenbildung (im Falle der Unterbrechung oder Kurzschluss ), besitzen so wenig Energie, dass sie nicht in der Lage, um eine explosionsf\u00e4hige Atmosph\u00e4re z\u00fcnden sind.<\/p>\n<p>Einen Eindruck von dieser Z\u00fcndschutzart wird durch die Tatsache, dass explosionsgef\u00e4hrdeten Bereichen der Untergruppe IIA nur einige hundert &amp; mgr; W und die der Untergruppe IIC nur 10 &amp; mgr; W zur Z\u00fcndung ben\u00f6tigen.<\/p>\n<h2>Anwendungen<\/h2>\n<ul>\n<li>Mess- und Regeltechnik<\/li>\n<li>Sensoren arbeiten auf physikalische, chemische oder mechanische Prinzipien<\/li>\n<li>Aktuatoren arbeiten optische, akustische und, zu einem gewissen Grad, mechanischen Prinzipien<\/li>\n<\/ul>\n","protected":false},"excerpt":{"rendered":"<p>Eigensicherheit st\u00fctzt sich auf die Lieferung von Ausr\u00fcstung wobei der Niederspannung und Strom und ist geeignet f\u00fcr elektronische Ger\u00e4te. Der Betriebsstrom der Schaltung sollte niedrig genug sein, nicht von Serienwiderstand, die erforderlich sein k\u00f6nnen, um Energie zu begrenzen beeinflusst werden. Der Schaltkreis sollte niedrige Werte von Induktivit\u00e4t und Kapazit\u00e4t enthalten. Versorgungswerte von mehr als 30 [&hellip;]<\/p>\n","protected":false},"author":1,"featured_media":0,"parent":1145,"menu_order":0,"comment_status":"closed","ping_status":"closed","template":"","meta":{"_monsterinsights_skip_tracking":false,"_monsterinsights_sitenote_active":false,"_monsterinsights_sitenote_note":"","_monsterinsights_sitenote_category":0,"_genesis_hide_title":false,"_genesis_hide_breadcrumbs":false,"_genesis_hide_singular_image":false,"_genesis_hide_footer_widgets":false,"_genesis_custom_body_class":"","_genesis_custom_post_class":"","_genesis_layout":"","footnotes":""},"class_list":{"0":"post-1152","1":"page","2":"type-page","3":"status-publish","5":"entry"},"yoast_head":"<!-- This site is optimized with the Yoast SEO plugin v26.8 - https:\/\/yoast.com\/product\/yoast-seo-wordpress\/ -->\n<title>Eigensicherheit (Ex i) \u2013 EN 60079-11 - Atexxo Manufacturing<\/title>\n<meta name=\"robots\" content=\"index, follow, max-snippet:-1, max-image-preview:large, max-video-preview:-1\" \/>\n<link rel=\"canonical\" href=\"https:\/\/atexxo.nl\/de\/ex-protection-2\/intrinsic-safety-ex-i-en-60079-11\/\" \/>\n<meta property=\"og:locale\" content=\"de_DE\" \/>\n<meta property=\"og:type\" content=\"article\" \/>\n<meta property=\"og:title\" content=\"Eigensicherheit (Ex i) \u2013 EN 60079-11 - Atexxo Manufacturing\" \/>\n<meta property=\"og:description\" content=\"Eigensicherheit st\u00fctzt sich auf die Lieferung von Ausr\u00fcstung wobei der Niederspannung und Strom und ist geeignet f\u00fcr elektronische Ger\u00e4te. Der Betriebsstrom der Schaltung sollte niedrig genug sein, nicht von Serienwiderstand, die erforderlich sein k\u00f6nnen, um Energie zu begrenzen beeinflusst werden. Der Schaltkreis sollte niedrige Werte von Induktivit\u00e4t und Kapazit\u00e4t enthalten. Versorgungswerte von mehr als 30 [&hellip;]\" \/>\n<meta property=\"og:url\" content=\"https:\/\/atexxo.nl\/de\/ex-protection-2\/intrinsic-safety-ex-i-en-60079-11\/\" \/>\n<meta property=\"og:site_name\" content=\"Atexxo Manufacturing\" \/>\n<meta property=\"article:modified_time\" content=\"2015-10-02T11:39:18+00:00\" \/>\n<meta name=\"twitter:label1\" content=\"Gesch\u00e4tzte Lesezeit\" \/>\n\t<meta name=\"twitter:data1\" content=\"1\u00a0Minute\" \/>\n<script type=\"application\/ld+json\" class=\"yoast-schema-graph\">{\"@context\":\"https:\/\/schema.org\",\"@graph\":[{\"@type\":\"WebPage\",\"@id\":\"https:\/\/atexxo.nl\/de\/ex-protection-2\/intrinsic-safety-ex-i-en-60079-11\/\",\"url\":\"https:\/\/atexxo.nl\/de\/ex-protection-2\/intrinsic-safety-ex-i-en-60079-11\/\",\"name\":\"Eigensicherheit (Ex i) \u2013 EN 60079-11 - Atexxo Manufacturing\",\"isPartOf\":{\"@id\":\"https:\/\/atexxo.nl\/ru\/#website\"},\"datePublished\":\"2015-09-15T12:55:55+00:00\",\"dateModified\":\"2015-10-02T11:39:18+00:00\",\"breadcrumb\":{\"@id\":\"https:\/\/atexxo.nl\/de\/ex-protection-2\/intrinsic-safety-ex-i-en-60079-11\/#breadcrumb\"},\"inLanguage\":\"de\",\"potentialAction\":[{\"@type\":\"ReadAction\",\"target\":[\"https:\/\/atexxo.nl\/de\/ex-protection-2\/intrinsic-safety-ex-i-en-60079-11\/\"]}]},{\"@type\":\"BreadcrumbList\",\"@id\":\"https:\/\/atexxo.nl\/de\/ex-protection-2\/intrinsic-safety-ex-i-en-60079-11\/#breadcrumb\",\"itemListElement\":[{\"@type\":\"ListItem\",\"position\":1,\"name\":\"Startseite\",\"item\":\"https:\/\/atexxo.nl\/de\/\"},{\"@type\":\"ListItem\",\"position\":2,\"name\":\"Ex Schutz\",\"item\":\"https:\/\/atexxo.nl\/de\/ex-protection-2\/\"},{\"@type\":\"ListItem\",\"position\":3,\"name\":\"Eigensicherheit (Ex i) \u2013 EN 60079-11\"}]},{\"@type\":\"WebSite\",\"@id\":\"https:\/\/atexxo.nl\/ru\/#website\",\"url\":\"https:\/\/atexxo.nl\/ru\/\",\"name\":\"Atexxo Manufacturing\",\"description\":\"Specialist in Atex and IECEx Solutions\",\"publisher\":{\"@id\":\"https:\/\/atexxo.nl\/ru\/#organization\"},\"potentialAction\":[{\"@type\":\"SearchAction\",\"target\":{\"@type\":\"EntryPoint\",\"urlTemplate\":\"https:\/\/atexxo.nl\/ru\/?s={search_term_string}\"},\"query-input\":{\"@type\":\"PropertyValueSpecification\",\"valueRequired\":true,\"valueName\":\"search_term_string\"}}],\"inLanguage\":\"de\"},{\"@type\":\"Organization\",\"@id\":\"https:\/\/atexxo.nl\/ru\/#organization\",\"name\":\"Atexxo Manufacturing\",\"url\":\"https:\/\/atexxo.nl\/ru\/\",\"logo\":{\"@type\":\"ImageObject\",\"inLanguage\":\"de\",\"@id\":\"https:\/\/atexxo.nl\/ru\/#\/schema\/logo\/image\/\",\"url\":\"https:\/\/atexxo.nl\/wp-content\/uploads\/2015\/04\/logo_atexxo.jpg\",\"contentUrl\":\"https:\/\/atexxo.nl\/wp-content\/uploads\/2015\/04\/logo_atexxo.jpg\",\"width\":1533,\"height\":733,\"caption\":\"Atexxo Manufacturing\"},\"image\":{\"@id\":\"https:\/\/atexxo.nl\/ru\/#\/schema\/logo\/image\/\"}}]}<\/script>\n<!-- \/ Yoast SEO plugin. -->","yoast_head_json":{"title":"Eigensicherheit (Ex i) \u2013 EN 60079-11 - Atexxo Manufacturing","robots":{"index":"index","follow":"follow","max-snippet":"max-snippet:-1","max-image-preview":"max-image-preview:large","max-video-preview":"max-video-preview:-1"},"canonical":"https:\/\/atexxo.nl\/de\/ex-protection-2\/intrinsic-safety-ex-i-en-60079-11\/","og_locale":"de_DE","og_type":"article","og_title":"Eigensicherheit (Ex i) \u2013 EN 60079-11 - Atexxo Manufacturing","og_description":"Eigensicherheit st\u00fctzt sich auf die Lieferung von Ausr\u00fcstung wobei der Niederspannung und Strom und ist geeignet f\u00fcr elektronische Ger\u00e4te. Der Betriebsstrom der Schaltung sollte niedrig genug sein, nicht von Serienwiderstand, die erforderlich sein k\u00f6nnen, um Energie zu begrenzen beeinflusst werden. Der Schaltkreis sollte niedrige Werte von Induktivit\u00e4t und Kapazit\u00e4t enthalten. Versorgungswerte von mehr als 30 [&hellip;]","og_url":"https:\/\/atexxo.nl\/de\/ex-protection-2\/intrinsic-safety-ex-i-en-60079-11\/","og_site_name":"Atexxo Manufacturing","article_modified_time":"2015-10-02T11:39:18+00:00","twitter_misc":{"Gesch\u00e4tzte Lesezeit":"1\u00a0Minute"},"schema":{"@context":"https:\/\/schema.org","@graph":[{"@type":"WebPage","@id":"https:\/\/atexxo.nl\/de\/ex-protection-2\/intrinsic-safety-ex-i-en-60079-11\/","url":"https:\/\/atexxo.nl\/de\/ex-protection-2\/intrinsic-safety-ex-i-en-60079-11\/","name":"Eigensicherheit (Ex i) \u2013 EN 60079-11 - Atexxo Manufacturing","isPartOf":{"@id":"https:\/\/atexxo.nl\/ru\/#website"},"datePublished":"2015-09-15T12:55:55+00:00","dateModified":"2015-10-02T11:39:18+00:00","breadcrumb":{"@id":"https:\/\/atexxo.nl\/de\/ex-protection-2\/intrinsic-safety-ex-i-en-60079-11\/#breadcrumb"},"inLanguage":"de","potentialAction":[{"@type":"ReadAction","target":["https:\/\/atexxo.nl\/de\/ex-protection-2\/intrinsic-safety-ex-i-en-60079-11\/"]}]},{"@type":"BreadcrumbList","@id":"https:\/\/atexxo.nl\/de\/ex-protection-2\/intrinsic-safety-ex-i-en-60079-11\/#breadcrumb","itemListElement":[{"@type":"ListItem","position":1,"name":"Startseite","item":"https:\/\/atexxo.nl\/de\/"},{"@type":"ListItem","position":2,"name":"Ex Schutz","item":"https:\/\/atexxo.nl\/de\/ex-protection-2\/"},{"@type":"ListItem","position":3,"name":"Eigensicherheit (Ex i) \u2013 EN 60079-11"}]},{"@type":"WebSite","@id":"https:\/\/atexxo.nl\/ru\/#website","url":"https:\/\/atexxo.nl\/ru\/","name":"Atexxo Manufacturing","description":"Specialist in Atex and IECEx Solutions","publisher":{"@id":"https:\/\/atexxo.nl\/ru\/#organization"},"potentialAction":[{"@type":"SearchAction","target":{"@type":"EntryPoint","urlTemplate":"https:\/\/atexxo.nl\/ru\/?s={search_term_string}"},"query-input":{"@type":"PropertyValueSpecification","valueRequired":true,"valueName":"search_term_string"}}],"inLanguage":"de"},{"@type":"Organization","@id":"https:\/\/atexxo.nl\/ru\/#organization","name":"Atexxo Manufacturing","url":"https:\/\/atexxo.nl\/ru\/","logo":{"@type":"ImageObject","inLanguage":"de","@id":"https:\/\/atexxo.nl\/ru\/#\/schema\/logo\/image\/","url":"https:\/\/atexxo.nl\/wp-content\/uploads\/2015\/04\/logo_atexxo.jpg","contentUrl":"https:\/\/atexxo.nl\/wp-content\/uploads\/2015\/04\/logo_atexxo.jpg","width":1533,"height":733,"caption":"Atexxo Manufacturing"},"image":{"@id":"https:\/\/atexxo.nl\/ru\/#\/schema\/logo\/image\/"}}]}},"rttpg_featured_image_url":null,"rttpg_author":{"display_name":"adatex","author_link":"https:\/\/atexxo.nl\/de\/author\/adatex\/"},"rttpg_comment":0,"rttpg_category":false,"rttpg_excerpt":"Eigensicherheit st\u00fctzt sich auf die Lieferung von Ausr\u00fcstung wobei der Niederspannung und Strom und ist geeignet f\u00fcr elektronische Ger\u00e4te. Der Betriebsstrom der Schaltung sollte niedrig genug sein, nicht von Serienwiderstand, die erforderlich sein k\u00f6nnen, um Energie zu begrenzen beeinflusst werden. Der Schaltkreis sollte niedrige Werte von Induktivit\u00e4t und Kapazit\u00e4t enthalten. Versorgungswerte von mehr als 30&hellip;","_links":{"self":[{"href":"https:\/\/atexxo.nl\/de\/wp-json\/wp\/v2\/pages\/1152","targetHints":{"allow":["GET"]}}],"collection":[{"href":"https:\/\/atexxo.nl\/de\/wp-json\/wp\/v2\/pages"}],"about":[{"href":"https:\/\/atexxo.nl\/de\/wp-json\/wp\/v2\/types\/page"}],"author":[{"embeddable":true,"href":"https:\/\/atexxo.nl\/de\/wp-json\/wp\/v2\/users\/1"}],"replies":[{"embeddable":true,"href":"https:\/\/atexxo.nl\/de\/wp-json\/wp\/v2\/comments?post=1152"}],"version-history":[{"count":0,"href":"https:\/\/atexxo.nl\/de\/wp-json\/wp\/v2\/pages\/1152\/revisions"}],"up":[{"embeddable":true,"href":"https:\/\/atexxo.nl\/de\/wp-json\/wp\/v2\/pages\/1145"}],"wp:attachment":[{"href":"https:\/\/atexxo.nl\/de\/wp-json\/wp\/v2\/media?parent=1152"}],"curies":[{"name":"wp","href":"https:\/\/api.w.org\/{rel}","templated":true}]}}