{"id":1150,"date":"2015-09-15T13:55:33","date_gmt":"2015-09-15T12:55:33","guid":{"rendered":"https:\/\/atexxo.nl\/?page_id=1150"},"modified":"2015-10-02T12:34:38","modified_gmt":"2015-10-02T11:34:38","slug":"increased-safety-ex-e-en-60079-7","status":"publish","type":"page","link":"https:\/\/atexxo.nl\/de\/ex-protection-2\/increased-safety-ex-e-en-60079-7\/","title":{"rendered":"Erh\u00f6hte Sicherheit (Ex e) \u2013 EN 60079-7"},"content":{"rendered":"<p>Die h\u00e4ufigste Ausr\u00fcstung durch erh\u00f6hte Sicherheit gesch\u00fctzt sind Transformatoren, Motoren, Leuchten, Zellen, Batterien, Klemmen und Dr\u00e4hte. Es ist nicht f\u00fcr elektronische Bauteile oder Funkenvorrichtungen wie Schalter geeignet. Erh\u00f6hte Sicherheit beruht auf einer Staub \/ wasserdichten Geh\u00e4use zu vermeiden Verfolgung \u00fcber Live-Schaltungen. Eine gro\u00dfe Anzahl von Hersteller produzieren erh\u00f6hte Sicherheit Geh\u00e4use, Klemmen und Anschlussdosen.<\/p>\n<h2 align=\"LEFT\">Wichtige konstruktive Parameter<\/h2>\n<ul>\n<li>Blanke, spannungsf\u00fchrende Teile gelten besondere Schutzanforderungen. Luft- und Kriechstrecken sind breiter als in der Regel in der Industrie der Fall. Besondere Bedingungen gelten f\u00fcr die erforderliche IP-Schutzart.<\/li>\n<li>Strengere Anforderungen gelten f\u00fcr Wicklungen; mechanische Festigkeit, Isolierung und Best\u00e4ndigkeit gegen\u00fcber hohen Temperaturen. Mindestquerschnitte f\u00fcr Wickeldraht, die Impr\u00e4gnierung und Verst\u00e4rkung von Spulen und thermische \u00dcberwachungseinrichtungen festgelegt.<\/li>\n<\/ul>\n<h2 align=\"LEFT\">Anwendungen<\/h2>\n<p>Montagematerial wie Rangieren oder Anschlussk\u00e4sten, Anschlussr\u00e4ume f\u00fcr Heizungen, Akkumulatoren, Transformatoren, Drossel, und K\u00e4figl\u00e4ufermotoren.<\/p>\n","protected":false},"excerpt":{"rendered":"<p>Die h\u00e4ufigste Ausr\u00fcstung durch erh\u00f6hte Sicherheit gesch\u00fctzt sind Transformatoren, Motoren, Leuchten, Zellen, Batterien, Klemmen und Dr\u00e4hte. Es ist nicht f\u00fcr elektronische Bauteile oder Funkenvorrichtungen wie Schalter geeignet. Erh\u00f6hte Sicherheit beruht auf einer Staub \/ wasserdichten Geh\u00e4use zu vermeiden Verfolgung \u00fcber Live-Schaltungen. Eine gro\u00dfe Anzahl von Hersteller produzieren erh\u00f6hte Sicherheit Geh\u00e4use, Klemmen und Anschlussdosen. Wichtige konstruktive [&hellip;]<\/p>\n","protected":false},"author":1,"featured_media":0,"parent":1145,"menu_order":0,"comment_status":"closed","ping_status":"closed","template":"","meta":{"_monsterinsights_skip_tracking":false,"_monsterinsights_sitenote_active":false,"_monsterinsights_sitenote_note":"","_monsterinsights_sitenote_category":0,"_genesis_hide_title":false,"_genesis_hide_breadcrumbs":false,"_genesis_hide_singular_image":false,"_genesis_hide_footer_widgets":false,"_genesis_custom_body_class":"","_genesis_custom_post_class":"","_genesis_layout":"","footnotes":""},"class_list":{"0":"post-1150","1":"page","2":"type-page","3":"status-publish","5":"entry"},"yoast_head":"<!-- This site is optimized with the Yoast SEO plugin v26.8 - https:\/\/yoast.com\/product\/yoast-seo-wordpress\/ -->\n<title>Erh\u00f6hte Sicherheit (Ex e) \u2013 EN 60079-7 - Atexxo Manufacturing<\/title>\n<meta name=\"robots\" content=\"index, follow, max-snippet:-1, max-image-preview:large, max-video-preview:-1\" \/>\n<link rel=\"canonical\" href=\"https:\/\/atexxo.nl\/de\/ex-protection-2\/increased-safety-ex-e-en-60079-7\/\" \/>\n<meta property=\"og:locale\" content=\"de_DE\" \/>\n<meta property=\"og:type\" content=\"article\" \/>\n<meta property=\"og:title\" content=\"Erh\u00f6hte Sicherheit (Ex e) \u2013 EN 60079-7 - Atexxo Manufacturing\" \/>\n<meta property=\"og:description\" content=\"Die h\u00e4ufigste Ausr\u00fcstung durch erh\u00f6hte Sicherheit gesch\u00fctzt sind Transformatoren, Motoren, Leuchten, Zellen, Batterien, Klemmen und Dr\u00e4hte. Es ist nicht f\u00fcr elektronische Bauteile oder Funkenvorrichtungen wie Schalter geeignet. Erh\u00f6hte Sicherheit beruht auf einer Staub \/ wasserdichten Geh\u00e4use zu vermeiden Verfolgung \u00fcber Live-Schaltungen. Eine gro\u00dfe Anzahl von Hersteller produzieren erh\u00f6hte Sicherheit Geh\u00e4use, Klemmen und Anschlussdosen. Wichtige konstruktive [&hellip;]\" \/>\n<meta property=\"og:url\" content=\"https:\/\/atexxo.nl\/de\/ex-protection-2\/increased-safety-ex-e-en-60079-7\/\" \/>\n<meta property=\"og:site_name\" content=\"Atexxo Manufacturing\" \/>\n<meta property=\"article:modified_time\" content=\"2015-10-02T11:34:38+00:00\" \/>\n<meta name=\"twitter:label1\" content=\"Gesch\u00e4tzte Lesezeit\" \/>\n\t<meta name=\"twitter:data1\" content=\"1\u00a0Minute\" \/>\n<script type=\"application\/ld+json\" class=\"yoast-schema-graph\">{\"@context\":\"https:\/\/schema.org\",\"@graph\":[{\"@type\":\"WebPage\",\"@id\":\"https:\/\/atexxo.nl\/de\/ex-protection-2\/increased-safety-ex-e-en-60079-7\/\",\"url\":\"https:\/\/atexxo.nl\/de\/ex-protection-2\/increased-safety-ex-e-en-60079-7\/\",\"name\":\"Erh\u00f6hte Sicherheit (Ex e) \u2013 EN 60079-7 - Atexxo Manufacturing\",\"isPartOf\":{\"@id\":\"https:\/\/atexxo.nl\/ru\/#website\"},\"datePublished\":\"2015-09-15T12:55:33+00:00\",\"dateModified\":\"2015-10-02T11:34:38+00:00\",\"breadcrumb\":{\"@id\":\"https:\/\/atexxo.nl\/de\/ex-protection-2\/increased-safety-ex-e-en-60079-7\/#breadcrumb\"},\"inLanguage\":\"de\",\"potentialAction\":[{\"@type\":\"ReadAction\",\"target\":[\"https:\/\/atexxo.nl\/de\/ex-protection-2\/increased-safety-ex-e-en-60079-7\/\"]}]},{\"@type\":\"BreadcrumbList\",\"@id\":\"https:\/\/atexxo.nl\/de\/ex-protection-2\/increased-safety-ex-e-en-60079-7\/#breadcrumb\",\"itemListElement\":[{\"@type\":\"ListItem\",\"position\":1,\"name\":\"Startseite\",\"item\":\"https:\/\/atexxo.nl\/de\/\"},{\"@type\":\"ListItem\",\"position\":2,\"name\":\"Ex Schutz\",\"item\":\"https:\/\/atexxo.nl\/de\/ex-protection-2\/\"},{\"@type\":\"ListItem\",\"position\":3,\"name\":\"Erh\u00f6hte Sicherheit (Ex e) \u2013 EN 60079-7\"}]},{\"@type\":\"WebSite\",\"@id\":\"https:\/\/atexxo.nl\/ru\/#website\",\"url\":\"https:\/\/atexxo.nl\/ru\/\",\"name\":\"Atexxo Manufacturing\",\"description\":\"Specialist in Atex and IECEx Solutions\",\"publisher\":{\"@id\":\"https:\/\/atexxo.nl\/ru\/#organization\"},\"potentialAction\":[{\"@type\":\"SearchAction\",\"target\":{\"@type\":\"EntryPoint\",\"urlTemplate\":\"https:\/\/atexxo.nl\/ru\/?s={search_term_string}\"},\"query-input\":{\"@type\":\"PropertyValueSpecification\",\"valueRequired\":true,\"valueName\":\"search_term_string\"}}],\"inLanguage\":\"de\"},{\"@type\":\"Organization\",\"@id\":\"https:\/\/atexxo.nl\/ru\/#organization\",\"name\":\"Atexxo Manufacturing\",\"url\":\"https:\/\/atexxo.nl\/ru\/\",\"logo\":{\"@type\":\"ImageObject\",\"inLanguage\":\"de\",\"@id\":\"https:\/\/atexxo.nl\/ru\/#\/schema\/logo\/image\/\",\"url\":\"https:\/\/atexxo.nl\/wp-content\/uploads\/2015\/04\/logo_atexxo.jpg\",\"contentUrl\":\"https:\/\/atexxo.nl\/wp-content\/uploads\/2015\/04\/logo_atexxo.jpg\",\"width\":1533,\"height\":733,\"caption\":\"Atexxo Manufacturing\"},\"image\":{\"@id\":\"https:\/\/atexxo.nl\/ru\/#\/schema\/logo\/image\/\"}}]}<\/script>\n<!-- \/ Yoast SEO plugin. -->","yoast_head_json":{"title":"Erh\u00f6hte Sicherheit (Ex e) \u2013 EN 60079-7 - Atexxo Manufacturing","robots":{"index":"index","follow":"follow","max-snippet":"max-snippet:-1","max-image-preview":"max-image-preview:large","max-video-preview":"max-video-preview:-1"},"canonical":"https:\/\/atexxo.nl\/de\/ex-protection-2\/increased-safety-ex-e-en-60079-7\/","og_locale":"de_DE","og_type":"article","og_title":"Erh\u00f6hte Sicherheit (Ex e) \u2013 EN 60079-7 - Atexxo Manufacturing","og_description":"Die h\u00e4ufigste Ausr\u00fcstung durch erh\u00f6hte Sicherheit gesch\u00fctzt sind Transformatoren, Motoren, Leuchten, Zellen, Batterien, Klemmen und Dr\u00e4hte. Es ist nicht f\u00fcr elektronische Bauteile oder Funkenvorrichtungen wie Schalter geeignet. Erh\u00f6hte Sicherheit beruht auf einer Staub \/ wasserdichten Geh\u00e4use zu vermeiden Verfolgung \u00fcber Live-Schaltungen. Eine gro\u00dfe Anzahl von Hersteller produzieren erh\u00f6hte Sicherheit Geh\u00e4use, Klemmen und Anschlussdosen. Wichtige konstruktive [&hellip;]","og_url":"https:\/\/atexxo.nl\/de\/ex-protection-2\/increased-safety-ex-e-en-60079-7\/","og_site_name":"Atexxo Manufacturing","article_modified_time":"2015-10-02T11:34:38+00:00","twitter_misc":{"Gesch\u00e4tzte Lesezeit":"1\u00a0Minute"},"schema":{"@context":"https:\/\/schema.org","@graph":[{"@type":"WebPage","@id":"https:\/\/atexxo.nl\/de\/ex-protection-2\/increased-safety-ex-e-en-60079-7\/","url":"https:\/\/atexxo.nl\/de\/ex-protection-2\/increased-safety-ex-e-en-60079-7\/","name":"Erh\u00f6hte Sicherheit (Ex e) \u2013 EN 60079-7 - Atexxo Manufacturing","isPartOf":{"@id":"https:\/\/atexxo.nl\/ru\/#website"},"datePublished":"2015-09-15T12:55:33+00:00","dateModified":"2015-10-02T11:34:38+00:00","breadcrumb":{"@id":"https:\/\/atexxo.nl\/de\/ex-protection-2\/increased-safety-ex-e-en-60079-7\/#breadcrumb"},"inLanguage":"de","potentialAction":[{"@type":"ReadAction","target":["https:\/\/atexxo.nl\/de\/ex-protection-2\/increased-safety-ex-e-en-60079-7\/"]}]},{"@type":"BreadcrumbList","@id":"https:\/\/atexxo.nl\/de\/ex-protection-2\/increased-safety-ex-e-en-60079-7\/#breadcrumb","itemListElement":[{"@type":"ListItem","position":1,"name":"Startseite","item":"https:\/\/atexxo.nl\/de\/"},{"@type":"ListItem","position":2,"name":"Ex Schutz","item":"https:\/\/atexxo.nl\/de\/ex-protection-2\/"},{"@type":"ListItem","position":3,"name":"Erh\u00f6hte Sicherheit (Ex e) \u2013 EN 60079-7"}]},{"@type":"WebSite","@id":"https:\/\/atexxo.nl\/ru\/#website","url":"https:\/\/atexxo.nl\/ru\/","name":"Atexxo Manufacturing","description":"Specialist in Atex and IECEx Solutions","publisher":{"@id":"https:\/\/atexxo.nl\/ru\/#organization"},"potentialAction":[{"@type":"SearchAction","target":{"@type":"EntryPoint","urlTemplate":"https:\/\/atexxo.nl\/ru\/?s={search_term_string}"},"query-input":{"@type":"PropertyValueSpecification","valueRequired":true,"valueName":"search_term_string"}}],"inLanguage":"de"},{"@type":"Organization","@id":"https:\/\/atexxo.nl\/ru\/#organization","name":"Atexxo Manufacturing","url":"https:\/\/atexxo.nl\/ru\/","logo":{"@type":"ImageObject","inLanguage":"de","@id":"https:\/\/atexxo.nl\/ru\/#\/schema\/logo\/image\/","url":"https:\/\/atexxo.nl\/wp-content\/uploads\/2015\/04\/logo_atexxo.jpg","contentUrl":"https:\/\/atexxo.nl\/wp-content\/uploads\/2015\/04\/logo_atexxo.jpg","width":1533,"height":733,"caption":"Atexxo Manufacturing"},"image":{"@id":"https:\/\/atexxo.nl\/ru\/#\/schema\/logo\/image\/"}}]}},"rttpg_featured_image_url":null,"rttpg_author":{"display_name":"adatex","author_link":"https:\/\/atexxo.nl\/de\/author\/adatex\/"},"rttpg_comment":0,"rttpg_category":false,"rttpg_excerpt":"Die h\u00e4ufigste Ausr\u00fcstung durch erh\u00f6hte Sicherheit gesch\u00fctzt sind Transformatoren, Motoren, Leuchten, Zellen, Batterien, Klemmen und Dr\u00e4hte. Es ist nicht f\u00fcr elektronische Bauteile oder Funkenvorrichtungen wie Schalter geeignet. Erh\u00f6hte Sicherheit beruht auf einer Staub \/ wasserdichten Geh\u00e4use zu vermeiden Verfolgung \u00fcber Live-Schaltungen. Eine gro\u00dfe Anzahl von Hersteller produzieren erh\u00f6hte Sicherheit Geh\u00e4use, Klemmen und Anschlussdosen. Wichtige konstruktive&hellip;","_links":{"self":[{"href":"https:\/\/atexxo.nl\/de\/wp-json\/wp\/v2\/pages\/1150","targetHints":{"allow":["GET"]}}],"collection":[{"href":"https:\/\/atexxo.nl\/de\/wp-json\/wp\/v2\/pages"}],"about":[{"href":"https:\/\/atexxo.nl\/de\/wp-json\/wp\/v2\/types\/page"}],"author":[{"embeddable":true,"href":"https:\/\/atexxo.nl\/de\/wp-json\/wp\/v2\/users\/1"}],"replies":[{"embeddable":true,"href":"https:\/\/atexxo.nl\/de\/wp-json\/wp\/v2\/comments?post=1150"}],"version-history":[{"count":0,"href":"https:\/\/atexxo.nl\/de\/wp-json\/wp\/v2\/pages\/1150\/revisions"}],"up":[{"embeddable":true,"href":"https:\/\/atexxo.nl\/de\/wp-json\/wp\/v2\/pages\/1145"}],"wp:attachment":[{"href":"https:\/\/atexxo.nl\/de\/wp-json\/wp\/v2\/media?parent=1150"}],"curies":[{"name":"wp","href":"https:\/\/api.w.org\/{rel}","templated":true}]}}