{"id":1145,"date":"2015-09-15T13:55:10","date_gmt":"2015-09-15T12:55:10","guid":{"rendered":"https:\/\/atexxo.nl\/?page_id=1145"},"modified":"2015-10-02T12:31:42","modified_gmt":"2015-10-02T11:31:42","slug":"ex-protection-2","status":"publish","type":"page","link":"https:\/\/atexxo.nl\/de\/ex-protection-2\/","title":{"rendered":"Ex Schutz"},"content":{"rendered":"<p><a href=\"https:\/\/atexxo.nl\/wp-content\/uploads\/2015\/03\/atex-factory-outside.jpg\"><img loading=\"lazy\" decoding=\"async\" class=\" size-medium wp-image-328 alignright\" src=\"https:\/\/atexxo.nl\/wp-content\/uploads\/2015\/03\/atex-factory-outside-300x225.jpg\" alt=\"atex-factory-outside\" width=\"300\" height=\"225\" srcset=\"https:\/\/atexxo.nl\/wp-content\/uploads\/2015\/03\/atex-factory-outside-300x225.jpg 300w, https:\/\/atexxo.nl\/wp-content\/uploads\/2015\/03\/atex-factory-outside.jpg 500w\" sizes=\"auto, (max-width: 300px) 100vw, 300px\" \/><\/a>Die folgenden ATEX-Schutzma\u00dfnahmen sind commently von unseren Ingenieuren durchgef\u00fchrt, um sicherzustellen, dass Ihr Produkt die ATEX oder IECEx-Verordnungen erf\u00fcllt :<\/p>\n<ul>\n<li>Druckfeste Kapselung (Ex d) &#8211; EN 60079-1<\/li>\n<li>Druckhaltung (Ex p) &#8211; EN 60079-2<\/li>\n<li>Erh\u00f6hte Sicherheit (Ex e) &#8211; EN 60079-7<\/li>\n<li>Nicht funkend (Ex n) &#8211; EN 60079-15<\/li>\n<li>Eigensicherheit (Ex i) &#8211; EN 60079-11<\/li>\n<li>Kapselung (Ex m) &#8211; EN 60079-18<\/li>\n<\/ul>\n<p>Ger\u00e4tegruppe II in gasgroups und dustgroups unterteilt.<\/p>\n<h2>Gasgruppen<\/h2>\n<p>Gasexplosionsschutz ist in 3 Gruppen eingeteilt; IIA, IIB and IIC.<\/p>\n<div id=\"attachment_259\" style=\"width: 329px\" class=\"wp-caption alignright\"><a href=\"https:\/\/atexxo.nl\/wp-content\/uploads\/2015\/03\/ATEX-ex-gas-groups.jpg\"><img loading=\"lazy\" decoding=\"async\" aria-describedby=\"caption-attachment-259\" class=\"wp-image-259\" src=\"https:\/\/atexxo.nl\/wp-content\/uploads\/2015\/03\/ATEX-ex-gas-groups-300x289.jpg\" alt=\"ATEX-Ex-Gas-Gruppen\" width=\"319\" height=\"307\" srcset=\"https:\/\/atexxo.nl\/wp-content\/uploads\/2015\/03\/ATEX-ex-gas-groups-300x289.jpg 300w, https:\/\/atexxo.nl\/wp-content\/uploads\/2015\/03\/ATEX-ex-gas-groups.jpg 348w\" sizes=\"auto, (max-width: 319px) 100vw, 319px\" \/><\/a><p id=\"caption-attachment-259\" class=\"wp-caption-text\">Bild 1<br \/>  IIA: Propan, Butan, Kerosin<br \/> IIB: Ethylen, Schwefelwasserstoff, Ethylether<br \/>  IIC: Wasserstoff, Acetylen, Kohlenstoffdisulfid<\/p><\/div>\n<p>Die Unterteilung der Gase in den Gasgruppen ist auf dem Minimum (MZE), mit dem ein elektrischer Funken kann das Gasgemisch zu z\u00fcnden basiert. Gase in der Gasgruppe IIA erfordern eine h\u00f6here Z\u00fcndenergie als Gasgruppen IIB. Gase in Gasgruppe IIC erfordern den geringsten Z\u00fcndenergie zu entz\u00fcnden. Wie die folgende Tabelle zeigt, gibt es nur 5 Gase in Gruppe IIC. Zertifizieren Sie Ihr Produkt f\u00fcr gasgroup IIA und IIB ist in der Regel ausreichend, um 98% des Marktes abdecken. Elektrische Vorrichtung kann je nach der Natur der explosionsf\u00e4higen Atmosph\u00e4re, f\u00fcr die sie bestimmt ist unterteilt werden. Die Unterteilung ist auf der Grenzspaltweite (MESG) f\u00fcr druckfeste Geh\u00e4use oder der Mindest Z\u00fcndstrom (MIC) f\u00fcr eigensichere elektrische Betriebsmittel auf der Basis wie in den spezifischen europ\u00e4ischen Standards erforderlich<br \/>\nGoogle Translate voor bedrijven:Translator Toolkit<\/p>\n<h2>Temperature class<\/h2>\n<div id=\"attachment_260\" style=\"width: 345px\" class=\"wp-caption alignleft\"><img loading=\"lazy\" decoding=\"async\" aria-describedby=\"caption-attachment-260\" class=\"wp-image-260\" src=\"https:\/\/atexxo.nl\/wp-content\/uploads\/2015\/03\/ATEX-ex-temperature-classes-300x290.jpg\" alt=\"ATEX-ex-temperature-classes\" width=\"335\" height=\"324\" srcset=\"https:\/\/atexxo.nl\/wp-content\/uploads\/2015\/03\/ATEX-ex-temperature-classes-300x290.jpg 300w, https:\/\/atexxo.nl\/wp-content\/uploads\/2015\/03\/ATEX-ex-temperature-classes.jpg 351w\" sizes=\"auto, (max-width: 335px) 100vw, 335px\" \/><p id=\"caption-attachment-260\" class=\"wp-caption-text\">Picture 2<\/p><\/div>\n<p>Jedes Gas \/ Luftmischung hat seine eigenen spezifischen Entz\u00fcndungstemperatur. Diese Entz\u00fcndungstemperatur wird als die minimale Temperatur, bei der die Mischung gez\u00fcndet werden definiert. Dies kann die Temperatur eines hei\u00dfen Gegenstand wie einer Chip auf einer Leiterplatte, einem Heizelement, einem Elektromotor oder \u00fcberhitzten mechanische Lager sein. Um eine Z\u00fcndung zu verhindern, mu\u00df die Temperatur immer niedriger als die Z\u00fcndtemperatur des Gas \/ Luft-Gemisch sein. Gas explosionsgesch\u00fctzte Ger\u00e4te in Temperaturklassen oder &#8222;T-Klassen&#8220; klassifiziert. Ger\u00e4te, die in einem bestimmten Temperaturklasse klassifiziert wird, kann f\u00fcr Gase mit einer Z\u00fcndtemperatur, die h\u00f6her als die Temperatur der Gruppe zugeordnet ist, verwendet werden. Bild 2 zeigt die Temperaturklasse bei gemeinsamen gasgroups. Unser Ziel ist es, Ihr Produkt f\u00fcr die Temperaturklasse T4 zu zertifizieren, die 99% des Marktes.<\/p>\n<table border=\"0\" width=\"40%\" cellpadding=\"0\">\n<tbody>\n<tr>\n<th><strong>Temperaturklasse<\/strong><\/th>\n<th><strong>Maximal zul\u00e4ssige Oberfl\u00e4chentemperatur<\/strong><\/th>\n<\/tr>\n<tr>\n<td style=\"width: 150px;\">T1<\/td>\n<td>450 \u00b0C<\/td>\n<\/tr>\n<tr>\n<td>T2<\/td>\n<td>300 \u00b0C<\/td>\n<\/tr>\n<tr>\n<td>T3<\/td>\n<td>200 \u00b0C<\/td>\n<\/tr>\n<tr>\n<td>T4<\/td>\n<td>135 \u00b0C<\/td>\n<\/tr>\n<tr>\n<td>T5<\/td>\n<td>100 \u00b0C<\/td>\n<\/tr>\n<tr>\n<td>T6<\/td>\n<td>85 \u00b0C<\/td>\n<\/tr>\n<\/tbody>\n<\/table>\n<h2>Staubgruppen<\/h2>\n<p>Staubschutz ist geteilt und in 3 Gruppen: IIIA, IIIB und IIIC. Die Klassifizierung ist wie folgt gekennzeichnet:<\/p>\n<table>\n<tbody>\n<tr>\n<td style=\"width: 150px;\">IIIA<\/td>\n<td>brennbaren Flyer (Staubpartikel gr\u00f6\u00dfer als 0,5 mm)<\/td>\n<\/tr>\n<tr>\n<td>IIIB<\/td>\n<td>Staub (Staubpartikel kleiner als 0,5 mm)<\/td>\n<\/tr>\n<tr>\n<td>IIIC<\/td>\n<td>leitf\u00e4hige St\u00e4ube (elektrisch leitende Staub)<\/td>\n<\/tr>\n<\/tbody>\n<\/table>\n<table border=\"0\" width=\"40%\" cellpadding=\"0\">\n<tbody>\n<tr>\n<th style=\"width: 150px;\"><strong>Temperaturklasse<\/strong><\/th>\n<th><strong>Maximal zul\u00e4ssige<\/strong><\/th>\n<\/tr>\n<tr>\n<td>T1<\/td>\n<td><\/td>\n<\/tr>\n<tr>\n<td>T2<\/td>\n<td><\/td>\n<\/tr>\n<tr>\n<td>T3<\/td>\n<td><\/td>\n<\/tr>\n<tr>\n<td>T4<\/td>\n<td>135 \u00b0C<\/td>\n<\/tr>\n<tr>\n<td>T5<\/td>\n<td>100 \u00b0C<\/td>\n<\/tr>\n<tr>\n<td>T6<\/td>\n<td>85 \u00b0C<\/td>\n<\/tr>\n<\/tbody>\n<\/table>\n","protected":false},"excerpt":{"rendered":"<p>Die folgenden ATEX-Schutzma\u00dfnahmen sind commently von unseren Ingenieuren durchgef\u00fchrt, um sicherzustellen, dass Ihr Produkt die ATEX oder IECEx-Verordnungen erf\u00fcllt : Druckfeste Kapselung (Ex d) &#8211; EN 60079-1 Druckhaltung (Ex p) &#8211; EN 60079-2 Erh\u00f6hte Sicherheit (Ex e) &#8211; EN 60079-7 Nicht funkend (Ex n) &#8211; EN 60079-15 Eigensicherheit (Ex i) &#8211; EN 60079-11 Kapselung (Ex [&hellip;]<\/p>\n","protected":false},"author":1,"featured_media":1147,"parent":0,"menu_order":0,"comment_status":"closed","ping_status":"closed","template":"","meta":{"_monsterinsights_skip_tracking":false,"_monsterinsights_sitenote_active":false,"_monsterinsights_sitenote_note":"","_monsterinsights_sitenote_category":0,"_genesis_hide_title":false,"_genesis_hide_breadcrumbs":false,"_genesis_hide_singular_image":false,"_genesis_hide_footer_widgets":false,"_genesis_custom_body_class":"","_genesis_custom_post_class":"","_genesis_layout":"","footnotes":""},"class_list":{"0":"post-1145","1":"page","2":"type-page","3":"status-publish","4":"has-post-thumbnail","6":"entry"},"yoast_head":"<!-- This site is optimized with the Yoast SEO plugin v26.8 - https:\/\/yoast.com\/product\/yoast-seo-wordpress\/ -->\n<title>Ex Schutz - Atexxo Manufacturing<\/title>\n<meta name=\"robots\" content=\"index, follow, max-snippet:-1, max-image-preview:large, max-video-preview:-1\" \/>\n<link rel=\"canonical\" href=\"https:\/\/atexxo.nl\/de\/ex-protection-2\/\" \/>\n<meta property=\"og:locale\" content=\"de_DE\" \/>\n<meta property=\"og:type\" content=\"article\" \/>\n<meta property=\"og:title\" content=\"Ex Schutz - Atexxo Manufacturing\" \/>\n<meta property=\"og:description\" content=\"Die folgenden ATEX-Schutzma\u00dfnahmen sind commently von unseren Ingenieuren durchgef\u00fchrt, um sicherzustellen, dass Ihr Produkt die ATEX oder IECEx-Verordnungen erf\u00fcllt : Druckfeste Kapselung (Ex d) &#8211; EN 60079-1 Druckhaltung (Ex p) &#8211; EN 60079-2 Erh\u00f6hte Sicherheit (Ex e) &#8211; EN 60079-7 Nicht funkend (Ex n) &#8211; EN 60079-15 Eigensicherheit (Ex i) &#8211; EN 60079-11 Kapselung (Ex [&hellip;]\" \/>\n<meta property=\"og:url\" content=\"https:\/\/atexxo.nl\/de\/ex-protection-2\/\" \/>\n<meta property=\"og:site_name\" content=\"Atexxo Manufacturing\" \/>\n<meta property=\"article:modified_time\" content=\"2015-10-02T11:31:42+00:00\" \/>\n<meta property=\"og:image\" content=\"https:\/\/atexxo.nl\/wp-content\/uploads\/2015\/03\/EX-logo.svg_.png\" \/>\n\t<meta property=\"og:image:width\" content=\"512\" \/>\n\t<meta property=\"og:image:height\" content=\"448\" \/>\n\t<meta property=\"og:image:type\" content=\"image\/png\" \/>\n<meta name=\"twitter:label1\" content=\"Gesch\u00e4tzte Lesezeit\" \/>\n\t<meta name=\"twitter:data1\" content=\"2\u00a0Minuten\" \/>\n<script type=\"application\/ld+json\" class=\"yoast-schema-graph\">{\"@context\":\"https:\/\/schema.org\",\"@graph\":[{\"@type\":\"WebPage\",\"@id\":\"https:\/\/atexxo.nl\/de\/ex-protection-2\/\",\"url\":\"https:\/\/atexxo.nl\/de\/ex-protection-2\/\",\"name\":\"Ex Schutz - Atexxo Manufacturing\",\"isPartOf\":{\"@id\":\"https:\/\/atexxo.nl\/ru\/#website\"},\"primaryImageOfPage\":{\"@id\":\"https:\/\/atexxo.nl\/de\/ex-protection-2\/#primaryimage\"},\"image\":{\"@id\":\"https:\/\/atexxo.nl\/de\/ex-protection-2\/#primaryimage\"},\"thumbnailUrl\":\"https:\/\/atexxo.nl\/wp-content\/uploads\/2015\/03\/EX-logo.svg_.png\",\"datePublished\":\"2015-09-15T12:55:10+00:00\",\"dateModified\":\"2015-10-02T11:31:42+00:00\",\"breadcrumb\":{\"@id\":\"https:\/\/atexxo.nl\/de\/ex-protection-2\/#breadcrumb\"},\"inLanguage\":\"de\",\"potentialAction\":[{\"@type\":\"ReadAction\",\"target\":[\"https:\/\/atexxo.nl\/de\/ex-protection-2\/\"]}]},{\"@type\":\"ImageObject\",\"inLanguage\":\"de\",\"@id\":\"https:\/\/atexxo.nl\/de\/ex-protection-2\/#primaryimage\",\"url\":\"https:\/\/atexxo.nl\/wp-content\/uploads\/2015\/03\/EX-logo.svg_.png\",\"contentUrl\":\"https:\/\/atexxo.nl\/wp-content\/uploads\/2015\/03\/EX-logo.svg_.png\",\"width\":512,\"height\":448},{\"@type\":\"BreadcrumbList\",\"@id\":\"https:\/\/atexxo.nl\/de\/ex-protection-2\/#breadcrumb\",\"itemListElement\":[{\"@type\":\"ListItem\",\"position\":1,\"name\":\"Startseite\",\"item\":\"https:\/\/atexxo.nl\/de\/\"},{\"@type\":\"ListItem\",\"position\":2,\"name\":\"Ex Schutz\"}]},{\"@type\":\"WebSite\",\"@id\":\"https:\/\/atexxo.nl\/ru\/#website\",\"url\":\"https:\/\/atexxo.nl\/ru\/\",\"name\":\"Atexxo Manufacturing\",\"description\":\"Specialist in Atex and IECEx Solutions\",\"publisher\":{\"@id\":\"https:\/\/atexxo.nl\/ru\/#organization\"},\"potentialAction\":[{\"@type\":\"SearchAction\",\"target\":{\"@type\":\"EntryPoint\",\"urlTemplate\":\"https:\/\/atexxo.nl\/ru\/?s={search_term_string}\"},\"query-input\":{\"@type\":\"PropertyValueSpecification\",\"valueRequired\":true,\"valueName\":\"search_term_string\"}}],\"inLanguage\":\"de\"},{\"@type\":\"Organization\",\"@id\":\"https:\/\/atexxo.nl\/ru\/#organization\",\"name\":\"Atexxo Manufacturing\",\"url\":\"https:\/\/atexxo.nl\/ru\/\",\"logo\":{\"@type\":\"ImageObject\",\"inLanguage\":\"de\",\"@id\":\"https:\/\/atexxo.nl\/ru\/#\/schema\/logo\/image\/\",\"url\":\"https:\/\/atexxo.nl\/wp-content\/uploads\/2015\/04\/logo_atexxo.jpg\",\"contentUrl\":\"https:\/\/atexxo.nl\/wp-content\/uploads\/2015\/04\/logo_atexxo.jpg\",\"width\":1533,\"height\":733,\"caption\":\"Atexxo Manufacturing\"},\"image\":{\"@id\":\"https:\/\/atexxo.nl\/ru\/#\/schema\/logo\/image\/\"}}]}<\/script>\n<!-- \/ Yoast SEO plugin. -->","yoast_head_json":{"title":"Ex Schutz - Atexxo Manufacturing","robots":{"index":"index","follow":"follow","max-snippet":"max-snippet:-1","max-image-preview":"max-image-preview:large","max-video-preview":"max-video-preview:-1"},"canonical":"https:\/\/atexxo.nl\/de\/ex-protection-2\/","og_locale":"de_DE","og_type":"article","og_title":"Ex Schutz - Atexxo Manufacturing","og_description":"Die folgenden ATEX-Schutzma\u00dfnahmen sind commently von unseren Ingenieuren durchgef\u00fchrt, um sicherzustellen, dass Ihr Produkt die ATEX oder IECEx-Verordnungen erf\u00fcllt : Druckfeste Kapselung (Ex d) &#8211; EN 60079-1 Druckhaltung (Ex p) &#8211; EN 60079-2 Erh\u00f6hte Sicherheit (Ex e) &#8211; EN 60079-7 Nicht funkend (Ex n) &#8211; EN 60079-15 Eigensicherheit (Ex i) &#8211; EN 60079-11 Kapselung (Ex [&hellip;]","og_url":"https:\/\/atexxo.nl\/de\/ex-protection-2\/","og_site_name":"Atexxo Manufacturing","article_modified_time":"2015-10-02T11:31:42+00:00","og_image":[{"width":512,"height":448,"url":"https:\/\/atexxo.nl\/wp-content\/uploads\/2015\/03\/EX-logo.svg_.png","type":"image\/png"}],"twitter_misc":{"Gesch\u00e4tzte Lesezeit":"2\u00a0Minuten"},"schema":{"@context":"https:\/\/schema.org","@graph":[{"@type":"WebPage","@id":"https:\/\/atexxo.nl\/de\/ex-protection-2\/","url":"https:\/\/atexxo.nl\/de\/ex-protection-2\/","name":"Ex Schutz - Atexxo Manufacturing","isPartOf":{"@id":"https:\/\/atexxo.nl\/ru\/#website"},"primaryImageOfPage":{"@id":"https:\/\/atexxo.nl\/de\/ex-protection-2\/#primaryimage"},"image":{"@id":"https:\/\/atexxo.nl\/de\/ex-protection-2\/#primaryimage"},"thumbnailUrl":"https:\/\/atexxo.nl\/wp-content\/uploads\/2015\/03\/EX-logo.svg_.png","datePublished":"2015-09-15T12:55:10+00:00","dateModified":"2015-10-02T11:31:42+00:00","breadcrumb":{"@id":"https:\/\/atexxo.nl\/de\/ex-protection-2\/#breadcrumb"},"inLanguage":"de","potentialAction":[{"@type":"ReadAction","target":["https:\/\/atexxo.nl\/de\/ex-protection-2\/"]}]},{"@type":"ImageObject","inLanguage":"de","@id":"https:\/\/atexxo.nl\/de\/ex-protection-2\/#primaryimage","url":"https:\/\/atexxo.nl\/wp-content\/uploads\/2015\/03\/EX-logo.svg_.png","contentUrl":"https:\/\/atexxo.nl\/wp-content\/uploads\/2015\/03\/EX-logo.svg_.png","width":512,"height":448},{"@type":"BreadcrumbList","@id":"https:\/\/atexxo.nl\/de\/ex-protection-2\/#breadcrumb","itemListElement":[{"@type":"ListItem","position":1,"name":"Startseite","item":"https:\/\/atexxo.nl\/de\/"},{"@type":"ListItem","position":2,"name":"Ex Schutz"}]},{"@type":"WebSite","@id":"https:\/\/atexxo.nl\/ru\/#website","url":"https:\/\/atexxo.nl\/ru\/","name":"Atexxo Manufacturing","description":"Specialist in Atex and IECEx Solutions","publisher":{"@id":"https:\/\/atexxo.nl\/ru\/#organization"},"potentialAction":[{"@type":"SearchAction","target":{"@type":"EntryPoint","urlTemplate":"https:\/\/atexxo.nl\/ru\/?s={search_term_string}"},"query-input":{"@type":"PropertyValueSpecification","valueRequired":true,"valueName":"search_term_string"}}],"inLanguage":"de"},{"@type":"Organization","@id":"https:\/\/atexxo.nl\/ru\/#organization","name":"Atexxo Manufacturing","url":"https:\/\/atexxo.nl\/ru\/","logo":{"@type":"ImageObject","inLanguage":"de","@id":"https:\/\/atexxo.nl\/ru\/#\/schema\/logo\/image\/","url":"https:\/\/atexxo.nl\/wp-content\/uploads\/2015\/04\/logo_atexxo.jpg","contentUrl":"https:\/\/atexxo.nl\/wp-content\/uploads\/2015\/04\/logo_atexxo.jpg","width":1533,"height":733,"caption":"Atexxo Manufacturing"},"image":{"@id":"https:\/\/atexxo.nl\/ru\/#\/schema\/logo\/image\/"}}]}},"rttpg_featured_image_url":{"full":["https:\/\/atexxo.nl\/wp-content\/uploads\/2015\/03\/EX-logo.svg_.png",512,448,false],"landscape":["https:\/\/atexxo.nl\/wp-content\/uploads\/2015\/03\/EX-logo.svg_.png",512,448,false],"portraits":["https:\/\/atexxo.nl\/wp-content\/uploads\/2015\/03\/EX-logo.svg_.png",512,448,false],"thumbnail":["https:\/\/atexxo.nl\/wp-content\/uploads\/2015\/03\/EX-logo.svg_-150x150.png",150,150,true],"medium":["https:\/\/atexxo.nl\/wp-content\/uploads\/2015\/03\/EX-logo.svg_-300x263.png",300,263,true],"large":["https:\/\/atexxo.nl\/wp-content\/uploads\/2015\/03\/EX-logo.svg_.png",512,448,false],"1536x1536":["https:\/\/atexxo.nl\/wp-content\/uploads\/2015\/03\/EX-logo.svg_.png",512,448,false],"2048x2048":["https:\/\/atexxo.nl\/wp-content\/uploads\/2015\/03\/EX-logo.svg_.png",512,448,false]},"rttpg_author":{"display_name":"adatex","author_link":"https:\/\/atexxo.nl\/de\/author\/adatex\/"},"rttpg_comment":0,"rttpg_category":false,"rttpg_excerpt":"Die folgenden ATEX-Schutzma\u00dfnahmen sind commently von unseren Ingenieuren durchgef\u00fchrt, um sicherzustellen, dass Ihr Produkt die ATEX oder IECEx-Verordnungen erf\u00fcllt : Druckfeste Kapselung (Ex d) &#8211; EN 60079-1 Druckhaltung (Ex p) &#8211; EN 60079-2 Erh\u00f6hte Sicherheit (Ex e) &#8211; EN 60079-7 Nicht funkend (Ex n) &#8211; EN 60079-15 Eigensicherheit (Ex i) &#8211; EN 60079-11 Kapselung (Ex&hellip;","_links":{"self":[{"href":"https:\/\/atexxo.nl\/de\/wp-json\/wp\/v2\/pages\/1145","targetHints":{"allow":["GET"]}}],"collection":[{"href":"https:\/\/atexxo.nl\/de\/wp-json\/wp\/v2\/pages"}],"about":[{"href":"https:\/\/atexxo.nl\/de\/wp-json\/wp\/v2\/types\/page"}],"author":[{"embeddable":true,"href":"https:\/\/atexxo.nl\/de\/wp-json\/wp\/v2\/users\/1"}],"replies":[{"embeddable":true,"href":"https:\/\/atexxo.nl\/de\/wp-json\/wp\/v2\/comments?post=1145"}],"version-history":[{"count":0,"href":"https:\/\/atexxo.nl\/de\/wp-json\/wp\/v2\/pages\/1145\/revisions"}],"wp:featuredmedia":[{"embeddable":true,"href":"https:\/\/atexxo.nl\/de\/wp-json\/wp\/v2\/media\/1147"}],"wp:attachment":[{"href":"https:\/\/atexxo.nl\/de\/wp-json\/wp\/v2\/media?parent=1145"}],"curies":[{"name":"wp","href":"https:\/\/api.w.org\/{rel}","templated":true}]}}