{"id":1137,"date":"2015-09-15T13:53:58","date_gmt":"2015-09-15T12:53:58","guid":{"rendered":"https:\/\/atexxo.nl\/?page_id=1137"},"modified":"2015-10-02T12:14:29","modified_gmt":"2015-10-02T11:14:29","slug":"ex-blindplug-2","status":"publish","type":"page","link":"https:\/\/atexxo.nl\/de\/produkte\/atex-iecex-kabelverschraubungen\/ex-blindplug-2\/","title":{"rendered":"EX Blindstopfen"},"content":{"rendered":"<h1>ATEX IECEx <span id=\"result_box\" class=\"short_text\" lang=\"de\"><span class=\"hps\">zertifizierte Blindstopfen<\/span><\/span><\/h1>\n<p><a href=\"https:\/\/atexxo.nl\/wp-content\/uploads\/2015\/04\/ATEX-IECEx-EXe-EXd-Blindpluggen.jpg\"><img loading=\"lazy\" decoding=\"async\" class=\"alignnone wp-image-881\" src=\"https:\/\/atexxo.nl\/wp-content\/uploads\/2015\/04\/ATEX-IECEx-EXe-EXd-Blindpluggen.jpg\" alt=\"ATEX-IECEx-EXe-EXd-Blindpluggen\" width=\"707\" height=\"197\" srcset=\"https:\/\/atexxo.nl\/wp-content\/uploads\/2015\/04\/ATEX-IECEx-EXe-EXd-Blindpluggen.jpg 997w, https:\/\/atexxo.nl\/wp-content\/uploads\/2015\/04\/ATEX-IECEx-EXe-EXd-Blindpluggen-300x84.jpg 300w\" sizes=\"auto, (max-width: 707px) 100vw, 707px\" \/><\/a> <span id=\"result_box\" class=\"\" lang=\"de\"><span class=\"hps\">Atexxo<\/span> <span class=\"hps\">Fertigungs<\/span> <span class=\"hps\">B.V.<\/span> <span class=\"hps\">biedt<\/span> <span class=\"hps\">ATEX<\/span> <span class=\"hps\">IECEx<\/span> <span class=\"hps\">zertifizierte<\/span> <span class=\"hps\">Blindstopfen<\/span> die <span class=\"hps\">auf<\/span> <span class=\"hps\">oilplatforms<\/span>\u00a0<span id=\"result_box\" class=\"short_text\" lang=\"de\"><\/span>, <span class=\"hps\">offshore<\/span> <span class=\"hps\">petrochemischen Industrie<\/span> <span class=\"hps\">und anderen gef\u00e4hrlichen<\/span> <span class=\"hps\">Zone 1 und Zone<\/span> <span class=\"hps\">2 und<\/span> <span class=\"hps\">21 und 22<\/span> <span class=\"hps\">explosionsgef\u00e4hrdeten Umgebungen verwendet werden <span id=\"result_box\" class=\"short_text\" lang=\"de\">k\u00f6nnen<\/span><\/span>. <span class=\"hps\">Die<\/span> <span class=\"hps\">EX<\/span>-Stecker k\u00f6nnen <span class=\"hps\">f\u00fcr<\/span> <span class=\"hps\">Temperaturen von -40<\/span> <span class=\"hps\">bis +100<\/span> <span class=\"hps\">Grad Celsius<\/span>\u00a0<span class=\"hps\">verwendet werden.<\/span> <span class=\"hps\">Die<\/span> <span class=\"hps\">ATEX<\/span>-Norm-Stecker <span class=\"hps\">geliefert<\/span>, wie <span class=\"hps\">Nickel<\/span> <span class=\"hps\">Messing.<\/span> <span class=\"hps atn\">Die ATEX-<\/span>Blindstopfen <span class=\"hps\">haben<\/span> <span class=\"hps\">einen gewissen Schutz<\/span> <span class=\"hps\">(auf Anfrage<\/span> <span class=\"hps\">in<\/span> <span class=\"hps\">Edelstahl, Messing<\/span> <span class=\"hps\">oder basischen<\/span> <span class=\"hps\">geliefert werden<\/span>): <span class=\"hps\">IP66<\/span> <span class=\"hps\">und<\/span> <span class=\"hps\">IP68<\/span> <span class=\"hps\">beide<\/span>. <span class=\"hps\">Wir haben<\/span> <span class=\"hps\">unterschiedliche Gr\u00f6\u00dfe der<\/span> <span class=\"hps\">Stecker an<\/span> <span class=\"hps\">Lager.<\/span> <span class=\"hps\">Wenn Sie weitere Informationen<\/span> <span class=\"hps\">in Bezug auf die<\/span> <span class=\"hps\">IECEx<\/span> <span class=\"hps\">Plugs<\/span> <span class=\"hps\">m\u00f6chten,<\/span> <span class=\"hps\">wenden Sie sich bitte<\/span> <span class=\"hps\">an der<\/span> <span class=\"hps\">unten stehenden Tabelle<\/span> <span class=\"hps\">zu suchen<\/span> <span class=\"hps\">oder kontaktieren Sie uns<\/span>. <span class=\"hps\">Auch<\/span> <span class=\"hps\">mit<\/span> <span class=\"hps\">DNV<\/span>-GL <span class=\"hps atn\">Marine-<\/span>Typgenehmigung <span class=\"hps\">geliefert<\/span>. <span class=\"hps\">Universell f\u00fcr<\/span> <span class=\"hps\">Exe<\/span> <span class=\"hps\">und<\/span> <span class=\"hps atn\">Ex-d-<\/span>Explosionsschutz <span class=\"hps\">geeignet<\/span><\/span><\/p>\n<h2><span id=\"result_box\" class=\"\" lang=\"de\"><span class=\"hps\">Technische Details<\/span><\/span><\/h2>\n<p><a href=\"https:\/\/atexxo.nl\/wp-content\/uploads\/2015\/04\/Bling-plugs-exe-exd.png\"><img loading=\"lazy\" decoding=\"async\" class=\" size-full wp-image-889 alignnone\" src=\"https:\/\/atexxo.nl\/wp-content\/uploads\/2015\/04\/Bling-plugs-exe-exd.png\" alt=\"exe exd blind plugs\" width=\"263\" height=\"138\" \/><\/a> <a href=\"https:\/\/atexxo.nl\/wp-content\/uploads\/2015\/04\/Aquila-atex-blindpluggen-iecex-tabel.jpg\"><img loading=\"lazy\" decoding=\"async\" class=\"alignnone size-full wp-image-950\" src=\"https:\/\/atexxo.nl\/wp-content\/uploads\/2015\/04\/Aquila-atex-blindpluggen-iecex-tabel.jpg\" alt=\"Aquila-atex-blindpluggen-iecex-tabel\" width=\"459\" height=\"311\" srcset=\"https:\/\/atexxo.nl\/wp-content\/uploads\/2015\/04\/Aquila-atex-blindpluggen-iecex-tabel.jpg 459w, https:\/\/atexxo.nl\/wp-content\/uploads\/2015\/04\/Aquila-atex-blindpluggen-iecex-tabel-300x203.jpg 300w\" sizes=\"auto, (max-width: 459px) 100vw, 459px\" \/><\/a><\/p>\n","protected":false},"excerpt":{"rendered":"<p>ATEX IECEx zertifizierte Blindstopfen Atexxo Fertigungs B.V. biedt ATEX IECEx zertifizierte Blindstopfen die auf oilplatforms\u00a0, offshore petrochemischen Industrie und anderen gef\u00e4hrlichen Zone 1 und Zone 2 und 21 und 22 explosionsgef\u00e4hrdeten Umgebungen verwendet werden k\u00f6nnen. Die EX-Stecker k\u00f6nnen f\u00fcr Temperaturen von -40 bis +100 Grad Celsius\u00a0verwendet werden. Die ATEX-Norm-Stecker geliefert, wie Nickel Messing. Die ATEX-Blindstopfen [&hellip;]<\/p>\n","protected":false},"author":1,"featured_media":0,"parent":1220,"menu_order":0,"comment_status":"closed","ping_status":"closed","template":"","meta":{"_monsterinsights_skip_tracking":false,"_monsterinsights_sitenote_active":false,"_monsterinsights_sitenote_note":"","_monsterinsights_sitenote_category":0,"_genesis_hide_title":false,"_genesis_hide_breadcrumbs":false,"_genesis_hide_singular_image":false,"_genesis_hide_footer_widgets":false,"_genesis_custom_body_class":"","_genesis_custom_post_class":"","_genesis_layout":"","footnotes":""},"class_list":{"0":"post-1137","1":"page","2":"type-page","3":"status-publish","5":"entry","6":"has-post-thumbnail"},"yoast_head":"<!-- This site is optimized with the Yoast SEO plugin v26.8 - https:\/\/yoast.com\/product\/yoast-seo-wordpress\/ -->\n<title>EX Blindstopfen - Atexxo Manufacturing<\/title>\n<meta name=\"robots\" content=\"index, follow, max-snippet:-1, max-image-preview:large, max-video-preview:-1\" \/>\n<link rel=\"canonical\" href=\"https:\/\/atexxo.nl\/de\/produkte\/atex-iecex-kabelverschraubungen\/ex-blindplug-2\/\" \/>\n<meta property=\"og:locale\" content=\"de_DE\" \/>\n<meta property=\"og:type\" content=\"article\" \/>\n<meta property=\"og:title\" content=\"EX Blindstopfen - Atexxo Manufacturing\" \/>\n<meta property=\"og:description\" content=\"ATEX IECEx zertifizierte Blindstopfen Atexxo Fertigungs B.V. biedt ATEX IECEx zertifizierte Blindstopfen die auf oilplatforms\u00a0, offshore petrochemischen Industrie und anderen gef\u00e4hrlichen Zone 1 und Zone 2 und 21 und 22 explosionsgef\u00e4hrdeten Umgebungen verwendet werden k\u00f6nnen. Die EX-Stecker k\u00f6nnen f\u00fcr Temperaturen von -40 bis +100 Grad Celsius\u00a0verwendet werden. Die ATEX-Norm-Stecker geliefert, wie Nickel Messing. Die ATEX-Blindstopfen [&hellip;]\" \/>\n<meta property=\"og:url\" content=\"https:\/\/atexxo.nl\/de\/produkte\/atex-iecex-kabelverschraubungen\/ex-blindplug-2\/\" \/>\n<meta property=\"og:site_name\" content=\"Atexxo Manufacturing\" \/>\n<meta property=\"article:modified_time\" content=\"2015-10-02T11:14:29+00:00\" \/>\n<meta property=\"og:image\" content=\"https:\/\/atexxo.nl\/wp-content\/uploads\/2015\/04\/ATEX-IECEx-EXe-EXd-Blindpluggen.jpg\" \/>\n<meta name=\"twitter:label1\" content=\"Gesch\u00e4tzte Lesezeit\" \/>\n\t<meta name=\"twitter:data1\" content=\"1\u00a0Minute\" \/>\n<script type=\"application\/ld+json\" class=\"yoast-schema-graph\">{\"@context\":\"https:\/\/schema.org\",\"@graph\":[{\"@type\":\"WebPage\",\"@id\":\"https:\/\/atexxo.nl\/de\/produkte\/atex-iecex-kabelverschraubungen\/ex-blindplug-2\/\",\"url\":\"https:\/\/atexxo.nl\/de\/produkte\/atex-iecex-kabelverschraubungen\/ex-blindplug-2\/\",\"name\":\"EX Blindstopfen - Atexxo Manufacturing\",\"isPartOf\":{\"@id\":\"https:\/\/atexxo.nl\/ru\/#website\"},\"primaryImageOfPage\":{\"@id\":\"https:\/\/atexxo.nl\/de\/produkte\/atex-iecex-kabelverschraubungen\/ex-blindplug-2\/#primaryimage\"},\"image\":{\"@id\":\"https:\/\/atexxo.nl\/de\/produkte\/atex-iecex-kabelverschraubungen\/ex-blindplug-2\/#primaryimage\"},\"thumbnailUrl\":\"https:\/\/atexxo.nl\/wp-content\/uploads\/2015\/04\/ATEX-IECEx-EXe-EXd-Blindpluggen.jpg\",\"datePublished\":\"2015-09-15T12:53:58+00:00\",\"dateModified\":\"2015-10-02T11:14:29+00:00\",\"breadcrumb\":{\"@id\":\"https:\/\/atexxo.nl\/de\/produkte\/atex-iecex-kabelverschraubungen\/ex-blindplug-2\/#breadcrumb\"},\"inLanguage\":\"de\",\"potentialAction\":[{\"@type\":\"ReadAction\",\"target\":[\"https:\/\/atexxo.nl\/de\/produkte\/atex-iecex-kabelverschraubungen\/ex-blindplug-2\/\"]}]},{\"@type\":\"ImageObject\",\"inLanguage\":\"de\",\"@id\":\"https:\/\/atexxo.nl\/de\/produkte\/atex-iecex-kabelverschraubungen\/ex-blindplug-2\/#primaryimage\",\"url\":\"https:\/\/atexxo.nl\/wp-content\/uploads\/2015\/04\/ATEX-IECEx-EXe-EXd-Blindpluggen.jpg\",\"contentUrl\":\"https:\/\/atexxo.nl\/wp-content\/uploads\/2015\/04\/ATEX-IECEx-EXe-EXd-Blindpluggen.jpg\"},{\"@type\":\"BreadcrumbList\",\"@id\":\"https:\/\/atexxo.nl\/de\/produkte\/atex-iecex-kabelverschraubungen\/ex-blindplug-2\/#breadcrumb\",\"itemListElement\":[{\"@type\":\"ListItem\",\"position\":1,\"name\":\"Startseite\",\"item\":\"https:\/\/atexxo.nl\/de\/\"},{\"@type\":\"ListItem\",\"position\":2,\"name\":\"Produkte\",\"item\":\"https:\/\/atexxo.nl\/de\/produkte\/\"},{\"@type\":\"ListItem\",\"position\":3,\"name\":\"ATEX \/ IECEx Kabelverschraubungen\",\"item\":\"https:\/\/atexxo.nl\/de\/produkte\/atex-iecex-kabelverschraubungen\/\"},{\"@type\":\"ListItem\",\"position\":4,\"name\":\"EX Blindstopfen\"}]},{\"@type\":\"WebSite\",\"@id\":\"https:\/\/atexxo.nl\/ru\/#website\",\"url\":\"https:\/\/atexxo.nl\/ru\/\",\"name\":\"Atexxo Manufacturing\",\"description\":\"Specialist in Atex and IECEx Solutions\",\"publisher\":{\"@id\":\"https:\/\/atexxo.nl\/ru\/#organization\"},\"potentialAction\":[{\"@type\":\"SearchAction\",\"target\":{\"@type\":\"EntryPoint\",\"urlTemplate\":\"https:\/\/atexxo.nl\/ru\/?s={search_term_string}\"},\"query-input\":{\"@type\":\"PropertyValueSpecification\",\"valueRequired\":true,\"valueName\":\"search_term_string\"}}],\"inLanguage\":\"de\"},{\"@type\":\"Organization\",\"@id\":\"https:\/\/atexxo.nl\/ru\/#organization\",\"name\":\"Atexxo Manufacturing\",\"url\":\"https:\/\/atexxo.nl\/ru\/\",\"logo\":{\"@type\":\"ImageObject\",\"inLanguage\":\"de\",\"@id\":\"https:\/\/atexxo.nl\/ru\/#\/schema\/logo\/image\/\",\"url\":\"https:\/\/atexxo.nl\/wp-content\/uploads\/2015\/04\/logo_atexxo.jpg\",\"contentUrl\":\"https:\/\/atexxo.nl\/wp-content\/uploads\/2015\/04\/logo_atexxo.jpg\",\"width\":1533,\"height\":733,\"caption\":\"Atexxo Manufacturing\"},\"image\":{\"@id\":\"https:\/\/atexxo.nl\/ru\/#\/schema\/logo\/image\/\"}}]}<\/script>\n<!-- \/ Yoast SEO plugin. -->","yoast_head_json":{"title":"EX Blindstopfen - Atexxo Manufacturing","robots":{"index":"index","follow":"follow","max-snippet":"max-snippet:-1","max-image-preview":"max-image-preview:large","max-video-preview":"max-video-preview:-1"},"canonical":"https:\/\/atexxo.nl\/de\/produkte\/atex-iecex-kabelverschraubungen\/ex-blindplug-2\/","og_locale":"de_DE","og_type":"article","og_title":"EX Blindstopfen - Atexxo Manufacturing","og_description":"ATEX IECEx zertifizierte Blindstopfen Atexxo Fertigungs B.V. biedt ATEX IECEx zertifizierte Blindstopfen die auf oilplatforms\u00a0, offshore petrochemischen Industrie und anderen gef\u00e4hrlichen Zone 1 und Zone 2 und 21 und 22 explosionsgef\u00e4hrdeten Umgebungen verwendet werden k\u00f6nnen. Die EX-Stecker k\u00f6nnen f\u00fcr Temperaturen von -40 bis +100 Grad Celsius\u00a0verwendet werden. Die ATEX-Norm-Stecker geliefert, wie Nickel Messing. Die ATEX-Blindstopfen [&hellip;]","og_url":"https:\/\/atexxo.nl\/de\/produkte\/atex-iecex-kabelverschraubungen\/ex-blindplug-2\/","og_site_name":"Atexxo Manufacturing","article_modified_time":"2015-10-02T11:14:29+00:00","og_image":[{"url":"https:\/\/atexxo.nl\/wp-content\/uploads\/2015\/04\/ATEX-IECEx-EXe-EXd-Blindpluggen.jpg","type":"","width":"","height":""}],"twitter_misc":{"Gesch\u00e4tzte Lesezeit":"1\u00a0Minute"},"schema":{"@context":"https:\/\/schema.org","@graph":[{"@type":"WebPage","@id":"https:\/\/atexxo.nl\/de\/produkte\/atex-iecex-kabelverschraubungen\/ex-blindplug-2\/","url":"https:\/\/atexxo.nl\/de\/produkte\/atex-iecex-kabelverschraubungen\/ex-blindplug-2\/","name":"EX Blindstopfen - Atexxo Manufacturing","isPartOf":{"@id":"https:\/\/atexxo.nl\/ru\/#website"},"primaryImageOfPage":{"@id":"https:\/\/atexxo.nl\/de\/produkte\/atex-iecex-kabelverschraubungen\/ex-blindplug-2\/#primaryimage"},"image":{"@id":"https:\/\/atexxo.nl\/de\/produkte\/atex-iecex-kabelverschraubungen\/ex-blindplug-2\/#primaryimage"},"thumbnailUrl":"https:\/\/atexxo.nl\/wp-content\/uploads\/2015\/04\/ATEX-IECEx-EXe-EXd-Blindpluggen.jpg","datePublished":"2015-09-15T12:53:58+00:00","dateModified":"2015-10-02T11:14:29+00:00","breadcrumb":{"@id":"https:\/\/atexxo.nl\/de\/produkte\/atex-iecex-kabelverschraubungen\/ex-blindplug-2\/#breadcrumb"},"inLanguage":"de","potentialAction":[{"@type":"ReadAction","target":["https:\/\/atexxo.nl\/de\/produkte\/atex-iecex-kabelverschraubungen\/ex-blindplug-2\/"]}]},{"@type":"ImageObject","inLanguage":"de","@id":"https:\/\/atexxo.nl\/de\/produkte\/atex-iecex-kabelverschraubungen\/ex-blindplug-2\/#primaryimage","url":"https:\/\/atexxo.nl\/wp-content\/uploads\/2015\/04\/ATEX-IECEx-EXe-EXd-Blindpluggen.jpg","contentUrl":"https:\/\/atexxo.nl\/wp-content\/uploads\/2015\/04\/ATEX-IECEx-EXe-EXd-Blindpluggen.jpg"},{"@type":"BreadcrumbList","@id":"https:\/\/atexxo.nl\/de\/produkte\/atex-iecex-kabelverschraubungen\/ex-blindplug-2\/#breadcrumb","itemListElement":[{"@type":"ListItem","position":1,"name":"Startseite","item":"https:\/\/atexxo.nl\/de\/"},{"@type":"ListItem","position":2,"name":"Produkte","item":"https:\/\/atexxo.nl\/de\/produkte\/"},{"@type":"ListItem","position":3,"name":"ATEX \/ IECEx Kabelverschraubungen","item":"https:\/\/atexxo.nl\/de\/produkte\/atex-iecex-kabelverschraubungen\/"},{"@type":"ListItem","position":4,"name":"EX Blindstopfen"}]},{"@type":"WebSite","@id":"https:\/\/atexxo.nl\/ru\/#website","url":"https:\/\/atexxo.nl\/ru\/","name":"Atexxo Manufacturing","description":"Specialist in Atex and IECEx Solutions","publisher":{"@id":"https:\/\/atexxo.nl\/ru\/#organization"},"potentialAction":[{"@type":"SearchAction","target":{"@type":"EntryPoint","urlTemplate":"https:\/\/atexxo.nl\/ru\/?s={search_term_string}"},"query-input":{"@type":"PropertyValueSpecification","valueRequired":true,"valueName":"search_term_string"}}],"inLanguage":"de"},{"@type":"Organization","@id":"https:\/\/atexxo.nl\/ru\/#organization","name":"Atexxo Manufacturing","url":"https:\/\/atexxo.nl\/ru\/","logo":{"@type":"ImageObject","inLanguage":"de","@id":"https:\/\/atexxo.nl\/ru\/#\/schema\/logo\/image\/","url":"https:\/\/atexxo.nl\/wp-content\/uploads\/2015\/04\/logo_atexxo.jpg","contentUrl":"https:\/\/atexxo.nl\/wp-content\/uploads\/2015\/04\/logo_atexxo.jpg","width":1533,"height":733,"caption":"Atexxo Manufacturing"},"image":{"@id":"https:\/\/atexxo.nl\/ru\/#\/schema\/logo\/image\/"}}]}},"rttpg_featured_image_url":null,"rttpg_author":{"display_name":"adatex","author_link":"https:\/\/atexxo.nl\/de\/author\/adatex\/"},"rttpg_comment":0,"rttpg_category":false,"rttpg_excerpt":"ATEX IECEx zertifizierte Blindstopfen Atexxo Fertigungs B.V. biedt ATEX IECEx zertifizierte Blindstopfen die auf oilplatforms\u00a0, offshore petrochemischen Industrie und anderen gef\u00e4hrlichen Zone 1 und Zone 2 und 21 und 22 explosionsgef\u00e4hrdeten Umgebungen verwendet werden k\u00f6nnen. Die EX-Stecker k\u00f6nnen f\u00fcr Temperaturen von -40 bis +100 Grad Celsius\u00a0verwendet werden. Die ATEX-Norm-Stecker geliefert, wie Nickel Messing. Die ATEX-Blindstopfen&hellip;","_links":{"self":[{"href":"https:\/\/atexxo.nl\/de\/wp-json\/wp\/v2\/pages\/1137","targetHints":{"allow":["GET"]}}],"collection":[{"href":"https:\/\/atexxo.nl\/de\/wp-json\/wp\/v2\/pages"}],"about":[{"href":"https:\/\/atexxo.nl\/de\/wp-json\/wp\/v2\/types\/page"}],"author":[{"embeddable":true,"href":"https:\/\/atexxo.nl\/de\/wp-json\/wp\/v2\/users\/1"}],"replies":[{"embeddable":true,"href":"https:\/\/atexxo.nl\/de\/wp-json\/wp\/v2\/comments?post=1137"}],"version-history":[{"count":0,"href":"https:\/\/atexxo.nl\/de\/wp-json\/wp\/v2\/pages\/1137\/revisions"}],"up":[{"embeddable":true,"href":"https:\/\/atexxo.nl\/de\/wp-json\/wp\/v2\/pages\/1220"}],"wp:attachment":[{"href":"https:\/\/atexxo.nl\/de\/wp-json\/wp\/v2\/media?parent=1137"}],"curies":[{"name":"wp","href":"https:\/\/api.w.org\/{rel}","templated":true}]}}