{"id":1135,"date":"2015-09-15T13:53:40","date_gmt":"2015-09-15T12:53:40","guid":{"rendered":"https:\/\/atexxo.nl\/?page_id=1135"},"modified":"2015-10-06T12:03:45","modified_gmt":"2015-10-06T11:03:45","slug":"encapsulation-ex-m-en-60079-18-3","status":"publish","type":"page","link":"https:\/\/atexxo.nl\/de\/encapsulation-ex-m-en-60079-18-3\/","title":{"rendered":"Encapsulation (Ex m) \u2013 EN 60079-18"},"content":{"rendered":"<p>Encapsulation funktioniert durch Einschlie\u00dfen Ausr\u00fcstung in speziellen Vergussmasse so entfernt halten die explosionsf\u00e4hige Atmosph\u00e4re aus der Z\u00fcndquelle. Es gibt jedoch mehrere Nachteile bei dieser Art von Schutz.<\/p>\n<ul>\n<li>Die Pr\u00fcfung Teil des Zertifizierungsprozess dauert mindestens f\u00fcnf Wochen, und das Ergebnis ist keineswegs certainement.<\/li>\n<li>Das verkapselte Produkt hohen Temperaturkonditionierung vier Wochen unterworfen und mit den Unterschieden der thermischen Ausdehnung oder Innenteile, zu Rissen und Spalten des Verkapselungsmittels f\u00fchrt.<\/li>\n<li>Zug\u00e4nglichkeit und Wartungsfreundlichkeit des Produkts geopfert wird, da die Blumenerde schulternder Abdeckung alle Teile der Schaltung.<\/li>\n<\/ul>\n<p>Auf der positiven Seite jedoch gibt es nicht viel Beschr\u00e4nkung auf den Aufbau der Schaltung, obwohl einige Modifikationen erforderlich sein, weil ein einzelner Fehler an die Schaltung ohne das Vergie\u00dfen aufgebracht werden. Thermosicherungen k\u00f6nnen entweder diesen Schutz in oder als Huckepack-Platine eingebaut Providence.<\/p>\n<h2>Wichtige konstruktive Parameter<\/h2>\n<ul>\n<li>Kapselung:\n<ul>\n<li>Durchschlagfestigkeit<\/li>\n<li>Geringe Wasseraufnahme<\/li>\n<li>Resistenz gegen\u00fcber verschiedenen Einfl\u00fcssen<\/li>\n<li>Potting muss oder vorgeschriebenen Dicke rundum<\/li>\n<li>Hohlr\u00e4ume sind nur in begrenztem Umfang zul\u00e4ssig<\/li>\n<li>Potting wird nur durch Kabeleinf\u00fchrungen eingedrungen<\/li>\n<\/ul>\n<\/li>\n<li>Belastung der Bauteile begrenzt oder reduziert.<\/li>\n<li>Erh\u00f6hte Abst\u00e4nde spannungsf\u00fchrender Teile.<\/li>\n<\/ul>\n<h2>Anwendunge<\/h2>\n<p>Ruhende Spulen von Vorschaltger\u00e4ten, Magnetventilen oder Motoren, Relais und andere Betriebsger\u00e4te von begrenzter Leistung, sowie komplette Leiterplatten mit elektronischen Schaltungen.<\/p>\n","protected":false},"excerpt":{"rendered":"<p>Encapsulation funktioniert durch Einschlie\u00dfen Ausr\u00fcstung in speziellen Vergussmasse so entfernt halten die explosionsf\u00e4hige Atmosph\u00e4re aus der Z\u00fcndquelle. Es gibt jedoch mehrere Nachteile bei dieser Art von Schutz. Die Pr\u00fcfung Teil des Zertifizierungsprozess dauert mindestens f\u00fcnf Wochen, und das Ergebnis ist keineswegs certainement. Das verkapselte Produkt hohen Temperaturkonditionierung vier Wochen unterworfen und mit den Unterschieden der [&hellip;]<\/p>\n","protected":false},"author":1,"featured_media":0,"parent":0,"menu_order":0,"comment_status":"closed","ping_status":"closed","template":"","meta":{"_monsterinsights_skip_tracking":false,"_monsterinsights_sitenote_active":false,"_monsterinsights_sitenote_note":"","_monsterinsights_sitenote_category":0,"_genesis_hide_title":false,"_genesis_hide_breadcrumbs":false,"_genesis_hide_singular_image":false,"_genesis_hide_footer_widgets":false,"_genesis_custom_body_class":"","_genesis_custom_post_class":"","_genesis_layout":"","footnotes":""},"class_list":{"0":"post-1135","1":"page","2":"type-page","3":"status-publish","5":"entry"},"yoast_head":"<!-- This site is optimized with the Yoast SEO plugin v26.8 - https:\/\/yoast.com\/product\/yoast-seo-wordpress\/ -->\n<title>Encapsulation (Ex m) \u2013 EN 60079-18 - Atexxo Manufacturing<\/title>\n<meta name=\"robots\" content=\"index, follow, max-snippet:-1, max-image-preview:large, max-video-preview:-1\" \/>\n<link rel=\"canonical\" href=\"https:\/\/atexxo.nl\/de\/encapsulation-ex-m-en-60079-18-3\/\" \/>\n<meta property=\"og:locale\" content=\"de_DE\" \/>\n<meta property=\"og:type\" content=\"article\" \/>\n<meta property=\"og:title\" content=\"Encapsulation (Ex m) \u2013 EN 60079-18 - Atexxo Manufacturing\" \/>\n<meta property=\"og:description\" content=\"Encapsulation funktioniert durch Einschlie\u00dfen Ausr\u00fcstung in speziellen Vergussmasse so entfernt halten die explosionsf\u00e4hige Atmosph\u00e4re aus der Z\u00fcndquelle. Es gibt jedoch mehrere Nachteile bei dieser Art von Schutz. Die Pr\u00fcfung Teil des Zertifizierungsprozess dauert mindestens f\u00fcnf Wochen, und das Ergebnis ist keineswegs certainement. Das verkapselte Produkt hohen Temperaturkonditionierung vier Wochen unterworfen und mit den Unterschieden der [&hellip;]\" \/>\n<meta property=\"og:url\" content=\"https:\/\/atexxo.nl\/de\/encapsulation-ex-m-en-60079-18-3\/\" \/>\n<meta property=\"og:site_name\" content=\"Atexxo Manufacturing\" \/>\n<meta property=\"article:modified_time\" content=\"2015-10-06T11:03:45+00:00\" \/>\n<meta name=\"twitter:label1\" content=\"Gesch\u00e4tzte Lesezeit\" \/>\n\t<meta name=\"twitter:data1\" content=\"1\u00a0Minute\" \/>\n<script type=\"application\/ld+json\" class=\"yoast-schema-graph\">{\"@context\":\"https:\/\/schema.org\",\"@graph\":[{\"@type\":\"WebPage\",\"@id\":\"https:\/\/atexxo.nl\/de\/encapsulation-ex-m-en-60079-18-3\/\",\"url\":\"https:\/\/atexxo.nl\/de\/encapsulation-ex-m-en-60079-18-3\/\",\"name\":\"Encapsulation (Ex m) \u2013 EN 60079-18 - Atexxo Manufacturing\",\"isPartOf\":{\"@id\":\"https:\/\/atexxo.nl\/ru\/#website\"},\"datePublished\":\"2015-09-15T12:53:40+00:00\",\"dateModified\":\"2015-10-06T11:03:45+00:00\",\"breadcrumb\":{\"@id\":\"https:\/\/atexxo.nl\/de\/encapsulation-ex-m-en-60079-18-3\/#breadcrumb\"},\"inLanguage\":\"de\",\"potentialAction\":[{\"@type\":\"ReadAction\",\"target\":[\"https:\/\/atexxo.nl\/de\/encapsulation-ex-m-en-60079-18-3\/\"]}]},{\"@type\":\"BreadcrumbList\",\"@id\":\"https:\/\/atexxo.nl\/de\/encapsulation-ex-m-en-60079-18-3\/#breadcrumb\",\"itemListElement\":[{\"@type\":\"ListItem\",\"position\":1,\"name\":\"Startseite\",\"item\":\"https:\/\/atexxo.nl\/de\/\"},{\"@type\":\"ListItem\",\"position\":2,\"name\":\"Encapsulation (Ex m) \u2013 EN 60079-18\"}]},{\"@type\":\"WebSite\",\"@id\":\"https:\/\/atexxo.nl\/ru\/#website\",\"url\":\"https:\/\/atexxo.nl\/ru\/\",\"name\":\"Atexxo Manufacturing\",\"description\":\"Specialist in Atex and IECEx Solutions\",\"publisher\":{\"@id\":\"https:\/\/atexxo.nl\/ru\/#organization\"},\"potentialAction\":[{\"@type\":\"SearchAction\",\"target\":{\"@type\":\"EntryPoint\",\"urlTemplate\":\"https:\/\/atexxo.nl\/ru\/?s={search_term_string}\"},\"query-input\":{\"@type\":\"PropertyValueSpecification\",\"valueRequired\":true,\"valueName\":\"search_term_string\"}}],\"inLanguage\":\"de\"},{\"@type\":\"Organization\",\"@id\":\"https:\/\/atexxo.nl\/ru\/#organization\",\"name\":\"Atexxo Manufacturing\",\"url\":\"https:\/\/atexxo.nl\/ru\/\",\"logo\":{\"@type\":\"ImageObject\",\"inLanguage\":\"de\",\"@id\":\"https:\/\/atexxo.nl\/ru\/#\/schema\/logo\/image\/\",\"url\":\"https:\/\/atexxo.nl\/wp-content\/uploads\/2015\/04\/logo_atexxo.jpg\",\"contentUrl\":\"https:\/\/atexxo.nl\/wp-content\/uploads\/2015\/04\/logo_atexxo.jpg\",\"width\":1533,\"height\":733,\"caption\":\"Atexxo Manufacturing\"},\"image\":{\"@id\":\"https:\/\/atexxo.nl\/ru\/#\/schema\/logo\/image\/\"}}]}<\/script>\n<!-- \/ Yoast SEO plugin. -->","yoast_head_json":{"title":"Encapsulation (Ex m) \u2013 EN 60079-18 - Atexxo Manufacturing","robots":{"index":"index","follow":"follow","max-snippet":"max-snippet:-1","max-image-preview":"max-image-preview:large","max-video-preview":"max-video-preview:-1"},"canonical":"https:\/\/atexxo.nl\/de\/encapsulation-ex-m-en-60079-18-3\/","og_locale":"de_DE","og_type":"article","og_title":"Encapsulation (Ex m) \u2013 EN 60079-18 - Atexxo Manufacturing","og_description":"Encapsulation funktioniert durch Einschlie\u00dfen Ausr\u00fcstung in speziellen Vergussmasse so entfernt halten die explosionsf\u00e4hige Atmosph\u00e4re aus der Z\u00fcndquelle. Es gibt jedoch mehrere Nachteile bei dieser Art von Schutz. Die Pr\u00fcfung Teil des Zertifizierungsprozess dauert mindestens f\u00fcnf Wochen, und das Ergebnis ist keineswegs certainement. Das verkapselte Produkt hohen Temperaturkonditionierung vier Wochen unterworfen und mit den Unterschieden der [&hellip;]","og_url":"https:\/\/atexxo.nl\/de\/encapsulation-ex-m-en-60079-18-3\/","og_site_name":"Atexxo Manufacturing","article_modified_time":"2015-10-06T11:03:45+00:00","twitter_misc":{"Gesch\u00e4tzte Lesezeit":"1\u00a0Minute"},"schema":{"@context":"https:\/\/schema.org","@graph":[{"@type":"WebPage","@id":"https:\/\/atexxo.nl\/de\/encapsulation-ex-m-en-60079-18-3\/","url":"https:\/\/atexxo.nl\/de\/encapsulation-ex-m-en-60079-18-3\/","name":"Encapsulation (Ex m) \u2013 EN 60079-18 - Atexxo Manufacturing","isPartOf":{"@id":"https:\/\/atexxo.nl\/ru\/#website"},"datePublished":"2015-09-15T12:53:40+00:00","dateModified":"2015-10-06T11:03:45+00:00","breadcrumb":{"@id":"https:\/\/atexxo.nl\/de\/encapsulation-ex-m-en-60079-18-3\/#breadcrumb"},"inLanguage":"de","potentialAction":[{"@type":"ReadAction","target":["https:\/\/atexxo.nl\/de\/encapsulation-ex-m-en-60079-18-3\/"]}]},{"@type":"BreadcrumbList","@id":"https:\/\/atexxo.nl\/de\/encapsulation-ex-m-en-60079-18-3\/#breadcrumb","itemListElement":[{"@type":"ListItem","position":1,"name":"Startseite","item":"https:\/\/atexxo.nl\/de\/"},{"@type":"ListItem","position":2,"name":"Encapsulation (Ex m) \u2013 EN 60079-18"}]},{"@type":"WebSite","@id":"https:\/\/atexxo.nl\/ru\/#website","url":"https:\/\/atexxo.nl\/ru\/","name":"Atexxo Manufacturing","description":"Specialist in Atex and IECEx Solutions","publisher":{"@id":"https:\/\/atexxo.nl\/ru\/#organization"},"potentialAction":[{"@type":"SearchAction","target":{"@type":"EntryPoint","urlTemplate":"https:\/\/atexxo.nl\/ru\/?s={search_term_string}"},"query-input":{"@type":"PropertyValueSpecification","valueRequired":true,"valueName":"search_term_string"}}],"inLanguage":"de"},{"@type":"Organization","@id":"https:\/\/atexxo.nl\/ru\/#organization","name":"Atexxo Manufacturing","url":"https:\/\/atexxo.nl\/ru\/","logo":{"@type":"ImageObject","inLanguage":"de","@id":"https:\/\/atexxo.nl\/ru\/#\/schema\/logo\/image\/","url":"https:\/\/atexxo.nl\/wp-content\/uploads\/2015\/04\/logo_atexxo.jpg","contentUrl":"https:\/\/atexxo.nl\/wp-content\/uploads\/2015\/04\/logo_atexxo.jpg","width":1533,"height":733,"caption":"Atexxo Manufacturing"},"image":{"@id":"https:\/\/atexxo.nl\/ru\/#\/schema\/logo\/image\/"}}]}},"rttpg_featured_image_url":null,"rttpg_author":{"display_name":"adatex","author_link":"https:\/\/atexxo.nl\/de\/author\/adatex\/"},"rttpg_comment":0,"rttpg_category":false,"rttpg_excerpt":"Encapsulation funktioniert durch Einschlie\u00dfen Ausr\u00fcstung in speziellen Vergussmasse so entfernt halten die explosionsf\u00e4hige Atmosph\u00e4re aus der Z\u00fcndquelle. Es gibt jedoch mehrere Nachteile bei dieser Art von Schutz. Die Pr\u00fcfung Teil des Zertifizierungsprozess dauert mindestens f\u00fcnf Wochen, und das Ergebnis ist keineswegs certainement. Das verkapselte Produkt hohen Temperaturkonditionierung vier Wochen unterworfen und mit den Unterschieden der&hellip;","_links":{"self":[{"href":"https:\/\/atexxo.nl\/de\/wp-json\/wp\/v2\/pages\/1135","targetHints":{"allow":["GET"]}}],"collection":[{"href":"https:\/\/atexxo.nl\/de\/wp-json\/wp\/v2\/pages"}],"about":[{"href":"https:\/\/atexxo.nl\/de\/wp-json\/wp\/v2\/types\/page"}],"author":[{"embeddable":true,"href":"https:\/\/atexxo.nl\/de\/wp-json\/wp\/v2\/users\/1"}],"replies":[{"embeddable":true,"href":"https:\/\/atexxo.nl\/de\/wp-json\/wp\/v2\/comments?post=1135"}],"version-history":[{"count":0,"href":"https:\/\/atexxo.nl\/de\/wp-json\/wp\/v2\/pages\/1135\/revisions"}],"wp:attachment":[{"href":"https:\/\/atexxo.nl\/de\/wp-json\/wp\/v2\/media?parent=1135"}],"curies":[{"name":"wp","href":"https:\/\/api.w.org\/{rel}","templated":true}]}}