{"id":1109,"date":"2015-09-15T13:49:44","date_gmt":"2015-09-15T12:49:44","guid":{"rendered":"https:\/\/atexxo.nl\/?page_id=1109"},"modified":"2020-04-20T10:59:27","modified_gmt":"2020-04-20T08:59:27","slug":"about-us","status":"publish","type":"page","link":"https:\/\/atexxo.nl\/de\/","title":{"rendered":"\u00dcber uns"},"content":{"rendered":"<p><img loading=\"lazy\" decoding=\"async\" class=\" wp-image-145 alignright\" src=\"https:\/\/atexxo.nl\/wp-content\/uploads\/2015\/02\/zandlopergifkl-1.gif\" alt=\"zandlopergifkl\" width=\"300\" height=\"225\" \/> Atexxo Manufacturing BV ist ein internationales Unternehmen, herstellt und supplying eine breite Palette von explosions sicheren ATEX \/ IECEx-Produkte weltweit und ist BENELUX H\u00e4ndler von BIMED EX Kabelverschraubungen. Neben der Herstellung von eigenen Produkten bieten wir eine einzigartige Expertise auf dem Gebiet der ATEX- und IECEx-Explosionsschutz in Form von Lohnfertigung, Pr\u00fcfung und Zertifizierung f\u00fcr unsere Kunden.<\/p>\n<ul>\n<li>Geringe Investitions<\/li>\n<li>Chargen- oder Einzelst\u00fcck<\/li>\n<li>Kurze Zeit bis zur Markt<\/li>\n<li>Verkaufen Sie unter Ihrer eigenen Marke<\/li>\n<li>Zone 1 Zone 2 Zone 21 und Zone 22<\/li>\n<\/ul>\n<p><a href=\"https:\/\/atexxo.nl\/wp-content\/uploads\/2015\/03\/atex-factory-outside.jpg\"><img loading=\"lazy\" decoding=\"async\" class=\" wp-image-328 alignleft\" src=\"https:\/\/atexxo.nl\/wp-content\/uploads\/2015\/03\/atex-factory-outside-300x225.jpg\" alt=\"atex-factory-outside\" width=\"203\" height=\"152\" srcset=\"https:\/\/atexxo.nl\/wp-content\/uploads\/2015\/03\/atex-factory-outside-300x225.jpg 300w, https:\/\/atexxo.nl\/wp-content\/uploads\/2015\/03\/atex-factory-outside.jpg 500w\" sizes=\"auto, (max-width: 203px) 100vw, 203px\" \/><\/a>ATEX-Fabrik outsideWe montiert Originalprodukt mit ATEX und IECEx oder Vorschriften entsprechen und machen sie geeignet f\u00fcr den sicheren Einsatz in explosionsgef\u00e4hrdeten Umgebungen, in denen die Gefahr einer Gas- (Zone 1 und Zone 2) und \/ oder Staubexplosionen (Zone 21 und Zone 22) vorhanden ist. Wir bieten einzigartige ATEX- und IECEx-Engineering, Testing und Produktionskapazit\u00e4ten f\u00fcr unsere Kunden, die alle mit dem Ziel, explosionssichere Varianten bestaande Industrieprodukte zu produzieren. Wir produzieren und liefern eine breite Palette von explosionssichere Produkte und BENELUX H\u00e4ndler oder BIMED EX Kabelverschraubungen. ATEX Klimager\u00e4t | Explosionsgesch\u00fctzte Klimaanlage | Atex Klimaanlagen | Explosionsgesch\u00fctzte Drehstromger\u00e4t, ATEX-Anschlussk\u00e4sten, ATEX-Beschichtung, ATEX Kabel und Anschlussk\u00e4sten<\/p>\n<h2>Producte<\/h2>\n<div id=\"ccchildpages-1\" class=\"ccchildpages ccflex fourcol simple ccclearfix\"><div class=\"ccchildpage  ccfirst ccodd ccpage-count-1 ccpage-id-3849 ccpage-ex-proof-ac-units-r32 ccpage-has-parent ccpage-pid-1170 ccpage-parent-produkte\"><h3 class=\"ccpage_title ccpage_linked_title\" title=\"Ex Proof AC Units R32\"><a class=\"ccpage_title_link\" href=\"https:\/\/atexxo.nl\/de\/produkte\/ex-proof-ac-units-r32\/\" title=\"Ex Proof AC Units R32\">Ex Proof AC Units R32<\/a><\/h3><a class=\"ccpage_linked_thumb\" href=\"https:\/\/atexxo.nl\/de\/produkte\/ex-proof-ac-units-r32\/\" title=\"Ex Proof AC Units R32\"><img loading=\"lazy\" decoding=\"async\" width=\"150\" height=\"150\" src=\"https:\/\/atexxo.nl\/wp-content\/uploads\/atex_ac-units_ex_proof_zone_2_atexxo_vierkant-150x150.png\" class=\"cc-child-pages-thumb wp-post-image\" alt=\"Ex Proof AC Units R32\" title=\"Ex Proof AC Units R32\" \/><\/a><div class=\"ccpages_excerpt\"><\/div><p class=\"ccpages_more\"><a href=\"https:\/\/atexxo.nl\/de\/produkte\/ex-proof-ac-units-r32\/\"  title=\"Read more...\">Read more...<\/a><\/p><\/div><div class=\"ccchildpage  cceven ccpage-count-2 ccpage-id-1860 ccpage-compact-explosion-proof-panel-heaters ccpage-has-parent ccpage-pid-1170 ccpage-parent-produkte\"><h3 class=\"ccpage_title ccpage_linked_title\" title=\"Compact explosion-proof panel heaters\"><a class=\"ccpage_title_link\" href=\"https:\/\/atexxo.nl\/de\/produkte\/compact-explosion-proof-panel-heaters\/\" title=\"Compact explosion-proof panel heaters\">Compact explosion-proof panel heaters<\/a><\/h3><a class=\"ccpage_linked_thumb\" href=\"https:\/\/atexxo.nl\/de\/produkte\/compact-explosion-proof-panel-heaters\/\" title=\"Compact explosion-proof panel heaters\"><img loading=\"lazy\" decoding=\"async\" width=\"150\" height=\"150\" src=\"https:\/\/atexxo.nl\/wp-content\/uploads\/ATEX_EXPLOSION_PROOF_HEATER-150x150.png\" class=\"cc-child-pages-thumb wp-post-image\" alt=\"Compact explosion-proof panel heaters\" title=\"Compact explosion-proof panel heaters\" \/><\/a><div class=\"ccpages_excerpt\">If you're working in hazardous circumstances and want to heat...<\/div><p class=\"ccpages_more\"><a href=\"https:\/\/atexxo.nl\/de\/produkte\/compact-explosion-proof-panel-heaters\/\"  title=\"Read more...\">Read more...<\/a><\/p><\/div><div class=\"ccchildpage  ccodd ccpage-count-3 ccpage-id-3655 ccpage-explosion-proof-atex-zone-2-intrinsically-safe-ipad-mini-4 ccpage-has-parent ccpage-pid-1170 ccpage-parent-produkte\"><h3 class=\"ccpage_title ccpage_linked_title\" title=\"Explosion Proof ATEX Zone 2 Intrinsically Safe iPad Mini 4\"><a class=\"ccpage_title_link\" href=\"https:\/\/atexxo.nl\/de\/produkte\/explosion-proof-atex-zone-2-intrinsically-safe-ipad-mini-4\/\" title=\"Explosion Proof ATEX Zone 2 Intrinsically Safe iPad Mini 4\">Explosion Proof ATEX Zone 2 Intrinsically Safe iPad Mini 4<\/a><\/h3><a class=\"ccpage_linked_thumb\" href=\"https:\/\/atexxo.nl\/de\/produkte\/explosion-proof-atex-zone-2-intrinsically-safe-ipad-mini-4\/\" title=\"Explosion Proof ATEX Zone 2 Intrinsically Safe iPad Mini 4\"><img loading=\"lazy\" decoding=\"async\" width=\"150\" height=\"150\" src=\"https:\/\/atexxo.nl\/wp-content\/uploads\/EX_ipad_mini4_ATEX-150x150.png\" class=\"cc-child-pages-thumb wp-post-image\" alt=\"Explosion Proof ATEX Zone 2 Intrinsically Safe iPad Mini 4\" title=\"Explosion Proof ATEX Zone 2 Intrinsically Safe iPad Mini 4\" \/><\/a><div class=\"ccpages_excerpt\">Explosion Proof ATEX Zone 2 Intrinsically Safe iPad Mini 4...<\/div><p class=\"ccpages_more\"><a href=\"https:\/\/atexxo.nl\/de\/produkte\/explosion-proof-atex-zone-2-intrinsically-safe-ipad-mini-4\/\"  title=\"Read more...\">Read more...<\/a><\/p><\/div><div class=\"ccchildpage  cclast cceven ccpage-count-4 ccpage-id-3919 ccpage-ex-proof-smart-phones ccpage-has-parent ccpage-pid-1170 ccpage-parent-produkte\"><h3 class=\"ccpage_title ccpage_linked_title\" title=\"EX Proof Smart Phones\"><a class=\"ccpage_title_link\" href=\"https:\/\/atexxo.nl\/de\/produkte\/ex-proof-smart-phones\/\" title=\"EX Proof Smart Phones\">EX Proof Smart Phones<\/a><\/h3><a class=\"ccpage_linked_thumb\" href=\"https:\/\/atexxo.nl\/de\/produkte\/ex-proof-smart-phones\/\" title=\"EX Proof Smart Phones\"><img loading=\"lazy\" decoding=\"async\" width=\"150\" height=\"150\" src=\"https:\/\/atexxo.nl\/wp-content\/uploads\/ATEX_IECEx_Ex_iPhone_15_Atexxo_EX_proof-150x150.jpg\" class=\"cc-child-pages-thumb wp-post-image\" alt=\"EX Proof Smart Phones\" title=\"EX Proof Smart Phones\" \/><\/a><div class=\"ccpages_excerpt\">Atex Zone 1 Atex Zone 2<\/div><p class=\"ccpages_more\"><a href=\"https:\/\/atexxo.nl\/de\/produkte\/ex-proof-smart-phones\/\"  title=\"Read more...\">Read more...<\/a><\/p><\/div><div class=\"ccchildpage  ccfirst ccodd ccpage-count-5 ccpage-id-3715 ccpage-ex-proof-tablets ccpage-has-parent ccpage-pid-1170 ccpage-parent-produkte\"><h3 class=\"ccpage_title ccpage_linked_title\" title=\"Ex Proof Tablets\"><a class=\"ccpage_title_link\" href=\"https:\/\/atexxo.nl\/de\/produkte\/ex-proof-tablets\/\" title=\"Ex Proof Tablets\">Ex Proof Tablets<\/a><\/h3><a class=\"ccpage_linked_thumb\" href=\"https:\/\/atexxo.nl\/de\/produkte\/ex-proof-tablets\/\" title=\"Ex Proof Tablets\"><img loading=\"lazy\" decoding=\"async\" width=\"150\" height=\"150\" src=\"https:\/\/atexxo.nl\/wp-content\/uploads\/ATEX_IECEx_ipad_mini_7th_generation-150x150.png\" class=\"cc-child-pages-thumb wp-post-image\" alt=\"Ex Proof Tablets\" title=\"Ex Proof Tablets\" \/><\/a><div class=\"ccpages_excerpt\">Atex Zone 1 Atex Zone 2<\/div><p class=\"ccpages_more\"><a href=\"https:\/\/atexxo.nl\/de\/produkte\/ex-proof-tablets\/\"  title=\"Read more...\">Read more...<\/a><\/p><\/div><div class=\"ccchildpage  cceven ccpage-count-6 ccpage-id-1212 ccpage-atex-klimaanlagen-2 ccpage-has-parent ccpage-pid-1170 ccpage-parent-produkte\"><h3 class=\"ccpage_title ccpage_linked_title\" title=\"ATEX Klimaanlagen\"><a class=\"ccpage_title_link\" href=\"https:\/\/atexxo.nl\/de\/produkte\/atex-klimaanlagen-2\/\" title=\"ATEX Klimaanlagen\">ATEX Klimaanlagen<\/a><\/h3><a class=\"ccpage_linked_thumb\" href=\"https:\/\/atexxo.nl\/de\/produkte\/atex-klimaanlagen-2\/\" title=\"ATEX Klimaanlagen\"><img loading=\"lazy\" decoding=\"async\" width=\"150\" height=\"150\" src=\"https:\/\/atexxo.nl\/wp-content\/uploads\/2015\/03\/IMG_9607-150x150.jpg\" class=\"cc-child-pages-thumb wp-post-image\" alt=\"ATEX Klimaanlagen\" title=\"ATEX Klimaanlagen\" srcset=\"https:\/\/atexxo.nl\/wp-content\/uploads\/2015\/03\/IMG_9607-150x150.jpg 150w, https:\/\/atexxo.nl\/wp-content\/uploads\/2015\/03\/IMG_9607-300x297.jpg 300w\" sizes=\"auto, (max-width: 150px) 100vw, 150px\" \/><\/a><div class=\"ccpages_excerpt\">Atexxo Manufacturing BV umgewandelt Daikin explosions sicheren ATEX Splitklimager\u00e4t, f\u00fcr...<\/div><p class=\"ccpages_more\"><a href=\"https:\/\/atexxo.nl\/de\/produkte\/atex-klimaanlagen-2\/\"  title=\"Read more...\">Read more...<\/a><\/p><\/div><div class=\"ccchildpage  ccodd ccpage-count-7 ccpage-id-1175 ccpage-atex-warmepumpen ccpage-has-parent ccpage-pid-1170 ccpage-parent-produkte\"><h3 class=\"ccpage_title ccpage_linked_title\" title=\"ATEX W\u00e4rmepumpen\"><a class=\"ccpage_title_link\" href=\"https:\/\/atexxo.nl\/de\/produkte\/atex-warmepumpen\/\" title=\"ATEX W\u00e4rmepumpen\">ATEX W\u00e4rmepumpen<\/a><\/h3><a class=\"ccpage_linked_thumb\" href=\"https:\/\/atexxo.nl\/de\/produkte\/atex-warmepumpen\/\" title=\"ATEX W\u00e4rmepumpen\"><img loading=\"lazy\" decoding=\"async\" width=\"150\" height=\"150\" src=\"https:\/\/atexxo.nl\/wp-content\/uploads\/2015\/03\/ATEX-EX-heat-pump2-150x150.jpg\" class=\"cc-child-pages-thumb wp-post-image\" alt=\"ATEX W\u00e4rmepumpen\" title=\"ATEX W\u00e4rmepumpen\" \/><\/a><div class=\"ccpages_excerpt\">Explosion Proof Air Conditioners, ATEX \/ EAC-EX Zone 2 Split...<\/div><p class=\"ccpages_more\"><a href=\"https:\/\/atexxo.nl\/de\/produkte\/atex-warmepumpen\/\"  title=\"Read more...\">Read more...<\/a><\/p><\/div><div class=\"ccchildpage  cclast cceven ccpage-count-8 ccpage-id-1220 ccpage-atex-iecex-kabelverschraubungen ccpage-has-parent ccpage-pid-1170 ccpage-parent-produkte\"><h3 class=\"ccpage_title ccpage_linked_title\" title=\"ATEX \/ IECEx Kabelverschraubungen\"><a class=\"ccpage_title_link\" href=\"https:\/\/atexxo.nl\/de\/produkte\/atex-iecex-kabelverschraubungen\/\" title=\"ATEX \/ IECEx Kabelverschraubungen\">ATEX \/ IECEx Kabelverschraubungen<\/a><\/h3><a class=\"ccpage_linked_thumb\" href=\"https:\/\/atexxo.nl\/de\/produkte\/atex-iecex-kabelverschraubungen\/\" title=\"ATEX \/ IECEx Kabelverschraubungen\"><img loading=\"lazy\" decoding=\"async\" width=\"150\" height=\"150\" src=\"https:\/\/atexxo.nl\/wp-content\/uploads\/2015\/03\/atex-iecex-cable-glands-atexxo-bimed2-150x150.jpg\" class=\"cc-child-pages-thumb wp-post-image\" alt=\"ATEX \/ IECEx Kabelverschraubungen\" title=\"ATEX \/ IECEx Kabelverschraubungen\" \/><\/a><div class=\"ccpages_excerpt\">Die BIMED, ATEX Kabelverschraubungen sind f\u00fcr den universellen Einsatz f\u00fcr...<\/div><p class=\"ccpages_more\"><a href=\"https:\/\/atexxo.nl\/de\/produkte\/atex-iecex-kabelverschraubungen\/\"  title=\"Read more...\">Read more...<\/a><\/p><\/div><div class=\"ccchildpage  ccfirst ccodd ccpage-count-9 ccpage-id-1227 ccpage-atex-ac-split-systeme ccpage-has-parent ccpage-pid-1170 ccpage-parent-produkte\"><h3 class=\"ccpage_title ccpage_linked_title\" title=\"ATEX Klimager\u00e4te\"><a class=\"ccpage_title_link\" href=\"https:\/\/atexxo.nl\/de\/produkte\/atex-ac-split-systeme\/\" title=\"ATEX Klimager\u00e4te\">ATEX Klimager\u00e4te<\/a><\/h3><a class=\"ccpage_linked_thumb\" href=\"https:\/\/atexxo.nl\/de\/produkte\/atex-ac-split-systeme\/\" title=\"ATEX Klimager\u00e4te\"><img loading=\"lazy\" decoding=\"async\" width=\"150\" height=\"150\" src=\"https:\/\/atexxo.nl\/wp-content\/uploads\/2015\/03\/IMG_9607-150x150.jpg\" class=\"cc-child-pages-thumb wp-post-image\" alt=\"ATEX Klimager\u00e4te\" title=\"ATEX Klimager\u00e4te\" srcset=\"https:\/\/atexxo.nl\/wp-content\/uploads\/2015\/03\/IMG_9607-150x150.jpg 150w, https:\/\/atexxo.nl\/wp-content\/uploads\/2015\/03\/IMG_9607-300x297.jpg 300w\" sizes=\"auto, (max-width: 150px) 100vw, 150px\" \/><\/a><div class=\"ccpages_excerpt\">Atexxo Manufacturing BV baute die Daikin zu einer explosionssicheren ATEX...<\/div><p class=\"ccpages_more\"><a href=\"https:\/\/atexxo.nl\/de\/produkte\/atex-ac-split-systeme\/\"  title=\"Read more...\">Read more...<\/a><\/p><\/div><div class=\"ccchildpage  cceven ccpage-count-10 ccpage-id-1191 ccpage-atex-elektrische-heizungen ccpage-has-parent ccpage-pid-1170 ccpage-parent-produkte\"><h3 class=\"ccpage_title ccpage_linked_title\" title=\"ATEX elektrische Heizungen\"><a class=\"ccpage_title_link\" href=\"https:\/\/atexxo.nl\/de\/produkte\/atex-elektrische-heizungen\/\" title=\"ATEX elektrische Heizungen\">ATEX elektrische Heizungen<\/a><\/h3><a class=\"ccpage_linked_thumb\" href=\"https:\/\/atexxo.nl\/de\/produkte\/atex-elektrische-heizungen\/\" title=\"ATEX elektrische Heizungen\"><img loading=\"lazy\" decoding=\"async\" width=\"150\" height=\"150\" src=\"https:\/\/atexxo.nl\/wp-content\/uploads\/VRV_Explosion_proof_cooling_ATEX-150x150.png\" class=\"cc-child-pages-thumb wp-post-image\" alt=\"ATEX elektrische Heizungen\" title=\"ATEX elektrische Heizungen\" \/><\/a><div class=\"ccpages_excerpt\"><\/div><p class=\"ccpages_more\"><a href=\"https:\/\/atexxo.nl\/de\/produkte\/atex-elektrische-heizungen\/\"  title=\"Read more...\">Read more...<\/a><\/p><\/div><div class=\"ccchildpage  ccodd ccpage-count-11 ccpage-id-1194 ccpage-ex-fenster-klimaanlage ccpage-has-parent ccpage-pid-1170 ccpage-parent-produkte\"><h3 class=\"ccpage_title ccpage_linked_title\" title=\"EX Fenster Klimaanlage\"><a class=\"ccpage_title_link\" href=\"https:\/\/atexxo.nl\/de\/produkte\/ex-fenster-klimaanlage\/\" title=\"EX Fenster Klimaanlage\">EX Fenster Klimaanlage<\/a><\/h3><a class=\"ccpage_linked_thumb\" href=\"https:\/\/atexxo.nl\/de\/produkte\/ex-fenster-klimaanlage\/\" title=\"EX Fenster Klimaanlage\"><img loading=\"lazy\" decoding=\"async\" width=\"150\" height=\"150\" src=\"https:\/\/atexxo.nl\/wp-content\/uploads\/explosion_proof_window_air_conditioner_monobloc_ex2-150x150.jpg\" class=\"cc-child-pages-thumb wp-post-image\" alt=\"EX Fenster Klimaanlage\" title=\"EX Fenster Klimaanlage\" \/><\/a><div class=\"ccpages_excerpt\">ATEX 3G Zone 2, Fenster Klimaanlage: 230V 50Hz Atexxo Manufacturing...<\/div><p class=\"ccpages_more\"><a href=\"https:\/\/atexxo.nl\/de\/produkte\/ex-fenster-klimaanlage\/\"  title=\"Read more...\">Read more...<\/a><\/p><\/div><\/div>\n","protected":false},"excerpt":{"rendered":"<p>Atexxo Manufacturing BV ist ein internationales Unternehmen, herstellt und supplying eine breite Palette von explosions sicheren ATEX \/ IECEx-Produkte weltweit und ist BENELUX H\u00e4ndler von BIMED EX Kabelverschraubungen. Neben der Herstellung von eigenen Produkten bieten wir eine einzigartige Expertise auf dem Gebiet der ATEX- und IECEx-Explosionsschutz in Form von Lohnfertigung, Pr\u00fcfung und Zertifizierung f\u00fcr unsere [&hellip;]<\/p>\n","protected":false},"author":1,"featured_media":0,"parent":0,"menu_order":0,"comment_status":"open","ping_status":"open","template":"","meta":{"_monsterinsights_skip_tracking":false,"_monsterinsights_sitenote_active":false,"_monsterinsights_sitenote_note":"","_monsterinsights_sitenote_category":0,"_genesis_hide_title":false,"_genesis_hide_breadcrumbs":false,"_genesis_hide_singular_image":false,"_genesis_hide_footer_widgets":false,"_genesis_custom_body_class":"","_genesis_custom_post_class":"","_genesis_layout":"full-width-content","footnotes":""},"class_list":{"0":"post-1109","1":"page","2":"type-page","3":"status-publish","5":"entry","6":"has-post-thumbnail"},"yoast_head":"<!-- This site is optimized with the Yoast SEO plugin v26.8 - https:\/\/yoast.com\/product\/yoast-seo-wordpress\/ -->\n<title>\u00dcber uns - Atexxo Manufacturing<\/title>\n<meta name=\"description\" content=\"Specialist in ATEX and IECEx Explosion Proof Product Design, Manufacturing and Certification. Explosion safe smartphones, tablets and air conditioners.\" \/>\n<meta name=\"robots\" content=\"index, follow, max-snippet:-1, max-image-preview:large, max-video-preview:-1\" \/>\n<link rel=\"canonical\" href=\"https:\/\/atexxo.nl\/de\/\" \/>\n<meta property=\"og:locale\" content=\"de_DE\" \/>\n<meta property=\"og:type\" content=\"article\" \/>\n<meta property=\"og:title\" content=\"\u00dcber uns - Atexxo Manufacturing\" \/>\n<meta property=\"og:description\" content=\"Specialist in ATEX and IECEx Explosion Proof Product Design, Manufacturing and Certification. Explosion safe smartphones, tablets and air conditioners.\" \/>\n<meta property=\"og:url\" content=\"https:\/\/atexxo.nl\/de\/\" \/>\n<meta property=\"og:site_name\" content=\"Atexxo Manufacturing\" \/>\n<meta property=\"article:modified_time\" content=\"2020-04-20T08:59:27+00:00\" \/>\n<meta property=\"og:image\" content=\"https:\/\/atexxo.nl\/wp-content\/uploads\/2015\/02\/zandlopergifkl.gif\" \/>\n<meta name=\"twitter:label1\" content=\"Gesch\u00e4tzte Lesezeit\" \/>\n\t<meta name=\"twitter:data1\" content=\"1\u00a0Minute\" \/>\n<script type=\"application\/ld+json\" class=\"yoast-schema-graph\">{\"@context\":\"https:\/\/schema.org\",\"@graph\":[{\"@type\":\"WebPage\",\"@id\":\"https:\/\/atexxo.nl\/de\/\",\"url\":\"https:\/\/atexxo.nl\/de\/\",\"name\":\"\u00dcber uns - Atexxo Manufacturing\",\"isPartOf\":{\"@id\":\"https:\/\/atexxo.nl\/ru\/#website\"},\"primaryImageOfPage\":{\"@id\":\"https:\/\/atexxo.nl\/de\/#primaryimage\"},\"image\":{\"@id\":\"https:\/\/atexxo.nl\/de\/#primaryimage\"},\"thumbnailUrl\":\"https:\/\/atexxo.nl\/wp-content\/uploads\/2015\/02\/zandlopergifkl-1.gif\",\"datePublished\":\"2015-09-15T12:49:44+00:00\",\"dateModified\":\"2020-04-20T08:59:27+00:00\",\"description\":\"Specialist in ATEX and IECEx Explosion Proof Product Design, Manufacturing and Certification. Explosion safe smartphones, tablets and air conditioners.\",\"breadcrumb\":{\"@id\":\"https:\/\/atexxo.nl\/de\/#breadcrumb\"},\"inLanguage\":\"de\",\"potentialAction\":[{\"@type\":\"ReadAction\",\"target\":[\"https:\/\/atexxo.nl\/de\/\"]}]},{\"@type\":\"ImageObject\",\"inLanguage\":\"de\",\"@id\":\"https:\/\/atexxo.nl\/de\/#primaryimage\",\"url\":\"https:\/\/atexxo.nl\/wp-content\/uploads\/2015\/02\/zandlopergifkl-1.gif\",\"contentUrl\":\"https:\/\/atexxo.nl\/wp-content\/uploads\/2015\/02\/zandlopergifkl-1.gif\"},{\"@type\":\"BreadcrumbList\",\"@id\":\"https:\/\/atexxo.nl\/de\/#breadcrumb\",\"itemListElement\":[{\"@type\":\"ListItem\",\"position\":1,\"name\":\"Startseite\",\"item\":\"https:\/\/atexxo.nl\/de\/\"},{\"@type\":\"ListItem\",\"position\":2,\"name\":\"\u00dcber uns\"}]},{\"@type\":\"WebSite\",\"@id\":\"https:\/\/atexxo.nl\/ru\/#website\",\"url\":\"https:\/\/atexxo.nl\/ru\/\",\"name\":\"Atexxo Manufacturing\",\"description\":\"Specialist in Atex and IECEx Solutions\",\"publisher\":{\"@id\":\"https:\/\/atexxo.nl\/ru\/#organization\"},\"potentialAction\":[{\"@type\":\"SearchAction\",\"target\":{\"@type\":\"EntryPoint\",\"urlTemplate\":\"https:\/\/atexxo.nl\/ru\/?s={search_term_string}\"},\"query-input\":{\"@type\":\"PropertyValueSpecification\",\"valueRequired\":true,\"valueName\":\"search_term_string\"}}],\"inLanguage\":\"de\"},{\"@type\":\"Organization\",\"@id\":\"https:\/\/atexxo.nl\/ru\/#organization\",\"name\":\"Atexxo Manufacturing\",\"url\":\"https:\/\/atexxo.nl\/ru\/\",\"logo\":{\"@type\":\"ImageObject\",\"inLanguage\":\"de\",\"@id\":\"https:\/\/atexxo.nl\/ru\/#\/schema\/logo\/image\/\",\"url\":\"https:\/\/atexxo.nl\/wp-content\/uploads\/2015\/04\/logo_atexxo.jpg\",\"contentUrl\":\"https:\/\/atexxo.nl\/wp-content\/uploads\/2015\/04\/logo_atexxo.jpg\",\"width\":1533,\"height\":733,\"caption\":\"Atexxo Manufacturing\"},\"image\":{\"@id\":\"https:\/\/atexxo.nl\/ru\/#\/schema\/logo\/image\/\"}}]}<\/script>\n<!-- \/ Yoast SEO plugin. -->","yoast_head_json":{"title":"\u00dcber uns - Atexxo Manufacturing","description":"Specialist in ATEX and IECEx Explosion Proof Product Design, Manufacturing and Certification. Explosion safe smartphones, tablets and air conditioners.","robots":{"index":"index","follow":"follow","max-snippet":"max-snippet:-1","max-image-preview":"max-image-preview:large","max-video-preview":"max-video-preview:-1"},"canonical":"https:\/\/atexxo.nl\/de\/","og_locale":"de_DE","og_type":"article","og_title":"\u00dcber uns - Atexxo Manufacturing","og_description":"Specialist in ATEX and IECEx Explosion Proof Product Design, Manufacturing and Certification. Explosion safe smartphones, tablets and air conditioners.","og_url":"https:\/\/atexxo.nl\/de\/","og_site_name":"Atexxo Manufacturing","article_modified_time":"2020-04-20T08:59:27+00:00","og_image":[{"url":"https:\/\/atexxo.nl\/wp-content\/uploads\/2015\/02\/zandlopergifkl.gif","type":"","width":"","height":""}],"twitter_misc":{"Gesch\u00e4tzte Lesezeit":"1\u00a0Minute"},"schema":{"@context":"https:\/\/schema.org","@graph":[{"@type":"WebPage","@id":"https:\/\/atexxo.nl\/de\/","url":"https:\/\/atexxo.nl\/de\/","name":"\u00dcber uns - Atexxo Manufacturing","isPartOf":{"@id":"https:\/\/atexxo.nl\/ru\/#website"},"primaryImageOfPage":{"@id":"https:\/\/atexxo.nl\/de\/#primaryimage"},"image":{"@id":"https:\/\/atexxo.nl\/de\/#primaryimage"},"thumbnailUrl":"https:\/\/atexxo.nl\/wp-content\/uploads\/2015\/02\/zandlopergifkl-1.gif","datePublished":"2015-09-15T12:49:44+00:00","dateModified":"2020-04-20T08:59:27+00:00","description":"Specialist in ATEX and IECEx Explosion Proof Product Design, Manufacturing and Certification. Explosion safe smartphones, tablets and air conditioners.","breadcrumb":{"@id":"https:\/\/atexxo.nl\/de\/#breadcrumb"},"inLanguage":"de","potentialAction":[{"@type":"ReadAction","target":["https:\/\/atexxo.nl\/de\/"]}]},{"@type":"ImageObject","inLanguage":"de","@id":"https:\/\/atexxo.nl\/de\/#primaryimage","url":"https:\/\/atexxo.nl\/wp-content\/uploads\/2015\/02\/zandlopergifkl-1.gif","contentUrl":"https:\/\/atexxo.nl\/wp-content\/uploads\/2015\/02\/zandlopergifkl-1.gif"},{"@type":"BreadcrumbList","@id":"https:\/\/atexxo.nl\/de\/#breadcrumb","itemListElement":[{"@type":"ListItem","position":1,"name":"Startseite","item":"https:\/\/atexxo.nl\/de\/"},{"@type":"ListItem","position":2,"name":"\u00dcber uns"}]},{"@type":"WebSite","@id":"https:\/\/atexxo.nl\/ru\/#website","url":"https:\/\/atexxo.nl\/ru\/","name":"Atexxo Manufacturing","description":"Specialist in Atex and IECEx Solutions","publisher":{"@id":"https:\/\/atexxo.nl\/ru\/#organization"},"potentialAction":[{"@type":"SearchAction","target":{"@type":"EntryPoint","urlTemplate":"https:\/\/atexxo.nl\/ru\/?s={search_term_string}"},"query-input":{"@type":"PropertyValueSpecification","valueRequired":true,"valueName":"search_term_string"}}],"inLanguage":"de"},{"@type":"Organization","@id":"https:\/\/atexxo.nl\/ru\/#organization","name":"Atexxo Manufacturing","url":"https:\/\/atexxo.nl\/ru\/","logo":{"@type":"ImageObject","inLanguage":"de","@id":"https:\/\/atexxo.nl\/ru\/#\/schema\/logo\/image\/","url":"https:\/\/atexxo.nl\/wp-content\/uploads\/2015\/04\/logo_atexxo.jpg","contentUrl":"https:\/\/atexxo.nl\/wp-content\/uploads\/2015\/04\/logo_atexxo.jpg","width":1533,"height":733,"caption":"Atexxo Manufacturing"},"image":{"@id":"https:\/\/atexxo.nl\/ru\/#\/schema\/logo\/image\/"}}]}},"rttpg_featured_image_url":null,"rttpg_author":{"display_name":"adatex","author_link":"https:\/\/atexxo.nl\/de\/author\/adatex\/"},"rttpg_comment":0,"rttpg_category":" <a href=\"https:\/\/atexxo.nl\/de\/?taxonomy=translation_priority&#038;term=optional-de\" rel=\"tag\">Optional<\/a>","rttpg_excerpt":"Atexxo Manufacturing BV ist ein internationales Unternehmen, herstellt und supplying eine breite Palette von explosions sicheren ATEX \/ IECEx-Produkte weltweit und ist BENELUX H\u00e4ndler von BIMED EX Kabelverschraubungen. Neben der Herstellung von eigenen Produkten bieten wir eine einzigartige Expertise auf dem Gebiet der ATEX- und IECEx-Explosionsschutz in Form von Lohnfertigung, Pr\u00fcfung und Zertifizierung f\u00fcr unsere&hellip;","_links":{"self":[{"href":"https:\/\/atexxo.nl\/de\/wp-json\/wp\/v2\/pages\/1109","targetHints":{"allow":["GET"]}}],"collection":[{"href":"https:\/\/atexxo.nl\/de\/wp-json\/wp\/v2\/pages"}],"about":[{"href":"https:\/\/atexxo.nl\/de\/wp-json\/wp\/v2\/types\/page"}],"author":[{"embeddable":true,"href":"https:\/\/atexxo.nl\/de\/wp-json\/wp\/v2\/users\/1"}],"replies":[{"embeddable":true,"href":"https:\/\/atexxo.nl\/de\/wp-json\/wp\/v2\/comments?post=1109"}],"version-history":[{"count":0,"href":"https:\/\/atexxo.nl\/de\/wp-json\/wp\/v2\/pages\/1109\/revisions"}],"wp:attachment":[{"href":"https:\/\/atexxo.nl\/de\/wp-json\/wp\/v2\/media?parent=1109"}],"curies":[{"name":"wp","href":"https:\/\/api.w.org\/{rel}","templated":true}]}}