{"id":5337,"date":"2015-02-24T15:04:08","date_gmt":"2015-02-24T15:04:08","guid":{"rendered":"https:\/\/atexxo.nl\/?page_id=5337"},"modified":"2021-04-20T14:25:05","modified_gmt":"2021-04-20T12:25:05","slug":"voorbeeld-pagina","status":"publish","type":"page","link":"https:\/\/atexxo.nl\/bp\/","title":{"rendered":"Sobre n\u00f3s"},"content":{"rendered":"<p><img loading=\"lazy\" decoding=\"async\" class=\"alignright wp-image-4550 size-full\" src=\"https:\/\/atexxo.nl\/wp-content\/uploads\/iecex_ipad_mini_5_atexxo_zone_1.png\" alt=\"\" width=\"396\" height=\"577\" \/><\/p>\n<h2><strong>INMETRO Ex Apple iPad mini 5 para Zona 1, \u00e0 prova de explos\u00e3o (Brasil)<\/strong><\/h2>\n<h3>(Auto-instala\u00e7\u00e3o do cart\u00e3o SIM e bot\u00f5es funcionais)<\/h3>\n<p><img loading=\"lazy\" decoding=\"async\" class=\"alignright wp-image-5344\" src=\"https:\/\/atexxo.nl\/wp-content\/uploads\/inmetro-logo.png\" alt=\"\" width=\"98\" height=\"118\" \/><img loading=\"lazy\" decoding=\"async\" class=\"alignright wp-image-5352 \" src=\"https:\/\/atexxo.nl\/wp-content\/uploads\/Selo-OCP-01-e1618576292160.png\" alt=\"\" width=\"86\" height=\"120\" srcset=\"https:\/\/atexxo.nl\/wp-content\/uploads\/Selo-OCP-01-e1618576292160.png 375w, https:\/\/atexxo.nl\/wp-content\/uploads\/Selo-OCP-01-e1618576292160-215x300.png 215w\" sizes=\"auto, (max-width: 86px) 100vw, 86px\" \/><\/p>\n<table>\n<tbody>\n<tr>\n<td>Prote\u00e7\u00e3o contra explos\u00e3o<\/td>\n<td> Ex db IIC T4 Gb<\/td>\n<\/tr>\n<\/tbody>\n<\/table>\n<p>Completamente novo de Atexxo Manufacturing, o Apple iPad mini 5, que possui certifica\u00e7\u00e3o brasileira do INMETRO, agora est\u00e1 apto para uso em \u00e1reas classificadas como Zona 1. O iPad \u00e0 prova de explos\u00e3o \u00e9 originalmente fabricado pela Apple, e depois convertido e certificado de acordo com o INMETRO e IECEx pela Atexxo Manufacturing. Isso torna os tablets adequados para uso seguro em atmosferas explosivas classificadas como Zona 1 de g\u00e1s\/ vapor. A certifica\u00e7\u00e3o INMETRO para Zona 1 torna o tablet apto para uso em territ\u00f3rio brasileiro.<\/p>\n<p>A Conformidade com a Portaria INMETRO 179\/2010 e com a regulamenta\u00e7\u00e3o Ex foi adquirida atrav\u00e9s da adi\u00e7\u00e3o e utiliza\u00e7\u00e3o de um inv\u00f3lucro externo \u00e0 prova de explos\u00e3o, o que torna os tablets adequados para utiliza\u00e7\u00e3o em atmosferas explosivas classificadas como Zona 1. Todas as caracter\u00edsticas do produto original s\u00e3o preservadas. At\u00e9 o bot\u00e3o home da frente pode ser usado seguramente em atmosferas explosivas.<\/p>\n<p>O Ex iPad mini 5 Zona 1 possui como acabamento um case de alum\u00ednio, e h\u00e1 dois modelos dispon\u00edveis: o modelo com apenas Wi-fi e modelos Wi-fi + celular 4G. Al\u00e9m do uso seguro como smart tablet, ambas as vers\u00f5es s\u00e3o excelentes para uso seguro de v\u00eddeo e c\u00e2mera com conex\u00e3o wireless.<\/p>\n<p>INMETRO \/  IECEx Zona 1 iPad mini 5 para Zona 1 &amp; 2<br \/>\n[bscolumns class=&#8221;one_half&#8221;]<\/p>\n<h3>Benef\u00edcios:<\/h3>\n<ul>\n<li>Auto-instala\u00e7\u00e3o do cart\u00e3o Sim<\/li>\n<li>Certifica\u00e7\u00e3o do INMETRO e IECEx Zona 1 &amp; 2<\/li>\n<li>Design patenteado<\/li>\n<li>Entrega r\u00e1pida e em qualquer destino no mundo<\/li>\n<li>Registro aberto no DEP da Apple<\/li>\n<\/ul>\n<p>[\/bscolumns][bscolumns class=&#8221;one_half_last_clear&#8221;]<\/p>\n<h3>Utiliza\u00e7\u00e3o:<\/h3>\n<ul>\n<li>Ind\u00fastria petro(qu\u00edmica)<\/li>\n<li>Ambientes offshore<\/li>\n<li><em><strong>C\u00e2mera \u00e0 prova de explos\u00e3o<\/strong><\/em><\/li>\n<li>Armazenamentos de produtos perigosos<\/li>\n<li>Ambientes adversos<\/li>\n<\/ul>\n<p>[\/bscolumns][bscolumns class=&#8221;clear&#8221;][\/bscolumns]<\/p>\n<div id=\"attachment_4557\" style=\"width: 360px\" class=\"wp-caption alignright\"><img loading=\"lazy\" decoding=\"async\" aria-describedby=\"caption-attachment-4557\" class=\"wp-image-4557\" title=\"All Functions remain intact, including all push buttons\" src=\"https:\/\/atexxo.nl\/wp-content\/uploads\/ipad_mini_iecex_atex-scaled.jpg\" alt=\"All Functions remain intact, including all push buttons\" width=\"350\" height=\"488\" \/><p id=\"caption-attachment-4557\" class=\"wp-caption-text\">Todas as fun\u00e7\u00f5es permanecem intactas, inclusive todos os bot\u00f5es<\/p><\/div>\n<h2>Possibilidade para convers\u00e3o de m\u00faltiplas marcas<\/h2>\n<p>Atexxo Manufacturing consegue produzir outras variantes de tablets port\u00e1teis e dispositivos \u00e0 prova de explos\u00e3o, de marcas l\u00edderes como Samsung, Nokia, Motorola, etc. Por favor entre em contato para conhecer as possibilidades.<\/p>\n<h3><div class=\"clear\"><\/div>Informa\u00e7\u00e3o t\u00e9cnica<\/h3>\n<table>\n<tbody>\n<tr>\n<td>Tens\u00e3o:<\/td>\n<td>100-240 Volt (charger)<\/td>\n<\/tr>\n<tr>\n<td><strong>Freq\u00fc\u00eancia:<\/strong><\/td>\n<td>50\/60 Hz (charger)<\/td>\n<\/tr>\n<tr>\n<td><strong>Cor:<\/strong><\/td>\n<td>Aluminium<\/td>\n<\/tr>\n<tr>\n<td><strong>Dimens\u00f5es:<\/strong><\/td>\n<td>25 x 18.5x 3.3 cm<\/td>\n<\/tr>\n<tr>\n<td><strong>Peso:<br \/>\n<\/strong><\/td>\n<td>1150 grams<\/td>\n<\/tr>\n<tr>\n<td><strong> <\/strong><\/td>\n<td>Certifica\u00e7\u00f5es<\/td>\n<\/tr>\n<tr>\n<td><strong>IECEx:<\/strong><\/td>\n<td>Zona 1, Ex db IIC T4 Gb<\/td>\n<\/tr>\n<tr>\n<td><strong>INMETRO<\/strong><\/td>\n<td>Zona 1, Ex db IIC T4 Gb<\/td>\n<\/tr>\n<\/tbody>\n<\/table>\n<h3>Tabela abaixo; informa\u00e7\u00f5es de pedidos<\/h3>\n<p>Por favor, observe que a apar\u00eancia e as especifica\u00e7\u00f5es podem estar sujeitas a altera\u00e7\u00f5es devido \u00e0s atualiza\u00e7\u00f5es cont\u00ednuas do produto.<\/p>\n<table style=\"width: 101%; height: 720px;\">\n<tbody>\n<tr style=\"height: 168px;\">\n<td style=\"height: 168px;\"><strong>INMETRO iPad mini 5 para Zona 1<br \/>\nAtexxo Manufacturing<br \/>\nNumero de Pedido<\/strong><\/td>\n<td style=\"height: 168px;\"><strong>IECEx Zona<\/strong><\/td>\n<td style=\"height: 168px;\"><strong>Capacidade de armazenamento<\/strong><\/td>\n<td style=\"height: 168px;\"><strong>Dimens\u00f5es (cm)<br \/>\n<\/strong><\/td>\n<\/tr>\n<tr style=\"height: 96px;\">\n<td style=\"height: 96px;\"><strong>TAB-EXd-IPAD-M5-64-IM (incl ipad mini 5)<\/strong><\/td>\n<td style=\"height: 96px;\"><strong>Zona 1 &amp; 2<\/strong><\/td>\n<td style=\"height: 96px;\">Ipad mini 5- 64Gb WIFI<\/td>\n<td style=\"height: 96px;\">25 x 18.5x 3.3<\/td>\n<\/tr>\n<tr style=\"height: 96px;\">\n<td style=\"height: 96px;\"><strong>TAB-EXd-IPAD-M5-64-CEL-IM (incl ipad mini 5)<\/strong><\/td>\n<td style=\"height: 96px;\"><strong>Zona 1 &amp; 2<\/strong><\/td>\n<td style=\"height: 96px;\">Ipad mini 5- 64Gb WIFI + 4G<\/td>\n<td style=\"height: 96px;\">25 x 18.5x 3.3<\/td>\n<\/tr>\n<tr style=\"height: 96px;\">\n<td style=\"height: 96px;\"><strong>TAB-EXd-IPAD-M5-256-IM (incl ipad mini 5)<\/strong><\/td>\n<td style=\"height: 96px;\"><strong>Zona 1 &amp; 2<\/strong><\/td>\n<td style=\"height: 96px;\">Ipad mini 5- 256Gb WIFI<\/td>\n<td style=\"height: 96px;\">25 x 18.5x 3.3<\/td>\n<\/tr>\n<tr style=\"height: 96px;\">\n<td style=\"height: 96px;\"><strong>TAB-EXd-IPAD-M5-256-CEL-IM (incl ipad mini 5)<\/strong><\/td>\n<td style=\"height: 96px;\"><strong>Zona 1 &amp; 2<\/strong><\/td>\n<td style=\"height: 96px;\">Ipad mini 5- 256Gb WIFI + 4G<\/td>\n<td style=\"height: 96px;\">25 x 18.5x 3.3<\/td>\n<\/tr>\n<tr style=\"height: 96px;\">\n<td style=\"height: 96px;\"><strong>TAB-EXd-IPAD-M5-64-CEL-IM-BC<\/strong><\/td>\n<td style=\"height: 96px;\"><strong>Zona 1 &amp; 2<\/strong><\/td>\n<td style=\"height: 96px;\">Ipad mini 5- 256Gb WIFI + 4G<br \/>\ncom c\u00e2meras bloqueadas<\/td>\n<td style=\"height: 96px;\"><\/td>\n<\/tr>\n<tr style=\"height: 72px;\">\n<td style=\"height: 72px;\"><strong>TAB-EXd-IPAD-M5-*<\/strong><\/td>\n<td style=\"height: 72px;\"><strong>Zona 1 &amp; 2<\/strong><\/td>\n<td style=\"height: 72px;\" colspan=\"2\">*Envie seu ipad para convers\u00e3o &amp; certifica\u00e7\u00e3o<br \/>\n(apenas para tablets novos)<\/td>\n<\/tr>\n<\/tbody>\n<\/table>\n<p>Download brochure: <a href=\"https:\/\/atexxo.nl\/wp-content\/uploads\/INMETRO_Ex_Apple_iPad_mini_5_para_Zona_1_a_prova_de_explosao_Brasil.pdf\" target=\"_blank\" rel=\"noopener\">INMETRO Ex Apple iPad mini 5 para Zona 1, \u00e0 prova de explos\u00e3o (Brasil, pdf)<\/a><\/p>\n<p>Download certification: <a href=\"https:\/\/atexxo.nl\/wp-content\/uploads\/INMETRO_RBNA_21.0001X_Ex_d_iPads.pdf\" target=\"_blank\" rel=\"noopener\">INMETRO RBNA 21.0001X Ex d iPads<\/a><\/p>\n","protected":false},"excerpt":{"rendered":"<p>INMETRO Ex Apple iPad mini 5 para Zona 1, \u00e0 prova de explos\u00e3o (Brasil) (Auto-instala\u00e7\u00e3o do cart\u00e3o SIM e bot\u00f5es funcionais) Prote\u00e7\u00e3o contra explos\u00e3o Ex db IIC T4 Gb Completamente novo de Atexxo Manufacturing, o Apple iPad mini 5, que possui certifica\u00e7\u00e3o brasileira do INMETRO, agora est\u00e1 apto para uso em \u00e1reas classificadas como Zona [&hellip;]<\/p>\n","protected":false},"author":1,"featured_media":5323,"parent":0,"menu_order":0,"comment_status":"open","ping_status":"open","template":"","meta":{"_monsterinsights_skip_tracking":false,"_monsterinsights_sitenote_active":false,"_monsterinsights_sitenote_note":"","_monsterinsights_sitenote_category":0,"_genesis_hide_title":false,"_genesis_hide_breadcrumbs":false,"_genesis_hide_singular_image":false,"_genesis_hide_footer_widgets":false,"_genesis_custom_body_class":"","_genesis_custom_post_class":"","_genesis_layout":"full-width-content","footnotes":""},"class_list":{"0":"post-5337","1":"page","2":"type-page","3":"status-publish","4":"has-post-thumbnail","6":"entry"},"yoast_head":"<!-- This site is optimized with the Yoast SEO plugin v26.8 - https:\/\/yoast.com\/product\/yoast-seo-wordpress\/ -->\n<title>ATEX Explosion Proof Product Design<\/title>\n<meta name=\"description\" content=\"ATEX Explosion Proof Product Design and Manufacturing, Atexxo Manufacturing B.V. Specializes in ATEX IECEx product design, manufacturing and certification. We manufacture certified ATEX Air Conditioners, ATEX Led lights.\" \/>\n<meta name=\"robots\" content=\"index, follow, max-snippet:-1, max-image-preview:large, max-video-preview:-1\" \/>\n<link rel=\"canonical\" href=\"https:\/\/atexxo.nl\/bp\/\" \/>\n<meta property=\"og:locale\" content=\"en_US\" \/>\n<meta property=\"og:type\" content=\"article\" \/>\n<meta property=\"og:title\" content=\"ATEX Explosion Proof Product Design\" \/>\n<meta property=\"og:description\" content=\"ATEX Explosion Proof Product Design and Manufacturing, Atexxo Manufacturing B.V. Specializes in ATEX IECEx product design, manufacturing and certification. We manufacture certified ATEX Air Conditioners, ATEX Led lights.\" \/>\n<meta property=\"og:url\" content=\"https:\/\/atexxo.nl\/bp\/\" \/>\n<meta property=\"og:site_name\" content=\"Atexxo Manufacturing\" \/>\n<meta property=\"article:modified_time\" content=\"2021-04-20T12:25:05+00:00\" \/>\n<meta property=\"og:image\" content=\"https:\/\/atexxo.nl\/wp-content\/uploads\/iecex_ipad_mini_5_atexxo_zone_1.png\" \/>\n\t<meta property=\"og:image:width\" content=\"396\" \/>\n\t<meta property=\"og:image:height\" content=\"577\" \/>\n\t<meta property=\"og:image:type\" content=\"image\/png\" \/>\n<meta name=\"twitter:label1\" content=\"Est. reading time\" \/>\n\t<meta name=\"twitter:data1\" content=\"47 minutes\" \/>\n<script type=\"application\/ld+json\" class=\"yoast-schema-graph\">{\"@context\":\"https:\/\/schema.org\",\"@graph\":[{\"@type\":\"WebPage\",\"@id\":\"https:\/\/atexxo.nl\/bp\/\",\"url\":\"https:\/\/atexxo.nl\/bp\/\",\"name\":\"ATEX Explosion Proof Product Design\",\"isPartOf\":{\"@id\":\"https:\/\/atexxo.nl\/ru\/#website\"},\"primaryImageOfPage\":{\"@id\":\"https:\/\/atexxo.nl\/bp\/#primaryimage\"},\"image\":{\"@id\":\"https:\/\/atexxo.nl\/bp\/#primaryimage\"},\"thumbnailUrl\":\"https:\/\/atexxo.nl\/wp-content\/uploads\/iecex_ipad_mini_5_atexxo_zone_1.png\",\"datePublished\":\"2015-02-24T15:04:08+00:00\",\"dateModified\":\"2021-04-20T12:25:05+00:00\",\"description\":\"ATEX Explosion Proof Product Design and Manufacturing, Atexxo Manufacturing B.V. Specializes in ATEX IECEx product design, manufacturing and certification. We manufacture certified ATEX Air Conditioners, ATEX Led lights.\",\"breadcrumb\":{\"@id\":\"https:\/\/atexxo.nl\/bp\/#breadcrumb\"},\"inLanguage\":\"bp-BP\",\"potentialAction\":[{\"@type\":\"ReadAction\",\"target\":[\"https:\/\/atexxo.nl\/bp\/\"]}]},{\"@type\":\"ImageObject\",\"inLanguage\":\"bp-BP\",\"@id\":\"https:\/\/atexxo.nl\/bp\/#primaryimage\",\"url\":\"https:\/\/atexxo.nl\/wp-content\/uploads\/iecex_ipad_mini_5_atexxo_zone_1.png\",\"contentUrl\":\"https:\/\/atexxo.nl\/wp-content\/uploads\/iecex_ipad_mini_5_atexxo_zone_1.png\",\"width\":396,\"height\":577},{\"@type\":\"BreadcrumbList\",\"@id\":\"https:\/\/atexxo.nl\/bp\/#breadcrumb\",\"itemListElement\":[{\"@type\":\"ListItem\",\"position\":1,\"name\":\"Startseite\",\"item\":\"https:\/\/atexxo.nl\/bp\/\"},{\"@type\":\"ListItem\",\"position\":2,\"name\":\"Sobre n\u00f3s\"}]},{\"@type\":\"WebSite\",\"@id\":\"https:\/\/atexxo.nl\/ru\/#website\",\"url\":\"https:\/\/atexxo.nl\/ru\/\",\"name\":\"Atexxo Manufacturing\",\"description\":\"Specialist in Atex and IECEx Solutions\",\"publisher\":{\"@id\":\"https:\/\/atexxo.nl\/ru\/#organization\"},\"potentialAction\":[{\"@type\":\"SearchAction\",\"target\":{\"@type\":\"EntryPoint\",\"urlTemplate\":\"https:\/\/atexxo.nl\/ru\/?s={search_term_string}\"},\"query-input\":{\"@type\":\"PropertyValueSpecification\",\"valueRequired\":true,\"valueName\":\"search_term_string\"}}],\"inLanguage\":\"bp-BP\"},{\"@type\":\"Organization\",\"@id\":\"https:\/\/atexxo.nl\/ru\/#organization\",\"name\":\"Atexxo Manufacturing\",\"url\":\"https:\/\/atexxo.nl\/ru\/\",\"logo\":{\"@type\":\"ImageObject\",\"inLanguage\":\"bp-BP\",\"@id\":\"https:\/\/atexxo.nl\/ru\/#\/schema\/logo\/image\/\",\"url\":\"https:\/\/atexxo.nl\/wp-content\/uploads\/2015\/04\/logo_atexxo.jpg\",\"contentUrl\":\"https:\/\/atexxo.nl\/wp-content\/uploads\/2015\/04\/logo_atexxo.jpg\",\"width\":1533,\"height\":733,\"caption\":\"Atexxo Manufacturing\"},\"image\":{\"@id\":\"https:\/\/atexxo.nl\/ru\/#\/schema\/logo\/image\/\"}}]}<\/script>\n<!-- \/ Yoast SEO plugin. -->","yoast_head_json":{"title":"ATEX Explosion Proof Product Design","description":"ATEX Explosion Proof Product Design and Manufacturing, Atexxo Manufacturing B.V. Specializes in ATEX IECEx product design, manufacturing and certification. We manufacture certified ATEX Air Conditioners, ATEX Led lights.","robots":{"index":"index","follow":"follow","max-snippet":"max-snippet:-1","max-image-preview":"max-image-preview:large","max-video-preview":"max-video-preview:-1"},"canonical":"https:\/\/atexxo.nl\/bp\/","og_locale":"en_US","og_type":"article","og_title":"ATEX Explosion Proof Product Design","og_description":"ATEX Explosion Proof Product Design and Manufacturing, Atexxo Manufacturing B.V. Specializes in ATEX IECEx product design, manufacturing and certification. We manufacture certified ATEX Air Conditioners, ATEX Led lights.","og_url":"https:\/\/atexxo.nl\/bp\/","og_site_name":"Atexxo Manufacturing","article_modified_time":"2021-04-20T12:25:05+00:00","og_image":[{"width":396,"height":577,"url":"https:\/\/atexxo.nl\/wp-content\/uploads\/iecex_ipad_mini_5_atexxo_zone_1.png","type":"image\/png"}],"twitter_misc":{"Est. reading time":"47 minutes"},"schema":{"@context":"https:\/\/schema.org","@graph":[{"@type":"WebPage","@id":"https:\/\/atexxo.nl\/bp\/","url":"https:\/\/atexxo.nl\/bp\/","name":"ATEX Explosion Proof Product Design","isPartOf":{"@id":"https:\/\/atexxo.nl\/ru\/#website"},"primaryImageOfPage":{"@id":"https:\/\/atexxo.nl\/bp\/#primaryimage"},"image":{"@id":"https:\/\/atexxo.nl\/bp\/#primaryimage"},"thumbnailUrl":"https:\/\/atexxo.nl\/wp-content\/uploads\/iecex_ipad_mini_5_atexxo_zone_1.png","datePublished":"2015-02-24T15:04:08+00:00","dateModified":"2021-04-20T12:25:05+00:00","description":"ATEX Explosion Proof Product Design and Manufacturing, Atexxo Manufacturing B.V. Specializes in ATEX IECEx product design, manufacturing and certification. We manufacture certified ATEX Air Conditioners, ATEX Led lights.","breadcrumb":{"@id":"https:\/\/atexxo.nl\/bp\/#breadcrumb"},"inLanguage":"bp-BP","potentialAction":[{"@type":"ReadAction","target":["https:\/\/atexxo.nl\/bp\/"]}]},{"@type":"ImageObject","inLanguage":"bp-BP","@id":"https:\/\/atexxo.nl\/bp\/#primaryimage","url":"https:\/\/atexxo.nl\/wp-content\/uploads\/iecex_ipad_mini_5_atexxo_zone_1.png","contentUrl":"https:\/\/atexxo.nl\/wp-content\/uploads\/iecex_ipad_mini_5_atexxo_zone_1.png","width":396,"height":577},{"@type":"BreadcrumbList","@id":"https:\/\/atexxo.nl\/bp\/#breadcrumb","itemListElement":[{"@type":"ListItem","position":1,"name":"Startseite","item":"https:\/\/atexxo.nl\/bp\/"},{"@type":"ListItem","position":2,"name":"Sobre n\u00f3s"}]},{"@type":"WebSite","@id":"https:\/\/atexxo.nl\/ru\/#website","url":"https:\/\/atexxo.nl\/ru\/","name":"Atexxo Manufacturing","description":"Specialist in Atex and IECEx Solutions","publisher":{"@id":"https:\/\/atexxo.nl\/ru\/#organization"},"potentialAction":[{"@type":"SearchAction","target":{"@type":"EntryPoint","urlTemplate":"https:\/\/atexxo.nl\/ru\/?s={search_term_string}"},"query-input":{"@type":"PropertyValueSpecification","valueRequired":true,"valueName":"search_term_string"}}],"inLanguage":"bp-BP"},{"@type":"Organization","@id":"https:\/\/atexxo.nl\/ru\/#organization","name":"Atexxo Manufacturing","url":"https:\/\/atexxo.nl\/ru\/","logo":{"@type":"ImageObject","inLanguage":"bp-BP","@id":"https:\/\/atexxo.nl\/ru\/#\/schema\/logo\/image\/","url":"https:\/\/atexxo.nl\/wp-content\/uploads\/2015\/04\/logo_atexxo.jpg","contentUrl":"https:\/\/atexxo.nl\/wp-content\/uploads\/2015\/04\/logo_atexxo.jpg","width":1533,"height":733,"caption":"Atexxo Manufacturing"},"image":{"@id":"https:\/\/atexxo.nl\/ru\/#\/schema\/logo\/image\/"}}]}},"rttpg_featured_image_url":{"full":["https:\/\/atexxo.nl\/wp-content\/uploads\/iecex_ipad_mini_5_atexxo_zone_1.png",396,577,false],"landscape":["https:\/\/atexxo.nl\/wp-content\/uploads\/iecex_ipad_mini_5_atexxo_zone_1.png",396,577,false],"portraits":["https:\/\/atexxo.nl\/wp-content\/uploads\/iecex_ipad_mini_5_atexxo_zone_1.png",396,577,false],"thumbnail":["https:\/\/atexxo.nl\/wp-content\/uploads\/iecex_ipad_mini_5_atexxo_zone_1-150x150.png",150,150,true],"medium":["https:\/\/atexxo.nl\/wp-content\/uploads\/iecex_ipad_mini_5_atexxo_zone_1-206x300.png",206,300,true],"large":["https:\/\/atexxo.nl\/wp-content\/uploads\/iecex_ipad_mini_5_atexxo_zone_1.png",396,577,false],"1536x1536":["https:\/\/atexxo.nl\/wp-content\/uploads\/iecex_ipad_mini_5_atexxo_zone_1.png",396,577,false],"2048x2048":["https:\/\/atexxo.nl\/wp-content\/uploads\/iecex_ipad_mini_5_atexxo_zone_1.png",396,577,false]},"rttpg_author":{"display_name":"adatex","author_link":"https:\/\/atexxo.nl\/bp\/author\/adatex\/"},"rttpg_comment":0,"rttpg_category":" <a href=\"https:\/\/atexxo.nl\/bp\/?taxonomy=translation_priority&#038;term=optional-bp\" rel=\"tag\">Optional<\/a>","rttpg_excerpt":"INMETRO Ex Apple iPad mini 5 para Zona 1, \u00e0 prova de explos\u00e3o (Brasil) (Auto-instala\u00e7\u00e3o do cart\u00e3o SIM e bot\u00f5es funcionais) Prote\u00e7\u00e3o contra explos\u00e3o Ex db IIC T4 Gb Completamente novo de Atexxo Manufacturing, o Apple iPad mini 5, que possui certifica\u00e7\u00e3o brasileira do INMETRO, agora est\u00e1 apto para uso em \u00e1reas classificadas como Zona&hellip;","_links":{"self":[{"href":"https:\/\/atexxo.nl\/bp\/wp-json\/wp\/v2\/pages\/5337","targetHints":{"allow":["GET"]}}],"collection":[{"href":"https:\/\/atexxo.nl\/bp\/wp-json\/wp\/v2\/pages"}],"about":[{"href":"https:\/\/atexxo.nl\/bp\/wp-json\/wp\/v2\/types\/page"}],"author":[{"embeddable":true,"href":"https:\/\/atexxo.nl\/bp\/wp-json\/wp\/v2\/users\/1"}],"replies":[{"embeddable":true,"href":"https:\/\/atexxo.nl\/bp\/wp-json\/wp\/v2\/comments?post=5337"}],"version-history":[{"count":0,"href":"https:\/\/atexxo.nl\/bp\/wp-json\/wp\/v2\/pages\/5337\/revisions"}],"wp:featuredmedia":[{"embeddable":true,"href":"https:\/\/atexxo.nl\/bp\/wp-json\/wp\/v2\/media\/5323"}],"wp:attachment":[{"href":"https:\/\/atexxo.nl\/bp\/wp-json\/wp\/v2\/media?parent=5337"}],"curies":[{"name":"wp","href":"https:\/\/api.w.org\/{rel}","templated":true}]}}